{"id":6725,"date":"2024-11-07T14:08:47","date_gmt":"2024-11-07T11:08:47","guid":{"rendered":"https:\/\/kosmeetika24.com\/?post_type=product&#038;p=6725"},"modified":"2025-07-03T12:24:57","modified_gmt":"2025-07-03T09:24:57","slug":"charmyco-orn-ja-toitev-naovesi","status":"publish","type":"product","link":"https:\/\/kosmeetika24.com\/et\/toode\/charmyco-orn-ja-toitev-naovesi\/","title":{"rendered":"CHARMYCO \u00f5rn ja toitev n\u00e4ovesi"},"content":{"rendered":"<p>Gentle & Soothing Tonic (120 ml)<\/p>\n<p><strong>PEAMISED TOIMEAINED:\u00a0<\/strong><br \/>\n<em>Iris Florentina Root Extract<\/em> \u2013 Iirise juure ekstrakt \u2013 aitab s\u00e4ilitada naha loomulikku niiskustasakaalu, soodustab naha silumist ja tekstuuri parandamist.<br \/>\n<em>Centella Asiatica Extract<\/em> \u2013 Gotu Kola ekstrakt \u2013 taastab ja rahustab nahka, toetades naha loomulikke kaitsefunktsioone. Ideaalne tundliku ja \u00e4rritunud naha hoolduseks.<br \/>\n<em>Polygonum Cuspidatum Root Extract<\/em> \u2013 Jaapani tatrajuure ekstrakt \u2013 omab tugevaid antioks\u00fcdantseid omadusi, aitab kaitsta nahka vabade radikaalide m\u00f5ju eest ja v\u00e4hendab<br \/>\np\u00f5letikku.<br \/>\n<em>Scutellaria Baicalensis Root Extract<\/em> \u2013 Baikali tihasheina juure ekstrakt \u2013 tuntud oma p\u00f5letikuvastaste ja antibakteriaalsete omaduste poolest, aitab nahka rahustada ja parandada selle<br \/>\ntekstuuri.<br \/>\n<em>Camellia Sinensis Leaf Extract<\/em> \u2013 Rohelise tee lehe ekstrakt \u2013 rikas antioks\u00fcdantide poolest, kaitseb nahka keskkonna kahjulike tegurite eest, rahustab ja v\u00e4rskendab.<br \/>\n<em>Glycyrrhiza Glabra (Licorice) Root Extract<\/em> \u2013 Lagritsa juure ekstrakt \u2013 aitab \u00fchtlustada nahatooni, rahustab ja helendab, v\u00e4hendades punetust ja p\u00f5letikku.<br \/>\n<em>Chamomilla Recutita (Matricaria) Flower Extract<\/em> \u2013 Kummeli \u00f5ie ekstrakt \u2013 pehmendab, rahustab ja leevendab \u00e4rritust, muutes naha mugavamaks ja pehmemaks.<br \/>\n<em>Rosmarinus Officinalis (Rosemary) Leaf Extract<\/em> \u2013 Rosmariini lehe ekstrakt \u2013 toniseerib ja v\u00e4rskendab nahka, omab antioks\u00fcdantseid omadusi, parandades naha kaitsev\u00f5imet.<\/p>\n<p><strong>KASUTAMINE<\/strong><\/p>\n<p>Kandke vatipadjale, puhastage \u00f5rnalt soovitud piirkond, eemaldades nahalt mustuse.<\/p>\n<p>V\u00e4ltige kontakti silmadega.<\/p>\n<p><strong>KOOSTIS<\/strong><\/p>\n<p>Aqua, Cocamidopropyl Betaine, Glycerin, Poloxamer 184, Propanediol, Alcohol, Iris Florentina Root Extract, Zincsulfate, Retinyl Palmitate, Butylene Glycol, Centella Asiatica Extract, Polygonum Cuspidatum Root Extract, Scutellaria Baicalensis Root Extract, Camellia Sinensis Leaf Extract, Glycyrrhiza Glabra (Licorice) Root Extract, Chamomilla Recutita (Matricaria) Flower Extract, Rosmarinus Officinalis (Rosemary) Leaf Extract, Benzyl Alcohol, Salicylic Acid, Sorbic Acid, Parfum.<\/p>\n","protected":false},"excerpt":{"rendered":"<p><em>Tonik<\/em> on loodud harmoonilise seguga elustavatest koostisosadest.<\/p>\n<p>Rikastatud Iris Florentina juure ekstrakti ja mitmete taimeekstraktidega, sealhulgas Centella Asiatica, kummel ja roheline tee.<\/p>\n<p>Ergutav koostis annab nahale uut energiat, j\u00e4ttes selle toniseerituks ja v\u00e4rskeks.<\/p>\n","protected":false},"featured_media":6727,"comment_status":"closed","ping_status":"closed","template":"","meta":{"_uag_custom_page_level_css":"","site-sidebar-layout":"default","site-content-layout":"","ast-site-content-layout":"default","site-content-style":"default","site-sidebar-style":"default","ast-global-header-display":"","ast-banner-title-visibility":"","ast-main-header-display":"","ast-hfb-above-header-display":"","ast-hfb-below-header-display":"","ast-hfb-mobile-header-display":"","site-post-title":"","ast-breadcrumbs-content":"","ast-featured-img":"","footer-sml-layout":"","ast-disable-related-posts":"","theme-transparent-header-meta":"default","adv-header-id-meta":"","stick-header-meta":"","header-above-stick-meta":"","header-main-stick-meta":"","header-below-stick-meta":"","astra-migrate-meta-layouts":"set","ast-page-background-enabled":"default","ast-page-background-meta":{"desktop":{"background-color":"var(--ast-global-color-4)","background-image":"","background-repeat":"repeat","background-position":"center center","background-size":"auto","background-attachment":"scroll","background-type":"","background-media":"","overlay-type":"","overlay-color":"","overlay-opacity":"","overlay-gradient":""},"tablet":{"background-color":"","background-image":"","background-repeat":"repeat","background-position":"center center","background-size":"auto","background-attachment":"scroll","background-type":"","background-media":"","overlay-type":"","overlay-color":"","overlay-opacity":"","overlay-gradient":""},"mobile":{"background-color":"","background-image":"","background-repeat":"repeat","background-position":"center center","background-size":"auto","background-attachment":"scroll","background-type":"","background-media":"","overlay-type":"","overlay-color":"","overlay-opacity":"","overlay-gradient":""}},"ast-content-background-meta":{"desktop":{"background-color":"var(--ast-global-color-5)","background-image":"","background-repeat":"repeat","background-position":"center center","background-size":"auto","background-attachment":"scroll","background-type":"","background-media":"","overlay-type":"","overlay-color":"","overlay-opacity":"","overlay-gradient":""},"tablet":{"background-color":"var(--ast-global-color-5)","background-image":"","background-repeat":"repeat","background-position":"center center","background-size":"auto","background-attachment":"scroll","background-type":"","background-media":"","overlay-type":"","overlay-color":"","overlay-opacity":"","overlay-gradient":""},"mobile":{"background-color":"var(--ast-global-color-5)","background-image":"","background-repeat":"repeat","background-position":"center center","background-size":"auto","background-attachment":"scroll","background-type":"","background-media":"","overlay-type":"","overlay-color":"","overlay-opacity":"","overlay-gradient":""}}},"product_brand":[],"product_cat":[96,81],"product_tag":[],"class_list":{"0":"post-6725","1":"product","2":"type-product","3":"status-publish","4":"has-post-thumbnail","6":"product_cat-brands","7":"product_cat-charmyco","8":"desktop-align-left","9":"tablet-align-left","10":"mobile-align-left","12":"first","13":"instock","14":"taxable","15":"shipping-taxable","16":"product-type-simple","17":"add-to-wishlist-before_image"},"uagb_featured_image_src":{"full":["https:\/\/kosmeetika24.com\/wp-content\/uploads\/2024\/11\/IMG_5180.jpg",440,586,false],"thumbnail":["https:\/\/kosmeetika24.com\/wp-content\/uploads\/2024\/11\/IMG_5180-150x150.jpg",150,150,true],"medium":["https:\/\/kosmeetika24.com\/wp-content\/uploads\/2024\/11\/IMG_5180-225x300.jpg",225,300,true],"medium_large":["https:\/\/kosmeetika24.com\/wp-content\/uploads\/2024\/11\/IMG_5180.jpg",440,586,false],"large":["https:\/\/kosmeetika24.com\/wp-content\/uploads\/2024\/11\/IMG_5180.jpg",440,586,false],"1536x1536":["https:\/\/kosmeetika24.com\/wp-content\/uploads\/2024\/11\/IMG_5180.jpg",440,586,false],"2048x2048":["https:\/\/kosmeetika24.com\/wp-content\/uploads\/2024\/11\/IMG_5180.jpg",440,586,false],"trp-custom-language-flag":["https:\/\/kosmeetika24.com\/wp-content\/uploads\/2024\/11\/IMG_5180-9x12.jpg",9,12,true],"woocommerce_thumbnail":["https:\/\/kosmeetika24.com\/wp-content\/uploads\/2024\/11\/IMG_5180-300x300.jpg",300,300,true],"woocommerce_single":["https:\/\/kosmeetika24.com\/wp-content\/uploads\/2024\/11\/IMG_5180.jpg",440,586,false],"woocommerce_gallery_thumbnail":["https:\/\/kosmeetika24.com\/wp-content\/uploads\/2024\/11\/IMG_5180-100x100.jpg",100,100,true]},"uagb_author_info":{"display_name":"admin","author_link":"https:\/\/kosmeetika24.com\/et\/author\/"},"uagb_comment_info":0,"uagb_excerpt":"Tonik on loodud harmoonilise seguga elustavatest koostisosadest. Rikastatud Iris Florentina juure ekstrakti ja mitmete taimeekstraktidega, sealhulgas Centella Asiatica, kummel ja roheline tee. Ergutav koostis annab nahale uut energiat, j\u00e4ttes selle toniseerituks ja v\u00e4rskeks.","_links":{"self":[{"href":"https:\/\/kosmeetika24.com\/et\/wp-json\/wp\/v2\/product\/6725","targetHints":{"allow":["GET"]}}],"collection":[{"href":"https:\/\/kosmeetika24.com\/et\/wp-json\/wp\/v2\/product"}],"about":[{"href":"https:\/\/kosmeetika24.com\/et\/wp-json\/wp\/v2\/types\/product"}],"replies":[{"embeddable":true,"href":"https:\/\/kosmeetika24.com\/et\/wp-json\/wp\/v2\/comments?post=6725"}],"version-history":[{"count":3,"href":"https:\/\/kosmeetika24.com\/et\/wp-json\/wp\/v2\/product\/6725\/revisions"}],"predecessor-version":[{"id":6730,"href":"https:\/\/kosmeetika24.com\/et\/wp-json\/wp\/v2\/product\/6725\/revisions\/6730"}],"wp:featuredmedia":[{"embeddable":true,"href":"https:\/\/kosmeetika24.com\/et\/wp-json\/wp\/v2\/media\/6727"}],"wp:attachment":[{"href":"https:\/\/kosmeetika24.com\/et\/wp-json\/wp\/v2\/media?parent=6725"}],"wp:term":[{"taxonomy":"product_brand","embeddable":true,"href":"https:\/\/kosmeetika24.com\/et\/wp-json\/wp\/v2\/product_brand?post=6725"},{"taxonomy":"product_cat","embeddable":true,"href":"https:\/\/kosmeetika24.com\/et\/wp-json\/wp\/v2\/product_cat?post=6725"},{"taxonomy":"product_tag","embeddable":true,"href":"https:\/\/kosmeetika24.com\/et\/wp-json\/wp\/v2\/product_tag?post=6725"}],"curies":[{"name":"wp","href":"https:\/\/api.w.org\/{rel}","templated":true}]}}