{"id":5474,"date":"2024-07-12T07:36:09","date_gmt":"2024-07-12T07:36:09","guid":{"rendered":"https:\/\/kosmeetika24.com\/?post_type=product&#038;p=5474"},"modified":"2025-07-03T12:16:02","modified_gmt":"2025-07-03T09:16:02","slug":"koru-pharma-glomedic-aqua-peptide-soemask-1kg-tellimisel","status":"publish","type":"product","link":"https:\/\/kosmeetika24.com\/et\/toode\/koru-pharma-glomedic-aqua-peptide-soemask-1kg-tellimisel\/","title":{"rendered":"KORU PHARMA &#8211; GLOMEDIC Aqua Peptide s\u00f6emask 1kg (tellimisel)"},"content":{"rendered":"<p><strong style=\"font-size: 16px;\">KASUTAMINE<\/strong><\/p>\n<div id=\"gallery-4\" class=\"isotope-system isotope-processed\">\n<div class=\"isotope-wrapper px-gutter\">\n<div class=\"isotope-container isotope-layout style-masonry un-isotope-init\" data-type=\"masonry\" data-layout=\"masonry\" data-lg=\"1000\" data-md=\"600\" data-sm=\"480\">\n<div class=\"tmb tmb-no-double-tap tmb-iso-w1 tmb-iso-h4 tmb-light tmb-overlay-text-anim tmb-overlay-anim tmb-overlay-middle tmb-overlay-text-left tmb-text-space-reduced tmb-image-anim tmb-id-90525 tmb-media-first tmb-media-last tmb-content-overlay tmb-no-bg tmb-lightbox tmb-iso\">\n<div class=\"t-inside animate_when_almost_visible bottom-t-top start_animation\" data-delay=\"200\">\n<div class=\"t-entry-visual\">\n<div class=\"t-entry-visual-tc\">\n<div>\n<ul>\n<li>Alginaatmaski pulber tuleb lahjendada toasooja veega<\/li>\n<li>25 g pulbrit \u2013 25 ml vee kohta<\/li>\n<li>Soovi korral suurenda pulbri ja vee kogust.<\/li>\n<li>Kandke mask nahale (kiht 3-5 mm), kuid \u00e4rge katke ninas\u00f5\u00f5rmeid kinni.<\/li>\n<li>Eemaldage mask 30 minuti p\u00e4rast, suunaga l\u00f5ualt otsaesisele.<\/li>\n<li>Kasutage ainult 2-3 korda n\u00e4dalas<\/li>\n<\/ul>\n<p><strong>KOOSTIS<\/strong><\/p>\n<p>Maltodextrin, Diatomaceous Earth, Zea Mays (Corn) Starch, Glucose, Algin, Calcium Sulfate, Tetrasodium Pyrophosphate, Sodium Benzoate, Phenoxyethanol, Silk Amino Acids, Copper Tripeptide-1, Hydrolyzed Collagen, Charcoal Powder, Glycyrrhiza Glabra (Licorice) Root Extract, Allantoin, Dipotassium Glycyrrhizate, Fragrance.<\/p>\n<\/div>\n<\/div>\n<\/div>\n<\/div>\n<\/div>\n<\/div>\n<\/div>\n<\/div>\n","protected":false},"excerpt":{"rendered":"<p>Tugeva detoksifitseeriva toimega s\u00fcgavpuhastav mask. Looduslikult esinevate mineraalide ja s\u00f6epulbri kompleksil on tugev s\u00fcnergiline toime, puhastades s\u00fcgavalt ummistunud poore bakteritsiidse ja p\u00f5letikuvastase toimega, siludes naha tekstuuri ja ahendades poore.<\/p>\n<p>Nahahoolduse koostisosad ja taimeekstraktid niisutavad ja rahustavad nahka intensiivselt, hoides \u00e4ra ketenduse ja \u00e4rrituse. Mask ahendab suurep\u00e4raselt poore ja eemaldab mustpead, andes nahale t\u00e4iusliku puhtuse ja v\u00e4rskuse tunde.<\/p>\n<p><strong>Aqua Peptide maskide<\/strong>\u00a0erakordne efektiivsus p\u00f5hineb uuenduslikul tehnoloogial ja ainulaadsetel komponentidel. Koostisosad jahvatatakse pisikesteks ultramikroskoopilisteks t\u00fckkideks, tungides seel\u00e4bi nahka, j\u00f5udes koheselt dermani ja andes rakualustele v\u00f5imsa kosmeetilise efekti, mis on 10 korda t\u00f5husam kui tavalise maski kasutamine.<\/p>\n<p>Eksklusiivsed t\u00e4iesti uued patenteeritud komponendid, mida kasutatakse iga maski jaoks, annavad selektiivse ja samal ajal keeruka stimuleeriva, taastava, noorendava toime, tagades enneolematud pikaajalised ja n\u00e4htavad tulemused.<\/p>\n","protected":false},"featured_media":6837,"comment_status":"closed","ping_status":"closed","template":"","meta":{"_uag_custom_page_level_css":"","site-sidebar-layout":"default","site-content-layout":"","ast-site-content-layout":"default","site-content-style":"default","site-sidebar-style":"default","ast-global-header-display":"","ast-banner-title-visibility":"","ast-main-header-display":"","ast-hfb-above-header-display":"","ast-hfb-below-header-display":"","ast-hfb-mobile-header-display":"","site-post-title":"","ast-breadcrumbs-content":"","ast-featured-img":"","footer-sml-layout":"","ast-disable-related-posts":"","theme-transparent-header-meta":"default","adv-header-id-meta":"","stick-header-meta":"","header-above-stick-meta":"","header-main-stick-meta":"","header-below-stick-meta":"","astra-migrate-meta-layouts":"set","ast-page-background-enabled":"default","ast-page-background-meta":{"desktop":{"background-color":"var(--ast-global-color-4)","background-image":"","background-repeat":"repeat","background-position":"center center","background-size":"auto","background-attachment":"scroll","background-type":"","background-media":"","overlay-type":"","overlay-color":"","overlay-opacity":"","overlay-gradient":""},"tablet":{"background-color":"","background-image":"","background-repeat":"repeat","background-position":"center center","background-size":"auto","background-attachment":"scroll","background-type":"","background-media":"","overlay-type":"","overlay-color":"","overlay-opacity":"","overlay-gradient":""},"mobile":{"background-color":"","background-image":"","background-repeat":"repeat","background-position":"center center","background-size":"auto","background-attachment":"scroll","background-type":"","background-media":"","overlay-type":"","overlay-color":"","overlay-opacity":"","overlay-gradient":""}},"ast-content-background-meta":{"desktop":{"background-color":"var(--ast-global-color-5)","background-image":"","background-repeat":"repeat","background-position":"center center","background-size":"auto","background-attachment":"scroll","background-type":"","background-media":"","overlay-type":"","overlay-color":"","overlay-opacity":"","overlay-gradient":""},"tablet":{"background-color":"var(--ast-global-color-5)","background-image":"","background-repeat":"repeat","background-position":"center center","background-size":"auto","background-attachment":"scroll","background-type":"","background-media":"","overlay-type":"","overlay-color":"","overlay-opacity":"","overlay-gradient":""},"mobile":{"background-color":"var(--ast-global-color-5)","background-image":"","background-repeat":"repeat","background-position":"center center","background-size":"auto","background-attachment":"scroll","background-type":"","background-media":"","overlay-type":"","overlay-color":"","overlay-opacity":"","overlay-gradient":""}}},"product_brand":[],"product_cat":[96,123,97],"product_tag":[],"class_list":{"0":"post-5474","1":"product","2":"type-product","3":"status-publish","4":"has-post-thumbnail","6":"product_cat-brands","7":"product_cat-koru-pharma","8":"product_cat-naole","9":"desktop-align-left","10":"tablet-align-left","11":"mobile-align-left","13":"first","14":"onbackorder","15":"taxable","16":"shipping-taxable","17":"product-type-simple","18":"add-to-wishlist-before_image"},"uagb_featured_image_src":{"full":["https:\/\/kosmeetika24.com\/wp-content\/uploads\/2024\/07\/GLOMEDIC-Charcoal-packet-Koru-Pharma-1.jpg",1799,1799,false],"thumbnail":["https:\/\/kosmeetika24.com\/wp-content\/uploads\/2024\/07\/GLOMEDIC-Charcoal-packet-Koru-Pharma-1-150x150.jpg",150,150,true],"medium":["https:\/\/kosmeetika24.com\/wp-content\/uploads\/2024\/07\/GLOMEDIC-Charcoal-packet-Koru-Pharma-1-300x300.jpg",300,300,true],"medium_large":["https:\/\/kosmeetika24.com\/wp-content\/uploads\/2024\/07\/GLOMEDIC-Charcoal-packet-Koru-Pharma-1-768x768.jpg",768,768,true],"large":["https:\/\/kosmeetika24.com\/wp-content\/uploads\/2024\/07\/GLOMEDIC-Charcoal-packet-Koru-Pharma-1-1024x1024.jpg",1024,1024,true],"1536x1536":["https:\/\/kosmeetika24.com\/wp-content\/uploads\/2024\/07\/GLOMEDIC-Charcoal-packet-Koru-Pharma-1-1536x1536.jpg",1536,1536,true],"2048x2048":["https:\/\/kosmeetika24.com\/wp-content\/uploads\/2024\/07\/GLOMEDIC-Charcoal-packet-Koru-Pharma-1.jpg",1799,1799,false],"trp-custom-language-flag":["https:\/\/kosmeetika24.com\/wp-content\/uploads\/2024\/07\/GLOMEDIC-Charcoal-packet-Koru-Pharma-1-12x12.jpg",12,12,true],"woocommerce_thumbnail":["https:\/\/kosmeetika24.com\/wp-content\/uploads\/2024\/07\/GLOMEDIC-Charcoal-packet-Koru-Pharma-1-300x300.jpg",300,300,true],"woocommerce_single":["https:\/\/kosmeetika24.com\/wp-content\/uploads\/2024\/07\/GLOMEDIC-Charcoal-packet-Koru-Pharma-1-500x500.jpg",500,500,true],"woocommerce_gallery_thumbnail":["https:\/\/kosmeetika24.com\/wp-content\/uploads\/2024\/07\/GLOMEDIC-Charcoal-packet-Koru-Pharma-1-100x100.jpg",100,100,true]},"uagb_author_info":{"display_name":"admin","author_link":"https:\/\/kosmeetika24.com\/et\/author\/"},"uagb_comment_info":0,"uagb_excerpt":"Tugeva detoksifitseeriva toimega s\u00fcgavpuhastav mask. Looduslikult esinevate mineraalide ja s\u00f6epulbri kompleksil on tugev s\u00fcnergiline toime, puhastades s\u00fcgavalt ummistunud poore bakteritsiidse ja p\u00f5letikuvastase toimega, siludes naha tekstuuri ja ahendades poore. Nahahoolduse koostisosad ja taimeekstraktid niisutavad ja rahustavad nahka intensiivselt, hoides \u00e4ra ketenduse ja \u00e4rrituse. Mask ahendab suurep\u00e4raselt poore ja eemaldab mustpead, andes nahale t\u00e4iusliku puhtuse ja&hellip;","_links":{"self":[{"href":"https:\/\/kosmeetika24.com\/et\/wp-json\/wp\/v2\/product\/5474","targetHints":{"allow":["GET"]}}],"collection":[{"href":"https:\/\/kosmeetika24.com\/et\/wp-json\/wp\/v2\/product"}],"about":[{"href":"https:\/\/kosmeetika24.com\/et\/wp-json\/wp\/v2\/types\/product"}],"replies":[{"embeddable":true,"href":"https:\/\/kosmeetika24.com\/et\/wp-json\/wp\/v2\/comments?post=5474"}],"version-history":[{"count":8,"href":"https:\/\/kosmeetika24.com\/et\/wp-json\/wp\/v2\/product\/5474\/revisions"}],"predecessor-version":[{"id":6811,"href":"https:\/\/kosmeetika24.com\/et\/wp-json\/wp\/v2\/product\/5474\/revisions\/6811"}],"wp:featuredmedia":[{"embeddable":true,"href":"https:\/\/kosmeetika24.com\/et\/wp-json\/wp\/v2\/media\/6837"}],"wp:attachment":[{"href":"https:\/\/kosmeetika24.com\/et\/wp-json\/wp\/v2\/media?parent=5474"}],"wp:term":[{"taxonomy":"product_brand","embeddable":true,"href":"https:\/\/kosmeetika24.com\/et\/wp-json\/wp\/v2\/product_brand?post=5474"},{"taxonomy":"product_cat","embeddable":true,"href":"https:\/\/kosmeetika24.com\/et\/wp-json\/wp\/v2\/product_cat?post=5474"},{"taxonomy":"product_tag","embeddable":true,"href":"https:\/\/kosmeetika24.com\/et\/wp-json\/wp\/v2\/product_tag?post=5474"}],"curies":[{"name":"wp","href":"https:\/\/api.w.org\/{rel}","templated":true}]}}