{"id":5472,"date":"2024-07-12T07:35:14","date_gmt":"2024-07-12T07:35:14","guid":{"rendered":"https:\/\/kosmeetika24.com\/?post_type=product&#038;p=5472"},"modified":"2025-07-03T12:16:15","modified_gmt":"2025-07-03T09:16:15","slug":"koru-pharma-glomedic-aqua-peptide-sara-taastav-mask-1kg-tellimisel","status":"publish","type":"product","link":"https:\/\/kosmeetika24.com\/et\/toode\/koru-pharma-glomedic-aqua-peptide-sara-taastav-mask-1kg-tellimisel\/","title":{"rendered":"KORU PHARMA &#8211; GLOMEDIC Aqua Peptide s\u00e4ra taastav mask, 1kg (tellimisel)"},"content":{"rendered":"<p><strong>KASUTAMINE<\/strong><\/p>\n<ul>\n<li>Alginaatmaski pulber tuleb lahjendada toasooja veega<\/li>\n<li>25 g pulbrit \u2013 25 ml vee kohta<\/li>\n<li>Soovi korral suurenda pulbri ja vee kogust.<\/li>\n<li>Kandke mask nahale (kiht 3-5 mm), kuid \u00e4rge katke ninas\u00f5\u00f5rmeid kinni.<\/li>\n<li>Eemaldage mask 30 minuti p\u00e4rast, suunaga l\u00f5ualt otsaesisele.<\/li>\n<li>Kasutage ainult 2-3 korda n\u00e4dalas.<\/li>\n<\/ul>\n<p><strong>KOOSTIS<\/strong><\/p>\n<p>Maltodextrin, Diatomaceous Earth, Zea Mays (Corn) Starch, Glucose, Algin, Calcium Sulfate, Tetrasodium Pyrophosphate, Mica, Titanium Dioxide, Tin Oxide, Sodium Benzoate, Phenoxyethanol, Silk Amino Acids, Copper Tripeptide-1,Hydrolyzed Collagen, Niacinamide, Glycyrrhiza Glabra (Licorice), Root Extract, Pearl Extract, Allantoin, Dipotassium Glycyrrhizate, Fragrance.<\/p>\n","protected":false},"excerpt":{"rendered":"<p>V\u00e4ga kontsentreeritud mask, millel on s\u00fcgav plastifitseeriv toime. Loodusliku p\u00e4ritoluga pol\u00fcsahhariidide ja oligoelementide rohkuse t\u00f5ttu on sellel tugev nahka t\u00f5stev, niisutav ja pinguldav toime.<\/p>\n<p>H\u00fcdrol\u00fc\u00fcsitud kollageenimolekulid tungivad dermisse, restruktureerides selle raamistikku ja tugevdades rakuv\u00e4list maatriksit ning stimuleerides kollageeni s\u00fcnteesi.<\/p>\n<p>Taimeekstraktide kompleks rahustab nahka kiiresti, k\u00f5rvaldades k\u00f5ik \u00e4rrituse ja punetuse tunnused.<\/p>\n<p>Taastab naha toonuse ja elastsuse, v\u00e4hendab s\u00fcgavaid kortse, omab pinguldavat toimet ja parandab n\u00e4okontuuri.<\/p>\n<p>Ideaalne kasutamiseks kosmeetiliste protseduuride l\u00f5ppfaasis.<\/p>\n<p>Sobib k\u00f5igile nahat\u00fc\u00fcpidele.<\/p>\n<p><strong>Aqua Peptide maskide<\/strong>\u00a0erakordne efektiivsus p\u00f5hineb uuenduslikul tehnoloogial ja ainulaadsetel komponentidel. Koostisosad jahvatatakse pisikesteks ultramikroskoopilisteks t\u00fckkideks, tungides seel\u00e4bi nahka, j\u00f5udes koheselt dermani ja andes rakualustele v\u00f5imsa kosmeetilise efekti, mis on 10 korda t\u00f5husam kui tavalise maski kasutamine.<\/p>\n<p>Eksklusiivsed t\u00e4iesti uued patenteeritud komponendid, mida kasutatakse iga maski jaoks, annavad selektiivse ja samal ajal keeruka stimuleeriva, taastava, noorendava toime, tagades enneolematud pikaajalised ja n\u00e4htavad tulemused.<\/p>\n","protected":false},"featured_media":6843,"comment_status":"closed","ping_status":"closed","template":"","meta":{"_uag_custom_page_level_css":"","site-sidebar-layout":"default","site-content-layout":"","ast-site-content-layout":"default","site-content-style":"default","site-sidebar-style":"default","ast-global-header-display":"","ast-banner-title-visibility":"","ast-main-header-display":"","ast-hfb-above-header-display":"","ast-hfb-below-header-display":"","ast-hfb-mobile-header-display":"","site-post-title":"","ast-breadcrumbs-content":"","ast-featured-img":"","footer-sml-layout":"","ast-disable-related-posts":"","theme-transparent-header-meta":"default","adv-header-id-meta":"","stick-header-meta":"","header-above-stick-meta":"","header-main-stick-meta":"","header-below-stick-meta":"","astra-migrate-meta-layouts":"set","ast-page-background-enabled":"default","ast-page-background-meta":{"desktop":{"background-color":"var(--ast-global-color-4)","background-image":"","background-repeat":"repeat","background-position":"center center","background-size":"auto","background-attachment":"scroll","background-type":"","background-media":"","overlay-type":"","overlay-color":"","overlay-opacity":"","overlay-gradient":""},"tablet":{"background-color":"","background-image":"","background-repeat":"repeat","background-position":"center center","background-size":"auto","background-attachment":"scroll","background-type":"","background-media":"","overlay-type":"","overlay-color":"","overlay-opacity":"","overlay-gradient":""},"mobile":{"background-color":"","background-image":"","background-repeat":"repeat","background-position":"center center","background-size":"auto","background-attachment":"scroll","background-type":"","background-media":"","overlay-type":"","overlay-color":"","overlay-opacity":"","overlay-gradient":""}},"ast-content-background-meta":{"desktop":{"background-color":"var(--ast-global-color-5)","background-image":"","background-repeat":"repeat","background-position":"center center","background-size":"auto","background-attachment":"scroll","background-type":"","background-media":"","overlay-type":"","overlay-color":"","overlay-opacity":"","overlay-gradient":""},"tablet":{"background-color":"var(--ast-global-color-5)","background-image":"","background-repeat":"repeat","background-position":"center center","background-size":"auto","background-attachment":"scroll","background-type":"","background-media":"","overlay-type":"","overlay-color":"","overlay-opacity":"","overlay-gradient":""},"mobile":{"background-color":"var(--ast-global-color-5)","background-image":"","background-repeat":"repeat","background-position":"center center","background-size":"auto","background-attachment":"scroll","background-type":"","background-media":"","overlay-type":"","overlay-color":"","overlay-opacity":"","overlay-gradient":""}}},"product_brand":[],"product_cat":[96,123,97],"product_tag":[],"class_list":{"0":"post-5472","1":"product","2":"type-product","3":"status-publish","4":"has-post-thumbnail","6":"product_cat-brands","7":"product_cat-koru-pharma","8":"product_cat-naole","9":"desktop-align-left","10":"tablet-align-left","11":"mobile-align-left","13":"first","14":"onbackorder","15":"taxable","16":"shipping-taxable","17":"product-type-simple","18":"add-to-wishlist-before_image"},"uagb_featured_image_src":{"full":["https:\/\/kosmeetika24.com\/wp-content\/uploads\/2024\/07\/GLOMEDIC-Cool-packet-mask-Koru-Pharma-1-1.png",1800,1800,false],"thumbnail":["https:\/\/kosmeetika24.com\/wp-content\/uploads\/2024\/07\/GLOMEDIC-Cool-packet-mask-Koru-Pharma-1-1-150x150.png",150,150,true],"medium":["https:\/\/kosmeetika24.com\/wp-content\/uploads\/2024\/07\/GLOMEDIC-Cool-packet-mask-Koru-Pharma-1-1-300x300.png",300,300,true],"medium_large":["https:\/\/kosmeetika24.com\/wp-content\/uploads\/2024\/07\/GLOMEDIC-Cool-packet-mask-Koru-Pharma-1-1-768x768.png",768,768,true],"large":["https:\/\/kosmeetika24.com\/wp-content\/uploads\/2024\/07\/GLOMEDIC-Cool-packet-mask-Koru-Pharma-1-1-1024x1024.png",1024,1024,true],"1536x1536":["https:\/\/kosmeetika24.com\/wp-content\/uploads\/2024\/07\/GLOMEDIC-Cool-packet-mask-Koru-Pharma-1-1-1536x1536.png",1536,1536,true],"2048x2048":["https:\/\/kosmeetika24.com\/wp-content\/uploads\/2024\/07\/GLOMEDIC-Cool-packet-mask-Koru-Pharma-1-1.png",1800,1800,false],"trp-custom-language-flag":["https:\/\/kosmeetika24.com\/wp-content\/uploads\/2024\/07\/GLOMEDIC-Cool-packet-mask-Koru-Pharma-1-1-12x12.png",12,12,true],"woocommerce_thumbnail":["https:\/\/kosmeetika24.com\/wp-content\/uploads\/2024\/07\/GLOMEDIC-Cool-packet-mask-Koru-Pharma-1-1-300x300.png",300,300,true],"woocommerce_single":["https:\/\/kosmeetika24.com\/wp-content\/uploads\/2024\/07\/GLOMEDIC-Cool-packet-mask-Koru-Pharma-1-1-500x500.png",500,500,true],"woocommerce_gallery_thumbnail":["https:\/\/kosmeetika24.com\/wp-content\/uploads\/2024\/07\/GLOMEDIC-Cool-packet-mask-Koru-Pharma-1-1-100x100.png",100,100,true]},"uagb_author_info":{"display_name":"admin","author_link":"https:\/\/kosmeetika24.com\/et\/author\/"},"uagb_comment_info":0,"uagb_excerpt":"V\u00e4ga kontsentreeritud mask, millel on s\u00fcgav plastifitseeriv toime. Loodusliku p\u00e4ritoluga pol\u00fcsahhariidide ja oligoelementide rohkuse t\u00f5ttu on sellel tugev nahka t\u00f5stev, niisutav ja pinguldav toime. H\u00fcdrol\u00fc\u00fcsitud kollageenimolekulid tungivad dermisse, restruktureerides selle raamistikku ja tugevdades rakuv\u00e4list maatriksit ning stimuleerides kollageeni s\u00fcnteesi. Taimeekstraktide kompleks rahustab nahka kiiresti, k\u00f5rvaldades k\u00f5ik \u00e4rrituse ja punetuse tunnused. Taastab naha toonuse ja elastsuse,&hellip;","_links":{"self":[{"href":"https:\/\/kosmeetika24.com\/et\/wp-json\/wp\/v2\/product\/5472","targetHints":{"allow":["GET"]}}],"collection":[{"href":"https:\/\/kosmeetika24.com\/et\/wp-json\/wp\/v2\/product"}],"about":[{"href":"https:\/\/kosmeetika24.com\/et\/wp-json\/wp\/v2\/types\/product"}],"replies":[{"embeddable":true,"href":"https:\/\/kosmeetika24.com\/et\/wp-json\/wp\/v2\/comments?post=5472"}],"version-history":[{"count":8,"href":"https:\/\/kosmeetika24.com\/et\/wp-json\/wp\/v2\/product\/5472\/revisions"}],"predecessor-version":[{"id":6046,"href":"https:\/\/kosmeetika24.com\/et\/wp-json\/wp\/v2\/product\/5472\/revisions\/6046"}],"wp:featuredmedia":[{"embeddable":true,"href":"https:\/\/kosmeetika24.com\/et\/wp-json\/wp\/v2\/media\/6843"}],"wp:attachment":[{"href":"https:\/\/kosmeetika24.com\/et\/wp-json\/wp\/v2\/media?parent=5472"}],"wp:term":[{"taxonomy":"product_brand","embeddable":true,"href":"https:\/\/kosmeetika24.com\/et\/wp-json\/wp\/v2\/product_brand?post=5472"},{"taxonomy":"product_cat","embeddable":true,"href":"https:\/\/kosmeetika24.com\/et\/wp-json\/wp\/v2\/product_cat?post=5472"},{"taxonomy":"product_tag","embeddable":true,"href":"https:\/\/kosmeetika24.com\/et\/wp-json\/wp\/v2\/product_tag?post=5472"}],"curies":[{"name":"wp","href":"https:\/\/api.w.org\/{rel}","templated":true}]}}