{"id":5464,"date":"2024-07-12T07:30:02","date_gmt":"2024-07-12T07:30:02","guid":{"rendered":"https:\/\/kosmeetika24.com\/?post_type=product&#038;p=5464"},"modified":"2025-07-03T12:16:50","modified_gmt":"2025-07-03T09:16:50","slug":"koru-pharma-crystal-carboxy-co2-gel-mask-5-maski","status":"publish","type":"product","link":"https:\/\/kosmeetika24.com\/et\/toode\/koru-pharma-crystal-carboxy-co2-gel-mask-5-maski\/","title":{"rendered":"KORU PHARMA &#8211; CRYSTAL CARBOXY CO2 GEL MASK 5 maski"},"content":{"rendered":"<ul>\n<li>Pakub karboks\u00fcteraapia eeliseid ilma n\u00f5elteta.<\/li>\n<li>Koosneb spetsiaalselt formuleeritud GEL-ist ja kuivast puuvillasest lehest MASK.<\/li>\n<li>Toodab CO2 ja kannab selle geelikihi kaudu naharakkudesse.<\/li>\n<li>Tagab kiire ja t\u00f5husa imendumise 20 minutiga.<\/li>\n<li>V\u00f5imaldab nautida spaa-salongi tehnikaid ja teenuseid mugavalt teie kliinikus v\u00f5i ilusalongis.<\/li>\n<\/ul>\n<p>Mis on Carboxy CO2 Gel n\u00e4oteraapia?<\/p>\n<ul>\n<li>Innovatiivne nahahooldushooldus, mis kasutab BOHR-efekti.<\/li>\n<li>GEL ja MASK kombineerimine loob mullitava efekti ja tekitab CO2, mis toimetatakse nahale l\u00e4bi geelikihi.<\/li>\n<li>CO2 molekulide suurenemine stimuleerib punaseid vereliblesid, et suurendada patsiendi naha hapnikuvarustust ja suurendab rakkude ainevahetust (k\u00e4ibe m\u00e4\u00e4r).<\/li>\n<li>See soodustab mustuse ja surnud naharakkude eemaldamist ja naha suuremat toitainetega varustamist, paljastades seel\u00e4bi s\u00e4ravama ja \u00fchtlasema jume.<\/li>\n<\/ul>\n<p><strong>TOIME<\/strong><\/p>\n<p>Vasodilatatsiooni toime: vasodilatatsioon aitab kaasa naharakkude ainevahetuse aktiveerimisele ja naha veresoonte paranemisele, viies seel\u00e4bi tervema nahani.<\/p>\n<p>P\u00f5letikuvastane toime: hemoglobiinist eralduv hapnik stimuleerib p\u00f5letikuvastast toimet ja j\u00e4\u00e4tmete eritumist, mis viib s\u00fcmptomite paranemiseni p\u00f5letiku leevendamise t\u00f5ttu, mis p\u00f5hjustab naha j\u00e4medust ja muid nahaprobleeme.<\/p>\n<p>Vere voolavust parandav toime: vere voolavus peaks olema hea, et varustada rakke hapnikuga \u00fchtlase vere (punaste vereliblede) voolu kaudu nahas jaotunud kapillaaridesse. Nahka imenduv CO2 suurendab vere voolavust, h\u00f5lbustades hapnikuga varustamist.<\/p>\n<p><strong>KASUTAMINE<\/strong><\/p>\n<ol start=\"1\">\n<li>Puhastage n\u00e4o nahk.<\/li>\n<li>Kandke s\u00fcstlas olev geel \u00fchtlase kihina n\u00e4ole. V\u00e4ltige silmade \u00fcmbrust.<\/li>\n<li>Asetage maskileht geeliga kaetud n\u00e4ole ja vajutage kergelt peale, et mask kinnituks \u00fchtlaselt.<\/li>\n<li>Eemaldage maski leht 20 minuti p\u00e4rast. \u00c4rge kasutage kauem kui 30 minutit, kuna see v\u00f5ib p\u00f5hjustada \u00e4rritust.<\/li>\n<li>Eemaldage geeli j\u00e4\u00e4gid pehmepaberiga ja peske n\u00e4gu mitu korda leige veega.<\/li>\n<\/ol>\n<p><strong>Ettevaatusabin\u00f5ud<\/strong><\/p>\n<ol start=\"1\">\n<li>L\u00f5petage kasutamine ja\/v\u00f5i konsulteerige arstiga enne j\u00e4tkamist, kui ilmnevad j\u00e4rgmised s\u00fcmptomid: :\n<ol type=\"a\">\n<li>\u00a0punased laigud, turse, s\u00fcgelus, \u00e4rritus jne selle toote kasutamise ajal.<\/li>\n<li>Kui nahal esinebi \u00e4rrituvus p\u00e4ikesekiirguse t\u00f5ttu v\u00f5i on p\u00e4ikesep\u00f5letus.<\/li>\n<\/ol>\n<\/li>\n<li>\u00c4rge kasutage piirkondi, mida m\u00f5jutab haav, ekseem v\u00f5i dermatiit.<\/li>\n<li>V\u00e4ltige silma\u00fcmbruse kasutamist. Kui tekib kokkupuude, loputage see kohe v\u00e4lja.<\/li>\n<\/ol>\n","protected":false},"excerpt":{"rendered":"<p>Professionaalne mitteinvasiivne karboks\u00fcteraapia CRYSTAL CARBOXY CO\u2082 geelmask on kaasaegne, \u00fclit\u00f5hus ja ohutu esteetiliste defektide korrigeerimise meetod, mis p\u00f5hineb gaasilise s\u00fcsinikdioksiidi (CO\u2082) kokkupuutel nahaga. BOHR efekt tagab CO\u2082 ja toitainete tungimise naha s\u00fcgavamatesse kihtidesse, uusim patenteeritud DDS (Direct Delivery system) aga aktiveerib protsessi ja muudab selle erinevalt teistest kosmeetikatoodetest kordades kiiremaks.<\/p>\n<p>&nbsp;<\/p>\n<p>5*25 ml<\/p>\n","protected":false},"featured_media":5518,"comment_status":"closed","ping_status":"closed","template":"","meta":{"_uag_custom_page_level_css":"","site-sidebar-layout":"default","site-content-layout":"","ast-site-content-layout":"default","site-content-style":"default","site-sidebar-style":"default","ast-global-header-display":"","ast-banner-title-visibility":"","ast-main-header-display":"","ast-hfb-above-header-display":"","ast-hfb-below-header-display":"","ast-hfb-mobile-header-display":"","site-post-title":"","ast-breadcrumbs-content":"","ast-featured-img":"","footer-sml-layout":"","ast-disable-related-posts":"","theme-transparent-header-meta":"default","adv-header-id-meta":"","stick-header-meta":"","header-above-stick-meta":"","header-main-stick-meta":"","header-below-stick-meta":"","astra-migrate-meta-layouts":"set","ast-page-background-enabled":"default","ast-page-background-meta":{"desktop":{"background-color":"var(--ast-global-color-4)","background-image":"","background-repeat":"repeat","background-position":"center center","background-size":"auto","background-attachment":"scroll","background-type":"","background-media":"","overlay-type":"","overlay-color":"","overlay-opacity":"","overlay-gradient":""},"tablet":{"background-color":"","background-image":"","background-repeat":"repeat","background-position":"center center","background-size":"auto","background-attachment":"scroll","background-type":"","background-media":"","overlay-type":"","overlay-color":"","overlay-opacity":"","overlay-gradient":""},"mobile":{"background-color":"","background-image":"","background-repeat":"repeat","background-position":"center center","background-size":"auto","background-attachment":"scroll","background-type":"","background-media":"","overlay-type":"","overlay-color":"","overlay-opacity":"","overlay-gradient":""}},"ast-content-background-meta":{"desktop":{"background-color":"var(--ast-global-color-5)","background-image":"","background-repeat":"repeat","background-position":"center center","background-size":"auto","background-attachment":"scroll","background-type":"","background-media":"","overlay-type":"","overlay-color":"","overlay-opacity":"","overlay-gradient":""},"tablet":{"background-color":"var(--ast-global-color-5)","background-image":"","background-repeat":"repeat","background-position":"center center","background-size":"auto","background-attachment":"scroll","background-type":"","background-media":"","overlay-type":"","overlay-color":"","overlay-opacity":"","overlay-gradient":""},"mobile":{"background-color":"var(--ast-global-color-5)","background-image":"","background-repeat":"repeat","background-position":"center center","background-size":"auto","background-attachment":"scroll","background-type":"","background-media":"","overlay-type":"","overlay-color":"","overlay-opacity":"","overlay-gradient":""}}},"product_brand":[],"product_cat":[96,123,97],"product_tag":[],"class_list":{"0":"post-5464","1":"product","2":"type-product","3":"status-publish","4":"has-post-thumbnail","6":"product_cat-brands","7":"product_cat-koru-pharma","8":"product_cat-naole","9":"desktop-align-left","10":"tablet-align-left","11":"mobile-align-left","13":"first","14":"instock","15":"taxable","16":"shipping-taxable","17":"product-type-simple","18":"add-to-wishlist-before_image"},"uagb_featured_image_src":{"full":["https:\/\/kosmeetika24.com\/wp-content\/uploads\/2024\/07\/Crystal-Carboxy-box-angle-Koru-Pharma-e-1.jpg",1800,1800,false],"thumbnail":["https:\/\/kosmeetika24.com\/wp-content\/uploads\/2024\/07\/Crystal-Carboxy-box-angle-Koru-Pharma-e-1-150x150.jpg",150,150,true],"medium":["https:\/\/kosmeetika24.com\/wp-content\/uploads\/2024\/07\/Crystal-Carboxy-box-angle-Koru-Pharma-e-1-300x300.jpg",300,300,true],"medium_large":["https:\/\/kosmeetika24.com\/wp-content\/uploads\/2024\/07\/Crystal-Carboxy-box-angle-Koru-Pharma-e-1-768x768.jpg",768,768,true],"large":["https:\/\/kosmeetika24.com\/wp-content\/uploads\/2024\/07\/Crystal-Carboxy-box-angle-Koru-Pharma-e-1-1024x1024.jpg",1024,1024,true],"1536x1536":["https:\/\/kosmeetika24.com\/wp-content\/uploads\/2024\/07\/Crystal-Carboxy-box-angle-Koru-Pharma-e-1-1536x1536.jpg",1536,1536,true],"2048x2048":["https:\/\/kosmeetika24.com\/wp-content\/uploads\/2024\/07\/Crystal-Carboxy-box-angle-Koru-Pharma-e-1.jpg",1800,1800,false],"trp-custom-language-flag":["https:\/\/kosmeetika24.com\/wp-content\/uploads\/2024\/07\/Crystal-Carboxy-box-angle-Koru-Pharma-e-1-12x12.jpg",12,12,true],"woocommerce_thumbnail":["https:\/\/kosmeetika24.com\/wp-content\/uploads\/2024\/07\/Crystal-Carboxy-box-angle-Koru-Pharma-e-1-300x300.jpg",300,300,true],"woocommerce_single":["https:\/\/kosmeetika24.com\/wp-content\/uploads\/2024\/07\/Crystal-Carboxy-box-angle-Koru-Pharma-e-1-500x500.jpg",500,500,true],"woocommerce_gallery_thumbnail":["https:\/\/kosmeetika24.com\/wp-content\/uploads\/2024\/07\/Crystal-Carboxy-box-angle-Koru-Pharma-e-1-100x100.jpg",100,100,true]},"uagb_author_info":{"display_name":"admin","author_link":"https:\/\/kosmeetika24.com\/et\/author\/"},"uagb_comment_info":0,"uagb_excerpt":"Professionaalne mitteinvasiivne karboks\u00fcteraapia CRYSTAL CARBOXY CO\u2082 geelmask on kaasaegne, \u00fclit\u00f5hus ja ohutu esteetiliste defektide korrigeerimise meetod, mis p\u00f5hineb gaasilise s\u00fcsinikdioksiidi (CO\u2082) kokkupuutel nahaga. BOHR efekt tagab CO\u2082 ja toitainete tungimise naha s\u00fcgavamatesse kihtidesse, uusim patenteeritud DDS (Direct Delivery system) aga aktiveerib protsessi ja muudab selle erinevalt teistest kosmeetikatoodetest kordades kiiremaks. &nbsp; 5*25 ml","_links":{"self":[{"href":"https:\/\/kosmeetika24.com\/et\/wp-json\/wp\/v2\/product\/5464","targetHints":{"allow":["GET"]}}],"collection":[{"href":"https:\/\/kosmeetika24.com\/et\/wp-json\/wp\/v2\/product"}],"about":[{"href":"https:\/\/kosmeetika24.com\/et\/wp-json\/wp\/v2\/types\/product"}],"replies":[{"embeddable":true,"href":"https:\/\/kosmeetika24.com\/et\/wp-json\/wp\/v2\/comments?post=5464"}],"version-history":[{"count":11,"href":"https:\/\/kosmeetika24.com\/et\/wp-json\/wp\/v2\/product\/5464\/revisions"}],"predecessor-version":[{"id":6065,"href":"https:\/\/kosmeetika24.com\/et\/wp-json\/wp\/v2\/product\/5464\/revisions\/6065"}],"wp:featuredmedia":[{"embeddable":true,"href":"https:\/\/kosmeetika24.com\/et\/wp-json\/wp\/v2\/media\/5518"}],"wp:attachment":[{"href":"https:\/\/kosmeetika24.com\/et\/wp-json\/wp\/v2\/media?parent=5464"}],"wp:term":[{"taxonomy":"product_brand","embeddable":true,"href":"https:\/\/kosmeetika24.com\/et\/wp-json\/wp\/v2\/product_brand?post=5464"},{"taxonomy":"product_cat","embeddable":true,"href":"https:\/\/kosmeetika24.com\/et\/wp-json\/wp\/v2\/product_cat?post=5464"},{"taxonomy":"product_tag","embeddable":true,"href":"https:\/\/kosmeetika24.com\/et\/wp-json\/wp\/v2\/product_tag?post=5464"}],"curies":[{"name":"wp","href":"https:\/\/api.w.org\/{rel}","templated":true}]}}