{"id":5397,"date":"2024-05-29T08:40:50","date_gmt":"2024-05-29T08:40:50","guid":{"rendered":"https:\/\/kosmeetika24.com\/?post_type=product&#038;p=5397"},"modified":"2025-07-03T12:31:35","modified_gmt":"2025-07-03T09:31:35","slug":"charmyco-hudroluusitud-kollageen-naturaalsete-peptiididega","status":"publish","type":"product","link":"https:\/\/kosmeetika24.com\/et\/toode\/charmyco-hudroluusitud-kollageen-naturaalsete-peptiididega\/","title":{"rendered":"CHARMYCO H\u00fcdrol\u00fc\u00fcsitud kollageen naturaalsete peptiididega"},"content":{"rendered":"<p><strong>Charmyco h\u00fcdrol\u00fc\u00fcsitud kollageenipulber<\/strong> sisaldab 1. ja 3. t\u00fc\u00fcpi merelist kollageeni. 1. t\u00fc\u00fcpi h\u00fcdrol\u00fc\u00fcsitud kollageeni peptiidid on k\u00f5ige kvaliteetsemad ning tarbides neid koos 3. t\u00fc\u00fcpi kollageeniga on see kehale lihtsamini omastatav.<\/p>\n<p>Kollageenipulbri valmistamisel on kasutatud naturaalseid v\u00e4rvi- ja maitseaineid ning see on <strong>GMO vaba, gluteenivaba, laktoosivaba, p\u00e4rmivaba<\/strong> ja <strong>suhkruvaba<\/strong>.<\/p>\n<p><strong>TOIME<\/strong><\/p>\n<p>V\u00f5ib \u00e4ra hoida luude h\u00f5renemist- kuna luud on valmistatud peamiselt kollageenist, mille sisaldus organismis vananedes v\u00e4heneb, siis v\u00e4heneb ka luumass. Skandinaavia Tervise kollageeni toidulisandi regulaarne tarvitamine aitab s\u00e4ilitada luude tugevust ka vanemas eas.<\/p>\n<p><strong>KOOSTIS<\/strong><\/p>\n<p>PUHAS H\u00dcDROL\u00dc\u00dcSITUD KALAKOLLAGEEN (puhta peptiidi h\u00fcdrol\u00fc\u00fcsitud kalakollageen sisaldab aminohappeid: L-gl\u00fccerin, L-proliin, L-alaniin, L-h\u00fcdroks\u00fcproliin, L-glutamiinhape, Larginiin, L-asparagiinhape, L-serlin, L-l\u00fcsiin, (letsiin, L-valiin, L-treoniin, L-fen\u00fc\u00fclproalaniin, L-isoleutsiin, L-h\u00fcdroks\u00fcl\u00fcsiin, L-metioniin, L-histidiin, L- t\u00fcroksiin, L-ts\u00fcsteiin).<\/p>\n","protected":false},"excerpt":{"rendered":"<ul>\n<li>H\u00fcdrol\u00fc\u00fcsitud KALAkollageeni pulber<\/li>\n<li>Sisaldab 1. ja 3. t\u00fc\u00fcpi kollageeni<\/li>\n<\/ul>\n<p>300 g<\/p>\n","protected":false},"featured_media":5441,"comment_status":"closed","ping_status":"closed","template":"","meta":{"_uag_custom_page_level_css":"","site-sidebar-layout":"default","site-content-layout":"","ast-site-content-layout":"default","site-content-style":"default","site-sidebar-style":"default","ast-global-header-display":"","ast-banner-title-visibility":"","ast-main-header-display":"","ast-hfb-above-header-display":"","ast-hfb-below-header-display":"","ast-hfb-mobile-header-display":"","site-post-title":"","ast-breadcrumbs-content":"","ast-featured-img":"","footer-sml-layout":"","ast-disable-related-posts":"","theme-transparent-header-meta":"default","adv-header-id-meta":"","stick-header-meta":"","header-above-stick-meta":"","header-main-stick-meta":"","header-below-stick-meta":"","astra-migrate-meta-layouts":"set","ast-page-background-enabled":"default","ast-page-background-meta":{"desktop":{"background-color":"var(--ast-global-color-4)","background-image":"","background-repeat":"repeat","background-position":"center center","background-size":"auto","background-attachment":"scroll","background-type":"","background-media":"","overlay-type":"","overlay-color":"","overlay-opacity":"","overlay-gradient":""},"tablet":{"background-color":"","background-image":"","background-repeat":"repeat","background-position":"center center","background-size":"auto","background-attachment":"scroll","background-type":"","background-media":"","overlay-type":"","overlay-color":"","overlay-opacity":"","overlay-gradient":""},"mobile":{"background-color":"","background-image":"","background-repeat":"repeat","background-position":"center center","background-size":"auto","background-attachment":"scroll","background-type":"","background-media":"","overlay-type":"","overlay-color":"","overlay-opacity":"","overlay-gradient":""}},"ast-content-background-meta":{"desktop":{"background-color":"var(--ast-global-color-5)","background-image":"","background-repeat":"repeat","background-position":"center center","background-size":"auto","background-attachment":"scroll","background-type":"","background-media":"","overlay-type":"","overlay-color":"","overlay-opacity":"","overlay-gradient":""},"tablet":{"background-color":"var(--ast-global-color-5)","background-image":"","background-repeat":"repeat","background-position":"center center","background-size":"auto","background-attachment":"scroll","background-type":"","background-media":"","overlay-type":"","overlay-color":"","overlay-opacity":"","overlay-gradient":""},"mobile":{"background-color":"var(--ast-global-color-5)","background-image":"","background-repeat":"repeat","background-position":"center center","background-size":"auto","background-attachment":"scroll","background-type":"","background-media":"","overlay-type":"","overlay-color":"","overlay-opacity":"","overlay-gradient":""}}},"product_brand":[],"product_cat":[96,81],"product_tag":[],"class_list":{"0":"post-5397","1":"product","2":"type-product","3":"status-publish","4":"has-post-thumbnail","6":"product_cat-brands","7":"product_cat-charmyco","8":"desktop-align-left","9":"tablet-align-left","10":"mobile-align-left","12":"first","13":"instock","14":"taxable","15":"shipping-taxable","16":"product-type-simple","17":"add-to-wishlist-before_image"},"uagb_featured_image_src":{"full":["https:\/\/kosmeetika24.com\/wp-content\/uploads\/2024\/05\/TL0001.png",3000,3000,false],"thumbnail":["https:\/\/kosmeetika24.com\/wp-content\/uploads\/2024\/05\/TL0001-150x150.png",150,150,true],"medium":["https:\/\/kosmeetika24.com\/wp-content\/uploads\/2024\/05\/TL0001-300x300.png",300,300,true],"medium_large":["https:\/\/kosmeetika24.com\/wp-content\/uploads\/2024\/05\/TL0001-768x768.png",768,768,true],"large":["https:\/\/kosmeetika24.com\/wp-content\/uploads\/2024\/05\/TL0001-1024x1024.png",1024,1024,true],"1536x1536":["https:\/\/kosmeetika24.com\/wp-content\/uploads\/2024\/05\/TL0001-1536x1536.png",1536,1536,true],"2048x2048":["https:\/\/kosmeetika24.com\/wp-content\/uploads\/2024\/05\/TL0001-2048x2048.png",2048,2048,true],"trp-custom-language-flag":["https:\/\/kosmeetika24.com\/wp-content\/uploads\/2024\/05\/TL0001-12x12.png",12,12,true],"woocommerce_thumbnail":["https:\/\/kosmeetika24.com\/wp-content\/uploads\/2024\/05\/TL0001-300x300.png",300,300,true],"woocommerce_single":["https:\/\/kosmeetika24.com\/wp-content\/uploads\/2024\/05\/TL0001-500x500.png",500,500,true],"woocommerce_gallery_thumbnail":["https:\/\/kosmeetika24.com\/wp-content\/uploads\/2024\/05\/TL0001-100x100.png",100,100,true]},"uagb_author_info":{"display_name":"admin","author_link":"https:\/\/kosmeetika24.com\/et\/author\/"},"uagb_comment_info":0,"uagb_excerpt":"H\u00fcdrol\u00fc\u00fcsitud KALAkollageeni pulber Sisaldab 1. ja 3. t\u00fc\u00fcpi kollageeni 300 g","_links":{"self":[{"href":"https:\/\/kosmeetika24.com\/et\/wp-json\/wp\/v2\/product\/5397","targetHints":{"allow":["GET"]}}],"collection":[{"href":"https:\/\/kosmeetika24.com\/et\/wp-json\/wp\/v2\/product"}],"about":[{"href":"https:\/\/kosmeetika24.com\/et\/wp-json\/wp\/v2\/types\/product"}],"replies":[{"embeddable":true,"href":"https:\/\/kosmeetika24.com\/et\/wp-json\/wp\/v2\/comments?post=5397"}],"version-history":[{"count":3,"href":"https:\/\/kosmeetika24.com\/et\/wp-json\/wp\/v2\/product\/5397\/revisions"}],"predecessor-version":[{"id":6514,"href":"https:\/\/kosmeetika24.com\/et\/wp-json\/wp\/v2\/product\/5397\/revisions\/6514"}],"wp:featuredmedia":[{"embeddable":true,"href":"https:\/\/kosmeetika24.com\/et\/wp-json\/wp\/v2\/media\/5441"}],"wp:attachment":[{"href":"https:\/\/kosmeetika24.com\/et\/wp-json\/wp\/v2\/media?parent=5397"}],"wp:term":[{"taxonomy":"product_brand","embeddable":true,"href":"https:\/\/kosmeetika24.com\/et\/wp-json\/wp\/v2\/product_brand?post=5397"},{"taxonomy":"product_cat","embeddable":true,"href":"https:\/\/kosmeetika24.com\/et\/wp-json\/wp\/v2\/product_cat?post=5397"},{"taxonomy":"product_tag","embeddable":true,"href":"https:\/\/kosmeetika24.com\/et\/wp-json\/wp\/v2\/product_tag?post=5397"}],"curies":[{"name":"wp","href":"https:\/\/api.w.org\/{rel}","templated":true}]}}