{"id":5392,"date":"2024-05-29T08:26:22","date_gmt":"2024-05-29T08:26:22","guid":{"rendered":"https:\/\/kosmeetika24.com\/?post_type=product&#038;p=5392"},"modified":"2025-12-23T12:34:31","modified_gmt":"2025-12-23T09:34:31","slug":"oxygen-ceuticals-kuperoosi-valem","status":"publish","type":"product","link":"https:\/\/kosmeetika24.com\/et\/toode\/oxygen-ceuticals-kuperoosi-valem\/","title":{"rendered":"OXYGEN CEUTICALS Couperose Formula"},"content":{"rendered":"<p><b>Professionaalne kasutamine<\/b> : kasutage hapniku n\u00e4oteraapia infusioonietapi ajal.<\/p>\n<p>Soovitatav kasutada tundliku\/\u00e4rritatud nahaga klientidel.<\/p>\n<p><strong>TOIME<\/strong><\/p>\n<ul>\n<li>Rahustab ja taastab kahjustatud nahka<\/li>\n<li>Leevendab tundlikku nahka<\/li>\n<li>V\u00e4hendab punetust ja p\u00f5letikku<\/li>\n<\/ul>\n<p><strong>KOOSTIS<\/strong><\/p>\n<p>Water, Propylene Glycol, 1,2-Hexanediol, Orostachys Japonica Extract, Centella Asiatica Extract, Butylene Glycol, Apium Graveolens (Celery) Extract, Brassica Oleracea Capitata (Cabbage) Leaf Extract, Oryza Sativa (Rice) Extract, Solanum Lycopersicum (Tomato) Fruit\/leaf\/stem Extract, Brassica Rapa (Turnip) Leaf Extract, Daucus Carota Sativa (Carrot) Root Extract, Brassica Oleracea Italica (Broccoli) Extract, Oxygen, Palmitoyl Pentapeptide-4, sh-Octapeptide-4, sh-Decapeptide-7, sh-Pentapeptide-19, Oligopeptide-29, Lavandula Angustifolia (Lavender) Water, Sodium Citrate, Zanthoxylum Piperitum Fruit Extract, Pulsatilla Koreana Extract, Usnea Barbata (Lichen) Extract.<\/p>\n","protected":false},"excerpt":{"rendered":"<p>500 ml<\/p>\n<p>H\u00fcpoallergeenne vedellahus tundliku naha rahustamiseks ja taastamiseks.<\/p>\n<p>See kerge aminohapetest koosnev lahus t\u00e4iendab normaalset nahka \u00f5livaba niisutusega, j\u00e4ttes selle uskumatult pehmeks ja siledaks. Lahus aitab taastada tervisliku v\u00e4limusega tasakaalu, samas kui kollageeni, oligopeptiidi ja aminohapete segu aitab siluda karedat tekstuuri, v\u00e4hendades peente joonte ja kortsude teket. Tomati t\u00fcvirakkude ja oligopeptiidi eelistega ampull aitab taastada kahjustatud nahka ja s\u00e4ilitada niiskust, leevendades samal ajal tundlikku nahka.<\/p>\n","protected":false},"featured_media":6901,"comment_status":"closed","ping_status":"closed","template":"","meta":{"_uag_custom_page_level_css":"","site-sidebar-layout":"default","site-content-layout":"","ast-site-content-layout":"default","site-content-style":"default","site-sidebar-style":"default","ast-global-header-display":"","ast-banner-title-visibility":"","ast-main-header-display":"","ast-hfb-above-header-display":"","ast-hfb-below-header-display":"","ast-hfb-mobile-header-display":"","site-post-title":"","ast-breadcrumbs-content":"","ast-featured-img":"","footer-sml-layout":"","ast-disable-related-posts":"","theme-transparent-header-meta":"default","adv-header-id-meta":"","stick-header-meta":"","header-above-stick-meta":"","header-main-stick-meta":"","header-below-stick-meta":"","astra-migrate-meta-layouts":"set","ast-page-background-enabled":"default","ast-page-background-meta":{"desktop":{"background-color":"var(--ast-global-color-4)","background-image":"","background-repeat":"repeat","background-position":"center center","background-size":"auto","background-attachment":"scroll","background-type":"","background-media":"","overlay-type":"","overlay-color":"","overlay-opacity":"","overlay-gradient":""},"tablet":{"background-color":"","background-image":"","background-repeat":"repeat","background-position":"center center","background-size":"auto","background-attachment":"scroll","background-type":"","background-media":"","overlay-type":"","overlay-color":"","overlay-opacity":"","overlay-gradient":""},"mobile":{"background-color":"","background-image":"","background-repeat":"repeat","background-position":"center center","background-size":"auto","background-attachment":"scroll","background-type":"","background-media":"","overlay-type":"","overlay-color":"","overlay-opacity":"","overlay-gradient":""}},"ast-content-background-meta":{"desktop":{"background-color":"var(--ast-global-color-5)","background-image":"","background-repeat":"repeat","background-position":"center center","background-size":"auto","background-attachment":"scroll","background-type":"","background-media":"","overlay-type":"","overlay-color":"","overlay-opacity":"","overlay-gradient":""},"tablet":{"background-color":"var(--ast-global-color-5)","background-image":"","background-repeat":"repeat","background-position":"center center","background-size":"auto","background-attachment":"scroll","background-type":"","background-media":"","overlay-type":"","overlay-color":"","overlay-opacity":"","overlay-gradient":""},"mobile":{"background-color":"var(--ast-global-color-5)","background-image":"","background-repeat":"repeat","background-position":"center center","background-size":"auto","background-attachment":"scroll","background-type":"","background-media":"","overlay-type":"","overlay-color":"","overlay-opacity":"","overlay-gradient":""}}},"product_brand":[],"product_cat":[96,74],"product_tag":[],"class_list":{"0":"post-5392","1":"product","2":"type-product","3":"status-publish","4":"has-post-thumbnail","6":"product_cat-brands","7":"product_cat-oxygen-ceuticals","8":"desktop-align-left","9":"tablet-align-left","10":"mobile-align-left","12":"first","13":"instock","14":"taxable","15":"shipping-taxable","16":"product-type-simple","17":"add-to-wishlist-before_image"},"uagb_featured_image_src":{"full":["https:\/\/kosmeetika24.com\/wp-content\/uploads\/2024\/05\/Couperose-formula.jpg",1800,1800,false],"thumbnail":["https:\/\/kosmeetika24.com\/wp-content\/uploads\/2024\/05\/Couperose-formula-150x150.jpg",150,150,true],"medium":["https:\/\/kosmeetika24.com\/wp-content\/uploads\/2024\/05\/Couperose-formula-300x300.jpg",300,300,true],"medium_large":["https:\/\/kosmeetika24.com\/wp-content\/uploads\/2024\/05\/Couperose-formula-768x768.jpg",768,768,true],"large":["https:\/\/kosmeetika24.com\/wp-content\/uploads\/2024\/05\/Couperose-formula-1024x1024.jpg",1024,1024,true],"1536x1536":["https:\/\/kosmeetika24.com\/wp-content\/uploads\/2024\/05\/Couperose-formula-1536x1536.jpg",1536,1536,true],"2048x2048":["https:\/\/kosmeetika24.com\/wp-content\/uploads\/2024\/05\/Couperose-formula.jpg",1800,1800,false],"trp-custom-language-flag":["https:\/\/kosmeetika24.com\/wp-content\/uploads\/2024\/05\/Couperose-formula-12x12.jpg",12,12,true],"woocommerce_thumbnail":["https:\/\/kosmeetika24.com\/wp-content\/uploads\/2024\/05\/Couperose-formula-300x300.jpg",300,300,true],"woocommerce_single":["https:\/\/kosmeetika24.com\/wp-content\/uploads\/2024\/05\/Couperose-formula-500x500.jpg",500,500,true],"woocommerce_gallery_thumbnail":["https:\/\/kosmeetika24.com\/wp-content\/uploads\/2024\/05\/Couperose-formula-100x100.jpg",100,100,true]},"uagb_author_info":{"display_name":"admin","author_link":"https:\/\/kosmeetika24.com\/et\/author\/"},"uagb_comment_info":0,"uagb_excerpt":"500 ml H\u00fcpoallergeenne vedellahus tundliku naha rahustamiseks ja taastamiseks. See kerge aminohapetest koosnev lahus t\u00e4iendab normaalset nahka \u00f5livaba niisutusega, j\u00e4ttes selle uskumatult pehmeks ja siledaks. Lahus aitab taastada tervisliku v\u00e4limusega tasakaalu, samas kui kollageeni, oligopeptiidi ja aminohapete segu aitab siluda karedat tekstuuri, v\u00e4hendades peente joonte ja kortsude teket. Tomati t\u00fcvirakkude ja oligopeptiidi eelistega ampull aitab&hellip;","_links":{"self":[{"href":"https:\/\/kosmeetika24.com\/et\/wp-json\/wp\/v2\/product\/5392","targetHints":{"allow":["GET"]}}],"collection":[{"href":"https:\/\/kosmeetika24.com\/et\/wp-json\/wp\/v2\/product"}],"about":[{"href":"https:\/\/kosmeetika24.com\/et\/wp-json\/wp\/v2\/types\/product"}],"replies":[{"embeddable":true,"href":"https:\/\/kosmeetika24.com\/et\/wp-json\/wp\/v2\/comments?post=5392"}],"version-history":[{"count":8,"href":"https:\/\/kosmeetika24.com\/et\/wp-json\/wp\/v2\/product\/5392\/revisions"}],"predecessor-version":[{"id":6367,"href":"https:\/\/kosmeetika24.com\/et\/wp-json\/wp\/v2\/product\/5392\/revisions\/6367"}],"wp:featuredmedia":[{"embeddable":true,"href":"https:\/\/kosmeetika24.com\/et\/wp-json\/wp\/v2\/media\/6901"}],"wp:attachment":[{"href":"https:\/\/kosmeetika24.com\/et\/wp-json\/wp\/v2\/media?parent=5392"}],"wp:term":[{"taxonomy":"product_brand","embeddable":true,"href":"https:\/\/kosmeetika24.com\/et\/wp-json\/wp\/v2\/product_brand?post=5392"},{"taxonomy":"product_cat","embeddable":true,"href":"https:\/\/kosmeetika24.com\/et\/wp-json\/wp\/v2\/product_cat?post=5392"},{"taxonomy":"product_tag","embeddable":true,"href":"https:\/\/kosmeetika24.com\/et\/wp-json\/wp\/v2\/product_tag?post=5392"}],"curies":[{"name":"wp","href":"https:\/\/api.w.org\/{rel}","templated":true}]}}