{"id":5390,"date":"2024-05-29T08:24:56","date_gmt":"2024-05-29T08:24:56","guid":{"rendered":"https:\/\/kosmeetika24.com\/?post_type=product&#038;p=5390"},"modified":"2025-12-23T12:34:42","modified_gmt":"2025-12-23T09:34:42","slug":"oxygen-ceuticals-exfoliant-formula","status":"publish","type":"product","link":"https:\/\/kosmeetika24.com\/et\/toode\/oxygen-ceuticals-exfoliant-formula\/","title":{"rendered":"OXYGEN CEUTICALS Exfoliant Formula"},"content":{"rendered":"<p><b>Professionaalne kasutamine<\/b>\u00a0: kasutage hapniku n\u00e4oteraapia infusioonietapi ajal.<\/p>\n<p>Soovitatav kasutada rasuse\/aknele kalduva nahaga klientidele.<\/p>\n<p><strong>TOIME<\/strong><\/p>\n<div class=\"cc-accordion-item__panel\">\n<div class=\"cc-accordion-item__content rte\">\n<ul>\n<li>\u00a0Rahustab aknet ja p\u00f5letikku<\/li>\n<li>\u00a0Vabastab kuiva naha pingulolekutundest<\/li>\n<li>\u00a0Koorib nahka \u00f5rnalt<\/li>\n<\/ul>\n<\/div>\n<\/div>\n<p><strong>KOOSTIS<\/strong><\/p>\n<p>Water, Niacinamide, 1,2-Hexanediol, Butylene Glycol, Glycerin, Propylene Glycol, Camellia Sinensis Leaf Extract, Aloe Barbadensis Leaf Extract, Panthenol, Hydrolyzed Collagen, Zanthoxylum Piperitum Fruit Extract, Usnea Barbata (Lichen) Extract, Sodium Citrate, Pulsatilla Koreana Extract, Disodium Adenosine Triphosphate, Ascorbic Acid, Centella Asiatica Extract, Carica Papaya (Papaya) Fruit Extract, Algin, Oxygen, Saponaria Officinalis Leaf\/Root Extract, Salvia Officinalis (Sage) Leaf Extract, Humulus Lupulus (Hops) Extract, Citrus Limon (Lemon) Fruit Extract, Calendula Officinalis Flower Extract, Arctium Lappa Root Extract, Hypericum Perforatum Extract, Ethylhexylglycerin.<\/p>\n","protected":false},"excerpt":{"rendered":"<p>500 ml<\/p>\n<p>Helendav vedel lahus eemaldab liigse rasu ja parandab tuhmi naha v\u00e4limust.<\/p>\n<p>See kerge aminohapetest koosnev lahus t\u00e4iendab normaalset nahka \u00f5livaba niisutusega, j\u00e4ttes selle uskumatult pehmeks ja siledaks. Lahus aitab taastada tervisliku v\u00e4limuse tasakaalu, samas kui niatsiinamiidi, Centella Asiatica lehtede ekstraktide ja aminohapete segu aitab siluda kareda tekstuuri, v\u00e4hendades tuhmi nahatooni ja aknet.<\/p>\n<p>&nbsp;<\/p>\n","protected":false},"featured_media":6288,"comment_status":"closed","ping_status":"closed","template":"","meta":{"_uag_custom_page_level_css":"","site-sidebar-layout":"default","site-content-layout":"","ast-site-content-layout":"default","site-content-style":"default","site-sidebar-style":"default","ast-global-header-display":"","ast-banner-title-visibility":"","ast-main-header-display":"","ast-hfb-above-header-display":"","ast-hfb-below-header-display":"","ast-hfb-mobile-header-display":"","site-post-title":"","ast-breadcrumbs-content":"","ast-featured-img":"","footer-sml-layout":"","ast-disable-related-posts":"","theme-transparent-header-meta":"default","adv-header-id-meta":"","stick-header-meta":"","header-above-stick-meta":"","header-main-stick-meta":"","header-below-stick-meta":"","astra-migrate-meta-layouts":"set","ast-page-background-enabled":"default","ast-page-background-meta":{"desktop":{"background-color":"var(--ast-global-color-4)","background-image":"","background-repeat":"repeat","background-position":"center center","background-size":"auto","background-attachment":"scroll","background-type":"","background-media":"","overlay-type":"","overlay-color":"","overlay-opacity":"","overlay-gradient":""},"tablet":{"background-color":"","background-image":"","background-repeat":"repeat","background-position":"center center","background-size":"auto","background-attachment":"scroll","background-type":"","background-media":"","overlay-type":"","overlay-color":"","overlay-opacity":"","overlay-gradient":""},"mobile":{"background-color":"","background-image":"","background-repeat":"repeat","background-position":"center center","background-size":"auto","background-attachment":"scroll","background-type":"","background-media":"","overlay-type":"","overlay-color":"","overlay-opacity":"","overlay-gradient":""}},"ast-content-background-meta":{"desktop":{"background-color":"var(--ast-global-color-5)","background-image":"","background-repeat":"repeat","background-position":"center center","background-size":"auto","background-attachment":"scroll","background-type":"","background-media":"","overlay-type":"","overlay-color":"","overlay-opacity":"","overlay-gradient":""},"tablet":{"background-color":"var(--ast-global-color-5)","background-image":"","background-repeat":"repeat","background-position":"center center","background-size":"auto","background-attachment":"scroll","background-type":"","background-media":"","overlay-type":"","overlay-color":"","overlay-opacity":"","overlay-gradient":""},"mobile":{"background-color":"var(--ast-global-color-5)","background-image":"","background-repeat":"repeat","background-position":"center center","background-size":"auto","background-attachment":"scroll","background-type":"","background-media":"","overlay-type":"","overlay-color":"","overlay-opacity":"","overlay-gradient":""}}},"product_brand":[],"product_cat":[96,74],"product_tag":[],"class_list":{"0":"post-5390","1":"product","2":"type-product","3":"status-publish","4":"has-post-thumbnail","6":"product_cat-brands","7":"product_cat-oxygen-ceuticals","8":"desktop-align-left","9":"tablet-align-left","10":"mobile-align-left","12":"first","13":"instock","14":"taxable","15":"shipping-taxable","16":"product-type-simple","17":"add-to-wishlist-before_image"},"uagb_featured_image_src":{"full":["https:\/\/kosmeetika24.com\/wp-content\/uploads\/2024\/05\/Exfoliant_Formula_77082_detail.jpg",500,500,false],"thumbnail":["https:\/\/kosmeetika24.com\/wp-content\/uploads\/2024\/05\/Exfoliant_Formula_77082_detail-150x150.jpg",150,150,true],"medium":["https:\/\/kosmeetika24.com\/wp-content\/uploads\/2024\/05\/Exfoliant_Formula_77082_detail-300x300.jpg",300,300,true],"medium_large":["https:\/\/kosmeetika24.com\/wp-content\/uploads\/2024\/05\/Exfoliant_Formula_77082_detail.jpg",500,500,false],"large":["https:\/\/kosmeetika24.com\/wp-content\/uploads\/2024\/05\/Exfoliant_Formula_77082_detail.jpg",500,500,false],"1536x1536":["https:\/\/kosmeetika24.com\/wp-content\/uploads\/2024\/05\/Exfoliant_Formula_77082_detail.jpg",500,500,false],"2048x2048":["https:\/\/kosmeetika24.com\/wp-content\/uploads\/2024\/05\/Exfoliant_Formula_77082_detail.jpg",500,500,false],"trp-custom-language-flag":["https:\/\/kosmeetika24.com\/wp-content\/uploads\/2024\/05\/Exfoliant_Formula_77082_detail-12x12.jpg",12,12,true],"woocommerce_thumbnail":["https:\/\/kosmeetika24.com\/wp-content\/uploads\/2024\/05\/Exfoliant_Formula_77082_detail-300x300.jpg",300,300,true],"woocommerce_single":["https:\/\/kosmeetika24.com\/wp-content\/uploads\/2024\/05\/Exfoliant_Formula_77082_detail.jpg",500,500,false],"woocommerce_gallery_thumbnail":["https:\/\/kosmeetika24.com\/wp-content\/uploads\/2024\/05\/Exfoliant_Formula_77082_detail-100x100.jpg",100,100,true]},"uagb_author_info":{"display_name":"admin","author_link":"https:\/\/kosmeetika24.com\/et\/author\/"},"uagb_comment_info":0,"uagb_excerpt":"500 ml Helendav vedel lahus eemaldab liigse rasu ja parandab tuhmi naha v\u00e4limust. See kerge aminohapetest koosnev lahus t\u00e4iendab normaalset nahka \u00f5livaba niisutusega, j\u00e4ttes selle uskumatult pehmeks ja siledaks. Lahus aitab taastada tervisliku v\u00e4limuse tasakaalu, samas kui niatsiinamiidi, Centella Asiatica lehtede ekstraktide ja aminohapete segu aitab siluda kareda tekstuuri, v\u00e4hendades tuhmi nahatooni ja aknet. &nbsp;","_links":{"self":[{"href":"https:\/\/kosmeetika24.com\/et\/wp-json\/wp\/v2\/product\/5390","targetHints":{"allow":["GET"]}}],"collection":[{"href":"https:\/\/kosmeetika24.com\/et\/wp-json\/wp\/v2\/product"}],"about":[{"href":"https:\/\/kosmeetika24.com\/et\/wp-json\/wp\/v2\/types\/product"}],"replies":[{"embeddable":true,"href":"https:\/\/kosmeetika24.com\/et\/wp-json\/wp\/v2\/comments?post=5390"}],"version-history":[{"count":7,"href":"https:\/\/kosmeetika24.com\/et\/wp-json\/wp\/v2\/product\/5390\/revisions"}],"predecessor-version":[{"id":6368,"href":"https:\/\/kosmeetika24.com\/et\/wp-json\/wp\/v2\/product\/5390\/revisions\/6368"}],"wp:featuredmedia":[{"embeddable":true,"href":"https:\/\/kosmeetika24.com\/et\/wp-json\/wp\/v2\/media\/6288"}],"wp:attachment":[{"href":"https:\/\/kosmeetika24.com\/et\/wp-json\/wp\/v2\/media?parent=5390"}],"wp:term":[{"taxonomy":"product_brand","embeddable":true,"href":"https:\/\/kosmeetika24.com\/et\/wp-json\/wp\/v2\/product_brand?post=5390"},{"taxonomy":"product_cat","embeddable":true,"href":"https:\/\/kosmeetika24.com\/et\/wp-json\/wp\/v2\/product_cat?post=5390"},{"taxonomy":"product_tag","embeddable":true,"href":"https:\/\/kosmeetika24.com\/et\/wp-json\/wp\/v2\/product_tag?post=5390"}],"curies":[{"name":"wp","href":"https:\/\/api.w.org\/{rel}","templated":true}]}}