{"id":5384,"date":"2024-10-16T14:46:49","date_gmt":"2024-10-16T12:46:49","guid":{"rendered":"https:\/\/kosmeetika24.com\/?post_type=product&#038;p=5384"},"modified":"2025-12-23T12:31:47","modified_gmt":"2025-12-23T09:31:47","slug":"oxygen-ceuticals-hydrating-formula","status":"publish","type":"product","link":"https:\/\/kosmeetika24.com\/et\/toode\/oxygen-ceuticals-hydrating-formula\/","title":{"rendered":"OXYGEN CEUTICALS Hydrating Formula"},"content":{"rendered":"<p><b>Professionaalne kasutamine\u00a0: <\/b>kasutage hapniku n\u00e4oteraapia infusioonietapi ajal.<\/p>\n<p>Soovitatav kasutada kuiva\/k\u00fcpse nahaga klientidele.<\/p>\n<p><strong>TOIME<\/strong><\/p>\n<ul>\n<li>V\u00e4hendab peente joonte ja kortsude teket<\/li>\n<li>Suurendab naha niisutust<\/li>\n<li>T\u00f5stab naha elastsust<\/li>\n<\/ul>\n<p><strong>KOOSTIS<\/strong><\/p>\n<p>Water, Glycerin, 1,2-Hexanediol, Betaine, Butylene Glycol, Calendula Officinalis Flower Extract, Allantoin, Hydrolyzed Collagen, Freesia Refracta Extract, Mentha Piperita (Peppermint) Leaf Extract, Zanthoxylum Piperitum Fruit Extract, Usnea Barbata (Lichen) Extract, Monarda Didyma Leaf Extract, Chamomilla Recutita (Matricaria) Flower Extract, Rosmarinus Officinalis (Rosemary) Leaf Extract, Lavandula Angustifolia (Lavender) Extract, Pulsatilla Koreana Extract, Adenosine, Sodium Citrate, Hydrolyzed Silk, Ethylhexylglycerin, Acetyl Hexapeptide-8, Oxygen.<\/p>\n","protected":false},"excerpt":{"rendered":"<p>500 ml<\/p>\n<p>V\u00e4ga niisutav vedel lahus, mis tagab intensiivse niisutamise ja v\u00e4hendab peente joonte ja kortsude teket.<\/p>\n<p>See kerge aminohapetest koosnev lahus t\u00e4iendab nahat\u00fc\u00fcpe kombineeritud ja normaalsest nahast \u00f5livaba niisutamisega, j\u00e4ttes selle uskumatult pehmeks ja siledaks. Lahus aitab taastada tervisliku v\u00e4limuse tasakaalu, samas kui kollageeni, betaiini ja aminohapete segu aitab siluda karedat tekstuuri, v\u00e4hendades peente joonte ja kortsude teket.<\/p>\n","protected":false},"featured_media":6903,"comment_status":"closed","ping_status":"closed","template":"","meta":{"_uag_custom_page_level_css":"","site-sidebar-layout":"default","site-content-layout":"","ast-site-content-layout":"default","site-content-style":"default","site-sidebar-style":"default","ast-global-header-display":"","ast-banner-title-visibility":"","ast-main-header-display":"","ast-hfb-above-header-display":"","ast-hfb-below-header-display":"","ast-hfb-mobile-header-display":"","site-post-title":"","ast-breadcrumbs-content":"","ast-featured-img":"","footer-sml-layout":"","ast-disable-related-posts":"","theme-transparent-header-meta":"default","adv-header-id-meta":"","stick-header-meta":"","header-above-stick-meta":"","header-main-stick-meta":"","header-below-stick-meta":"","astra-migrate-meta-layouts":"set","ast-page-background-enabled":"default","ast-page-background-meta":{"desktop":{"background-color":"var(--ast-global-color-4)","background-image":"","background-repeat":"repeat","background-position":"center center","background-size":"auto","background-attachment":"scroll","background-type":"","background-media":"","overlay-type":"","overlay-color":"","overlay-opacity":"","overlay-gradient":""},"tablet":{"background-color":"","background-image":"","background-repeat":"repeat","background-position":"center center","background-size":"auto","background-attachment":"scroll","background-type":"","background-media":"","overlay-type":"","overlay-color":"","overlay-opacity":"","overlay-gradient":""},"mobile":{"background-color":"","background-image":"","background-repeat":"repeat","background-position":"center center","background-size":"auto","background-attachment":"scroll","background-type":"","background-media":"","overlay-type":"","overlay-color":"","overlay-opacity":"","overlay-gradient":""}},"ast-content-background-meta":{"desktop":{"background-color":"var(--ast-global-color-5)","background-image":"","background-repeat":"repeat","background-position":"center center","background-size":"auto","background-attachment":"scroll","background-type":"","background-media":"","overlay-type":"","overlay-color":"","overlay-opacity":"","overlay-gradient":""},"tablet":{"background-color":"var(--ast-global-color-5)","background-image":"","background-repeat":"repeat","background-position":"center center","background-size":"auto","background-attachment":"scroll","background-type":"","background-media":"","overlay-type":"","overlay-color":"","overlay-opacity":"","overlay-gradient":""},"mobile":{"background-color":"var(--ast-global-color-5)","background-image":"","background-repeat":"repeat","background-position":"center center","background-size":"auto","background-attachment":"scroll","background-type":"","background-media":"","overlay-type":"","overlay-color":"","overlay-opacity":"","overlay-gradient":""}}},"product_brand":[],"product_cat":[96,74],"product_tag":[],"class_list":{"0":"post-5384","1":"product","2":"type-product","3":"status-publish","4":"has-post-thumbnail","6":"product_cat-brands","7":"product_cat-oxygen-ceuticals","8":"desktop-align-left","9":"tablet-align-left","10":"mobile-align-left","12":"first","13":"instock","14":"taxable","15":"shipping-taxable","16":"product-type-simple","17":"add-to-wishlist-before_image"},"uagb_featured_image_src":{"full":["https:\/\/kosmeetika24.com\/wp-content\/uploads\/2024\/10\/Hydrating-Formula-1.jpg",1800,1800,false],"thumbnail":["https:\/\/kosmeetika24.com\/wp-content\/uploads\/2024\/10\/Hydrating-Formula-1-150x150.jpg",150,150,true],"medium":["https:\/\/kosmeetika24.com\/wp-content\/uploads\/2024\/10\/Hydrating-Formula-1-300x300.jpg",300,300,true],"medium_large":["https:\/\/kosmeetika24.com\/wp-content\/uploads\/2024\/10\/Hydrating-Formula-1-768x768.jpg",768,768,true],"large":["https:\/\/kosmeetika24.com\/wp-content\/uploads\/2024\/10\/Hydrating-Formula-1-1024x1024.jpg",1024,1024,true],"1536x1536":["https:\/\/kosmeetika24.com\/wp-content\/uploads\/2024\/10\/Hydrating-Formula-1-1536x1536.jpg",1536,1536,true],"2048x2048":["https:\/\/kosmeetika24.com\/wp-content\/uploads\/2024\/10\/Hydrating-Formula-1.jpg",1800,1800,false],"trp-custom-language-flag":["https:\/\/kosmeetika24.com\/wp-content\/uploads\/2024\/10\/Hydrating-Formula-1-12x12.jpg",12,12,true],"woocommerce_thumbnail":["https:\/\/kosmeetika24.com\/wp-content\/uploads\/2024\/10\/Hydrating-Formula-1-300x300.jpg",300,300,true],"woocommerce_single":["https:\/\/kosmeetika24.com\/wp-content\/uploads\/2024\/10\/Hydrating-Formula-1-500x500.jpg",500,500,true],"woocommerce_gallery_thumbnail":["https:\/\/kosmeetika24.com\/wp-content\/uploads\/2024\/10\/Hydrating-Formula-1-100x100.jpg",100,100,true]},"uagb_author_info":{"display_name":"admin","author_link":"https:\/\/kosmeetika24.com\/et\/author\/"},"uagb_comment_info":0,"uagb_excerpt":"500 ml V\u00e4ga niisutav vedel lahus, mis tagab intensiivse niisutamise ja v\u00e4hendab peente joonte ja kortsude teket. See kerge aminohapetest koosnev lahus t\u00e4iendab nahat\u00fc\u00fcpe kombineeritud ja normaalsest nahast \u00f5livaba niisutamisega, j\u00e4ttes selle uskumatult pehmeks ja siledaks. Lahus aitab taastada tervisliku v\u00e4limuse tasakaalu, samas kui kollageeni, betaiini ja aminohapete segu aitab siluda karedat tekstuuri, v\u00e4hendades peente&hellip;","_links":{"self":[{"href":"https:\/\/kosmeetika24.com\/et\/wp-json\/wp\/v2\/product\/5384","targetHints":{"allow":["GET"]}}],"collection":[{"href":"https:\/\/kosmeetika24.com\/et\/wp-json\/wp\/v2\/product"}],"about":[{"href":"https:\/\/kosmeetika24.com\/et\/wp-json\/wp\/v2\/types\/product"}],"replies":[{"embeddable":true,"href":"https:\/\/kosmeetika24.com\/et\/wp-json\/wp\/v2\/comments?post=5384"}],"version-history":[{"count":7,"href":"https:\/\/kosmeetika24.com\/et\/wp-json\/wp\/v2\/product\/5384\/revisions"}],"predecessor-version":[{"id":6366,"href":"https:\/\/kosmeetika24.com\/et\/wp-json\/wp\/v2\/product\/5384\/revisions\/6366"}],"wp:featuredmedia":[{"embeddable":true,"href":"https:\/\/kosmeetika24.com\/et\/wp-json\/wp\/v2\/media\/6903"}],"wp:attachment":[{"href":"https:\/\/kosmeetika24.com\/et\/wp-json\/wp\/v2\/media?parent=5384"}],"wp:term":[{"taxonomy":"product_brand","embeddable":true,"href":"https:\/\/kosmeetika24.com\/et\/wp-json\/wp\/v2\/product_brand?post=5384"},{"taxonomy":"product_cat","embeddable":true,"href":"https:\/\/kosmeetika24.com\/et\/wp-json\/wp\/v2\/product_cat?post=5384"},{"taxonomy":"product_tag","embeddable":true,"href":"https:\/\/kosmeetika24.com\/et\/wp-json\/wp\/v2\/product_tag?post=5384"}],"curies":[{"name":"wp","href":"https:\/\/api.w.org\/{rel}","templated":true}]}}