{"id":5373,"date":"2024-05-29T08:31:41","date_gmt":"2024-05-29T08:31:41","guid":{"rendered":"https:\/\/kosmeetika24.com\/?post_type=product&#038;p=5373"},"modified":"2025-12-23T12:34:12","modified_gmt":"2025-12-23T09:34:12","slug":"oxygen-ceuticals-active-c-massage-cream-massaazi-kreem","status":"publish","type":"product","link":"https:\/\/kosmeetika24.com\/et\/toode\/oxygen-ceuticals-active-c-massage-cream-massaazi-kreem\/","title":{"rendered":"OXYGEN CEUTICALS  Active-C massaa\u017ei kreem"},"content":{"rendered":"<p>C-vitamiiniga esmaklassiline massaa\u017eikreem, mis aitab muuta nahka heledamaks ja elastseks.<\/p>\n<p><strong>KASUTAMINE<\/strong><\/p>\n<p>Kandke sobiv kogus soovitud piirkonnale ja masseerige \u00f5rnalt.<\/p>\n<p>P\u00e4rast massaa\u017ei l\u00f5ppu p\u00fchkige kreem maha.<\/p>\n<p><strong>KOOSTIS<\/strong><\/p>\n<p>Cetyl Ethylhexanoate, Water, Caprylic\/Capric Triglyceride, Glycerin, Petrolatum, Polysorbate 60, PEG-100 Stearate, Butylene glycol, 1,2-hexanediol, Dimethicone, Sodium Hyaluronate, Sorbitan Stearate, Glyceryl Stearate, Oxygen, Tocopheryl Acetate, Allantoin, Betaine, Carbomer, Triethanolamine, Fragrance, Centella Asiatica Extract, Portulaca Oleracea Extract, Pueraria Lobata Root Extract, Ginkgo Biloba Leaf Extract, Rubus Fruticosus (Blackberry) Fruit Extract, Sophora Flavescens Root Extract, Morus Alba Bark Extract, Ascorbic Acid, Disodium EDTA, CI 19140<\/p>\n","protected":false},"excerpt":{"rendered":"<p>Aitab parandada elastsust ja aitab ka nahatooni heledamaks muuta. See on eriti hea karedale nahale, mis vajab toitaineid ja niisutust.<\/p>\n<p>1000 ml<\/p>\n","protected":false},"featured_media":5452,"comment_status":"closed","ping_status":"closed","template":"","meta":{"_uag_custom_page_level_css":"","site-sidebar-layout":"default","site-content-layout":"","ast-site-content-layout":"default","site-content-style":"default","site-sidebar-style":"default","ast-global-header-display":"","ast-banner-title-visibility":"","ast-main-header-display":"","ast-hfb-above-header-display":"","ast-hfb-below-header-display":"","ast-hfb-mobile-header-display":"","site-post-title":"","ast-breadcrumbs-content":"","ast-featured-img":"","footer-sml-layout":"","ast-disable-related-posts":"","theme-transparent-header-meta":"default","adv-header-id-meta":"","stick-header-meta":"","header-above-stick-meta":"","header-main-stick-meta":"","header-below-stick-meta":"","astra-migrate-meta-layouts":"set","ast-page-background-enabled":"default","ast-page-background-meta":{"desktop":{"background-color":"var(--ast-global-color-4)","background-image":"","background-repeat":"repeat","background-position":"center center","background-size":"auto","background-attachment":"scroll","background-type":"","background-media":"","overlay-type":"","overlay-color":"","overlay-opacity":"","overlay-gradient":""},"tablet":{"background-color":"","background-image":"","background-repeat":"repeat","background-position":"center center","background-size":"auto","background-attachment":"scroll","background-type":"","background-media":"","overlay-type":"","overlay-color":"","overlay-opacity":"","overlay-gradient":""},"mobile":{"background-color":"","background-image":"","background-repeat":"repeat","background-position":"center center","background-size":"auto","background-attachment":"scroll","background-type":"","background-media":"","overlay-type":"","overlay-color":"","overlay-opacity":"","overlay-gradient":""}},"ast-content-background-meta":{"desktop":{"background-color":"var(--ast-global-color-5)","background-image":"","background-repeat":"repeat","background-position":"center center","background-size":"auto","background-attachment":"scroll","background-type":"","background-media":"","overlay-type":"","overlay-color":"","overlay-opacity":"","overlay-gradient":""},"tablet":{"background-color":"var(--ast-global-color-5)","background-image":"","background-repeat":"repeat","background-position":"center center","background-size":"auto","background-attachment":"scroll","background-type":"","background-media":"","overlay-type":"","overlay-color":"","overlay-opacity":"","overlay-gradient":""},"mobile":{"background-color":"var(--ast-global-color-5)","background-image":"","background-repeat":"repeat","background-position":"center center","background-size":"auto","background-attachment":"scroll","background-type":"","background-media":"","overlay-type":"","overlay-color":"","overlay-opacity":"","overlay-gradient":""}}},"product_brand":[],"product_cat":[96,97,74],"product_tag":[],"class_list":{"0":"post-5373","1":"product","2":"type-product","3":"status-publish","4":"has-post-thumbnail","6":"product_cat-brands","7":"product_cat-naole","8":"product_cat-oxygen-ceuticals","9":"desktop-align-left","10":"tablet-align-left","11":"mobile-align-left","13":"first","14":"instock","15":"taxable","16":"shipping-taxable","17":"product-type-simple","18":"add-to-wishlist-before_image"},"uagb_featured_image_src":{"full":["https:\/\/kosmeetika24.com\/wp-content\/uploads\/2024\/05\/Active-C_Massage_Cream_1000ml.webp",800,928,false],"thumbnail":["https:\/\/kosmeetika24.com\/wp-content\/uploads\/2024\/05\/Active-C_Massage_Cream_1000ml-150x150.webp",150,150,true],"medium":["https:\/\/kosmeetika24.com\/wp-content\/uploads\/2024\/05\/Active-C_Massage_Cream_1000ml-259x300.webp",259,300,true],"medium_large":["https:\/\/kosmeetika24.com\/wp-content\/uploads\/2024\/05\/Active-C_Massage_Cream_1000ml-768x891.webp",768,891,true],"large":["https:\/\/kosmeetika24.com\/wp-content\/uploads\/2024\/05\/Active-C_Massage_Cream_1000ml.webp",800,928,false],"1536x1536":["https:\/\/kosmeetika24.com\/wp-content\/uploads\/2024\/05\/Active-C_Massage_Cream_1000ml.webp",800,928,false],"2048x2048":["https:\/\/kosmeetika24.com\/wp-content\/uploads\/2024\/05\/Active-C_Massage_Cream_1000ml.webp",800,928,false],"trp-custom-language-flag":["https:\/\/kosmeetika24.com\/wp-content\/uploads\/2024\/05\/Active-C_Massage_Cream_1000ml-10x12.webp",10,12,true],"woocommerce_thumbnail":["https:\/\/kosmeetika24.com\/wp-content\/uploads\/2024\/05\/Active-C_Massage_Cream_1000ml-300x300.webp",300,300,true],"woocommerce_single":["https:\/\/kosmeetika24.com\/wp-content\/uploads\/2024\/05\/Active-C_Massage_Cream_1000ml-500x580.webp",500,580,true],"woocommerce_gallery_thumbnail":["https:\/\/kosmeetika24.com\/wp-content\/uploads\/2024\/05\/Active-C_Massage_Cream_1000ml-100x100.webp",100,100,true]},"uagb_author_info":{"display_name":"admin","author_link":"https:\/\/kosmeetika24.com\/et\/author\/"},"uagb_comment_info":0,"uagb_excerpt":"Aitab parandada elastsust ja aitab ka nahatooni heledamaks muuta. See on eriti hea karedale nahale, mis vajab toitaineid ja niisutust. 1000 ml","_links":{"self":[{"href":"https:\/\/kosmeetika24.com\/et\/wp-json\/wp\/v2\/product\/5373","targetHints":{"allow":["GET"]}}],"collection":[{"href":"https:\/\/kosmeetika24.com\/et\/wp-json\/wp\/v2\/product"}],"about":[{"href":"https:\/\/kosmeetika24.com\/et\/wp-json\/wp\/v2\/types\/product"}],"replies":[{"embeddable":true,"href":"https:\/\/kosmeetika24.com\/et\/wp-json\/wp\/v2\/comments?post=5373"}],"version-history":[{"count":6,"href":"https:\/\/kosmeetika24.com\/et\/wp-json\/wp\/v2\/product\/5373\/revisions"}],"predecessor-version":[{"id":6317,"href":"https:\/\/kosmeetika24.com\/et\/wp-json\/wp\/v2\/product\/5373\/revisions\/6317"}],"wp:featuredmedia":[{"embeddable":true,"href":"https:\/\/kosmeetika24.com\/et\/wp-json\/wp\/v2\/media\/5452"}],"wp:attachment":[{"href":"https:\/\/kosmeetika24.com\/et\/wp-json\/wp\/v2\/media?parent=5373"}],"wp:term":[{"taxonomy":"product_brand","embeddable":true,"href":"https:\/\/kosmeetika24.com\/et\/wp-json\/wp\/v2\/product_brand?post=5373"},{"taxonomy":"product_cat","embeddable":true,"href":"https:\/\/kosmeetika24.com\/et\/wp-json\/wp\/v2\/product_cat?post=5373"},{"taxonomy":"product_tag","embeddable":true,"href":"https:\/\/kosmeetika24.com\/et\/wp-json\/wp\/v2\/product_tag?post=5373"}],"curies":[{"name":"wp","href":"https:\/\/api.w.org\/{rel}","templated":true}]}}