{"id":5307,"date":"2024-05-30T13:55:42","date_gmt":"2024-05-30T13:55:42","guid":{"rendered":"https:\/\/kosmeetika24.com\/?post_type=product&#038;p=5307"},"modified":"2025-07-02T10:52:40","modified_gmt":"2025-07-02T07:52:40","slug":"reveel-profitoode-professional-activating-liquid","status":"publish","type":"product","link":"https:\/\/kosmeetika24.com\/et\/toode\/reveel-profitoode-professional-activating-liquid\/","title":{"rendered":"Profitoode Reveel aktiveeriv vedelik"},"content":{"rendered":"<p>Aktiveeriv vedelik taastab koheselt ja aktiveerib Reveeli professionaalsed tooted. Nahk on niisutatud ja pinguldatud.<\/p>\n<p>Sisaldab h\u00fcaluroonhapet ja\u00a0Liftonin\u00a0<sup>\u00ae<\/sup>\u00a0Xpressi,\u00a0mis annab kauakestva pinguldava ja t\u00f5stva efekti.<\/p>\n<p>LIFTONIN\u00ae-XPRESS on uus koostisosa, millel on t\u00f5stev, pinguldav toime. LIFTONIN\u00ae-XPRESS sisaldab Porphyridium cruentum mikrovetikate l\u00fcofilisaati suure molekulmassiga f\u00fckokolloididega, mis on p\u00f5imitud looduslike pol\u00fcmeeride kilemaatriksisse. LiftoninTM Xpress moodustab nahal kolmem\u00f5\u00f5tmelise v\u00f5rgustiku. Kortsude s\u00fcgavus v\u00e4heneb jne\u2026<br \/>\nProfessional Activating Liquid (Professionaalne aktiveeriv vedelik) soodustab koostisosade vabanemist \u201cuneseisundist\u201d ja suurendab professionaalsete maskide ja massaa\u017ei efektiivsust.<\/p>\n<p><strong>TOIME<\/strong><\/p>\n<p>Aktiveeriv vedelik niisutab koheselt ja aktiveerib professionaalsed reveel tooted.<br \/>\nVabastab koostisosad nende puhkeolekust ja suurendab professionaalsete maskide ja massaa\u017eitoodete efektiivsust.<br \/>\nH\u00fcaluroonhape tagab intensiivse niisutuse.<br \/>\nSilendab nahka koheselt ja v\u00e4hendab silmn\u00e4htavalt kortse.<\/p>\n<p><strong>KASUTAMINE<\/strong><\/p>\n<ul>\n<li>K\u00f5igi professionaalsete maskide ja professionaalse Detox massaa\u017eigeeli jaoks.<\/li>\n<li>Kasutage aktiveerimiseks pealekandmise ajal, et tagada koostisainete s\u00fcgav tungimine ja t\u00f5husus.<\/li>\n<li>Aktiveerimiseks kanna vedelik n\u00e4ole olles kuivale maskile.<\/li>\n<li>Segage v\u00e4ikeses kausis, kui seda kasutatakse koos massaa\u017eitootega.<\/li>\n<\/ul>\n<p><strong>KOOSTIS<\/strong><\/p>\n<p>Aqua (Water), Butylene Glycol, Glycerin, Sodium Lactate, Sodium Hyaluronate, Lactobacillus Ferment, Allantoin, Saccharide Isomerate, Pullulan, Porphyridium Cruentum Extract, Hydroxypropyl Methylcellulose, Polyglyceryl-10 Laurate, 1,5-Pentanediol, Lactic Acid, Citric Acid, Sodium Citrate, Parfum (Fragrance).<\/p>\n","protected":false},"excerpt":{"rendered":"<p>Aktiveeriva vedelikuga saate reveeli professionaalsetest maskidest ja massaa\u017eitoodetest maksimaalse j\u00f5udluse.<\/p>\n<p>500ml<\/p>\n","protected":false},"featured_media":5326,"comment_status":"closed","ping_status":"closed","template":"","meta":{"_uag_custom_page_level_css":"","site-sidebar-layout":"default","site-content-layout":"","ast-site-content-layout":"default","site-content-style":"default","site-sidebar-style":"default","ast-global-header-display":"","ast-banner-title-visibility":"","ast-main-header-display":"","ast-hfb-above-header-display":"","ast-hfb-below-header-display":"","ast-hfb-mobile-header-display":"","site-post-title":"","ast-breadcrumbs-content":"","ast-featured-img":"","footer-sml-layout":"","ast-disable-related-posts":"","theme-transparent-header-meta":"default","adv-header-id-meta":"","stick-header-meta":"","header-above-stick-meta":"","header-main-stick-meta":"","header-below-stick-meta":"","astra-migrate-meta-layouts":"set","ast-page-background-enabled":"default","ast-page-background-meta":{"desktop":{"background-color":"var(--ast-global-color-4)","background-image":"","background-repeat":"repeat","background-position":"center center","background-size":"auto","background-attachment":"scroll","background-type":"","background-media":"","overlay-type":"","overlay-color":"","overlay-opacity":"","overlay-gradient":""},"tablet":{"background-color":"","background-image":"","background-repeat":"repeat","background-position":"center center","background-size":"auto","background-attachment":"scroll","background-type":"","background-media":"","overlay-type":"","overlay-color":"","overlay-opacity":"","overlay-gradient":""},"mobile":{"background-color":"","background-image":"","background-repeat":"repeat","background-position":"center center","background-size":"auto","background-attachment":"scroll","background-type":"","background-media":"","overlay-type":"","overlay-color":"","overlay-opacity":"","overlay-gradient":""}},"ast-content-background-meta":{"desktop":{"background-color":"var(--ast-global-color-5)","background-image":"","background-repeat":"repeat","background-position":"center center","background-size":"auto","background-attachment":"scroll","background-type":"","background-media":"","overlay-type":"","overlay-color":"","overlay-opacity":"","overlay-gradient":""},"tablet":{"background-color":"var(--ast-global-color-5)","background-image":"","background-repeat":"repeat","background-position":"center center","background-size":"auto","background-attachment":"scroll","background-type":"","background-media":"","overlay-type":"","overlay-color":"","overlay-opacity":"","overlay-gradient":""},"mobile":{"background-color":"var(--ast-global-color-5)","background-image":"","background-repeat":"repeat","background-position":"center center","background-size":"auto","background-attachment":"scroll","background-type":"","background-media":"","overlay-type":"","overlay-color":"","overlay-opacity":"","overlay-gradient":""}}},"product_brand":[],"product_cat":[96,97,95],"product_tag":[],"class_list":{"0":"post-5307","1":"product","2":"type-product","3":"status-publish","4":"has-post-thumbnail","6":"product_cat-brands","7":"product_cat-naole","8":"product_cat-reveel","9":"desktop-align-left","10":"tablet-align-left","11":"mobile-align-left","13":"first","14":"instock","15":"taxable","16":"shipping-taxable","17":"product-type-simple","18":"add-to-wishlist-before_image"},"uagb_featured_image_src":{"full":["https:\/\/kosmeetika24.com\/wp-content\/uploads\/2024\/04\/reveel-aktivaator.webp",600,600,false],"thumbnail":["https:\/\/kosmeetika24.com\/wp-content\/uploads\/2024\/04\/reveel-aktivaator-150x150.webp",150,150,true],"medium":["https:\/\/kosmeetika24.com\/wp-content\/uploads\/2024\/04\/reveel-aktivaator-300x300.webp",300,300,true],"medium_large":["https:\/\/kosmeetika24.com\/wp-content\/uploads\/2024\/04\/reveel-aktivaator.webp",600,600,false],"large":["https:\/\/kosmeetika24.com\/wp-content\/uploads\/2024\/04\/reveel-aktivaator.webp",600,600,false],"1536x1536":["https:\/\/kosmeetika24.com\/wp-content\/uploads\/2024\/04\/reveel-aktivaator.webp",600,600,false],"2048x2048":["https:\/\/kosmeetika24.com\/wp-content\/uploads\/2024\/04\/reveel-aktivaator.webp",600,600,false],"trp-custom-language-flag":["https:\/\/kosmeetika24.com\/wp-content\/uploads\/2024\/04\/reveel-aktivaator-12x12.webp",12,12,true],"woocommerce_thumbnail":["https:\/\/kosmeetika24.com\/wp-content\/uploads\/2024\/04\/reveel-aktivaator-300x300.webp",300,300,true],"woocommerce_single":["https:\/\/kosmeetika24.com\/wp-content\/uploads\/2024\/04\/reveel-aktivaator-500x500.webp",500,500,true],"woocommerce_gallery_thumbnail":["https:\/\/kosmeetika24.com\/wp-content\/uploads\/2024\/04\/reveel-aktivaator-100x100.webp",100,100,true]},"uagb_author_info":{"display_name":"admin","author_link":"https:\/\/kosmeetika24.com\/et\/author\/"},"uagb_comment_info":0,"uagb_excerpt":"Aktiveeriva vedelikuga saate reveeli professionaalsetest maskidest ja massaa\u017eitoodetest maksimaalse j\u00f5udluse. 500ml","_links":{"self":[{"href":"https:\/\/kosmeetika24.com\/et\/wp-json\/wp\/v2\/product\/5307","targetHints":{"allow":["GET"]}}],"collection":[{"href":"https:\/\/kosmeetika24.com\/et\/wp-json\/wp\/v2\/product"}],"about":[{"href":"https:\/\/kosmeetika24.com\/et\/wp-json\/wp\/v2\/types\/product"}],"replies":[{"embeddable":true,"href":"https:\/\/kosmeetika24.com\/et\/wp-json\/wp\/v2\/comments?post=5307"}],"version-history":[{"count":8,"href":"https:\/\/kosmeetika24.com\/et\/wp-json\/wp\/v2\/product\/5307\/revisions"}],"predecessor-version":[{"id":6258,"href":"https:\/\/kosmeetika24.com\/et\/wp-json\/wp\/v2\/product\/5307\/revisions\/6258"}],"wp:featuredmedia":[{"embeddable":true,"href":"https:\/\/kosmeetika24.com\/et\/wp-json\/wp\/v2\/media\/5326"}],"wp:attachment":[{"href":"https:\/\/kosmeetika24.com\/et\/wp-json\/wp\/v2\/media?parent=5307"}],"wp:term":[{"taxonomy":"product_brand","embeddable":true,"href":"https:\/\/kosmeetika24.com\/et\/wp-json\/wp\/v2\/product_brand?post=5307"},{"taxonomy":"product_cat","embeddable":true,"href":"https:\/\/kosmeetika24.com\/et\/wp-json\/wp\/v2\/product_cat?post=5307"},{"taxonomy":"product_tag","embeddable":true,"href":"https:\/\/kosmeetika24.com\/et\/wp-json\/wp\/v2\/product_tag?post=5307"}],"curies":[{"name":"wp","href":"https:\/\/api.w.org\/{rel}","templated":true}]}}