{"id":5304,"date":"2024-05-30T13:30:56","date_gmt":"2024-05-30T13:30:56","guid":{"rendered":"https:\/\/kosmeetika24.com\/?post_type=product&#038;p=5304"},"modified":"2025-07-02T11:07:12","modified_gmt":"2025-07-02T08:07:12","slug":"reveel-profitoode-detox-massage-gel-plus","status":"publish","type":"product","link":"https:\/\/kosmeetika24.com\/et\/toode\/reveel-profitoode-detox-massage-gel-plus\/","title":{"rendered":"Profitoode Reveel Detox massaa\u017ei geel Plus"},"content":{"rendered":"<p><strong>PEAMISED TOIMEAINED<\/strong> : alginaat, kaltsiumiioonid.<br \/>\nAlginaat seob ja eemaldab toksiine, eemaldab korneots\u00fc\u00fcdid naha pinnalt, t\u00e4ites naha niiskusega. Kaltsium kontrollib naharakkude koorumist ja soodustab akvaporiinide teket. Selle tulemusena toimub naha s\u00fcgavpuhastus, taastuvad naha kaitsefunktsioonid, paraneb naha barj\u00e4\u00e4rifunktsioon, niiskusdepoo teke, elavneb vereringe, paraneb naha v\u00e4limus. Nahk on hoolduse k\u00e4igus paremini ette valmistatud j\u00e4rgnevate toodete koostisainete imendumiseks.<\/p>\n<p><strong>KASUTAMINE<\/strong><\/p>\n<ul>\n<li>Asetage m\u00f5lemad padjad v\u00e4ikesesse mahutisse koos 15 ml Professional Activating Liquid vedelikuga. Kokkupuutel vedelikuga muutvad padjad geeliks.<\/li>\n<li>Massaa\u017eigeel kanda pintsli abil nahale. Vajadusel niisutage geeli massaa\u017ei ajal veega.<\/li>\n<\/ul>\n<p><strong>KOOSIS<\/strong><\/p>\n<div class=\"easytabs-text\">\n<div class=\"shogun-root\" data-shogun-id=\"63efca3f017eb200cf2f6a27\" data-shogun-site-id=\"d151c7f8-aff7-417a-991c-33311a0ea59a\" data-shogun-page-id=\"63efca3f017eb200cf2f6a27\" data-shogun-page-version-id=\"6423396d7ab5ee00cedcd57f\" data-shogun-platform-type=\"shopify\" data-shogun-variant-id=\"6423396d7ab5ee00cedcd820\" data-shogun-page-type=\"product\" data-shogun-power-up-type=\"\" data-shogun-power-up-id=\"\" data-region=\"main\">\n<div id=\"s-be953a81-e0d7-4ddb-8100-5fa0168edd5c\" class=\"shg-c \">\n<div class=\"shg-rich-text shg-theme-text-content\">\n<p>Algin, Cellulose Gum, Squalane, Sucrose, PPG-15 Stearyl Ether, Rayon, Calcium Alginate, PEG-40 Sorbitan Peroleate, BHT.<\/p>\n<\/div>\n<\/div>\n<\/div>\n<\/div>\n<div id=\"6713448300601\" class=\"easytabs-container tab-widget-6713448300601 easytabs-inited\" data-et-min-width=\"0\" data-et-auto-accordion=\"1\" data-et-cbw=\"1\" data-et-cbr=\"3\" data-et-sta=\"1\" data-et-amp=\"0\" data-et-adv=\"0\" data-et-flx=\"0\" data-et-wt=\"0\" data-et-ao=\"0\" data-et-tabs-width=\"0\"><\/div>\n","protected":false},"excerpt":{"rendered":"<p>Pakis 40 tk<\/p>\n","protected":false},"featured_media":6857,"comment_status":"closed","ping_status":"closed","template":"","meta":{"_uag_custom_page_level_css":"","site-sidebar-layout":"default","site-content-layout":"","ast-site-content-layout":"default","site-content-style":"default","site-sidebar-style":"default","ast-global-header-display":"","ast-banner-title-visibility":"","ast-main-header-display":"","ast-hfb-above-header-display":"","ast-hfb-below-header-display":"","ast-hfb-mobile-header-display":"","site-post-title":"","ast-breadcrumbs-content":"","ast-featured-img":"","footer-sml-layout":"","ast-disable-related-posts":"","theme-transparent-header-meta":"default","adv-header-id-meta":"","stick-header-meta":"","header-above-stick-meta":"","header-main-stick-meta":"","header-below-stick-meta":"","astra-migrate-meta-layouts":"set","ast-page-background-enabled":"default","ast-page-background-meta":{"desktop":{"background-color":"var(--ast-global-color-4)","background-image":"","background-repeat":"repeat","background-position":"center center","background-size":"auto","background-attachment":"scroll","background-type":"","background-media":"","overlay-type":"","overlay-color":"","overlay-opacity":"","overlay-gradient":""},"tablet":{"background-color":"","background-image":"","background-repeat":"repeat","background-position":"center center","background-size":"auto","background-attachment":"scroll","background-type":"","background-media":"","overlay-type":"","overlay-color":"","overlay-opacity":"","overlay-gradient":""},"mobile":{"background-color":"","background-image":"","background-repeat":"repeat","background-position":"center center","background-size":"auto","background-attachment":"scroll","background-type":"","background-media":"","overlay-type":"","overlay-color":"","overlay-opacity":"","overlay-gradient":""}},"ast-content-background-meta":{"desktop":{"background-color":"var(--ast-global-color-5)","background-image":"","background-repeat":"repeat","background-position":"center center","background-size":"auto","background-attachment":"scroll","background-type":"","background-media":"","overlay-type":"","overlay-color":"","overlay-opacity":"","overlay-gradient":""},"tablet":{"background-color":"var(--ast-global-color-5)","background-image":"","background-repeat":"repeat","background-position":"center center","background-size":"auto","background-attachment":"scroll","background-type":"","background-media":"","overlay-type":"","overlay-color":"","overlay-opacity":"","overlay-gradient":""},"mobile":{"background-color":"var(--ast-global-color-5)","background-image":"","background-repeat":"repeat","background-position":"center center","background-size":"auto","background-attachment":"scroll","background-type":"","background-media":"","overlay-type":"","overlay-color":"","overlay-opacity":"","overlay-gradient":""}}},"product_brand":[],"product_cat":[96,97,95],"product_tag":[],"class_list":{"0":"post-5304","1":"product","2":"type-product","3":"status-publish","4":"has-post-thumbnail","6":"product_cat-brands","7":"product_cat-naole","8":"product_cat-reveel","9":"desktop-align-left","10":"tablet-align-left","11":"mobile-align-left","13":"first","14":"instock","15":"taxable","16":"shipping-taxable","17":"product-type-simple","18":"add-to-wishlist-before_image"},"uagb_featured_image_src":{"full":["https:\/\/kosmeetika24.com\/wp-content\/uploads\/2024\/05\/Professional_Detox_Massage_Gel_Plus_Schatten_003_clipped_rev_1.jpg",847,792,false],"thumbnail":["https:\/\/kosmeetika24.com\/wp-content\/uploads\/2024\/05\/Professional_Detox_Massage_Gel_Plus_Schatten_003_clipped_rev_1-150x150.jpg",150,150,true],"medium":["https:\/\/kosmeetika24.com\/wp-content\/uploads\/2024\/05\/Professional_Detox_Massage_Gel_Plus_Schatten_003_clipped_rev_1-300x281.jpg",300,281,true],"medium_large":["https:\/\/kosmeetika24.com\/wp-content\/uploads\/2024\/05\/Professional_Detox_Massage_Gel_Plus_Schatten_003_clipped_rev_1-768x718.jpg",768,718,true],"large":["https:\/\/kosmeetika24.com\/wp-content\/uploads\/2024\/05\/Professional_Detox_Massage_Gel_Plus_Schatten_003_clipped_rev_1.jpg",847,792,false],"1536x1536":["https:\/\/kosmeetika24.com\/wp-content\/uploads\/2024\/05\/Professional_Detox_Massage_Gel_Plus_Schatten_003_clipped_rev_1.jpg",847,792,false],"2048x2048":["https:\/\/kosmeetika24.com\/wp-content\/uploads\/2024\/05\/Professional_Detox_Massage_Gel_Plus_Schatten_003_clipped_rev_1.jpg",847,792,false],"trp-custom-language-flag":["https:\/\/kosmeetika24.com\/wp-content\/uploads\/2024\/05\/Professional_Detox_Massage_Gel_Plus_Schatten_003_clipped_rev_1-13x12.jpg",13,12,true],"woocommerce_thumbnail":["https:\/\/kosmeetika24.com\/wp-content\/uploads\/2024\/05\/Professional_Detox_Massage_Gel_Plus_Schatten_003_clipped_rev_1-300x300.jpg",300,300,true],"woocommerce_single":["https:\/\/kosmeetika24.com\/wp-content\/uploads\/2024\/05\/Professional_Detox_Massage_Gel_Plus_Schatten_003_clipped_rev_1-500x468.jpg",500,468,true],"woocommerce_gallery_thumbnail":["https:\/\/kosmeetika24.com\/wp-content\/uploads\/2024\/05\/Professional_Detox_Massage_Gel_Plus_Schatten_003_clipped_rev_1-100x100.jpg",100,100,true]},"uagb_author_info":{"display_name":"admin","author_link":"https:\/\/kosmeetika24.com\/et\/author\/"},"uagb_comment_info":0,"uagb_excerpt":"Pakis 40 tk","_links":{"self":[{"href":"https:\/\/kosmeetika24.com\/et\/wp-json\/wp\/v2\/product\/5304","targetHints":{"allow":["GET"]}}],"collection":[{"href":"https:\/\/kosmeetika24.com\/et\/wp-json\/wp\/v2\/product"}],"about":[{"href":"https:\/\/kosmeetika24.com\/et\/wp-json\/wp\/v2\/types\/product"}],"replies":[{"embeddable":true,"href":"https:\/\/kosmeetika24.com\/et\/wp-json\/wp\/v2\/comments?post=5304"}],"version-history":[{"count":8,"href":"https:\/\/kosmeetika24.com\/et\/wp-json\/wp\/v2\/product\/5304\/revisions"}],"predecessor-version":[{"id":6265,"href":"https:\/\/kosmeetika24.com\/et\/wp-json\/wp\/v2\/product\/5304\/revisions\/6265"}],"wp:featuredmedia":[{"embeddable":true,"href":"https:\/\/kosmeetika24.com\/et\/wp-json\/wp\/v2\/media\/6857"}],"wp:attachment":[{"href":"https:\/\/kosmeetika24.com\/et\/wp-json\/wp\/v2\/media?parent=5304"}],"wp:term":[{"taxonomy":"product_brand","embeddable":true,"href":"https:\/\/kosmeetika24.com\/et\/wp-json\/wp\/v2\/product_brand?post=5304"},{"taxonomy":"product_cat","embeddable":true,"href":"https:\/\/kosmeetika24.com\/et\/wp-json\/wp\/v2\/product_cat?post=5304"},{"taxonomy":"product_tag","embeddable":true,"href":"https:\/\/kosmeetika24.com\/et\/wp-json\/wp\/v2\/product_tag?post=5304"}],"curies":[{"name":"wp","href":"https:\/\/api.w.org\/{rel}","templated":true}]}}