{"id":5300,"date":"2024-05-30T13:28:57","date_gmt":"2024-05-30T13:28:57","guid":{"rendered":"https:\/\/kosmeetika24.com\/?post_type=product&#038;p=5300"},"modified":"2025-07-02T11:07:45","modified_gmt":"2025-07-02T08:07:45","slug":"reveel-profitoode-smoothing-mask-classic","status":"publish","type":"product","link":"https:\/\/kosmeetika24.com\/et\/toode\/reveel-profitoode-smoothing-mask-classic\/","title":{"rendered":"Profitoode Reveel Silendav mask Classic"},"content":{"rendered":"<p>Koosneb looduslikust kollageenist (98% kollageen).<br \/>\nKollageeni molekulid moodustavad nahale niiske v\u00f5rgustiku ja seovad niiskust. Peptiidid \u201eannavad signaale\u201c kollageeni s\u00fcnteesiks. Kollageenikiud seovad vett ja annavad jahutava efekti. Niiskusevarud t\u00e4ienevad. Kollageeni s\u00fcntees suureneb. Nahk on s\u00fcgavalt niisutatud, naha kiskuv tunne v\u00e4heneb. Nahk pinguldub, peened kortsud kaovad.<\/p>\n<p>Eriti soovitatav v\u00e4ga tundlikule nahale.<\/p>\n<p><strong>KASUTAMINE<\/strong><\/p>\n<p>L\u00f5ika vastavalt vajadusele vormi v\u00f5i rebi piki perforatsioone.<br \/>\n2. Asetage kuivmask n\u00e4ole.<br \/>\n3. Niisutage seda aeglaselt, kuid p\u00f5hjalikult Professional Activating Liquidiga.<br \/>\n4. J\u00e4tke see 15-20 minutiks m\u00f5juma.<br \/>\n5. Eemaldage mask ja patsutage k\u00f5ik j\u00e4\u00e4gid nahka.<\/p>\n<p><strong>KOOSTIS<\/strong><\/p>\n<div class=\"easytabs-text\">\n<div class=\"shogun-root\" data-shogun-id=\"63ee8d6076419a00d59f1024\" data-shogun-site-id=\"d151c7f8-aff7-417a-991c-33311a0ea59a\" data-shogun-page-id=\"63ee8d6076419a00d59f1024\" data-shogun-page-version-id=\"66227590d9ee67fc5608201e\" data-shogun-platform-type=\"shopify\" data-shogun-variant-id=\"66227591d9ee67fc560824b1\" data-shogun-page-type=\"product\" data-shogun-power-up-type=\"\" data-shogun-power-up-id=\"\" data-region=\"main\">\n<div id=\"s-12655f6a-490e-4b01-bd0e-7b4db66d908c\" class=\"shg-c \">\n<div class=\"shg-rich-text shg-theme-text-content\">\n<p>Kollageen, pol\u00fcgl\u00fctser\u00fc\u00fcl-10-lauraat.<\/p>\n<\/div>\n<\/div>\n<\/div>\n<\/div>\n<div id=\"6713447514169\" class=\"easytabs-container tab-widget-6713447514169 easytabs-inited\" data-et-min-width=\"0\" data-et-auto-accordion=\"1\" data-et-cbw=\"1\" data-et-cbr=\"3\" data-et-sta=\"1\" data-et-amp=\"0\" data-et-adv=\"0\" data-et-flx=\"0\" data-et-wt=\"0\" data-et-ao=\"0\" data-et-tabs-width=\"0\"><\/div>\n","protected":false},"excerpt":{"rendered":"<p>T\u00e4isleht, mis tuleb l\u00f5igata soovitud kuju, v\u00f5imaldades kasutada nii n\u00e4ol kui ka muudel hoolduspiirkondadel.<\/p>\n<p>20 tk<\/p>\n","protected":false},"featured_media":6905,"comment_status":"closed","ping_status":"closed","template":"","meta":{"_uag_custom_page_level_css":"","site-sidebar-layout":"default","site-content-layout":"","ast-site-content-layout":"default","site-content-style":"default","site-sidebar-style":"default","ast-global-header-display":"","ast-banner-title-visibility":"","ast-main-header-display":"","ast-hfb-above-header-display":"","ast-hfb-below-header-display":"","ast-hfb-mobile-header-display":"","site-post-title":"","ast-breadcrumbs-content":"","ast-featured-img":"","footer-sml-layout":"","ast-disable-related-posts":"","theme-transparent-header-meta":"default","adv-header-id-meta":"","stick-header-meta":"","header-above-stick-meta":"","header-main-stick-meta":"","header-below-stick-meta":"","astra-migrate-meta-layouts":"set","ast-page-background-enabled":"default","ast-page-background-meta":{"desktop":{"background-color":"var(--ast-global-color-4)","background-image":"","background-repeat":"repeat","background-position":"center center","background-size":"auto","background-attachment":"scroll","background-type":"","background-media":"","overlay-type":"","overlay-color":"","overlay-opacity":"","overlay-gradient":""},"tablet":{"background-color":"","background-image":"","background-repeat":"repeat","background-position":"center center","background-size":"auto","background-attachment":"scroll","background-type":"","background-media":"","overlay-type":"","overlay-color":"","overlay-opacity":"","overlay-gradient":""},"mobile":{"background-color":"","background-image":"","background-repeat":"repeat","background-position":"center center","background-size":"auto","background-attachment":"scroll","background-type":"","background-media":"","overlay-type":"","overlay-color":"","overlay-opacity":"","overlay-gradient":""}},"ast-content-background-meta":{"desktop":{"background-color":"var(--ast-global-color-5)","background-image":"","background-repeat":"repeat","background-position":"center center","background-size":"auto","background-attachment":"scroll","background-type":"","background-media":"","overlay-type":"","overlay-color":"","overlay-opacity":"","overlay-gradient":""},"tablet":{"background-color":"var(--ast-global-color-5)","background-image":"","background-repeat":"repeat","background-position":"center center","background-size":"auto","background-attachment":"scroll","background-type":"","background-media":"","overlay-type":"","overlay-color":"","overlay-opacity":"","overlay-gradient":""},"mobile":{"background-color":"var(--ast-global-color-5)","background-image":"","background-repeat":"repeat","background-position":"center center","background-size":"auto","background-attachment":"scroll","background-type":"","background-media":"","overlay-type":"","overlay-color":"","overlay-opacity":"","overlay-gradient":""}}},"product_brand":[],"product_cat":[96,97,95],"product_tag":[],"class_list":{"0":"post-5300","1":"product","2":"type-product","3":"status-publish","4":"has-post-thumbnail","6":"product_cat-brands","7":"product_cat-naole","8":"product_cat-reveel","9":"desktop-align-left","10":"tablet-align-left","11":"mobile-align-left","13":"first","14":"instock","15":"taxable","16":"shipping-taxable","17":"product-type-simple","18":"add-to-wishlist-before_image"},"uagb_featured_image_src":{"full":["https:\/\/kosmeetika24.com\/wp-content\/uploads\/2024\/05\/Smoothing-mask.jpg",1800,1800,false],"thumbnail":["https:\/\/kosmeetika24.com\/wp-content\/uploads\/2024\/05\/Smoothing-mask-150x150.jpg",150,150,true],"medium":["https:\/\/kosmeetika24.com\/wp-content\/uploads\/2024\/05\/Smoothing-mask-300x300.jpg",300,300,true],"medium_large":["https:\/\/kosmeetika24.com\/wp-content\/uploads\/2024\/05\/Smoothing-mask-768x768.jpg",768,768,true],"large":["https:\/\/kosmeetika24.com\/wp-content\/uploads\/2024\/05\/Smoothing-mask-1024x1024.jpg",1024,1024,true],"1536x1536":["https:\/\/kosmeetika24.com\/wp-content\/uploads\/2024\/05\/Smoothing-mask-1536x1536.jpg",1536,1536,true],"2048x2048":["https:\/\/kosmeetika24.com\/wp-content\/uploads\/2024\/05\/Smoothing-mask.jpg",1800,1800,false],"trp-custom-language-flag":["https:\/\/kosmeetika24.com\/wp-content\/uploads\/2024\/05\/Smoothing-mask-12x12.jpg",12,12,true],"woocommerce_thumbnail":["https:\/\/kosmeetika24.com\/wp-content\/uploads\/2024\/05\/Smoothing-mask-300x300.jpg",300,300,true],"woocommerce_single":["https:\/\/kosmeetika24.com\/wp-content\/uploads\/2024\/05\/Smoothing-mask-500x500.jpg",500,500,true],"woocommerce_gallery_thumbnail":["https:\/\/kosmeetika24.com\/wp-content\/uploads\/2024\/05\/Smoothing-mask-100x100.jpg",100,100,true]},"uagb_author_info":{"display_name":"admin","author_link":"https:\/\/kosmeetika24.com\/et\/author\/"},"uagb_comment_info":0,"uagb_excerpt":"T\u00e4isleht, mis tuleb l\u00f5igata soovitud kuju, v\u00f5imaldades kasutada nii n\u00e4ol kui ka muudel hoolduspiirkondadel. 20 tk","_links":{"self":[{"href":"https:\/\/kosmeetika24.com\/et\/wp-json\/wp\/v2\/product\/5300","targetHints":{"allow":["GET"]}}],"collection":[{"href":"https:\/\/kosmeetika24.com\/et\/wp-json\/wp\/v2\/product"}],"about":[{"href":"https:\/\/kosmeetika24.com\/et\/wp-json\/wp\/v2\/types\/product"}],"replies":[{"embeddable":true,"href":"https:\/\/kosmeetika24.com\/et\/wp-json\/wp\/v2\/comments?post=5300"}],"version-history":[{"count":11,"href":"https:\/\/kosmeetika24.com\/et\/wp-json\/wp\/v2\/product\/5300\/revisions"}],"predecessor-version":[{"id":6268,"href":"https:\/\/kosmeetika24.com\/et\/wp-json\/wp\/v2\/product\/5300\/revisions\/6268"}],"wp:featuredmedia":[{"embeddable":true,"href":"https:\/\/kosmeetika24.com\/et\/wp-json\/wp\/v2\/media\/6905"}],"wp:attachment":[{"href":"https:\/\/kosmeetika24.com\/et\/wp-json\/wp\/v2\/media?parent=5300"}],"wp:term":[{"taxonomy":"product_brand","embeddable":true,"href":"https:\/\/kosmeetika24.com\/et\/wp-json\/wp\/v2\/product_brand?post=5300"},{"taxonomy":"product_cat","embeddable":true,"href":"https:\/\/kosmeetika24.com\/et\/wp-json\/wp\/v2\/product_cat?post=5300"},{"taxonomy":"product_tag","embeddable":true,"href":"https:\/\/kosmeetika24.com\/et\/wp-json\/wp\/v2\/product_tag?post=5300"}],"curies":[{"name":"wp","href":"https:\/\/api.w.org\/{rel}","templated":true}]}}