{"id":5280,"date":"2024-05-30T13:36:24","date_gmt":"2024-05-30T13:36:24","guid":{"rendered":"https:\/\/kosmeetika24.com\/?post_type=product&#038;p=5280"},"modified":"2025-07-02T11:06:31","modified_gmt":"2025-07-02T08:06:31","slug":"reveel-profitoode-renewal-mask-classics","status":"publish","type":"product","link":"https:\/\/kosmeetika24.com\/et\/toode\/reveel-profitoode-renewal-mask-classics\/","title":{"rendered":"Profitoode Reveel Uuendav mask Classic"},"content":{"rendered":"<p>Professionaalse <em>Renewal Mask<\/em> kollageenimaski abil saate minimeerida vananemisilminguid.<\/p>\n<p>V\u00e4ga rahustav iga n\u00e4onaha jaoks, suurendab niisutatust ja toetab naha loomulikku PH tasakaalu.<\/p>\n<p><em><strong>PEAMISED TOIMEAINED<\/strong><\/em><\/p>\n<p>L<em>ooduslik kollageen, \u00f5una t\u00fcvirakkude ekstrakt, baikaliin.<\/em><\/p>\n<p><em>Taimset p\u00e4ritolu ainet baikaliini saadakse loodusliku taime S. baicalensis juurest v\u00f5i taime S. Baicalensis kultiveeritud rakkudest ekstraheerimisel. Noorendava toimega, kaitseb UV-kiirguse eest, antioks\u00fcdantse ja toniseeriva toimega. Kreemina kasutatav baikaliin kaitseb nahka oma antioks\u00fcdantsete omadustega ning v\u00e4hendab ka UV-kiirgusega seotud apoptoosi (UV-kiirte poolt p\u00f5hjustatud rakusurm).<\/em><br \/>\n<em>\u00d5una t\u00fcvirakkude ekstrakt stimuleerib rakkude aktiivsust.<\/em><\/p>\n<p><strong>KASUTAMINE<\/strong><\/p>\n<p>1. L\u00f5ika vastavalt vajadusele vormi v\u00f5i rebi piki perforatsioone.<br \/>\n2. Asetage kuivmask n\u00e4ole.<br \/>\n3. Niisutage seda aeglaselt, kuid p\u00f5hjalikult Professional Activating Liquid vedelikuga<br \/>\n4. J\u00e4tke see 15-20 minutiks m\u00f5juma.<br \/>\n5. Eemaldage mask ja masserige kergelt k\u00f5ik j\u00e4\u00e4gid nahka.<\/p>\n<p><strong>KOOSTIS<\/strong><\/p>\n<p>Collagen, PPG-15 Stearyl Ether, Hydrogenated Polyisobutene, Propylene Glycol, PEG-40 Sorbitan Peroleate, Resveratrol, Malus Domestica Fruit Cell Culture Extract, Baicalin, Glycerin, Lecithin, Di-C12-13 Alkyl Malate, Xanthan Gum, BHT, Phenoxyethanol, CI 75470 (Carmine), CI 77510 (Ferricammonium Ferrocyanide).<\/p>\n","protected":false},"excerpt":{"rendered":"<p>T\u00e4isleht, mis tuleb l\u00f5igata soovitud kuju, v\u00f5imaldades kasutada nii n\u00e4ol kui ka muudel ravipiirkondadel.<\/p>\n<ul>\n<li>Suurendab niisutust ja toetab naha loomulikku tasakaalu.<\/li>\n<li>Neutraliseerib kahjulikke keskkonnam\u00f5jusid.<\/li>\n<li>V\u00e4ga t\u00f5husad rahustavad ja siluvad omadused.<\/li>\n<\/ul>\n<p>Pakis 20 tk<\/p>\n","protected":false},"featured_media":6908,"comment_status":"closed","ping_status":"closed","template":"","meta":{"_uag_custom_page_level_css":"","site-sidebar-layout":"default","site-content-layout":"","ast-site-content-layout":"default","site-content-style":"default","site-sidebar-style":"default","ast-global-header-display":"","ast-banner-title-visibility":"","ast-main-header-display":"","ast-hfb-above-header-display":"","ast-hfb-below-header-display":"","ast-hfb-mobile-header-display":"","site-post-title":"","ast-breadcrumbs-content":"","ast-featured-img":"","footer-sml-layout":"","ast-disable-related-posts":"","theme-transparent-header-meta":"default","adv-header-id-meta":"","stick-header-meta":"","header-above-stick-meta":"","header-main-stick-meta":"","header-below-stick-meta":"","astra-migrate-meta-layouts":"set","ast-page-background-enabled":"default","ast-page-background-meta":{"desktop":{"background-color":"var(--ast-global-color-4)","background-image":"","background-repeat":"repeat","background-position":"center center","background-size":"auto","background-attachment":"scroll","background-type":"","background-media":"","overlay-type":"","overlay-color":"","overlay-opacity":"","overlay-gradient":""},"tablet":{"background-color":"","background-image":"","background-repeat":"repeat","background-position":"center center","background-size":"auto","background-attachment":"scroll","background-type":"","background-media":"","overlay-type":"","overlay-color":"","overlay-opacity":"","overlay-gradient":""},"mobile":{"background-color":"","background-image":"","background-repeat":"repeat","background-position":"center center","background-size":"auto","background-attachment":"scroll","background-type":"","background-media":"","overlay-type":"","overlay-color":"","overlay-opacity":"","overlay-gradient":""}},"ast-content-background-meta":{"desktop":{"background-color":"var(--ast-global-color-5)","background-image":"","background-repeat":"repeat","background-position":"center center","background-size":"auto","background-attachment":"scroll","background-type":"","background-media":"","overlay-type":"","overlay-color":"","overlay-opacity":"","overlay-gradient":""},"tablet":{"background-color":"var(--ast-global-color-5)","background-image":"","background-repeat":"repeat","background-position":"center center","background-size":"auto","background-attachment":"scroll","background-type":"","background-media":"","overlay-type":"","overlay-color":"","overlay-opacity":"","overlay-gradient":""},"mobile":{"background-color":"var(--ast-global-color-5)","background-image":"","background-repeat":"repeat","background-position":"center center","background-size":"auto","background-attachment":"scroll","background-type":"","background-media":"","overlay-type":"","overlay-color":"","overlay-opacity":"","overlay-gradient":""}}},"product_brand":[],"product_cat":[96,97,95],"product_tag":[],"class_list":{"0":"post-5280","1":"product","2":"type-product","3":"status-publish","4":"has-post-thumbnail","6":"product_cat-brands","7":"product_cat-naole","8":"product_cat-reveel","9":"desktop-align-left","10":"tablet-align-left","11":"mobile-align-left","13":"first","14":"instock","15":"taxable","16":"shipping-taxable","17":"product-type-simple","18":"add-to-wishlist-before_image"},"uagb_featured_image_src":{"full":["https:\/\/kosmeetika24.com\/wp-content\/uploads\/2024\/05\/renewal.jpg",1800,1800,false],"thumbnail":["https:\/\/kosmeetika24.com\/wp-content\/uploads\/2024\/05\/renewal-150x150.jpg",150,150,true],"medium":["https:\/\/kosmeetika24.com\/wp-content\/uploads\/2024\/05\/renewal-300x300.jpg",300,300,true],"medium_large":["https:\/\/kosmeetika24.com\/wp-content\/uploads\/2024\/05\/renewal-768x768.jpg",768,768,true],"large":["https:\/\/kosmeetika24.com\/wp-content\/uploads\/2024\/05\/renewal-1024x1024.jpg",1024,1024,true],"1536x1536":["https:\/\/kosmeetika24.com\/wp-content\/uploads\/2024\/05\/renewal-1536x1536.jpg",1536,1536,true],"2048x2048":["https:\/\/kosmeetika24.com\/wp-content\/uploads\/2024\/05\/renewal.jpg",1800,1800,false],"trp-custom-language-flag":["https:\/\/kosmeetika24.com\/wp-content\/uploads\/2024\/05\/renewal-12x12.jpg",12,12,true],"woocommerce_thumbnail":["https:\/\/kosmeetika24.com\/wp-content\/uploads\/2024\/05\/renewal-300x300.jpg",300,300,true],"woocommerce_single":["https:\/\/kosmeetika24.com\/wp-content\/uploads\/2024\/05\/renewal-500x500.jpg",500,500,true],"woocommerce_gallery_thumbnail":["https:\/\/kosmeetika24.com\/wp-content\/uploads\/2024\/05\/renewal-100x100.jpg",100,100,true]},"uagb_author_info":{"display_name":"admin","author_link":"https:\/\/kosmeetika24.com\/et\/author\/"},"uagb_comment_info":0,"uagb_excerpt":"T\u00e4isleht, mis tuleb l\u00f5igata soovitud kuju, v\u00f5imaldades kasutada nii n\u00e4ol kui ka muudel ravipiirkondadel. Suurendab niisutust ja toetab naha loomulikku tasakaalu. Neutraliseerib kahjulikke keskkonnam\u00f5jusid. V\u00e4ga t\u00f5husad rahustavad ja siluvad omadused. Pakis 20 tk","_links":{"self":[{"href":"https:\/\/kosmeetika24.com\/et\/wp-json\/wp\/v2\/product\/5280","targetHints":{"allow":["GET"]}}],"collection":[{"href":"https:\/\/kosmeetika24.com\/et\/wp-json\/wp\/v2\/product"}],"about":[{"href":"https:\/\/kosmeetika24.com\/et\/wp-json\/wp\/v2\/types\/product"}],"replies":[{"embeddable":true,"href":"https:\/\/kosmeetika24.com\/et\/wp-json\/wp\/v2\/comments?post=5280"}],"version-history":[{"count":12,"href":"https:\/\/kosmeetika24.com\/et\/wp-json\/wp\/v2\/product\/5280\/revisions"}],"predecessor-version":[{"id":6267,"href":"https:\/\/kosmeetika24.com\/et\/wp-json\/wp\/v2\/product\/5280\/revisions\/6267"}],"wp:featuredmedia":[{"embeddable":true,"href":"https:\/\/kosmeetika24.com\/et\/wp-json\/wp\/v2\/media\/6908"}],"wp:attachment":[{"href":"https:\/\/kosmeetika24.com\/et\/wp-json\/wp\/v2\/media?parent=5280"}],"wp:term":[{"taxonomy":"product_brand","embeddable":true,"href":"https:\/\/kosmeetika24.com\/et\/wp-json\/wp\/v2\/product_brand?post=5280"},{"taxonomy":"product_cat","embeddable":true,"href":"https:\/\/kosmeetika24.com\/et\/wp-json\/wp\/v2\/product_cat?post=5280"},{"taxonomy":"product_tag","embeddable":true,"href":"https:\/\/kosmeetika24.com\/et\/wp-json\/wp\/v2\/product_tag?post=5280"}],"curies":[{"name":"wp","href":"https:\/\/api.w.org\/{rel}","templated":true}]}}