{"id":5243,"date":"2024-04-23T10:12:08","date_gmt":"2024-04-23T10:12:08","guid":{"rendered":"https:\/\/kosmeetika24.com\/?post_type=product&#038;p=5243"},"modified":"2025-07-02T11:13:08","modified_gmt":"2025-07-02T08:13:08","slug":"reveel-profitoode-orn-puhastusvaht","status":"publish","type":"product","link":"https:\/\/kosmeetika24.com\/et\/toode\/reveel-profitoode-orn-puhastusvaht\/","title":{"rendered":"Profitoode Reveel \u00f5rn puhastusvaht"},"content":{"rendered":"<p>P\u00e4eval ja \u00f6\u00f6sel puutub nahk kokku mustuse ja keskkonnam\u00f5judega. Meigi- ja mustuseosakesed v\u00f5ivad kahjustada ja n\u00f5rgestada nahabarj\u00e4\u00e4ri.<\/p>\n<p><em>Moisturizing Cleansing Foam<\/em> on \u00f5rn, nahas\u00f5bralik puhastusvaht, mis tagab naha p\u00f5hjaliku s\u00fcgavpuhastuse, eemaldab mustuse ja surnud rakud ning silendab n\u00e4htavalt poore. Nahk puhastatakse p\u00f5hjalikult ja naha mikrobioom on tasakaalus.<\/p>\n<p>Lisaks on nahk s\u00fcgavniisutatud ja ette valmistatud j\u00e4rgnevaks nahahoolduseks<\/p>\n<p><strong>PEAMISED TOIMEAINED<\/strong><\/p>\n<p>salits\u00fc\u00fclhape ja preBIULIN FOS prebiootikum.<\/p>\n<ul>\n<li>Salits\u00fc\u00fclhape eemaldab surnud naharakud ja mustuse ja puhastab poorid.<\/li>\n<li>preBIULIN FOS on looduslikud prebiootikumid, mis on t\u00f5estatult aitavad tasakaalustada naha mikrobiootat. Sigurijuurest ekstraheeritud inuliinil p\u00f5hinev prebiootikum toetab selektiivselt kaitsvaid organisme, aidates taastada mikrobioota kihti p\u00e4rast kahjustusi. preBIULIN FOS stabiliseerib naha mikrobioomi.<\/li>\n<\/ul>\n<p><strong>KOOSTIS<\/strong><\/p>\n<p>Aqua, Santalum Spicatum (Sandalwood) Fragrant Water, Glycerin, Pentylene Glycol, Cocamidopropyl Betaine, Potassium Cocoyl Glycinate, Inulin, Potassium Cocoate, Sodium Chloride, Decyl Glucoside, Cyclodextrin, Salicylic Acid, Resveratrol, Fructose.<\/p>\n<p><strong>KASUTAMINE<\/strong><\/p>\n<p>N\u00e4onahale kanda ringjate liigutustega 2-3 pumbat\u00e4it puhastusvahtu. Seej\u00e4rel loputada leige veega.<\/p>\n","protected":false},"excerpt":{"rendered":"<p>Professionaalseks kasutamiseks.<\/p>\n<p><span lang=\"et-EE\">Eemaldab \u00f5rnalt surnud naharakud ja mustuse.<\/span><\/p>\n<p><span lang=\"et-EE\">Stabiliseerib naha mikrobioomi.<\/span><\/p>\n<p><span lang=\"et-EE\">Valmistab naha ette j\u00e4rgnevaks hoolduseks.<\/span><\/p>\n<p><span lang=\"et-EE\">pH-s\u00f5bralik ja niisutav.<\/span><\/p>\n<p><span style=\"font-size: 16px;\">\u00a0100% silikoonivaba, alumiiniumivaba, alkoholivaba, julmusevaba ja mikroplastivaba.<\/span><\/p>\n<p>500ml<\/p>\n<p>&nbsp;<\/p>\n","protected":false},"featured_media":6877,"comment_status":"closed","ping_status":"closed","template":"","meta":{"_uag_custom_page_level_css":"","site-sidebar-layout":"default","site-content-layout":"","ast-site-content-layout":"default","site-content-style":"default","site-sidebar-style":"default","ast-global-header-display":"","ast-banner-title-visibility":"","ast-main-header-display":"","ast-hfb-above-header-display":"","ast-hfb-below-header-display":"","ast-hfb-mobile-header-display":"","site-post-title":"","ast-breadcrumbs-content":"","ast-featured-img":"","footer-sml-layout":"","ast-disable-related-posts":"","theme-transparent-header-meta":"default","adv-header-id-meta":"","stick-header-meta":"","header-above-stick-meta":"","header-main-stick-meta":"","header-below-stick-meta":"","astra-migrate-meta-layouts":"set","ast-page-background-enabled":"default","ast-page-background-meta":{"desktop":{"background-color":"var(--ast-global-color-4)","background-image":"","background-repeat":"repeat","background-position":"center center","background-size":"auto","background-attachment":"scroll","background-type":"","background-media":"","overlay-type":"","overlay-color":"","overlay-opacity":"","overlay-gradient":""},"tablet":{"background-color":"","background-image":"","background-repeat":"repeat","background-position":"center center","background-size":"auto","background-attachment":"scroll","background-type":"","background-media":"","overlay-type":"","overlay-color":"","overlay-opacity":"","overlay-gradient":""},"mobile":{"background-color":"","background-image":"","background-repeat":"repeat","background-position":"center center","background-size":"auto","background-attachment":"scroll","background-type":"","background-media":"","overlay-type":"","overlay-color":"","overlay-opacity":"","overlay-gradient":""}},"ast-content-background-meta":{"desktop":{"background-color":"var(--ast-global-color-5)","background-image":"","background-repeat":"repeat","background-position":"center center","background-size":"auto","background-attachment":"scroll","background-type":"","background-media":"","overlay-type":"","overlay-color":"","overlay-opacity":"","overlay-gradient":""},"tablet":{"background-color":"var(--ast-global-color-5)","background-image":"","background-repeat":"repeat","background-position":"center center","background-size":"auto","background-attachment":"scroll","background-type":"","background-media":"","overlay-type":"","overlay-color":"","overlay-opacity":"","overlay-gradient":""},"mobile":{"background-color":"var(--ast-global-color-5)","background-image":"","background-repeat":"repeat","background-position":"center center","background-size":"auto","background-attachment":"scroll","background-type":"","background-media":"","overlay-type":"","overlay-color":"","overlay-opacity":"","overlay-gradient":""}}},"product_brand":[],"product_cat":[96,95],"product_tag":[],"class_list":{"0":"post-5243","1":"product","2":"type-product","3":"status-publish","4":"has-post-thumbnail","6":"product_cat-brands","7":"product_cat-reveel","8":"desktop-align-left","9":"tablet-align-left","10":"mobile-align-left","12":"first","13":"instock","14":"taxable","15":"shipping-taxable","16":"product-type-simple","17":"add-to-wishlist-before_image"},"uagb_featured_image_src":{"full":["https:\/\/kosmeetika24.com\/wp-content\/uploads\/2024\/04\/Moisturizing_Cleansing_Foam_150m_1_700x-1.webp",700,700,false],"thumbnail":["https:\/\/kosmeetika24.com\/wp-content\/uploads\/2024\/04\/Moisturizing_Cleansing_Foam_150m_1_700x-1-150x150.webp",150,150,true],"medium":["https:\/\/kosmeetika24.com\/wp-content\/uploads\/2024\/04\/Moisturizing_Cleansing_Foam_150m_1_700x-1-300x300.webp",300,300,true],"medium_large":["https:\/\/kosmeetika24.com\/wp-content\/uploads\/2024\/04\/Moisturizing_Cleansing_Foam_150m_1_700x-1.webp",700,700,false],"large":["https:\/\/kosmeetika24.com\/wp-content\/uploads\/2024\/04\/Moisturizing_Cleansing_Foam_150m_1_700x-1.webp",700,700,false],"1536x1536":["https:\/\/kosmeetika24.com\/wp-content\/uploads\/2024\/04\/Moisturizing_Cleansing_Foam_150m_1_700x-1.webp",700,700,false],"2048x2048":["https:\/\/kosmeetika24.com\/wp-content\/uploads\/2024\/04\/Moisturizing_Cleansing_Foam_150m_1_700x-1.webp",700,700,false],"trp-custom-language-flag":["https:\/\/kosmeetika24.com\/wp-content\/uploads\/2024\/04\/Moisturizing_Cleansing_Foam_150m_1_700x-1-12x12.webp",12,12,true],"woocommerce_thumbnail":["https:\/\/kosmeetika24.com\/wp-content\/uploads\/2024\/04\/Moisturizing_Cleansing_Foam_150m_1_700x-1-300x300.webp",300,300,true],"woocommerce_single":["https:\/\/kosmeetika24.com\/wp-content\/uploads\/2024\/04\/Moisturizing_Cleansing_Foam_150m_1_700x-1-500x500.webp",500,500,true],"woocommerce_gallery_thumbnail":["https:\/\/kosmeetika24.com\/wp-content\/uploads\/2024\/04\/Moisturizing_Cleansing_Foam_150m_1_700x-1-100x100.webp",100,100,true]},"uagb_author_info":{"display_name":"admin","author_link":"https:\/\/kosmeetika24.com\/et\/author\/"},"uagb_comment_info":0,"uagb_excerpt":"Professionaalseks kasutamiseks. Eemaldab \u00f5rnalt surnud naharakud ja mustuse. Stabiliseerib naha mikrobioomi. Valmistab naha ette j\u00e4rgnevaks hoolduseks. pH-s\u00f5bralik ja niisutav. \u00a0100% silikoonivaba, alumiiniumivaba, alkoholivaba, julmusevaba ja mikroplastivaba. 500ml &nbsp;","_links":{"self":[{"href":"https:\/\/kosmeetika24.com\/et\/wp-json\/wp\/v2\/product\/5243","targetHints":{"allow":["GET"]}}],"collection":[{"href":"https:\/\/kosmeetika24.com\/et\/wp-json\/wp\/v2\/product"}],"about":[{"href":"https:\/\/kosmeetika24.com\/et\/wp-json\/wp\/v2\/types\/product"}],"replies":[{"embeddable":true,"href":"https:\/\/kosmeetika24.com\/et\/wp-json\/wp\/v2\/comments?post=5243"}],"version-history":[{"count":11,"href":"https:\/\/kosmeetika24.com\/et\/wp-json\/wp\/v2\/product\/5243\/revisions"}],"predecessor-version":[{"id":6269,"href":"https:\/\/kosmeetika24.com\/et\/wp-json\/wp\/v2\/product\/5243\/revisions\/6269"}],"wp:featuredmedia":[{"embeddable":true,"href":"https:\/\/kosmeetika24.com\/et\/wp-json\/wp\/v2\/media\/6877"}],"wp:attachment":[{"href":"https:\/\/kosmeetika24.com\/et\/wp-json\/wp\/v2\/media?parent=5243"}],"wp:term":[{"taxonomy":"product_brand","embeddable":true,"href":"https:\/\/kosmeetika24.com\/et\/wp-json\/wp\/v2\/product_brand?post=5243"},{"taxonomy":"product_cat","embeddable":true,"href":"https:\/\/kosmeetika24.com\/et\/wp-json\/wp\/v2\/product_cat?post=5243"},{"taxonomy":"product_tag","embeddable":true,"href":"https:\/\/kosmeetika24.com\/et\/wp-json\/wp\/v2\/product_tag?post=5243"}],"curies":[{"name":"wp","href":"https:\/\/api.w.org\/{rel}","templated":true}]}}