{"id":5232,"date":"2024-04-18T13:23:45","date_gmt":"2024-04-18T13:23:45","guid":{"rendered":"https:\/\/kosmeetika24.com\/?post_type=product&#038;p=5232"},"modified":"2025-07-03T12:32:45","modified_gmt":"2025-07-03T09:32:45","slug":"charmyco-intensiivne-noorendav-kompleks-c-vitamiiniga-10","status":"publish","type":"product","link":"https:\/\/kosmeetika24.com\/et\/toode\/charmyco-intensiivne-noorendav-kompleks-c-vitamiiniga-10\/","title":{"rendered":"Charmyco Intensiivne noorendav kompleks C-vitamiiniga 10 tk"},"content":{"rendered":"<p><strong>KASUTAMINE<\/strong><\/p>\n<p>Kandke hommikul ja \u00f5htul n\u00e4ole, kaelale ning dekloteepiirkonnale \u00f5rna massaa\u017eiga kuni t\u00e4ieliku imendumiseni. Igap\u00e4evaseks kasutamiseks.<\/p>\n<p>V\u00e4ltige kontakti silmadega.<\/p>\n<p><strong>KOOSTIS<\/strong><\/p>\n<p>AQUA, PROPYLENE GLYCOL, HAMAMELIS VIRGINIA(WITCH HAZEL) EXTRACT, HYDROLIZED SOY PROTEIN, GLYCERIN, PEG-40 HYDROLIZED CASTOR OIL, PENTYLENE GLYCOL, GLYCERIN, FRUCTOSE, UREA, CITRIC ACIC, SODIUM HYDROXIDE, MALOTOSE, SODIUM PCA, SODIUM CHLORIDE, SODIUM LACTATE, TREHALOSE, ALLANOIN, SODIUM HYALURONATE, CLOCOSE, GLYCOSAMINOAGLYCANS, ASCORBYL METHYLSILANOL PECTINATE, PHENOXYYETHANOL, ETHYLHEXYLGLYCERIN.<\/p>\n","protected":false},"excerpt":{"rendered":"<p>&nbsp;<\/p>\n<p>Ampull C-vitamiini, sojaekstrakti ja taimsete valkudega.<\/p>\n<p>V\u00e4ga v\u00f5imas segu kosmeetikatoodetes laialdaselt kasutatavatest toimeainetest. Selline kombinatsioon tugevdab nende toimet nahale, pakkudes eluj\u00f5udu, energiat ja regeneratsiooni, mille tulemuseks on maksimaalne s\u00e4ra.<\/p>\n<p>Pakendis 10x 2ml ampulli<\/p>\n","protected":false},"featured_media":6913,"comment_status":"open","ping_status":"closed","template":"","meta":{"_uag_custom_page_level_css":"","site-sidebar-layout":"default","site-content-layout":"","ast-site-content-layout":"default","site-content-style":"default","site-sidebar-style":"default","ast-global-header-display":"","ast-banner-title-visibility":"","ast-main-header-display":"","ast-hfb-above-header-display":"","ast-hfb-below-header-display":"","ast-hfb-mobile-header-display":"","site-post-title":"","ast-breadcrumbs-content":"","ast-featured-img":"","footer-sml-layout":"","ast-disable-related-posts":"","theme-transparent-header-meta":"default","adv-header-id-meta":"","stick-header-meta":"","header-above-stick-meta":"","header-main-stick-meta":"","header-below-stick-meta":"","astra-migrate-meta-layouts":"set","ast-page-background-enabled":"default","ast-page-background-meta":{"desktop":{"background-color":"var(--ast-global-color-4)","background-image":"","background-repeat":"repeat","background-position":"center center","background-size":"auto","background-attachment":"scroll","background-type":"","background-media":"","overlay-type":"","overlay-color":"","overlay-opacity":"","overlay-gradient":""},"tablet":{"background-color":"","background-image":"","background-repeat":"repeat","background-position":"center center","background-size":"auto","background-attachment":"scroll","background-type":"","background-media":"","overlay-type":"","overlay-color":"","overlay-opacity":"","overlay-gradient":""},"mobile":{"background-color":"","background-image":"","background-repeat":"repeat","background-position":"center center","background-size":"auto","background-attachment":"scroll","background-type":"","background-media":"","overlay-type":"","overlay-color":"","overlay-opacity":"","overlay-gradient":""}},"ast-content-background-meta":{"desktop":{"background-color":"var(--ast-global-color-5)","background-image":"","background-repeat":"repeat","background-position":"center center","background-size":"auto","background-attachment":"scroll","background-type":"","background-media":"","overlay-type":"","overlay-color":"","overlay-opacity":"","overlay-gradient":""},"tablet":{"background-color":"var(--ast-global-color-5)","background-image":"","background-repeat":"repeat","background-position":"center center","background-size":"auto","background-attachment":"scroll","background-type":"","background-media":"","overlay-type":"","overlay-color":"","overlay-opacity":"","overlay-gradient":""},"mobile":{"background-color":"var(--ast-global-color-5)","background-image":"","background-repeat":"repeat","background-position":"center center","background-size":"auto","background-attachment":"scroll","background-type":"","background-media":"","overlay-type":"","overlay-color":"","overlay-opacity":"","overlay-gradient":""}}},"product_brand":[],"product_cat":[96,81,97],"product_tag":[],"class_list":{"0":"post-5232","1":"product","2":"type-product","3":"status-publish","4":"has-post-thumbnail","6":"product_cat-brands","7":"product_cat-charmyco","8":"product_cat-naole","9":"desktop-align-left","10":"tablet-align-left","11":"mobile-align-left","13":"first","14":"instock","15":"taxable","16":"shipping-taxable","17":"product-type-simple","18":"add-to-wishlist-before_image"},"uagb_featured_image_src":{"full":["https:\/\/kosmeetika24.com\/wp-content\/uploads\/2024\/04\/charmyco_19-scaled-1.webp",2560,1707,false],"thumbnail":["https:\/\/kosmeetika24.com\/wp-content\/uploads\/2024\/04\/charmyco_19-scaled-1-150x150.webp",150,150,true],"medium":["https:\/\/kosmeetika24.com\/wp-content\/uploads\/2024\/04\/charmyco_19-scaled-1-300x200.webp",300,200,true],"medium_large":["https:\/\/kosmeetika24.com\/wp-content\/uploads\/2024\/04\/charmyco_19-scaled-1-768x512.webp",768,512,true],"large":["https:\/\/kosmeetika24.com\/wp-content\/uploads\/2024\/04\/charmyco_19-scaled-1-1024x683.webp",1024,683,true],"1536x1536":["https:\/\/kosmeetika24.com\/wp-content\/uploads\/2024\/04\/charmyco_19-scaled-1-1536x1024.webp",1536,1024,true],"2048x2048":["https:\/\/kosmeetika24.com\/wp-content\/uploads\/2024\/04\/charmyco_19-scaled-1-2048x1366.webp",2048,1366,true],"trp-custom-language-flag":["https:\/\/kosmeetika24.com\/wp-content\/uploads\/2024\/04\/charmyco_19-scaled-1-18x12.webp",18,12,true],"woocommerce_thumbnail":["https:\/\/kosmeetika24.com\/wp-content\/uploads\/2024\/04\/charmyco_19-scaled-1-300x300.webp",300,300,true],"woocommerce_single":["https:\/\/kosmeetika24.com\/wp-content\/uploads\/2024\/04\/charmyco_19-scaled-1-500x333.webp",500,333,true],"woocommerce_gallery_thumbnail":["https:\/\/kosmeetika24.com\/wp-content\/uploads\/2024\/04\/charmyco_19-scaled-1-100x100.webp",100,100,true]},"uagb_author_info":{"display_name":"admin","author_link":"https:\/\/kosmeetika24.com\/et\/author\/"},"uagb_comment_info":0,"uagb_excerpt":"&nbsp; Ampull C-vitamiini, sojaekstrakti ja taimsete valkudega. V\u00e4ga v\u00f5imas segu kosmeetikatoodetes laialdaselt kasutatavatest toimeainetest. Selline kombinatsioon tugevdab nende toimet nahale, pakkudes eluj\u00f5udu, energiat ja regeneratsiooni, mille tulemuseks on maksimaalne s\u00e4ra. Pakendis 10x 2ml ampulli","_links":{"self":[{"href":"https:\/\/kosmeetika24.com\/et\/wp-json\/wp\/v2\/product\/5232","targetHints":{"allow":["GET"]}}],"collection":[{"href":"https:\/\/kosmeetika24.com\/et\/wp-json\/wp\/v2\/product"}],"about":[{"href":"https:\/\/kosmeetika24.com\/et\/wp-json\/wp\/v2\/types\/product"}],"replies":[{"embeddable":true,"href":"https:\/\/kosmeetika24.com\/et\/wp-json\/wp\/v2\/comments?post=5232"}],"version-history":[{"count":3,"href":"https:\/\/kosmeetika24.com\/et\/wp-json\/wp\/v2\/product\/5232\/revisions"}],"predecessor-version":[{"id":6509,"href":"https:\/\/kosmeetika24.com\/et\/wp-json\/wp\/v2\/product\/5232\/revisions\/6509"}],"wp:featuredmedia":[{"embeddable":true,"href":"https:\/\/kosmeetika24.com\/et\/wp-json\/wp\/v2\/media\/6913"}],"wp:attachment":[{"href":"https:\/\/kosmeetika24.com\/et\/wp-json\/wp\/v2\/media?parent=5232"}],"wp:term":[{"taxonomy":"product_brand","embeddable":true,"href":"https:\/\/kosmeetika24.com\/et\/wp-json\/wp\/v2\/product_brand?post=5232"},{"taxonomy":"product_cat","embeddable":true,"href":"https:\/\/kosmeetika24.com\/et\/wp-json\/wp\/v2\/product_cat?post=5232"},{"taxonomy":"product_tag","embeddable":true,"href":"https:\/\/kosmeetika24.com\/et\/wp-json\/wp\/v2\/product_tag?post=5232"}],"curies":[{"name":"wp","href":"https:\/\/api.w.org\/{rel}","templated":true}]}}