{"id":5209,"date":"2024-05-30T13:40:39","date_gmt":"2024-05-30T13:40:39","guid":{"rendered":"https:\/\/kosmeetika24.com\/?post_type=product&#038;p=5209"},"modified":"2025-07-02T11:03:39","modified_gmt":"2025-07-02T08:03:39","slug":"reveel-profitoode-kontsentreeritud-vitamiin-c-helmed","status":"publish","type":"product","link":"https:\/\/kosmeetika24.com\/et\/toode\/reveel-profitoode-kontsentreeritud-vitamiin-c-helmed\/","title":{"rendered":"Profitoode Reveel kontsentreeritud vitamiin-C helmed"},"content":{"rendered":"<p>Aja jooksul, kui nahk kaotab loomulikult kollageeni, v\u00f5ib jume tunduda eba\u00fchtlane, muutes jooned ja kortsud rohkem esile.<\/p>\n<p>C-vitamiiniga on v\u00f5imalik parandada n\u00e4htavaid vananemise m\u00e4rke ja korrigeerida naha kontuuri.<\/p>\n<p>Reveeli koostises olevat L-askorbiinhapet hoitakse kuni kasutamiseni turvaliselt v\u00e4ikestes seerumihelmestes. See vallandab oma t\u00e4ieliku v\u00f5imsuse ainult siis, kui aktiveeritakse teie k\u00e4es oleva aktivaatorivedelikuga, vahetult enne seerumi kliendi nahale kandmist. Seet\u00f5ttu on iga annus v\u00e4rske, stabiilne ja maksimaalse toimega.<\/p>\n<p>C-vitamiin tasakaalustab kollageeni ja melaniini s\u00fcnteesis osalevaid ens\u00fc\u00fcme ning neutraliseerib vabu radikaale.<\/p>\n<p>C-vitamiin v\u00e4hendab kortsude teket, pakub antioks\u00fcdatiivset kaitset ja suurendab s\u00e4ra.<\/p>\n<p><strong>TOIME<\/strong><\/p>\n<ul>\n<li>Pakub antioks\u00fcdatiivset kaitset naha enneaegse vananemise vastu.<\/li>\n<li>Aitab nahal v\u00e4lja n\u00e4ha pringim.<\/li>\n<li>V\u00e4hendab peente joonte ja kortsude teket.<\/li>\n<li>Helendab n\u00e4htavalt naha v\u00e4rvimuutusi.<\/li>\n<\/ul>\n<p><strong>KASUTAMINE<\/strong><\/p>\n<ul>\n<li>Asetage \u00fcks C-vitamiini kontsentraadi helmes peopessa ja aktiveerige aktivaatoriga. \u00dchest pumbat\u00e4iest piisab.<\/li>\n<li>Lasta neil peopesas seguneda, seej\u00e4rel kanda n\u00e4ole.<\/li>\n<li>J\u00e4rgmisena kasutada tavalist niisutajat.<\/li>\n<li>K\u00f5ige l\u00f5pus kanda nahale p\u00e4ikesekaitsekreemi.<\/li>\n<\/ul>\n<p><strong>KOOSTIS<\/strong><\/p>\n<p>Askorbiinhape, pol\u00fckvaternium-10, Simmondsia Chinensis (jojoba) seemne\u00f5li, vesi (vesi), gl\u00fctseriin, 1,5-pentaandiool, naatriumlaktaat, laktobatsilli ferment<\/p>\n","protected":false},"excerpt":{"rendered":"<p>Nahakontuurid paistavad pingul ja tumedad laigud heledamaks; jume tundub \u00fchtlasem.<\/p>\n<p>Peened jooned ja kortsud siluvad.<\/p>\n<p>N\u00e4htavad vananemise m\u00e4rgid v\u00e4henevad.<\/p>\n<p>Seerum sisaldab v\u00e4ga kontsentreeritud C-vitamiini.<\/p>\n<p>Iga C-vitamiini kontsentraadi viaal sisaldab 7 helmest.<\/p>\n<p>&nbsp;<\/p>\n<p>&nbsp;<\/p>\n","protected":false},"featured_media":5222,"comment_status":"closed","ping_status":"closed","template":"","meta":{"_uag_custom_page_level_css":"","site-sidebar-layout":"default","site-content-layout":"","ast-site-content-layout":"default","site-content-style":"default","site-sidebar-style":"default","ast-global-header-display":"","ast-banner-title-visibility":"","ast-main-header-display":"","ast-hfb-above-header-display":"","ast-hfb-below-header-display":"","ast-hfb-mobile-header-display":"","site-post-title":"","ast-breadcrumbs-content":"","ast-featured-img":"","footer-sml-layout":"","ast-disable-related-posts":"","theme-transparent-header-meta":"default","adv-header-id-meta":"","stick-header-meta":"","header-above-stick-meta":"","header-main-stick-meta":"","header-below-stick-meta":"","astra-migrate-meta-layouts":"set","ast-page-background-enabled":"default","ast-page-background-meta":{"desktop":{"background-color":"var(--ast-global-color-4)","background-image":"","background-repeat":"repeat","background-position":"center center","background-size":"auto","background-attachment":"scroll","background-type":"","background-media":"","overlay-type":"","overlay-color":"","overlay-opacity":"","overlay-gradient":""},"tablet":{"background-color":"","background-image":"","background-repeat":"repeat","background-position":"center center","background-size":"auto","background-attachment":"scroll","background-type":"","background-media":"","overlay-type":"","overlay-color":"","overlay-opacity":"","overlay-gradient":""},"mobile":{"background-color":"","background-image":"","background-repeat":"repeat","background-position":"center center","background-size":"auto","background-attachment":"scroll","background-type":"","background-media":"","overlay-type":"","overlay-color":"","overlay-opacity":"","overlay-gradient":""}},"ast-content-background-meta":{"desktop":{"background-color":"var(--ast-global-color-5)","background-image":"","background-repeat":"repeat","background-position":"center center","background-size":"auto","background-attachment":"scroll","background-type":"","background-media":"","overlay-type":"","overlay-color":"","overlay-opacity":"","overlay-gradient":""},"tablet":{"background-color":"var(--ast-global-color-5)","background-image":"","background-repeat":"repeat","background-position":"center center","background-size":"auto","background-attachment":"scroll","background-type":"","background-media":"","overlay-type":"","overlay-color":"","overlay-opacity":"","overlay-gradient":""},"mobile":{"background-color":"var(--ast-global-color-5)","background-image":"","background-repeat":"repeat","background-position":"center center","background-size":"auto","background-attachment":"scroll","background-type":"","background-media":"","overlay-type":"","overlay-color":"","overlay-opacity":"","overlay-gradient":""}}},"product_brand":[],"product_cat":[96,97,95],"product_tag":[],"class_list":{"0":"post-5209","1":"product","2":"type-product","3":"status-publish","4":"has-post-thumbnail","6":"product_cat-brands","7":"product_cat-naole","8":"product_cat-reveel","9":"desktop-align-left","10":"tablet-align-left","11":"mobile-align-left","13":"first","14":"instock","15":"taxable","16":"shipping-taxable","17":"product-type-simple","18":"add-to-wishlist-before_image"},"uagb_featured_image_src":{"full":["https:\/\/kosmeetika24.com\/wp-content\/uploads\/2024\/04\/vitamiin-c.webp",1500,1500,false],"thumbnail":["https:\/\/kosmeetika24.com\/wp-content\/uploads\/2024\/04\/vitamiin-c-150x150.webp",150,150,true],"medium":["https:\/\/kosmeetika24.com\/wp-content\/uploads\/2024\/04\/vitamiin-c-300x300.webp",300,300,true],"medium_large":["https:\/\/kosmeetika24.com\/wp-content\/uploads\/2024\/04\/vitamiin-c-768x768.webp",768,768,true],"large":["https:\/\/kosmeetika24.com\/wp-content\/uploads\/2024\/04\/vitamiin-c-1024x1024.webp",1024,1024,true],"1536x1536":["https:\/\/kosmeetika24.com\/wp-content\/uploads\/2024\/04\/vitamiin-c.webp",1500,1500,false],"2048x2048":["https:\/\/kosmeetika24.com\/wp-content\/uploads\/2024\/04\/vitamiin-c.webp",1500,1500,false],"trp-custom-language-flag":["https:\/\/kosmeetika24.com\/wp-content\/uploads\/2024\/04\/vitamiin-c-12x12.webp",12,12,true],"woocommerce_thumbnail":["https:\/\/kosmeetika24.com\/wp-content\/uploads\/2024\/04\/vitamiin-c-300x300.webp",300,300,true],"woocommerce_single":["https:\/\/kosmeetika24.com\/wp-content\/uploads\/2024\/04\/vitamiin-c-500x500.webp",500,500,true],"woocommerce_gallery_thumbnail":["https:\/\/kosmeetika24.com\/wp-content\/uploads\/2024\/04\/vitamiin-c-100x100.webp",100,100,true]},"uagb_author_info":{"display_name":"admin","author_link":"https:\/\/kosmeetika24.com\/et\/author\/"},"uagb_comment_info":0,"uagb_excerpt":"Nahakontuurid paistavad pingul ja tumedad laigud heledamaks; jume tundub \u00fchtlasem. Peened jooned ja kortsud siluvad. N\u00e4htavad vananemise m\u00e4rgid v\u00e4henevad. Seerum sisaldab v\u00e4ga kontsentreeritud C-vitamiini. Iga C-vitamiini kontsentraadi viaal sisaldab 7 helmest. &nbsp; &nbsp;","_links":{"self":[{"href":"https:\/\/kosmeetika24.com\/et\/wp-json\/wp\/v2\/product\/5209","targetHints":{"allow":["GET"]}}],"collection":[{"href":"https:\/\/kosmeetika24.com\/et\/wp-json\/wp\/v2\/product"}],"about":[{"href":"https:\/\/kosmeetika24.com\/et\/wp-json\/wp\/v2\/types\/product"}],"replies":[{"embeddable":true,"href":"https:\/\/kosmeetika24.com\/et\/wp-json\/wp\/v2\/comments?post=5209"}],"version-history":[{"count":13,"href":"https:\/\/kosmeetika24.com\/et\/wp-json\/wp\/v2\/product\/5209\/revisions"}],"predecessor-version":[{"id":6253,"href":"https:\/\/kosmeetika24.com\/et\/wp-json\/wp\/v2\/product\/5209\/revisions\/6253"}],"wp:featuredmedia":[{"embeddable":true,"href":"https:\/\/kosmeetika24.com\/et\/wp-json\/wp\/v2\/media\/5222"}],"wp:attachment":[{"href":"https:\/\/kosmeetika24.com\/et\/wp-json\/wp\/v2\/media?parent=5209"}],"wp:term":[{"taxonomy":"product_brand","embeddable":true,"href":"https:\/\/kosmeetika24.com\/et\/wp-json\/wp\/v2\/product_brand?post=5209"},{"taxonomy":"product_cat","embeddable":true,"href":"https:\/\/kosmeetika24.com\/et\/wp-json\/wp\/v2\/product_cat?post=5209"},{"taxonomy":"product_tag","embeddable":true,"href":"https:\/\/kosmeetika24.com\/et\/wp-json\/wp\/v2\/product_tag?post=5209"}],"curies":[{"name":"wp","href":"https:\/\/api.w.org\/{rel}","templated":true}]}}