{"id":5205,"date":"2024-05-30T13:39:41","date_gmt":"2024-05-30T13:39:41","guid":{"rendered":"https:\/\/kosmeetika24.com\/?post_type=product&#038;p=5205"},"modified":"2025-07-02T11:04:00","modified_gmt":"2025-07-02T08:04:00","slug":"reveel-profitoode-c-vitamiini-aktivaator-50ml","status":"publish","type":"product","link":"https:\/\/kosmeetika24.com\/et\/toode\/reveel-profitoode-c-vitamiini-aktivaator-50ml\/","title":{"rendered":"Profitoode Reveel C-vitamiini aktivaator 50ml"},"content":{"rendered":"<p>Unikaalse meetodiga v\u00e4lja t\u00f6\u00f6tatud C-vitamiin on kr\u00fcogeenselt k\u00fclmutatud, v\u00f5imaldades aktiveerida iga p\u00e4evaannuse kasutamise ajal, seega on iga annus v\u00e4rske, stabiilne ja maksimaalse toimega.<\/p>\n<p>Teaduslikult on t\u00f5estatud, et C-vitamiin v\u00e4hendab n\u00e4htavalt kortse, pakub antioks\u00fcdatiivset kaitset, et v\u00e4ltida naha vananemist, pinguldab nahka, heledab tumedaid laike ja suurendab s\u00e4ra.<\/p>\n<p>C-vitamiini t\u00e4ielik toime vallandub, kui aktiveerite k\u00e4es olevad seerumihelmed \u2013 vahetult enne seda, kui see nahka imendub.<\/p>\n<p>V\u00f5imas vananemisvastane seerum v\u00e4hendab n\u00e4htavaid vananemise m\u00e4rke, nagu peened jooned, kortsud ja pigmentatsioon, ning aitab pinguldada naha kontuuri.<\/p>\n<h4><strong>PEAMINE TOIMEAINE<\/strong><\/h4>\n<p>C-vitamiin (79% L-askorbiinhape).<\/p>\n<div id=\"s-c2dec667-f71c-4577-9c6a-f547a985eee5\" class=\"shg-c \">\n<div class=\"shogun-heading-component\">\n<h4>TOIME<\/h4>\n<\/div>\n<\/div>\n<div id=\"s-2288c399-abbb-47f7-a36a-cd8002d7f60a\" class=\"shg-c \">\n<div class=\"shg-rich-text shg-theme-text-content\">\n<ul>\n<li>C-vitamiin tasakaalustab kollageeni ja melaniini s\u00fcnteesis osalevaid ens\u00fc\u00fcme, neutraliseerib vabu radikaale.<\/li>\n<li>Suurendab kollageeni s\u00fcnteesi ja v\u00e4hendab t\u00fcrosinaasi aktiivsust.<\/li>\n<li>Suureneb naha antioks\u00fcdantne kaitse.<\/li>\n<li>Peened jooned ja kortsud siluvad.<\/li>\n<li>Tumedad laigud muutuvad heledamaks, jume muutub \u00fchtlasemaks.<\/li>\n<li>Nahk on kaitstud enneaegse vananemise eest.<\/li>\n<\/ul>\n<\/div>\n<\/div>\n<div id=\"s-63965e03-2cf4-441a-be0e-ae0ec84b51d6\" class=\"shg-c \">\n<div class=\"shogun-heading-component\">\n<h4>KASUTAMINE<\/h4>\n<\/div>\n<\/div>\n<div id=\"s-8dda1559-ce87-4be2-8846-71fdbe0096ed\" class=\"shg-c \">\n<div class=\"shg-rich-text shg-theme-text-content\">\n<p>Kandke hommikul ja \u00f5htul ning vastavalt vajadusele.<\/p>\n<\/div>\n<\/div>\n<div id=\"s-1ed3271c-eca6-43b2-911d-2aa82c6c8305\" class=\"shg-c \">\n<div class=\"shogun-heading-component\">\n<h4>KOOSTIS<\/h4>\n<\/div>\n<\/div>\n<div id=\"s-21ef7474-438a-409b-bc2d-d11b82a97af2\" class=\"shg-c \">\n<div class=\"shg-rich-text shg-theme-text-content\">\n<p>Askorbiinhape, pol\u00fckvaternium-10, Simmondsia Chinensis (jojoba) seemne\u00f5li, vesi (vesi), gl\u00fctseriin, 1,5-pentaandiool, naatriumlaktaat, laktobatsilli ferment.<\/p>\n<\/div>\n<\/div>\n","protected":false},"excerpt":{"rendered":"<p>79% L-askorbiinhappega kontsentraat aitab pinguldab naha kontuure, v\u00e4hendab peeneid joonekesi ja kortse, muudab naha v\u00e4rvuse heledamaks ja kaitseb kollageeni struktuuri.<\/p>\n<p>N\u00e4oseerum on 100% silikoonivaba, alumiiniumivaba, alkoholivaba, julmusevaba ja mikroplastivaba.<\/p>\n","protected":false},"featured_media":6853,"comment_status":"closed","ping_status":"closed","template":"","meta":{"_uag_custom_page_level_css":"","site-sidebar-layout":"default","site-content-layout":"","ast-site-content-layout":"default","site-content-style":"default","site-sidebar-style":"default","ast-global-header-display":"","ast-banner-title-visibility":"","ast-main-header-display":"","ast-hfb-above-header-display":"","ast-hfb-below-header-display":"","ast-hfb-mobile-header-display":"","site-post-title":"","ast-breadcrumbs-content":"","ast-featured-img":"","footer-sml-layout":"","ast-disable-related-posts":"","theme-transparent-header-meta":"default","adv-header-id-meta":"","stick-header-meta":"","header-above-stick-meta":"","header-main-stick-meta":"","header-below-stick-meta":"","astra-migrate-meta-layouts":"set","ast-page-background-enabled":"default","ast-page-background-meta":{"desktop":{"background-color":"var(--ast-global-color-4)","background-image":"","background-repeat":"repeat","background-position":"center center","background-size":"auto","background-attachment":"scroll","background-type":"","background-media":"","overlay-type":"","overlay-color":"","overlay-opacity":"","overlay-gradient":""},"tablet":{"background-color":"","background-image":"","background-repeat":"repeat","background-position":"center center","background-size":"auto","background-attachment":"scroll","background-type":"","background-media":"","overlay-type":"","overlay-color":"","overlay-opacity":"","overlay-gradient":""},"mobile":{"background-color":"","background-image":"","background-repeat":"repeat","background-position":"center center","background-size":"auto","background-attachment":"scroll","background-type":"","background-media":"","overlay-type":"","overlay-color":"","overlay-opacity":"","overlay-gradient":""}},"ast-content-background-meta":{"desktop":{"background-color":"var(--ast-global-color-5)","background-image":"","background-repeat":"repeat","background-position":"center center","background-size":"auto","background-attachment":"scroll","background-type":"","background-media":"","overlay-type":"","overlay-color":"","overlay-opacity":"","overlay-gradient":""},"tablet":{"background-color":"var(--ast-global-color-5)","background-image":"","background-repeat":"repeat","background-position":"center center","background-size":"auto","background-attachment":"scroll","background-type":"","background-media":"","overlay-type":"","overlay-color":"","overlay-opacity":"","overlay-gradient":""},"mobile":{"background-color":"var(--ast-global-color-5)","background-image":"","background-repeat":"repeat","background-position":"center center","background-size":"auto","background-attachment":"scroll","background-type":"","background-media":"","overlay-type":"","overlay-color":"","overlay-opacity":"","overlay-gradient":""}}},"product_brand":[],"product_cat":[96,97,95],"product_tag":[],"class_list":{"0":"post-5205","1":"product","2":"type-product","3":"status-publish","4":"has-post-thumbnail","6":"product_cat-brands","7":"product_cat-naole","8":"product_cat-reveel","9":"desktop-align-left","10":"tablet-align-left","11":"mobile-align-left","13":"first","14":"instock","15":"taxable","16":"shipping-taxable","17":"product-type-simple","18":"add-to-wishlist-before_image"},"uagb_featured_image_src":{"full":["https:\/\/kosmeetika24.com\/wp-content\/uploads\/2024\/05\/ReveelActivatorforVitaminC_2000x.webp",1280,1280,false],"thumbnail":["https:\/\/kosmeetika24.com\/wp-content\/uploads\/2024\/05\/ReveelActivatorforVitaminC_2000x-150x150.webp",150,150,true],"medium":["https:\/\/kosmeetika24.com\/wp-content\/uploads\/2024\/05\/ReveelActivatorforVitaminC_2000x-300x300.webp",300,300,true],"medium_large":["https:\/\/kosmeetika24.com\/wp-content\/uploads\/2024\/05\/ReveelActivatorforVitaminC_2000x-768x768.webp",768,768,true],"large":["https:\/\/kosmeetika24.com\/wp-content\/uploads\/2024\/05\/ReveelActivatorforVitaminC_2000x-1024x1024.webp",1024,1024,true],"1536x1536":["https:\/\/kosmeetika24.com\/wp-content\/uploads\/2024\/05\/ReveelActivatorforVitaminC_2000x.webp",1280,1280,false],"2048x2048":["https:\/\/kosmeetika24.com\/wp-content\/uploads\/2024\/05\/ReveelActivatorforVitaminC_2000x.webp",1280,1280,false],"trp-custom-language-flag":["https:\/\/kosmeetika24.com\/wp-content\/uploads\/2024\/05\/ReveelActivatorforVitaminC_2000x-12x12.webp",12,12,true],"woocommerce_thumbnail":["https:\/\/kosmeetika24.com\/wp-content\/uploads\/2024\/05\/ReveelActivatorforVitaminC_2000x-300x300.webp",300,300,true],"woocommerce_single":["https:\/\/kosmeetika24.com\/wp-content\/uploads\/2024\/05\/ReveelActivatorforVitaminC_2000x-500x500.webp",500,500,true],"woocommerce_gallery_thumbnail":["https:\/\/kosmeetika24.com\/wp-content\/uploads\/2024\/05\/ReveelActivatorforVitaminC_2000x-100x100.webp",100,100,true]},"uagb_author_info":{"display_name":"admin","author_link":"https:\/\/kosmeetika24.com\/et\/author\/"},"uagb_comment_info":0,"uagb_excerpt":"79% L-askorbiinhappega kontsentraat aitab pinguldab naha kontuure, v\u00e4hendab peeneid joonekesi ja kortse, muudab naha v\u00e4rvuse heledamaks ja kaitseb kollageeni struktuuri. N\u00e4oseerum on 100% silikoonivaba, alumiiniumivaba, alkoholivaba, julmusevaba ja mikroplastivaba.","_links":{"self":[{"href":"https:\/\/kosmeetika24.com\/et\/wp-json\/wp\/v2\/product\/5205","targetHints":{"allow":["GET"]}}],"collection":[{"href":"https:\/\/kosmeetika24.com\/et\/wp-json\/wp\/v2\/product"}],"about":[{"href":"https:\/\/kosmeetika24.com\/et\/wp-json\/wp\/v2\/types\/product"}],"replies":[{"embeddable":true,"href":"https:\/\/kosmeetika24.com\/et\/wp-json\/wp\/v2\/comments?post=5205"}],"version-history":[{"count":8,"href":"https:\/\/kosmeetika24.com\/et\/wp-json\/wp\/v2\/product\/5205\/revisions"}],"predecessor-version":[{"id":6805,"href":"https:\/\/kosmeetika24.com\/et\/wp-json\/wp\/v2\/product\/5205\/revisions\/6805"}],"wp:featuredmedia":[{"embeddable":true,"href":"https:\/\/kosmeetika24.com\/et\/wp-json\/wp\/v2\/media\/6853"}],"wp:attachment":[{"href":"https:\/\/kosmeetika24.com\/et\/wp-json\/wp\/v2\/media?parent=5205"}],"wp:term":[{"taxonomy":"product_brand","embeddable":true,"href":"https:\/\/kosmeetika24.com\/et\/wp-json\/wp\/v2\/product_brand?post=5205"},{"taxonomy":"product_cat","embeddable":true,"href":"https:\/\/kosmeetika24.com\/et\/wp-json\/wp\/v2\/product_cat?post=5205"},{"taxonomy":"product_tag","embeddable":true,"href":"https:\/\/kosmeetika24.com\/et\/wp-json\/wp\/v2\/product_tag?post=5205"}],"curies":[{"name":"wp","href":"https:\/\/api.w.org\/{rel}","templated":true}]}}