{"id":3265,"date":"2024-05-31T09:07:47","date_gmt":"2024-05-31T09:07:47","guid":{"rendered":"https:\/\/kosmeetika24.com\/?post_type=product&#038;p=3265"},"modified":"2025-11-13T12:09:07","modified_gmt":"2025-11-13T09:09:07","slug":"mesotech-global-meso-complex-vananemisvastane-kokteil","status":"publish","type":"product","link":"https:\/\/kosmeetika24.com\/et\/toode\/mesotech-global-meso-complex-vananemisvastane-kokteil\/","title":{"rendered":"Mesotech Global Meso Complex &#8211; vananemisvastane kokteil"},"content":{"rendered":"<p id=\"tw-target-text\" class=\"tw-data-text tw-text-large tw-ta\" dir=\"ltr\" data-placeholder=\"T\u00f5lge\"><span class=\"Y2IQFc\" lang=\"et\">Global Meso Complex annab suurep\u00e4raseid vananemisvastaseid tulemusi ja tagab naha kvaliteedi \u00f5ige s\u00e4ilimise, v\u00f5ideldes t\u00f5husalt naha l\u00f5tvumise vastu.<\/span><\/p>\n<p class=\"tw-data-text tw-text-large tw-ta\" dir=\"ltr\" data-placeholder=\"T\u00f5lge\"><span class=\"Y2IQFc\" lang=\"et\"> Koosneb homogeensetest ja teistest t\u00f5husatest segudest, millel puuduvad <\/span><span class=\"Y2IQFc\" lang=\"et\">k\u00f5rvaltoimed. <\/span><\/p>\n<p class=\"tw-data-text tw-text-large tw-ta\" dir=\"ltr\" data-placeholder=\"T\u00f5lge\"><span class=\"Y2IQFc\" lang=\"et\">Sobib k\u00f5ikidele nahat\u00fc\u00fcpidele, v\u00f5ideldes edukalt vananemisilmingute vastu (kollageenikiudude ja mikrotsirkulatsiooni muutus). <\/span><\/p>\n<p class=\"tw-data-text tw-text-large tw-ta\" dir=\"ltr\" data-placeholder=\"T\u00f5lge\"><span class=\"Y2IQFc\" lang=\"et\">Global Meso Complex\u00a0 sobib naha stimuleerimiseks ja taaselustamiseks, v\u00f5imaldab hooldada kortse ning v\u00e4sinud, n\u00f5rgenenud ja haprat nahka, samuti suurep\u00e4rane hooldus p\u00e4ikesekahjustusega v\u00f5i v\u00e4ga deh\u00fcdreeritud nahale.<\/span><\/p>\n<h6 dir=\"ltr\" data-placeholder=\"T\u00f5lge\"><strong>PEAMISED TOIMEAINED<\/strong><\/h6>\n<p dir=\"ltr\" data-placeholder=\"T\u00f5lge\">DMAE, multivitamiinid, naatrium PCA, aminohapped.<\/p>\n<h6><strong>N\u00c4IDUSTUSED<\/strong><\/h6>\n<ul>\n<li>Vananemisvastane (fotovananemine, kronovananemine)<\/li>\n<li>Parandab stressis nahka.<\/li>\n<li>M\u00f5\u00f5dukad ja s\u00fcgavad kortsud.<\/li>\n<li>Naha l\u00f5tvumine ja tiheduse v\u00e4henemine \u2013 hall ja tuhm nahk.<\/li>\n<li>Naha pinge kadumine n\u00e4ol ja kaelal.<\/li>\n<li>Toniseeriva toimega niisutamine.<\/li>\n<\/ul>\n<h6><strong>RAKENDUS<\/strong><\/h6>\n<ul>\n<li><strong>Fotovananemine<\/strong>\u00a0: 1 seanss n\u00e4dalas 1 kuu jooksul, seej\u00e4rel \u00fcks kord 15 p\u00e4eva jooksul 2 kuu jooksul.\u00a0P\u00e4rast seda kord kuus.<\/li>\n<li><strong>Krooniline vanandamine<\/strong>\u00a0: 1x n\u00e4dalas 2 kuu jooksul, seej\u00e4rel kord kuus.<\/li>\n<\/ul>\n<h6><strong>ANNUSTAMINE<\/strong><\/h6>\n<ul>\n<li>N\u00e4gu: 1,0 ml \u2013 2,0 ml<\/li>\n<li>Kael: 1,0 ml<\/li>\n<li>Dekoltee: 2,5 ml<\/li>\n<li>K\u00e4ed: 1,0 ml k\u00e4e kohta<\/li>\n<\/ul>\n","protected":false},"excerpt":{"rendered":"<p class=\"tw-data-text tw-text-large tw-ta\" dir=\"ltr\" data-placeholder=\"T\u00f5lge\"><span class=\"Y2IQFc\" lang=\"et\">Global Meso Complex\u00a0 sobib naha stimuleerimiseks ja taaselustamiseks, v\u00f5imaldab hooldada kortse ning v\u00e4sinud, n\u00f5rgenenud ja haprat nahka, samuti suurep\u00e4rane hooldus p\u00e4ikesekahjustusega v\u00f5i v\u00e4ga deh\u00fcdreeritud nahale.<\/span><\/p>\n<p dir=\"ltr\" data-placeholder=\"T\u00f5lge\">1 box = 10 vials of 5mL e.a.<\/p>\n","protected":false},"featured_media":6914,"comment_status":"closed","ping_status":"closed","template":"","meta":{"_uag_custom_page_level_css":"","site-sidebar-layout":"default","site-content-layout":"","ast-site-content-layout":"default","site-content-style":"default","site-sidebar-style":"default","ast-global-header-display":"","ast-banner-title-visibility":"","ast-main-header-display":"","ast-hfb-above-header-display":"","ast-hfb-below-header-display":"","ast-hfb-mobile-header-display":"","site-post-title":"","ast-breadcrumbs-content":"","ast-featured-img":"","footer-sml-layout":"","ast-disable-related-posts":"","theme-transparent-header-meta":"default","adv-header-id-meta":"","stick-header-meta":"","header-above-stick-meta":"","header-main-stick-meta":"","header-below-stick-meta":"","astra-migrate-meta-layouts":"set","ast-page-background-enabled":"default","ast-page-background-meta":{"desktop":{"background-color":"var(--ast-global-color-4)","background-image":"","background-repeat":"repeat","background-position":"center center","background-size":"auto","background-attachment":"scroll","background-type":"","background-media":"","overlay-type":"","overlay-color":"","overlay-opacity":"","overlay-gradient":""},"tablet":{"background-color":"","background-image":"","background-repeat":"repeat","background-position":"center center","background-size":"auto","background-attachment":"scroll","background-type":"","background-media":"","overlay-type":"","overlay-color":"","overlay-opacity":"","overlay-gradient":""},"mobile":{"background-color":"","background-image":"","background-repeat":"repeat","background-position":"center center","background-size":"auto","background-attachment":"scroll","background-type":"","background-media":"","overlay-type":"","overlay-color":"","overlay-opacity":"","overlay-gradient":""}},"ast-content-background-meta":{"desktop":{"background-color":"var(--ast-global-color-5)","background-image":"","background-repeat":"repeat","background-position":"center center","background-size":"auto","background-attachment":"scroll","background-type":"","background-media":"","overlay-type":"","overlay-color":"","overlay-opacity":"","overlay-gradient":""},"tablet":{"background-color":"var(--ast-global-color-5)","background-image":"","background-repeat":"repeat","background-position":"center center","background-size":"auto","background-attachment":"scroll","background-type":"","background-media":"","overlay-type":"","overlay-color":"","overlay-opacity":"","overlay-gradient":""},"mobile":{"background-color":"var(--ast-global-color-5)","background-image":"","background-repeat":"repeat","background-position":"center center","background-size":"auto","background-attachment":"scroll","background-type":"","background-media":"","overlay-type":"","overlay-color":"","overlay-opacity":"","overlay-gradient":""}}},"product_brand":[],"product_cat":[96,127,78,97],"product_tag":[],"class_list":{"0":"post-3265","1":"product","2":"type-product","3":"status-publish","4":"has-post-thumbnail","6":"product_cat-brands","7":"product_cat-eksosoomid","8":"product_cat-global-meso","9":"product_cat-naole","10":"desktop-align-left","11":"tablet-align-left","12":"mobile-align-left","14":"first","15":"instock","16":"taxable","17":"shipping-taxable","18":"product-type-simple","19":"add-to-wishlist-before_image"},"uagb_featured_image_src":{"full":["https:\/\/kosmeetika24.com\/wp-content\/uploads\/2024\/05\/Global-meso.jpg",1800,1800,false],"thumbnail":["https:\/\/kosmeetika24.com\/wp-content\/uploads\/2024\/05\/Global-meso-150x150.jpg",150,150,true],"medium":["https:\/\/kosmeetika24.com\/wp-content\/uploads\/2024\/05\/Global-meso-300x300.jpg",300,300,true],"medium_large":["https:\/\/kosmeetika24.com\/wp-content\/uploads\/2024\/05\/Global-meso-768x768.jpg",768,768,true],"large":["https:\/\/kosmeetika24.com\/wp-content\/uploads\/2024\/05\/Global-meso-1024x1024.jpg",1024,1024,true],"1536x1536":["https:\/\/kosmeetika24.com\/wp-content\/uploads\/2024\/05\/Global-meso-1536x1536.jpg",1536,1536,true],"2048x2048":["https:\/\/kosmeetika24.com\/wp-content\/uploads\/2024\/05\/Global-meso.jpg",1800,1800,false],"trp-custom-language-flag":["https:\/\/kosmeetika24.com\/wp-content\/uploads\/2024\/05\/Global-meso-12x12.jpg",12,12,true],"woocommerce_thumbnail":["https:\/\/kosmeetika24.com\/wp-content\/uploads\/2024\/05\/Global-meso-300x300.jpg",300,300,true],"woocommerce_single":["https:\/\/kosmeetika24.com\/wp-content\/uploads\/2024\/05\/Global-meso-500x500.jpg",500,500,true],"woocommerce_gallery_thumbnail":["https:\/\/kosmeetika24.com\/wp-content\/uploads\/2024\/05\/Global-meso-100x100.jpg",100,100,true]},"uagb_author_info":{"display_name":"admin","author_link":"https:\/\/kosmeetika24.com\/et\/author\/"},"uagb_comment_info":0,"uagb_excerpt":"Global Meso Complex\u00a0 sobib naha stimuleerimiseks ja taaselustamiseks, v\u00f5imaldab hooldada kortse ning v\u00e4sinud, n\u00f5rgenenud ja haprat nahka, samuti suurep\u00e4rane hooldus p\u00e4ikesekahjustusega v\u00f5i v\u00e4ga deh\u00fcdreeritud nahale. 1 box = 10 vials of 5mL e.a.","_links":{"self":[{"href":"https:\/\/kosmeetika24.com\/et\/wp-json\/wp\/v2\/product\/3265","targetHints":{"allow":["GET"]}}],"collection":[{"href":"https:\/\/kosmeetika24.com\/et\/wp-json\/wp\/v2\/product"}],"about":[{"href":"https:\/\/kosmeetika24.com\/et\/wp-json\/wp\/v2\/types\/product"}],"replies":[{"embeddable":true,"href":"https:\/\/kosmeetika24.com\/et\/wp-json\/wp\/v2\/comments?post=3265"}],"version-history":[{"count":3,"href":"https:\/\/kosmeetika24.com\/et\/wp-json\/wp\/v2\/product\/3265\/revisions"}],"predecessor-version":[{"id":5451,"href":"https:\/\/kosmeetika24.com\/et\/wp-json\/wp\/v2\/product\/3265\/revisions\/5451"}],"wp:featuredmedia":[{"embeddable":true,"href":"https:\/\/kosmeetika24.com\/et\/wp-json\/wp\/v2\/media\/6914"}],"wp:attachment":[{"href":"https:\/\/kosmeetika24.com\/et\/wp-json\/wp\/v2\/media?parent=3265"}],"wp:term":[{"taxonomy":"product_brand","embeddable":true,"href":"https:\/\/kosmeetika24.com\/et\/wp-json\/wp\/v2\/product_brand?post=3265"},{"taxonomy":"product_cat","embeddable":true,"href":"https:\/\/kosmeetika24.com\/et\/wp-json\/wp\/v2\/product_cat?post=3265"},{"taxonomy":"product_tag","embeddable":true,"href":"https:\/\/kosmeetika24.com\/et\/wp-json\/wp\/v2\/product_tag?post=3265"}],"curies":[{"name":"wp","href":"https:\/\/api.w.org\/{rel}","templated":true}]}}