{"id":3248,"date":"2024-01-25T13:28:57","date_gmt":"2024-01-25T13:28:57","guid":{"rendered":"https:\/\/kosmeetika24.com\/?post_type=product&#038;p=3248"},"modified":"2025-07-02T11:23:52","modified_gmt":"2025-07-02T08:23:52","slug":"wishpro-plus-seadme-punane-tehnoloogiline-pea","status":"publish","type":"product","link":"https:\/\/kosmeetika24.com\/et\/toode\/wishpro-plus-seadme-punane-tehnoloogiline-pea\/","title":{"rendered":"WISHPRO Plus+ seadme punane tehnoloogiline pea"},"content":{"rendered":"<p>Kui nahk vajab tugevat energiaannust \u2013 siis on sellele lahendus!<\/p>\n<p><strong>WishPro Plus+<\/strong> seadme punane pea kasutab <strong>fototeraapiat<\/strong>\u00a0660nm\u00a0<strong>LED-valgusega<\/strong>, mis stimuleerib intensiivselt naha regeneratiivseid protsesse.<\/p>\n<p>Punase valguse fototeraapia l\u00f5id\u00a0<strong>NASA<\/strong>\u00a0teadlased, kes otsisid lahendust naha vananemisprotsessi peatamiseks kosmoses. Ja t\u00e4na saate seda tehnoloogiat kasutada oma ilusalongis!\u00a0<strong>660nm valgusega punane pea stimuleerib nahka kolmel tasandil!<\/strong><\/p>\n<p><strong>1. Rakuenergia suurenemine mitokondri tasemel<\/strong>\u00a0\u2013 \u00fcksikute rakkude\u00a0<strong>regeneratiivsete protsesside intensiivne stimuleerimine<\/strong>\u00a0ja dermise temperatuuri t\u00f5us.<\/p>\n<p><strong>2<\/strong>.\u00a0<strong>Gl\u00fckoosi muundamise kiirendamine ATP-ks<\/strong>\u00a0\u2013 fibroblastide stimuleerimine\u00a0<strong>nahka toetavate kiudude<\/strong>, n\u00e4iteks kollageeni ja elastiini tootmiseks.<\/p>\n<p><strong>3<\/strong>. Immuuns\u00fcsteemi stimuleerimine \u2013 pannes immuuns\u00fcsteemi<b> vabastama ts\u00fctokiine, kiirendab <\/b>see <b>naha loomulikke paranemisprotsesse.<\/b><\/p>\n","protected":false},"excerpt":{"rendered":"<p>Punane valgus, mis aitab teil end suurep\u00e4raselt tunda ja tervem v\u00e4lja n\u00e4ha, annab nahatoonidele rohkem erksust ja s\u00e4ra.<\/p>\n<p>Noorendav, elustav ja energiat andev.<\/p>\n","protected":false},"featured_media":3228,"comment_status":"open","ping_status":"closed","template":"","meta":{"_uag_custom_page_level_css":"","site-sidebar-layout":"default","site-content-layout":"","ast-site-content-layout":"default","site-content-style":"default","site-sidebar-style":"default","ast-global-header-display":"","ast-banner-title-visibility":"","ast-main-header-display":"","ast-hfb-above-header-display":"","ast-hfb-below-header-display":"","ast-hfb-mobile-header-display":"","site-post-title":"","ast-breadcrumbs-content":"","ast-featured-img":"","footer-sml-layout":"","ast-disable-related-posts":"","theme-transparent-header-meta":"default","adv-header-id-meta":"","stick-header-meta":"","header-above-stick-meta":"","header-main-stick-meta":"","header-below-stick-meta":"","astra-migrate-meta-layouts":"set","ast-page-background-enabled":"default","ast-page-background-meta":{"desktop":{"background-color":"var(--ast-global-color-4)","background-image":"","background-repeat":"repeat","background-position":"center center","background-size":"auto","background-attachment":"scroll","background-type":"","background-media":"","overlay-type":"","overlay-color":"","overlay-opacity":"","overlay-gradient":""},"tablet":{"background-color":"","background-image":"","background-repeat":"repeat","background-position":"center center","background-size":"auto","background-attachment":"scroll","background-type":"","background-media":"","overlay-type":"","overlay-color":"","overlay-opacity":"","overlay-gradient":""},"mobile":{"background-color":"","background-image":"","background-repeat":"repeat","background-position":"center center","background-size":"auto","background-attachment":"scroll","background-type":"","background-media":"","overlay-type":"","overlay-color":"","overlay-opacity":"","overlay-gradient":""}},"ast-content-background-meta":{"desktop":{"background-color":"var(--ast-global-color-5)","background-image":"","background-repeat":"repeat","background-position":"center center","background-size":"auto","background-attachment":"scroll","background-type":"","background-media":"","overlay-type":"","overlay-color":"","overlay-opacity":"","overlay-gradient":""},"tablet":{"background-color":"var(--ast-global-color-5)","background-image":"","background-repeat":"repeat","background-position":"center center","background-size":"auto","background-attachment":"scroll","background-type":"","background-media":"","overlay-type":"","overlay-color":"","overlay-opacity":"","overlay-gradient":""},"mobile":{"background-color":"var(--ast-global-color-5)","background-image":"","background-repeat":"repeat","background-position":"center center","background-size":"auto","background-attachment":"scroll","background-type":"","background-media":"","overlay-type":"","overlay-color":"","overlay-opacity":"","overlay-gradient":""}}},"product_brand":[],"product_cat":[96,99,80],"product_tag":[],"class_list":{"0":"post-3248","1":"product","2":"type-product","3":"status-publish","4":"has-post-thumbnail","6":"product_cat-brands","7":"product_cat-seadmed","8":"product_cat-wishpro","9":"desktop-align-left","10":"tablet-align-left","11":"mobile-align-left","13":"first","14":"instock","15":"taxable","16":"shipping-taxable","17":"product-type-simple","18":"add-to-wishlist-before_image"},"uagb_featured_image_src":{"full":["https:\/\/kosmeetika24.com\/wp-content\/uploads\/2024\/01\/5_wishpro-head-rejuvenation_.webp",576,480,false],"thumbnail":["https:\/\/kosmeetika24.com\/wp-content\/uploads\/2024\/01\/5_wishpro-head-rejuvenation_-150x150.webp",150,150,true],"medium":["https:\/\/kosmeetika24.com\/wp-content\/uploads\/2024\/01\/5_wishpro-head-rejuvenation_-300x250.webp",300,250,true],"medium_large":["https:\/\/kosmeetika24.com\/wp-content\/uploads\/2024\/01\/5_wishpro-head-rejuvenation_.webp",576,480,false],"large":["https:\/\/kosmeetika24.com\/wp-content\/uploads\/2024\/01\/5_wishpro-head-rejuvenation_.webp",576,480,false],"1536x1536":["https:\/\/kosmeetika24.com\/wp-content\/uploads\/2024\/01\/5_wishpro-head-rejuvenation_.webp",576,480,false],"2048x2048":["https:\/\/kosmeetika24.com\/wp-content\/uploads\/2024\/01\/5_wishpro-head-rejuvenation_.webp",576,480,false],"trp-custom-language-flag":["https:\/\/kosmeetika24.com\/wp-content\/uploads\/2024\/01\/5_wishpro-head-rejuvenation_-14x12.webp",14,12,true],"woocommerce_thumbnail":["https:\/\/kosmeetika24.com\/wp-content\/uploads\/2024\/01\/5_wishpro-head-rejuvenation_-300x300.webp",300,300,true],"woocommerce_single":["https:\/\/kosmeetika24.com\/wp-content\/uploads\/2024\/01\/5_wishpro-head-rejuvenation_-500x417.webp",500,417,true],"woocommerce_gallery_thumbnail":["https:\/\/kosmeetika24.com\/wp-content\/uploads\/2024\/01\/5_wishpro-head-rejuvenation_-100x100.webp",100,100,true]},"uagb_author_info":{"display_name":"admin","author_link":"https:\/\/kosmeetika24.com\/et\/author\/"},"uagb_comment_info":0,"uagb_excerpt":"Punane valgus, mis aitab teil end suurep\u00e4raselt tunda ja tervem v\u00e4lja n\u00e4ha, annab nahatoonidele rohkem erksust ja s\u00e4ra. Noorendav, elustav ja energiat andev.","_links":{"self":[{"href":"https:\/\/kosmeetika24.com\/et\/wp-json\/wp\/v2\/product\/3248","targetHints":{"allow":["GET"]}}],"collection":[{"href":"https:\/\/kosmeetika24.com\/et\/wp-json\/wp\/v2\/product"}],"about":[{"href":"https:\/\/kosmeetika24.com\/et\/wp-json\/wp\/v2\/types\/product"}],"replies":[{"embeddable":true,"href":"https:\/\/kosmeetika24.com\/et\/wp-json\/wp\/v2\/comments?post=3248"}],"version-history":[{"count":1,"href":"https:\/\/kosmeetika24.com\/et\/wp-json\/wp\/v2\/product\/3248\/revisions"}],"predecessor-version":[{"id":4752,"href":"https:\/\/kosmeetika24.com\/et\/wp-json\/wp\/v2\/product\/3248\/revisions\/4752"}],"wp:featuredmedia":[{"embeddable":true,"href":"https:\/\/kosmeetika24.com\/et\/wp-json\/wp\/v2\/media\/3228"}],"wp:attachment":[{"href":"https:\/\/kosmeetika24.com\/et\/wp-json\/wp\/v2\/media?parent=3248"}],"wp:term":[{"taxonomy":"product_brand","embeddable":true,"href":"https:\/\/kosmeetika24.com\/et\/wp-json\/wp\/v2\/product_brand?post=3248"},{"taxonomy":"product_cat","embeddable":true,"href":"https:\/\/kosmeetika24.com\/et\/wp-json\/wp\/v2\/product_cat?post=3248"},{"taxonomy":"product_tag","embeddable":true,"href":"https:\/\/kosmeetika24.com\/et\/wp-json\/wp\/v2\/product_tag?post=3248"}],"curies":[{"name":"wp","href":"https:\/\/api.w.org\/{rel}","templated":true}]}}