{"id":3235,"date":"2024-01-25T10:16:27","date_gmt":"2024-01-25T10:16:27","guid":{"rendered":"https:\/\/kosmeetika24.com\/?post_type=product&#038;p=3235"},"modified":"2025-07-02T11:26:19","modified_gmt":"2025-07-02T08:26:19","slug":"wishpro-plus-eu-masin","status":"publish","type":"product","link":"https:\/\/kosmeetika24.com\/et\/toode\/wishpro-plus-eu-masin\/","title":{"rendered":"WISHPRO Plus+ EU seade"},"content":{"rendered":"<p><img decoding=\"async\" class=\"aligncenter\" src=\"https:\/\/mimari.com.pl\/public\/assets\/WISH\/Wishproplus.png\" alt=\"\" width=\"213\" height=\"80\" \/><\/p>\n<p style=\"text-align: center;\"><strong>T\u00e4ielik innovatsioon professionaalses nahahoolduses!<\/strong><\/p>\n<p style=\"text-align: center;\">Ainus seade maailmas, mis kasutab ainulaadset magnetinfusioonitehnoloogiat ja nelja erinevat ravipead!<\/p>\n<p style=\"text-align: center;\">T\u00e4nu\u00a0<strong>magnetilise infusiooni tehnoloogia<\/strong>\u00a0kombinatsioonile\u00a0<strong>punase<\/strong>\u00a0(660nm) ja\u00a0<strong>sinise<\/strong>\u00a0(420-470nm)\u00a0<strong>LED-valgusega<\/strong>\u00a0ning\u00a0<strong>vooluga 500 \u03bcA<\/strong>, saavutame efekte, mida pole seni saavutatud!<\/p>\n<p style=\"text-align: center;\">Teie nahk on noorenenud, s\u00e4rav, niisutatud, pinguldatud ja tervem kui kunagi varem!<\/p>\n<p style=\"text-align: center;\">Tee oma unistused ilusast nahast teoks\u00a0<strong>WishPro Plus+<\/strong>\u00a0abil vaid 15 minutiga!<\/p>\n<hr \/>\n<h2 style=\"text-align: center;\"><span class=\"wysiwyg-font-size-medium\"><strong>Kus teadus kohtub maagiaga \u2013 see on koht, kus WishPro luuakse<\/strong><\/span><\/h2>\n<p style=\"text-align: center;\"><strong>Synoia Technologies LTD<\/strong>\u00a0on 2008. aastal\u00a0<strong>Iisraelis<\/strong>\u00a0<strong>BDR Groupi<\/strong>\u00a0tehnoloogiagrupi osana asutatud ettev\u00f5te, mille eesm\u00e4rk on pakkuda kosmeetikaturule\u00a0<strong>uusi tehnoloogilisi ja patendilahendusi<\/strong>, avastades seel\u00e4bi\u00a0<strong>kvaliteetsed t\u00f5husad ja 100% ohutud ravimeetodid!<\/strong><\/p>\n<p style=\"text-align: center;\">Ettev\u00f5tte kreedo on peamiselt t\u00f5husate uuenduste otsimine,\u00a0<strong>s\u00e4ilitades samal ajal pakutavate lahenduste ohutuse ja mitteinvasiivsuse<\/strong>.<\/p>\n<p style=\"text-align: center;\">Synoia Technologies\u2019i lahenduste k\u00f5rget kvaliteeti ja t\u00f5husust\u00a0<strong>kinnitavad globaalsed patendid ja mitmed sertifikaadid:<\/strong><\/p>\n<p style=\"text-align: center;\"><strong>ISO 9001:2015, ISO 13458:2016, ISO 22716:2007, GMP, CTFA, TCB<\/strong><\/p>\n<p style=\"text-align: center;\"><strong>WishPro Plus+\u00a0teeb teoks teie unistused ilusast nahast!<\/strong><\/p>\n<p style=\"text-align: center;\">Naha t\u00e4ielik uuenemine vaid 15 minutiga!<\/p>\n<p style=\"text-align: center;\">\u2713 100% mitteinvasiivne ja ohutu!<\/p>\n<p style=\"text-align: center;\">\u2713 K\u00f5ikidele nahat\u00fc\u00fcpidele!<\/p>\n<p style=\"text-align: center;\">\u2713 13 erinevat kapslit 4 reast!<\/p>\n<p style=\"text-align: center;\">\u2713 1 seade = 50 erinevat hoolitsust!<\/p>\n<p style=\"text-align: center;\">\u2713 Mugav, juhtmeta t\u00f6\u00f6.<\/p>\n<p style=\"text-align: center;\">\u2713 Ilma laadimiseta saab teha kuni 15 protseduuri!<\/p>\n<p style=\"text-align: center;\">\u2713 Aastaringne t\u00f6\u00f6v\u00f5imalus!<\/p>\n<p style=\"text-align: center;\">\u2713 T\u00e4ielik tehnoloogiline innovatsioon!<\/p>\n<p style=\"text-align: center;\">\u2713 T\u00f5estatud t\u00f5hususega toimeained!<\/p>\n<p style=\"text-align: center;\">\u2713 T\u00e4ielikult mobiilne seade, saate pea \u00fcksi ilma aluseta kaasa v\u00f5tta!<\/p>\n<p style=\"text-align: center;\">\u2713 Taastumisperiood puudub!<\/p>\n<p style=\"text-align: center;\">\u2713 V\u00f5imalus kombineerida\u00a0<strong>WishPro Plus+ hoolitsust<\/strong>\u00a0teiste meetodite ja seadmetega!<\/p>\n<p style=\"text-align: center;\">\u2713 \u00c4\u00e4rmiselt meeldiv ja l\u00f5\u00f5gastav protseduur<\/p>\n<p style=\"text-align: center;\">\u2713 T\u00f5husust kinnitavad sertifikaadid ja patendid!<\/p>\n<p style=\"text-align: center;\">\u2713 \u00dcle 30 riigi \u00fcle maailma on armunud\u00a0<strong>WishPro Plus+<\/strong>!<\/p>\n<p style=\"text-align: center;\">\u2713 \u00dcle 11 aasta t\u00f5hususe uuringuid!<\/p>\n<p style=\"text-align: center;\"><strong>Magnetinfusiooni kaasaegne tehnoloogia T.I.M<\/strong><\/p>\n<p style=\"text-align: center;\"><strong>Suur valik WishPro Plus+ seadmele p\u00fchendatud \u00fchekordselt kasutatavaid kapsleid annab teile v\u00f5imaluse kasutada ravi k\u00f5igi nahaprobleemide korral, tagades seel\u00e4bi t\u00f6\u00f6mugavuse ja steriilsuse!<\/strong><\/p>\n<p style=\"text-align: center;\"><strong>Revolutsiooniline lahendus igale ilusalongile!<\/strong><\/p>\n<p style=\"text-align: center;\">Kas teie klientidel on igav oma varasemate ravimeetoditega?<\/p>\n<p style=\"text-align: center;\">Kas otsite midagi selges\u00f5nalist, mis annaks teile kohese efekti?<\/p>\n<p style=\"text-align: center;\">Kas teie salongiklientidele ei meeldi v\u00f5i on invasiivsetest ravimeetoditest k\u00f5rini?<\/p>\n<p style=\"text-align: center;\">Kas vajate midagi, mis \u00fchendab t\u00f5hususe r\u00f5\u00f5muga?<\/p>\n<p style=\"text-align: center;\">Kas soovite oma salongi konkurentidest eristuda?<\/p>\n<p style=\"text-align: center;\">Kas otsite midagi, mis tooks kaasa pikaajalisi terapeutilisi ja \u00e4rilisi m\u00f5jusid?<\/p>\n<p style=\"text-align: center;\">Kas teil on probleeme tarbimiskulude arvutamise ja ravitoodete inventuuriga?<\/p>\n<p style=\"text-align: center;\">Kas soovite uut seadet, kuid teie elutoas pole ruumi?<\/p>\n<p style=\"text-align: center;\">Kas t\u00f6\u00f6tate liikvel olles ja vajate midagi kompaktset?<\/p>\n<p style=\"text-align: center;\">Kui vastasid v\u00e4hemalt \u00fchele k\u00fcsimusele JAH <strong>\u2013 WishPro Plus+<\/strong>\u00a0on sinu jaoks!<\/p>\n<p style=\"text-align: center;\"><strong>M\u00f5ju on n\u00e4htav peale \u00dcHTE HOOLITSUST!<\/strong><\/p>\n","protected":false},"excerpt":{"rendered":"<p><a><strong>WishPro Plus+<\/strong>\u00a0kasutab intensiivseid magnetimpulsse, mis muundatakse aktiivseks energiav\u00e4ljaks. Energiav\u00e4lja energia muundatakse valguseks ja elektriks. Nelja teguri kombinatsioon toimeainetega v\u00f5imaldab teil saavutada sensatsioonilisi raviefekte, s\u00e4ilitades samal ajal ohutuse ja 100% mitteinvasiivsuse<\/a>!<\/p>\n","protected":false},"featured_media":3236,"comment_status":"open","ping_status":"closed","template":"","meta":{"_uag_custom_page_level_css":"","site-sidebar-layout":"default","site-content-layout":"","ast-site-content-layout":"default","site-content-style":"default","site-sidebar-style":"default","ast-global-header-display":"","ast-banner-title-visibility":"","ast-main-header-display":"","ast-hfb-above-header-display":"","ast-hfb-below-header-display":"","ast-hfb-mobile-header-display":"","site-post-title":"","ast-breadcrumbs-content":"","ast-featured-img":"","footer-sml-layout":"","ast-disable-related-posts":"","theme-transparent-header-meta":"default","adv-header-id-meta":"","stick-header-meta":"","header-above-stick-meta":"","header-main-stick-meta":"","header-below-stick-meta":"","astra-migrate-meta-layouts":"set","ast-page-background-enabled":"default","ast-page-background-meta":{"desktop":{"background-color":"var(--ast-global-color-4)","background-image":"","background-repeat":"repeat","background-position":"center center","background-size":"auto","background-attachment":"scroll","background-type":"","background-media":"","overlay-type":"","overlay-color":"","overlay-opacity":"","overlay-gradient":""},"tablet":{"background-color":"","background-image":"","background-repeat":"repeat","background-position":"center center","background-size":"auto","background-attachment":"scroll","background-type":"","background-media":"","overlay-type":"","overlay-color":"","overlay-opacity":"","overlay-gradient":""},"mobile":{"background-color":"","background-image":"","background-repeat":"repeat","background-position":"center center","background-size":"auto","background-attachment":"scroll","background-type":"","background-media":"","overlay-type":"","overlay-color":"","overlay-opacity":"","overlay-gradient":""}},"ast-content-background-meta":{"desktop":{"background-color":"var(--ast-global-color-5)","background-image":"","background-repeat":"repeat","background-position":"center center","background-size":"auto","background-attachment":"scroll","background-type":"","background-media":"","overlay-type":"","overlay-color":"","overlay-opacity":"","overlay-gradient":""},"tablet":{"background-color":"var(--ast-global-color-5)","background-image":"","background-repeat":"repeat","background-position":"center center","background-size":"auto","background-attachment":"scroll","background-type":"","background-media":"","overlay-type":"","overlay-color":"","overlay-opacity":"","overlay-gradient":""},"mobile":{"background-color":"var(--ast-global-color-5)","background-image":"","background-repeat":"repeat","background-position":"center center","background-size":"auto","background-attachment":"scroll","background-type":"","background-media":"","overlay-type":"","overlay-color":"","overlay-opacity":"","overlay-gradient":""}}},"product_brand":[],"product_cat":[96,99,80],"product_tag":[],"class_list":{"0":"post-3235","1":"product","2":"type-product","3":"status-publish","4":"has-post-thumbnail","6":"product_cat-brands","7":"product_cat-seadmed","8":"product_cat-wishpro","9":"desktop-align-left","10":"tablet-align-left","11":"mobile-align-left","13":"first","14":"instock","15":"taxable","16":"shipping-taxable","17":"product-type-simple","18":"add-to-wishlist-before_image"},"uagb_featured_image_src":{"full":["https:\/\/kosmeetika24.com\/wp-content\/uploads\/2024\/01\/device-m-front-1.webp",761,465,false],"thumbnail":["https:\/\/kosmeetika24.com\/wp-content\/uploads\/2024\/01\/device-m-front-1-150x150.webp",150,150,true],"medium":["https:\/\/kosmeetika24.com\/wp-content\/uploads\/2024\/01\/device-m-front-1-300x183.webp",300,183,true],"medium_large":["https:\/\/kosmeetika24.com\/wp-content\/uploads\/2024\/01\/device-m-front-1.webp",761,465,false],"large":["https:\/\/kosmeetika24.com\/wp-content\/uploads\/2024\/01\/device-m-front-1.webp",761,465,false],"1536x1536":["https:\/\/kosmeetika24.com\/wp-content\/uploads\/2024\/01\/device-m-front-1.webp",761,465,false],"2048x2048":["https:\/\/kosmeetika24.com\/wp-content\/uploads\/2024\/01\/device-m-front-1.webp",761,465,false],"trp-custom-language-flag":["https:\/\/kosmeetika24.com\/wp-content\/uploads\/2024\/01\/device-m-front-1-18x12.webp",18,12,true],"woocommerce_thumbnail":["https:\/\/kosmeetika24.com\/wp-content\/uploads\/2024\/01\/device-m-front-1-300x300.webp",300,300,true],"woocommerce_single":["https:\/\/kosmeetika24.com\/wp-content\/uploads\/2024\/01\/device-m-front-1-500x306.webp",500,306,true],"woocommerce_gallery_thumbnail":["https:\/\/kosmeetika24.com\/wp-content\/uploads\/2024\/01\/device-m-front-1-100x100.webp",100,100,true]},"uagb_author_info":{"display_name":"admin","author_link":"https:\/\/kosmeetika24.com\/et\/author\/"},"uagb_comment_info":0,"uagb_excerpt":"WishPro Plus+\u00a0kasutab intensiivseid magnetimpulsse, mis muundatakse aktiivseks energiav\u00e4ljaks. Energiav\u00e4lja energia muundatakse valguseks ja elektriks. Nelja teguri kombinatsioon toimeainetega v\u00f5imaldab teil saavutada sensatsioonilisi raviefekte, s\u00e4ilitades samal ajal ohutuse ja 100% mitteinvasiivsuse!","_links":{"self":[{"href":"https:\/\/kosmeetika24.com\/et\/wp-json\/wp\/v2\/product\/3235","targetHints":{"allow":["GET"]}}],"collection":[{"href":"https:\/\/kosmeetika24.com\/et\/wp-json\/wp\/v2\/product"}],"about":[{"href":"https:\/\/kosmeetika24.com\/et\/wp-json\/wp\/v2\/types\/product"}],"replies":[{"embeddable":true,"href":"https:\/\/kosmeetika24.com\/et\/wp-json\/wp\/v2\/comments?post=3235"}],"version-history":[{"count":1,"href":"https:\/\/kosmeetika24.com\/et\/wp-json\/wp\/v2\/product\/3235\/revisions"}],"predecessor-version":[{"id":4757,"href":"https:\/\/kosmeetika24.com\/et\/wp-json\/wp\/v2\/product\/3235\/revisions\/4757"}],"wp:featuredmedia":[{"embeddable":true,"href":"https:\/\/kosmeetika24.com\/et\/wp-json\/wp\/v2\/media\/3236"}],"wp:attachment":[{"href":"https:\/\/kosmeetika24.com\/et\/wp-json\/wp\/v2\/media?parent=3235"}],"wp:term":[{"taxonomy":"product_brand","embeddable":true,"href":"https:\/\/kosmeetika24.com\/et\/wp-json\/wp\/v2\/product_brand?post=3235"},{"taxonomy":"product_cat","embeddable":true,"href":"https:\/\/kosmeetika24.com\/et\/wp-json\/wp\/v2\/product_cat?post=3235"},{"taxonomy":"product_tag","embeddable":true,"href":"https:\/\/kosmeetika24.com\/et\/wp-json\/wp\/v2\/product_tag?post=3235"}],"curies":[{"name":"wp","href":"https:\/\/api.w.org\/{rel}","templated":true}]}}