{"id":3211,"date":"2024-01-25T06:49:47","date_gmt":"2024-01-25T06:49:47","guid":{"rendered":"https:\/\/kosmeetika24.com\/?post_type=product&#038;p=3211"},"modified":"2025-07-02T11:29:38","modified_gmt":"2025-07-02T08:29:38","slug":"wishpro-neo-energy-apl-elustab-ja-taastab","status":"publish","type":"product","link":"https:\/\/kosmeetika24.com\/et\/toode\/wishpro-neo-energy-apl-elustab-ja-taastab\/","title":{"rendered":"WISHPRO Neo Energy APL &#8211; elustav ja taastav"},"content":{"rendered":"<p style=\"text-align: center;\"><strong><span style=\"color: #0000ff;\">Neo Energy<\/span> kapsel\u00a0 \u2013 <\/strong><strong>Neodermyl<\/strong> p\u00f5hinev kapsel, mis silub kortsud <strong>ja vaod.<\/strong><\/p>\n<p style=\"text-align: center;\"><strong>V\u00e4hendab<\/strong> silmn\u00e4htavalt kortse\u00a0ja annab <strong>nahale t\u00f5stva efekti.<\/strong><\/p>\n<p style=\"text-align: center;\">15 p\u00e4eva m\u00f6\u00f6dudes p\u00e4rast kapsli kasutamist muutub nahk\u00a0\u00a0<strong>silmn\u00e4htavalt siledamaks ja pringimaks.<\/strong><\/p>\n<p style=\"text-align: center;\">Toimeained ja <strong>aminohapete segu <\/strong><strong>stimuleerivad<\/strong> intensiivselt fibroblaste kollageeni ja elastiini tootmist.<\/p>\n<p style=\"text-align: center;\"><strong>Kasutusotstarve:\u00a0<\/strong> k\u00f5ik nahat\u00fc\u00fcbid, kortsud ja vaod, niisutust vajav nahk, naha l\u00f5tvus.<\/p>\n<p style=\"text-align: center;\"><span style=\"color: #0000ff;\"><strong>Neo Energy<\/strong><\/span><span style=\"color: #0000ff;\">\u00a0<\/span>kapsel on m\u00f5eldud kasutamiseks kuldse, punase v\u00f5i sinise\u00a0\u00a0<strong>WishPro Plus+ tehnoloogilise peaga.<\/strong><\/p>\n<p style=\"text-align: center;\"><span style=\"color: #0000ff;\"><strong>APL Active Pro-Long liin<\/strong><\/span><\/p>\n<p style=\"text-align: center;\">APL sari loodi nahale, mis vajab <strong>spetsiaalseid koostisosi<\/strong>.\u00a0<strong>Elustab ja taastab<\/strong>\u00a0\u00a0v\u00e4listeguritest kahjustatud ja stressis nahka.\u00a0APL sari sisaldab\u00a0 kolme t\u00fc\u00fcpi\u00a0tugevatel toimeainetel p\u00f5hinevaid\u00a0\u00a0<strong>kapsleid, mis annavad kohesed <\/strong><strong>tulemused juba p\u00e4rast \u00fchte hooldust! <\/strong>Kapsli koostises on peamiselt <strong>kerged emulsioonid<\/strong>, mis sobivad erinevatele nahat\u00fc\u00fcpidele.<\/p>\n<hr \/>\n<p style=\"text-align: center;\">Kapslid on steriilsed ja \u00fchekordsed, \u00fcks kapsel on m\u00f5eldud \u00fcheks hoolduskorraks.<\/p>\n<p>Koostis: AQUA, DIMETHICONE, ISOPROPYL PALMITATE, PHENTYL TRIMETHICONE, GLYCERIN, ISOPROPYL MYRISTATE, SIMMONDSIA CHINESIS SEED OIL, SODIUM CHLORIDE, PHENOXYETHANOL, SILICA, PEG-10 DIMETHICONE, METHYLGLUCOSIDE PHOSPHATE, ETHYLHEXYLGLYCERIN, COPPER lYSINATE\/PROLINATE, PARFUM, DIMETHICONE\/VINYL DIMETHICONE CROSSPOLYMER, ISOCETETH-10, HEXYL CINNAMAL, LINALOOL, LIMONENE, METHYL 2-OCTYNOATE.<\/p>\n","protected":false},"excerpt":{"rendered":"<p>Neo Energy t\u00e4hendab siledat\u00a0\u00a0<strong>nahka ilma kortsudeta!<\/strong><\/p>\n<p><strong>Hind kehtib 10 kapslit sisaldava pakendi kohta.<\/strong><\/p>\n","protected":false},"featured_media":3212,"comment_status":"open","ping_status":"closed","template":"","meta":{"_uag_custom_page_level_css":"","site-sidebar-layout":"default","site-content-layout":"","ast-site-content-layout":"default","site-content-style":"default","site-sidebar-style":"default","ast-global-header-display":"","ast-banner-title-visibility":"","ast-main-header-display":"","ast-hfb-above-header-display":"","ast-hfb-below-header-display":"","ast-hfb-mobile-header-display":"","site-post-title":"","ast-breadcrumbs-content":"","ast-featured-img":"","footer-sml-layout":"","ast-disable-related-posts":"","theme-transparent-header-meta":"default","adv-header-id-meta":"","stick-header-meta":"","header-above-stick-meta":"","header-main-stick-meta":"","header-below-stick-meta":"","astra-migrate-meta-layouts":"set","ast-page-background-enabled":"default","ast-page-background-meta":{"desktop":{"background-color":"var(--ast-global-color-4)","background-image":"","background-repeat":"repeat","background-position":"center center","background-size":"auto","background-attachment":"scroll","background-type":"","background-media":"","overlay-type":"","overlay-color":"","overlay-opacity":"","overlay-gradient":""},"tablet":{"background-color":"","background-image":"","background-repeat":"repeat","background-position":"center center","background-size":"auto","background-attachment":"scroll","background-type":"","background-media":"","overlay-type":"","overlay-color":"","overlay-opacity":"","overlay-gradient":""},"mobile":{"background-color":"","background-image":"","background-repeat":"repeat","background-position":"center center","background-size":"auto","background-attachment":"scroll","background-type":"","background-media":"","overlay-type":"","overlay-color":"","overlay-opacity":"","overlay-gradient":""}},"ast-content-background-meta":{"desktop":{"background-color":"var(--ast-global-color-5)","background-image":"","background-repeat":"repeat","background-position":"center center","background-size":"auto","background-attachment":"scroll","background-type":"","background-media":"","overlay-type":"","overlay-color":"","overlay-opacity":"","overlay-gradient":""},"tablet":{"background-color":"var(--ast-global-color-5)","background-image":"","background-repeat":"repeat","background-position":"center center","background-size":"auto","background-attachment":"scroll","background-type":"","background-media":"","overlay-type":"","overlay-color":"","overlay-opacity":"","overlay-gradient":""},"mobile":{"background-color":"var(--ast-global-color-5)","background-image":"","background-repeat":"repeat","background-position":"center center","background-size":"auto","background-attachment":"scroll","background-type":"","background-media":"","overlay-type":"","overlay-color":"","overlay-opacity":"","overlay-gradient":""}}},"product_brand":[],"product_cat":[96,97,80],"product_tag":[],"class_list":{"0":"post-3211","1":"product","2":"type-product","3":"status-publish","4":"has-post-thumbnail","6":"product_cat-brands","7":"product_cat-naole","8":"product_cat-wishpro","9":"desktop-align-left","10":"tablet-align-left","11":"mobile-align-left","13":"first","14":"instock","15":"taxable","16":"shipping-taxable","17":"product-type-simple","18":"add-to-wishlist-before_image"},"uagb_featured_image_src":{"full":["https:\/\/kosmeetika24.com\/wp-content\/uploads\/2024\/01\/Neo-Energy-APL.jpg",2048,1509,false],"thumbnail":["https:\/\/kosmeetika24.com\/wp-content\/uploads\/2024\/01\/Neo-Energy-APL-150x150.jpg",150,150,true],"medium":["https:\/\/kosmeetika24.com\/wp-content\/uploads\/2024\/01\/Neo-Energy-APL-300x221.jpg",300,221,true],"medium_large":["https:\/\/kosmeetika24.com\/wp-content\/uploads\/2024\/01\/Neo-Energy-APL-768x566.jpg",768,566,true],"large":["https:\/\/kosmeetika24.com\/wp-content\/uploads\/2024\/01\/Neo-Energy-APL-1024x755.jpg",1024,755,true],"1536x1536":["https:\/\/kosmeetika24.com\/wp-content\/uploads\/2024\/01\/Neo-Energy-APL-1536x1132.jpg",1536,1132,true],"2048x2048":["https:\/\/kosmeetika24.com\/wp-content\/uploads\/2024\/01\/Neo-Energy-APL.jpg",2048,1509,false],"trp-custom-language-flag":["https:\/\/kosmeetika24.com\/wp-content\/uploads\/2024\/01\/Neo-Energy-APL-16x12.jpg",16,12,true],"woocommerce_thumbnail":["https:\/\/kosmeetika24.com\/wp-content\/uploads\/2024\/01\/Neo-Energy-APL-300x300.jpg",300,300,true],"woocommerce_single":["https:\/\/kosmeetika24.com\/wp-content\/uploads\/2024\/01\/Neo-Energy-APL-500x368.jpg",500,368,true],"woocommerce_gallery_thumbnail":["https:\/\/kosmeetika24.com\/wp-content\/uploads\/2024\/01\/Neo-Energy-APL-100x100.jpg",100,100,true]},"uagb_author_info":{"display_name":"admin","author_link":"https:\/\/kosmeetika24.com\/et\/author\/"},"uagb_comment_info":0,"uagb_excerpt":"Neo Energy t\u00e4hendab siledat\u00a0\u00a0nahka ilma kortsudeta! Hind kehtib 10 kapslit sisaldava pakendi kohta.","_links":{"self":[{"href":"https:\/\/kosmeetika24.com\/et\/wp-json\/wp\/v2\/product\/3211","targetHints":{"allow":["GET"]}}],"collection":[{"href":"https:\/\/kosmeetika24.com\/et\/wp-json\/wp\/v2\/product"}],"about":[{"href":"https:\/\/kosmeetika24.com\/et\/wp-json\/wp\/v2\/types\/product"}],"replies":[{"embeddable":true,"href":"https:\/\/kosmeetika24.com\/et\/wp-json\/wp\/v2\/comments?post=3211"}],"version-history":[{"count":1,"href":"https:\/\/kosmeetika24.com\/et\/wp-json\/wp\/v2\/product\/3211\/revisions"}],"predecessor-version":[{"id":4531,"href":"https:\/\/kosmeetika24.com\/et\/wp-json\/wp\/v2\/product\/3211\/revisions\/4531"}],"wp:featuredmedia":[{"embeddable":true,"href":"https:\/\/kosmeetika24.com\/et\/wp-json\/wp\/v2\/media\/3212"}],"wp:attachment":[{"href":"https:\/\/kosmeetika24.com\/et\/wp-json\/wp\/v2\/media?parent=3211"}],"wp:term":[{"taxonomy":"product_brand","embeddable":true,"href":"https:\/\/kosmeetika24.com\/et\/wp-json\/wp\/v2\/product_brand?post=3211"},{"taxonomy":"product_cat","embeddable":true,"href":"https:\/\/kosmeetika24.com\/et\/wp-json\/wp\/v2\/product_cat?post=3211"},{"taxonomy":"product_tag","embeddable":true,"href":"https:\/\/kosmeetika24.com\/et\/wp-json\/wp\/v2\/product_tag?post=3211"}],"curies":[{"name":"wp","href":"https:\/\/api.w.org\/{rel}","templated":true}]}}