{"id":3208,"date":"2024-01-25T07:00:11","date_gmt":"2024-01-25T07:00:11","guid":{"rendered":"https:\/\/kosmeetika24.com\/?post_type=product&#038;p=3208"},"modified":"2025-07-02T11:28:56","modified_gmt":"2025-07-02T08:28:56","slug":"wishpro-wish-care-rahustav-ja-noorendav","status":"publish","type":"product","link":"https:\/\/kosmeetika24.com\/et\/toode\/wishpro-wish-care-rahustav-ja-noorendav\/","title":{"rendered":"WISHPRO Wish Care &#8211; rahustav ja noorendav"},"content":{"rendered":"<p style=\"text-align: center;\"><span style=\"color: #ff6600;\"><strong>Wish Care<\/strong><\/span> kapsel p\u00f5hineb kahel koostisosal: <strong>neurofiliin\u2122 ja\u00a0<\/strong><strong>Abbisyne\u00ae657-eksopol\u00fcsahhariid<\/strong>, mis on saadud<\/p>\n<p style=\"text-align: center;\"><strong>ekstremofiililt, kes elab s\u00fcvamere h\u00fcdrotermilistes tuulutusavades.<\/strong><\/p>\n<p style=\"text-align: center;\">See v\u00e4hendab\u00a0<strong>tundliku naha \u00e4rritust<\/strong>, suurendab\u00a0<strong>vastupanuv\u00f5imet mehaanilistele teguritele ja p\u00e4ikesele<\/strong>, kaitseb nahka\u00a0<strong>kahjustuste eest ja v\u00e4hendab UV-kiirgusest p\u00f5hjustatud naha vananemist<\/strong>.<\/p>\n<p style=\"text-align: center;\">Lisaks on\u00a0<strong>saialille\u00f5lil<\/strong>\u00a0<strong>p\u00f5letikuvastased ja antiseptilised omadused.<\/strong><\/p>\n<p style=\"text-align: center;\"><strong>Kasutusotstarve<\/strong>: k\u00f5ik nahat\u00fc\u00fcbid, tundlik, er\u00fcteem, h\u00fcperreaktiivsus, p\u00f5letik.<\/p>\n<p style=\"text-align: center;\"><span style=\"color: #ff6600;\"><strong>Wish Care<\/strong><\/span>\u00a0kapsel\u00a0on m\u00f5eldud kasutamiseks punase v\u00f5i sinise\u00a0<strong>WishPro Plus+<\/strong> tehnoloogilise peaga.<\/p>\n<p style=\"text-align: center;\"><span style=\"color: #ff6600;\"><strong>APC vanuse protsessi juhtliin<\/strong><\/span><\/p>\n<p style=\"text-align: center;\">Uus\u00a0<strong>APC kapslite sari<\/strong>\u00a0on loodud mehaanilistest teguritest, elustiilist, stressist ja keskkonna saasteainetest p\u00f5hjustatud\u00a0<strong>naha<\/strong>\u00a0vananemisprotsessi kontrollimiseks ja peatamiseks. Sari on suunatud\u00a0<strong>kahjustatud<\/strong>,\u00a0<strong>kuivale, tundlikule ja punetava <\/strong>nahaga inimestele. Liini koostisosad kaitsevad nahka\u00a0<strong>mehaaniliste, keemiliste ja UV-faktorite eest.<\/strong><\/p>\n<hr \/>\n<p style=\"text-align: center;\">Kapslid on steriilsed ja \u00fchekordselt kasutatavad, \u00fcks kapsel on m\u00f5eldud \u00fcheks hoolduskorraks.<\/p>\n","protected":false},"excerpt":{"rendered":"<p>V\u00e4hendab tugevalt \u00e4rritust, naha ebamugavustunnet ja annab optimaalse rahustava toime, kaitseb UV-kahjustuste eest ja aitab s\u00e4ilitada optimaalset naha kaitses\u00fcsteemi.<\/p>\n<p>Kapsel on rikastatud saialille\u00f5liga, millel on antiseptiline ja tervendav toime.<\/p>\n<p><strong>Hind kehtib 10 kapslit sisaldava pakendi kohta.<\/strong><\/p>\n","protected":false},"featured_media":3217,"comment_status":"open","ping_status":"closed","template":"","meta":{"_uag_custom_page_level_css":"","site-sidebar-layout":"default","site-content-layout":"","ast-site-content-layout":"default","site-content-style":"default","site-sidebar-style":"default","ast-global-header-display":"","ast-banner-title-visibility":"","ast-main-header-display":"","ast-hfb-above-header-display":"","ast-hfb-below-header-display":"","ast-hfb-mobile-header-display":"","site-post-title":"","ast-breadcrumbs-content":"","ast-featured-img":"","footer-sml-layout":"","ast-disable-related-posts":"","theme-transparent-header-meta":"default","adv-header-id-meta":"","stick-header-meta":"","header-above-stick-meta":"","header-main-stick-meta":"","header-below-stick-meta":"","astra-migrate-meta-layouts":"set","ast-page-background-enabled":"default","ast-page-background-meta":{"desktop":{"background-color":"var(--ast-global-color-4)","background-image":"","background-repeat":"repeat","background-position":"center center","background-size":"auto","background-attachment":"scroll","background-type":"","background-media":"","overlay-type":"","overlay-color":"","overlay-opacity":"","overlay-gradient":""},"tablet":{"background-color":"","background-image":"","background-repeat":"repeat","background-position":"center center","background-size":"auto","background-attachment":"scroll","background-type":"","background-media":"","overlay-type":"","overlay-color":"","overlay-opacity":"","overlay-gradient":""},"mobile":{"background-color":"","background-image":"","background-repeat":"repeat","background-position":"center center","background-size":"auto","background-attachment":"scroll","background-type":"","background-media":"","overlay-type":"","overlay-color":"","overlay-opacity":"","overlay-gradient":""}},"ast-content-background-meta":{"desktop":{"background-color":"var(--ast-global-color-5)","background-image":"","background-repeat":"repeat","background-position":"center center","background-size":"auto","background-attachment":"scroll","background-type":"","background-media":"","overlay-type":"","overlay-color":"","overlay-opacity":"","overlay-gradient":""},"tablet":{"background-color":"var(--ast-global-color-5)","background-image":"","background-repeat":"repeat","background-position":"center center","background-size":"auto","background-attachment":"scroll","background-type":"","background-media":"","overlay-type":"","overlay-color":"","overlay-opacity":"","overlay-gradient":""},"mobile":{"background-color":"var(--ast-global-color-5)","background-image":"","background-repeat":"repeat","background-position":"center center","background-size":"auto","background-attachment":"scroll","background-type":"","background-media":"","overlay-type":"","overlay-color":"","overlay-opacity":"","overlay-gradient":""}}},"product_brand":[],"product_cat":[96,97,80],"product_tag":[],"class_list":{"0":"post-3208","1":"product","2":"type-product","3":"status-publish","4":"has-post-thumbnail","6":"product_cat-brands","7":"product_cat-naole","8":"product_cat-wishpro","9":"desktop-align-left","10":"tablet-align-left","11":"mobile-align-left","13":"first","14":"instock","15":"taxable","16":"shipping-taxable","17":"product-type-simple","18":"add-to-wishlist-before_image"},"uagb_featured_image_src":{"full":["https:\/\/kosmeetika24.com\/wp-content\/uploads\/2024\/01\/WISH-Care-APC-scaled.jpg",2560,1887,false],"thumbnail":["https:\/\/kosmeetika24.com\/wp-content\/uploads\/2024\/01\/WISH-Care-APC-150x150.jpg",150,150,true],"medium":["https:\/\/kosmeetika24.com\/wp-content\/uploads\/2024\/01\/WISH-Care-APC-300x221.jpg",300,221,true],"medium_large":["https:\/\/kosmeetika24.com\/wp-content\/uploads\/2024\/01\/WISH-Care-APC-768x566.jpg",768,566,true],"large":["https:\/\/kosmeetika24.com\/wp-content\/uploads\/2024\/01\/WISH-Care-APC-1024x755.jpg",1024,755,true],"1536x1536":["https:\/\/kosmeetika24.com\/wp-content\/uploads\/2024\/01\/WISH-Care-APC-1536x1132.jpg",1536,1132,true],"2048x2048":["https:\/\/kosmeetika24.com\/wp-content\/uploads\/2024\/01\/WISH-Care-APC-2048x1510.jpg",2048,1510,true],"trp-custom-language-flag":["https:\/\/kosmeetika24.com\/wp-content\/uploads\/2024\/01\/WISH-Care-APC-16x12.jpg",16,12,true],"woocommerce_thumbnail":["https:\/\/kosmeetika24.com\/wp-content\/uploads\/2024\/01\/WISH-Care-APC-scaled-300x300.jpg",300,300,true],"woocommerce_single":["https:\/\/kosmeetika24.com\/wp-content\/uploads\/2024\/01\/WISH-Care-APC-scaled-500x369.jpg",500,369,true],"woocommerce_gallery_thumbnail":["https:\/\/kosmeetika24.com\/wp-content\/uploads\/2024\/01\/WISH-Care-APC-scaled-100x100.jpg",100,100,true]},"uagb_author_info":{"display_name":"admin","author_link":"https:\/\/kosmeetika24.com\/et\/author\/"},"uagb_comment_info":0,"uagb_excerpt":"V\u00e4hendab tugevalt \u00e4rritust, naha ebamugavustunnet ja annab optimaalse rahustava toime, kaitseb UV-kahjustuste eest ja aitab s\u00e4ilitada optimaalset naha kaitses\u00fcsteemi. Kapsel on rikastatud saialille\u00f5liga, millel on antiseptiline ja tervendav toime. Hind kehtib 10 kapslit sisaldava pakendi kohta.","_links":{"self":[{"href":"https:\/\/kosmeetika24.com\/et\/wp-json\/wp\/v2\/product\/3208","targetHints":{"allow":["GET"]}}],"collection":[{"href":"https:\/\/kosmeetika24.com\/et\/wp-json\/wp\/v2\/product"}],"about":[{"href":"https:\/\/kosmeetika24.com\/et\/wp-json\/wp\/v2\/types\/product"}],"replies":[{"embeddable":true,"href":"https:\/\/kosmeetika24.com\/et\/wp-json\/wp\/v2\/comments?post=3208"}],"version-history":[{"count":1,"href":"https:\/\/kosmeetika24.com\/et\/wp-json\/wp\/v2\/product\/3208\/revisions"}],"predecessor-version":[{"id":4529,"href":"https:\/\/kosmeetika24.com\/et\/wp-json\/wp\/v2\/product\/3208\/revisions\/4529"}],"wp:featuredmedia":[{"embeddable":true,"href":"https:\/\/kosmeetika24.com\/et\/wp-json\/wp\/v2\/media\/3217"}],"wp:attachment":[{"href":"https:\/\/kosmeetika24.com\/et\/wp-json\/wp\/v2\/media?parent=3208"}],"wp:term":[{"taxonomy":"product_brand","embeddable":true,"href":"https:\/\/kosmeetika24.com\/et\/wp-json\/wp\/v2\/product_brand?post=3208"},{"taxonomy":"product_cat","embeddable":true,"href":"https:\/\/kosmeetika24.com\/et\/wp-json\/wp\/v2\/product_cat?post=3208"},{"taxonomy":"product_tag","embeddable":true,"href":"https:\/\/kosmeetika24.com\/et\/wp-json\/wp\/v2\/product_tag?post=3208"}],"curies":[{"name":"wp","href":"https:\/\/api.w.org\/{rel}","templated":true}]}}