{"id":3130,"date":"2024-10-15T11:42:19","date_gmt":"2024-10-15T09:42:19","guid":{"rendered":"https:\/\/kosmeetika24.com\/?post_type=product&#038;p=3130"},"modified":"2025-12-23T12:33:40","modified_gmt":"2025-12-23T09:33:40","slug":"oxygen-ceuticals-kaheosaline-meigieemaldaja-110ml","status":"publish","type":"product","link":"https:\/\/kosmeetika24.com\/et\/toode\/oxygen-ceuticals-kaheosaline-meigieemaldaja-110ml\/","title":{"rendered":"OXYGEN CEUTICALS kaheosaline meigieemaldaja 110ml"},"content":{"rendered":"<p>Kaheosaline meigieemaldaja <em>Double Makeup Remover<\/em> on kaks-\u00fches puhastusvahend, mis puhastab ja niisutab nahka samaaegselt. Eemaldab kogu meigi (ka veekindla). Soja\u00f5li lahustab meigi koheselt, vitamiinid toidavad nahka. Ei sisalda mineraal\u00f5li st see ei ummista poore. Puhastab s\u00fcgavalt ja ei j\u00e4ta \u00f5list kihti. Muudab n\u00e4onaha s\u00e4ravaks.<\/p>\n<p>Sobib k\u00f5igile nahat\u00fc\u00fcpidele, eriti kuivale ja tundlikule nahale.<\/p>\n<p><strong>TOIMEAINED<\/strong><\/p>\n<ul>\n<li>Gl\u00fctseriin<\/li>\n<li>H\u00fcaluroonhape<\/li>\n<li>Salvei<\/li>\n<li>Saialill<\/li>\n<li>Sambliku ekstrakt<\/li>\n<li>Hapnik<\/li>\n<li>Soja\u00f5li<\/li>\n<li>Tokofer\u00fc\u00fclatsetaat<\/li>\n<\/ul>\n<p><strong>TOIME<\/strong><\/p>\n<ul>\n<li>Gl\u00fctseriin toimib pehmendavalt ning hoiab naha loomulikku kaitsebarj\u00e4\u00e4ri. Sel on omadus niiskust s\u00e4ilitada ja seel\u00e4bi nahka niisutada.<\/li>\n<li>H\u00fcaluroonhape toimib niiskuses\u00e4ilitajana, suurendab vee sisaldust nahas ja aitab nahal p\u00fcsida pehme ja siledana.<\/li>\n<li>Salvei toimib antioks\u00fcdandina; ahendab poore, puhastab, kaitseb, leevendab \u00e4rritusi ja toniseerib. Hoiab naha pehme, sileda, elastse ja terve.<\/li>\n<li>Saialillel on naha taastumist soodustav ja p\u00f5letikuvastane toime. Hoiab naha pehme, sileda, elastse ja terve.<\/li>\n<li>Sambliku ekstrakt rahustab p\u00f5letikulist nahka.<\/li>\n<li>Hapnik v\u00f5itleb n\u00e4htavate vananemism\u00e4rkidega, mis on tingitud hapniku kehva liikumisega nahaalustest kapillaaridest naha pealmise kihini. Stimuleerib otseselt kollageeni ja elastiini s\u00fcnteesi nahas ning omab p\u00f5letikuvastast toimet.<\/li>\n<li>Soja\u00f5li takistab naha kuivamist ja lisab paindlikkust.<\/li>\n<li>Tokofer\u00fc\u00fclatsetaat hooldab \u00f5rnalt nahka tema tekstuuri kahjustamata.<\/li>\n<\/ul>\n<p><strong>KASUTAMINE<\/strong><\/p>\n<ul>\n<li>Vatipadi niisutada meigieemaldajaga ja asetada siis need silmade peale 15-20 sekundiks. Seej\u00e4rel eemaldada meik kogu n\u00e4olt. Sobib kasutamiseks nii hommikul kui \u00f5htul.<\/li>\n<li>Naha s\u00fcgavamaks puhastamiseks kasutada p\u00e4rast meigi eemaldamist nt toodet <a href=\"https:\/\/kosmeetika24.eu\/toode\/oxygen-ceuticals-gentle-facial-milk-cleanser\/\">OXYGEN CEUTICALS \u00f5rn n\u00e4opiim<\/a> v\u00f5i toodet <a href=\"https:\/\/kosmeetika24.eu\/toode\/oxygen-ceuticals-pore-mask-deep-pore-cleanser\/\">OXYGEN CEUTICALS pooride puhastamise mask<\/a>.<\/li>\n<\/ul>\n<p><strong>KOOSTIS<\/strong><\/p>\n<p><span style=\"font-size: 14px;\">GLYCINE SOJA (SOJABEAN) OIL, CETYL ETHYLHEXANOATE, PEG-20 GLYCERYL TRIISOSTEARATE, CYCLOPENTASILOXANE, CYCLOHEXASILOXANE, PRUNUS AMERICA (APRICOT) KERNEL OIL, LIMNANTHES ALBA (MEADOWFOAM) SEED OIL, MACADAMIA TERMIFOLIA SEED OIL, JASMINUM OFFICINALE (JASMINE) OIL, OXYGEN, DENDROPANAX MORBIFERA EXTRACT, BUTYLENE GLYCOL, WATER, DIPROPYLENE GLYCOL, TOCOPHEROYL ACETATE.<\/span><\/p>\n","protected":false},"excerpt":{"rendered":"<p>Kaks \u00fches puhastusvahend eemaldab meigi ja niisutab naha.<\/p>\n<p>110 ml<\/p>\n","protected":false},"featured_media":3136,"comment_status":"open","ping_status":"closed","template":"","meta":{"_uag_custom_page_level_css":"","site-sidebar-layout":"default","site-content-layout":"","ast-site-content-layout":"default","site-content-style":"default","site-sidebar-style":"default","ast-global-header-display":"","ast-banner-title-visibility":"","ast-main-header-display":"","ast-hfb-above-header-display":"","ast-hfb-below-header-display":"","ast-hfb-mobile-header-display":"","site-post-title":"","ast-breadcrumbs-content":"","ast-featured-img":"","footer-sml-layout":"","ast-disable-related-posts":"","theme-transparent-header-meta":"default","adv-header-id-meta":"","stick-header-meta":"","header-above-stick-meta":"","header-main-stick-meta":"","header-below-stick-meta":"","astra-migrate-meta-layouts":"set","ast-page-background-enabled":"default","ast-page-background-meta":{"desktop":{"background-color":"var(--ast-global-color-4)","background-image":"","background-repeat":"repeat","background-position":"center center","background-size":"auto","background-attachment":"scroll","background-type":"","background-media":"","overlay-type":"","overlay-color":"","overlay-opacity":"","overlay-gradient":""},"tablet":{"background-color":"","background-image":"","background-repeat":"repeat","background-position":"center center","background-size":"auto","background-attachment":"scroll","background-type":"","background-media":"","overlay-type":"","overlay-color":"","overlay-opacity":"","overlay-gradient":""},"mobile":{"background-color":"","background-image":"","background-repeat":"repeat","background-position":"center center","background-size":"auto","background-attachment":"scroll","background-type":"","background-media":"","overlay-type":"","overlay-color":"","overlay-opacity":"","overlay-gradient":""}},"ast-content-background-meta":{"desktop":{"background-color":"var(--ast-global-color-5)","background-image":"","background-repeat":"repeat","background-position":"center center","background-size":"auto","background-attachment":"scroll","background-type":"","background-media":"","overlay-type":"","overlay-color":"","overlay-opacity":"","overlay-gradient":""},"tablet":{"background-color":"var(--ast-global-color-5)","background-image":"","background-repeat":"repeat","background-position":"center center","background-size":"auto","background-attachment":"scroll","background-type":"","background-media":"","overlay-type":"","overlay-color":"","overlay-opacity":"","overlay-gradient":""},"mobile":{"background-color":"var(--ast-global-color-5)","background-image":"","background-repeat":"repeat","background-position":"center center","background-size":"auto","background-attachment":"scroll","background-type":"","background-media":"","overlay-type":"","overlay-color":"","overlay-opacity":"","overlay-gradient":""}}},"product_brand":[],"product_cat":[96,97,74],"product_tag":[],"class_list":{"0":"post-3130","1":"product","2":"type-product","3":"status-publish","4":"has-post-thumbnail","6":"product_cat-brands","7":"product_cat-naole","8":"product_cat-oxygen-ceuticals","9":"desktop-align-left","10":"tablet-align-left","11":"mobile-align-left","13":"first","14":"instock","15":"taxable","16":"shipping-taxable","17":"product-type-simple","18":"add-to-wishlist-before_image"},"uagb_featured_image_src":{"full":["https:\/\/kosmeetika24.com\/wp-content\/uploads\/2024\/01\/double-makeup-remover.jpg",600,600,false],"thumbnail":["https:\/\/kosmeetika24.com\/wp-content\/uploads\/2024\/01\/double-makeup-remover-150x150.jpg",150,150,true],"medium":["https:\/\/kosmeetika24.com\/wp-content\/uploads\/2024\/01\/double-makeup-remover-300x300.jpg",300,300,true],"medium_large":["https:\/\/kosmeetika24.com\/wp-content\/uploads\/2024\/01\/double-makeup-remover.jpg",600,600,false],"large":["https:\/\/kosmeetika24.com\/wp-content\/uploads\/2024\/01\/double-makeup-remover.jpg",600,600,false],"1536x1536":["https:\/\/kosmeetika24.com\/wp-content\/uploads\/2024\/01\/double-makeup-remover.jpg",600,600,false],"2048x2048":["https:\/\/kosmeetika24.com\/wp-content\/uploads\/2024\/01\/double-makeup-remover.jpg",600,600,false],"trp-custom-language-flag":["https:\/\/kosmeetika24.com\/wp-content\/uploads\/2024\/01\/double-makeup-remover-12x12.jpg",12,12,true],"woocommerce_thumbnail":["https:\/\/kosmeetika24.com\/wp-content\/uploads\/2024\/01\/double-makeup-remover-300x300.jpg",300,300,true],"woocommerce_single":["https:\/\/kosmeetika24.com\/wp-content\/uploads\/2024\/01\/double-makeup-remover-500x500.jpg",500,500,true],"woocommerce_gallery_thumbnail":["https:\/\/kosmeetika24.com\/wp-content\/uploads\/2024\/01\/double-makeup-remover-100x100.jpg",100,100,true]},"uagb_author_info":{"display_name":"admin","author_link":"https:\/\/kosmeetika24.com\/et\/author\/"},"uagb_comment_info":0,"uagb_excerpt":"Kaks \u00fches puhastusvahend eemaldab meigi ja niisutab naha. 110 ml","_links":{"self":[{"href":"https:\/\/kosmeetika24.com\/et\/wp-json\/wp\/v2\/product\/3130","targetHints":{"allow":["GET"]}}],"collection":[{"href":"https:\/\/kosmeetika24.com\/et\/wp-json\/wp\/v2\/product"}],"about":[{"href":"https:\/\/kosmeetika24.com\/et\/wp-json\/wp\/v2\/types\/product"}],"replies":[{"embeddable":true,"href":"https:\/\/kosmeetika24.com\/et\/wp-json\/wp\/v2\/comments?post=3130"}],"version-history":[{"count":1,"href":"https:\/\/kosmeetika24.com\/et\/wp-json\/wp\/v2\/product\/3130\/revisions"}],"predecessor-version":[{"id":4536,"href":"https:\/\/kosmeetika24.com\/et\/wp-json\/wp\/v2\/product\/3130\/revisions\/4536"}],"wp:featuredmedia":[{"embeddable":true,"href":"https:\/\/kosmeetika24.com\/et\/wp-json\/wp\/v2\/media\/3136"}],"wp:attachment":[{"href":"https:\/\/kosmeetika24.com\/et\/wp-json\/wp\/v2\/media?parent=3130"}],"wp:term":[{"taxonomy":"product_brand","embeddable":true,"href":"https:\/\/kosmeetika24.com\/et\/wp-json\/wp\/v2\/product_brand?post=3130"},{"taxonomy":"product_cat","embeddable":true,"href":"https:\/\/kosmeetika24.com\/et\/wp-json\/wp\/v2\/product_cat?post=3130"},{"taxonomy":"product_tag","embeddable":true,"href":"https:\/\/kosmeetika24.com\/et\/wp-json\/wp\/v2\/product_tag?post=3130"}],"curies":[{"name":"wp","href":"https:\/\/api.w.org\/{rel}","templated":true}]}}