{"id":3035,"date":"2024-01-23T07:57:33","date_gmt":"2024-01-23T07:57:33","guid":{"rendered":"https:\/\/kosmeetika24.com\/?post_type=product&#038;p=3035"},"modified":"2025-07-02T09:39:02","modified_gmt":"2025-07-02T06:39:02","slug":"oxygen-ceuticals-antioksudantne-vananemisvastane-kreem-2","status":"publish","type":"product","link":"https:\/\/kosmeetika24.com\/et\/toode\/oxygen-ceuticals-antioksudantne-vananemisvastane-kreem-2\/","title":{"rendered":"OXYGEN CEUTICALS antioks\u00fcdantne vananemisvastane kreem"},"content":{"rendered":"<p>Vananemisvastane kerge tekstuuriga kreem <em>Anti-Oxidant Cream<\/em> niisutab, kaitseb nahka vabade radikaalide eest, muudab nahatooni \u00fchtlasemaks ja annab rakkudele eluj\u00f5udu. Annab nahale sametise, v\u00e4rske ja niisutatud tunde.<\/p>\n<p>Ideaalselt sobib vananevale, tuhmile ja elutule nahale.<\/p>\n<p><strong>TOIMEAINED<\/strong><\/p>\n<ul>\n<li>Peptiidid<\/li>\n<li>Adenosiin<\/li>\n<li>Tomati ekstrakt<\/li>\n<li>Sklaavan<\/li>\n<li>Likopiin<\/li>\n<li>Sh-Oligopeptiid-1<\/li>\n<li>Hapnik<\/li>\n<\/ul>\n<p><strong>TOIME<\/strong><\/p>\n<ul>\n<li>Peptiidid aeglustavad vananemisprotsessi ning aitavad silendada ka juba olemasolevaid kortse.<\/li>\n<li>Adenosiin taaselustab v\u00e4sinud nahka ja t\u00f5stab elastsust.<\/li>\n<li>Tomati ekstrakt niisutab ja parandab nahatooni.<\/li>\n<li>Sklaavan toetab naha kaitsvat funktsiooni. J\u00e4tab naha pehmeks ja siidiseks.<\/li>\n<li>Likopiin on looduslik antioks\u00fcdant, mis vastutab hea tuju eest ja takistab pigmentlaikude teket, aitab taastada kahjustatud ja tundlikku nahka ning annab eluj\u00f5udu ja elastsust v\u00e4sinud nahale.<\/li>\n<li>Sh-Oligopeptiid-1\u00a0suurendab naha paranemise ja uuenemise kiirust ning aeglustab vananeva naha \u00f5henemist, minimeerides nii kortse.<\/li>\n<li>Hapnik v\u00f5itleb n\u00e4htavate vananemism\u00e4rkidega, mis on tingitud hapniku kehva liikumisega nahaalustest kapillaaridest naha pealmise kihini. Stimuleerib otseselt kollageeni ja elastiini s\u00fcnteesi nahas ning omab p\u00f5letikuvastast toimet.<\/li>\n<\/ul>\n<p><strong>KASUTAMINE<\/strong><\/p>\n<ul>\n<li>Kreem kanda\u00a0 kergete masserivae liigutustega eelnevalt puhastatud nahale. Sobib kasutamiseks nii hommikul kui \u00f5htul.<\/li>\n<li>Parima tulemuse saavutamiseks kombineerida koos tootega <a href=\"https:\/\/kosmeetika24.eu\/toode\/oxygen-ceuticals-skin-barrier-fluid\/\">OXYGEN CEUTICALS vananemisvastane seerum<\/a>.<\/li>\n<\/ul>\n<p><strong>KOOSTIS<\/strong><\/p>\n<p><span style=\"font-size: 14px;\">WATER, GLYCERIN, DIPROPYLENE GLYCOL, CETEARYL ALCOHOL, CETYL ETHYLHEXANOATE, BEESWAX, CYCLOMETHICONE, OXYGEN, BUTLENE GLYCOL, 1,2-HEXANEDIOL, PHYTOSQUALANE, LIMNANTHES ALBA (MEADOWFOAM) SEED OIL, GLYCERYL STEARATE, PEG-100 STEARATE, GLYCOSYL TREHALOSE, HYDROGENATED STARCH HYDROLYSATE, CARBOMER, CETEARYL GLUCOSIDE, DIMETHICONE\/VINYL DIMETHICONE CROSSPOLYMER, SODIUM HYALURONATE, DIMETHICONE, ARGININE, ALPINIA OFFICINARUM ROOT EXTRACT, TERMINALIA CHEBULA FRUIT EXTRAXT, PAEONIA SUFFRUTICOSA ROOT EXTRACT, DRYOPTERIS CRASSIRHIZOMA\u00a0 EXTRACT, DIPOTASSIUM GLYCYRRHIZATE, CAPRYLHYDROXAMIC ACID, CAPRYLYL GLYCOL, SOLANUM LYCOPERSICUM (TOMATO) CALLUS CULTURE EXTRACT, ACETYL HEXAPEPTIDE-8, BETAINE, XANTHAN GUM, DISODIUM EDTA, ADENOSINE.<\/span><\/p>\n","protected":false},"excerpt":{"rendered":"<p>Kreem niisutab, kaitseb nahka vabade radikaalide eest, muudab nahatooni \u00fchtlasemaks ja annab rakkudele eluj\u00f5udu.<\/p>\n<p>50 ml<\/p>\n<p>&nbsp;<\/p>\n","protected":false},"featured_media":5343,"comment_status":"open","ping_status":"closed","template":"","meta":{"_uag_custom_page_level_css":"","site-sidebar-layout":"default","site-content-layout":"","ast-site-content-layout":"default","site-content-style":"default","site-sidebar-style":"default","ast-global-header-display":"","ast-banner-title-visibility":"","ast-main-header-display":"","ast-hfb-above-header-display":"","ast-hfb-below-header-display":"","ast-hfb-mobile-header-display":"","site-post-title":"","ast-breadcrumbs-content":"","ast-featured-img":"","footer-sml-layout":"","ast-disable-related-posts":"","theme-transparent-header-meta":"default","adv-header-id-meta":"","stick-header-meta":"","header-above-stick-meta":"","header-main-stick-meta":"","header-below-stick-meta":"","astra-migrate-meta-layouts":"set","ast-page-background-enabled":"default","ast-page-background-meta":{"desktop":{"background-color":"var(--ast-global-color-4)","background-image":"","background-repeat":"repeat","background-position":"center center","background-size":"auto","background-attachment":"scroll","background-type":"","background-media":"","overlay-type":"","overlay-color":"","overlay-opacity":"","overlay-gradient":""},"tablet":{"background-color":"","background-image":"","background-repeat":"repeat","background-position":"center center","background-size":"auto","background-attachment":"scroll","background-type":"","background-media":"","overlay-type":"","overlay-color":"","overlay-opacity":"","overlay-gradient":""},"mobile":{"background-color":"","background-image":"","background-repeat":"repeat","background-position":"center center","background-size":"auto","background-attachment":"scroll","background-type":"","background-media":"","overlay-type":"","overlay-color":"","overlay-opacity":"","overlay-gradient":""}},"ast-content-background-meta":{"desktop":{"background-color":"var(--ast-global-color-5)","background-image":"","background-repeat":"repeat","background-position":"center center","background-size":"auto","background-attachment":"scroll","background-type":"","background-media":"","overlay-type":"","overlay-color":"","overlay-opacity":"","overlay-gradient":""},"tablet":{"background-color":"var(--ast-global-color-5)","background-image":"","background-repeat":"repeat","background-position":"center center","background-size":"auto","background-attachment":"scroll","background-type":"","background-media":"","overlay-type":"","overlay-color":"","overlay-opacity":"","overlay-gradient":""},"mobile":{"background-color":"var(--ast-global-color-5)","background-image":"","background-repeat":"repeat","background-position":"center center","background-size":"auto","background-attachment":"scroll","background-type":"","background-media":"","overlay-type":"","overlay-color":"","overlay-opacity":"","overlay-gradient":""}}},"product_brand":[],"product_cat":[96,97,74],"product_tag":[],"class_list":{"0":"post-3035","1":"product","2":"type-product","3":"status-publish","4":"has-post-thumbnail","6":"product_cat-brands","7":"product_cat-naole","8":"product_cat-oxygen-ceuticals","9":"desktop-align-left","10":"tablet-align-left","11":"mobile-align-left","13":"first","14":"instock","15":"taxable","16":"shipping-taxable","17":"product-type-simple","18":"add-to-wishlist-before_image"},"uagb_featured_image_src":{"full":["https:\/\/kosmeetika24.com\/wp-content\/uploads\/2024\/01\/advanced-OXY2-e1714633954650.jpg",1000,1000,false],"thumbnail":["https:\/\/kosmeetika24.com\/wp-content\/uploads\/2024\/01\/advanced-OXY2-e1714633954650-150x150.jpg",150,150,true],"medium":["https:\/\/kosmeetika24.com\/wp-content\/uploads\/2024\/01\/advanced-OXY2-e1714633954650-300x300.jpg",300,300,true],"medium_large":["https:\/\/kosmeetika24.com\/wp-content\/uploads\/2024\/01\/advanced-OXY2-e1714633954650-768x768.jpg",768,768,true],"large":["https:\/\/kosmeetika24.com\/wp-content\/uploads\/2024\/01\/advanced-OXY2-1024x695.jpg",1024,695,true],"1536x1536":["https:\/\/kosmeetika24.com\/wp-content\/uploads\/2024\/01\/advanced-OXY2-1536x1043.jpg",1536,1043,true],"2048x2048":["https:\/\/kosmeetika24.com\/wp-content\/uploads\/2024\/01\/advanced-OXY2-e1714633954650.jpg",1000,1000,false],"trp-custom-language-flag":["https:\/\/kosmeetika24.com\/wp-content\/uploads\/2024\/01\/advanced-OXY2-e1714633954650-12x12.jpg",12,12,true],"woocommerce_thumbnail":["https:\/\/kosmeetika24.com\/wp-content\/uploads\/2024\/01\/advanced-OXY2-e1714633954650-300x300.jpg",300,300,true],"woocommerce_single":["https:\/\/kosmeetika24.com\/wp-content\/uploads\/2024\/01\/advanced-OXY2-e1714633954650-500x500.jpg",500,500,true],"woocommerce_gallery_thumbnail":["https:\/\/kosmeetika24.com\/wp-content\/uploads\/2024\/01\/advanced-OXY2-e1714633954650-100x100.jpg",100,100,true]},"uagb_author_info":{"display_name":"admin","author_link":"https:\/\/kosmeetika24.com\/et\/author\/"},"uagb_comment_info":0,"uagb_excerpt":"Kreem niisutab, kaitseb nahka vabade radikaalide eest, muudab nahatooni \u00fchtlasemaks ja annab rakkudele eluj\u00f5udu. 50 ml &nbsp;","_links":{"self":[{"href":"https:\/\/kosmeetika24.com\/et\/wp-json\/wp\/v2\/product\/3035","targetHints":{"allow":["GET"]}}],"collection":[{"href":"https:\/\/kosmeetika24.com\/et\/wp-json\/wp\/v2\/product"}],"about":[{"href":"https:\/\/kosmeetika24.com\/et\/wp-json\/wp\/v2\/types\/product"}],"replies":[{"embeddable":true,"href":"https:\/\/kosmeetika24.com\/et\/wp-json\/wp\/v2\/comments?post=3035"}],"version-history":[{"count":1,"href":"https:\/\/kosmeetika24.com\/et\/wp-json\/wp\/v2\/product\/3035\/revisions"}],"predecessor-version":[{"id":4549,"href":"https:\/\/kosmeetika24.com\/et\/wp-json\/wp\/v2\/product\/3035\/revisions\/4549"}],"wp:featuredmedia":[{"embeddable":true,"href":"https:\/\/kosmeetika24.com\/et\/wp-json\/wp\/v2\/media\/5343"}],"wp:attachment":[{"href":"https:\/\/kosmeetika24.com\/et\/wp-json\/wp\/v2\/media?parent=3035"}],"wp:term":[{"taxonomy":"product_brand","embeddable":true,"href":"https:\/\/kosmeetika24.com\/et\/wp-json\/wp\/v2\/product_brand?post=3035"},{"taxonomy":"product_cat","embeddable":true,"href":"https:\/\/kosmeetika24.com\/et\/wp-json\/wp\/v2\/product_cat?post=3035"},{"taxonomy":"product_tag","embeddable":true,"href":"https:\/\/kosmeetika24.com\/et\/wp-json\/wp\/v2\/product_tag?post=3035"}],"curies":[{"name":"wp","href":"https:\/\/api.w.org\/{rel}","templated":true}]}}