{"id":2886,"date":"2024-11-22T11:52:03","date_gmt":"2024-11-22T08:52:03","guid":{"rendered":"https:\/\/kosmeetika24.com\/?post_type=product&#038;p=2886"},"modified":"2025-07-02T11:19:36","modified_gmt":"2025-07-02T08:19:36","slug":"wishpro-aparaat","status":"publish","type":"product","link":"https:\/\/kosmeetika24.com\/et\/toode\/wishpro-aparaat\/","title":{"rendered":"Wishpro aparaat"},"content":{"rendered":"","protected":false},"excerpt":{"rendered":"<p class=\"tw-data-text tw-text-large tw-ta\" dir=\"ltr\" data-placeholder=\"Translation\"><span class=\"Y2IQFc\" lang=\"et\">Aparaat p\u00f5hineb magneetilise infusiooni tehnoloogial, mille tulemusel n\u00e4eb nahk v\u00e4lja noorem, s\u00e4ravam, pringim ja tervem &#8211; silmaga n\u00e4htavaid tulemusi n\u00e4eb juba peale esimest protseduuri.\u00a0<\/span><\/p>\n<p id=\"tw-target-text\" class=\"tw-data-text tw-text-large tw-ta\" dir=\"ltr\" data-placeholder=\"Translation\"><span class=\"Y2IQFc\" lang=\"et\">WISHPro kasutab uudset magnetinfusioonitehnoloogiat, et muuta magnetimpulsid aktiivseks energiav\u00e4ljaks, mis tekitab valgust v\u00f5i elektrivoolu.<\/span><\/p>\n","protected":false},"featured_media":2887,"comment_status":"open","ping_status":"closed","template":"","meta":{"_uag_custom_page_level_css":"","site-sidebar-layout":"default","site-content-layout":"","ast-site-content-layout":"default","site-content-style":"default","site-sidebar-style":"default","ast-global-header-display":"","ast-banner-title-visibility":"","ast-main-header-display":"","ast-hfb-above-header-display":"","ast-hfb-below-header-display":"","ast-hfb-mobile-header-display":"","site-post-title":"","ast-breadcrumbs-content":"","ast-featured-img":"","footer-sml-layout":"","ast-disable-related-posts":"","theme-transparent-header-meta":"default","adv-header-id-meta":"","stick-header-meta":"","header-above-stick-meta":"","header-main-stick-meta":"","header-below-stick-meta":"","astra-migrate-meta-layouts":"set","ast-page-background-enabled":"default","ast-page-background-meta":{"desktop":{"background-color":"var(--ast-global-color-4)","background-image":"","background-repeat":"repeat","background-position":"center center","background-size":"auto","background-attachment":"scroll","background-type":"","background-media":"","overlay-type":"","overlay-color":"","overlay-opacity":"","overlay-gradient":""},"tablet":{"background-color":"","background-image":"","background-repeat":"repeat","background-position":"center center","background-size":"auto","background-attachment":"scroll","background-type":"","background-media":"","overlay-type":"","overlay-color":"","overlay-opacity":"","overlay-gradient":""},"mobile":{"background-color":"","background-image":"","background-repeat":"repeat","background-position":"center center","background-size":"auto","background-attachment":"scroll","background-type":"","background-media":"","overlay-type":"","overlay-color":"","overlay-opacity":"","overlay-gradient":""}},"ast-content-background-meta":{"desktop":{"background-color":"var(--ast-global-color-5)","background-image":"","background-repeat":"repeat","background-position":"center center","background-size":"auto","background-attachment":"scroll","background-type":"","background-media":"","overlay-type":"","overlay-color":"","overlay-opacity":"","overlay-gradient":""},"tablet":{"background-color":"var(--ast-global-color-5)","background-image":"","background-repeat":"repeat","background-position":"center center","background-size":"auto","background-attachment":"scroll","background-type":"","background-media":"","overlay-type":"","overlay-color":"","overlay-opacity":"","overlay-gradient":""},"mobile":{"background-color":"var(--ast-global-color-5)","background-image":"","background-repeat":"repeat","background-position":"center center","background-size":"auto","background-attachment":"scroll","background-type":"","background-media":"","overlay-type":"","overlay-color":"","overlay-opacity":"","overlay-gradient":""}}},"product_brand":[],"product_cat":[96,97,99,80],"product_tag":[],"class_list":{"0":"post-2886","1":"product","2":"type-product","3":"status-publish","4":"has-post-thumbnail","6":"product_cat-brands","7":"product_cat-naole","8":"product_cat-seadmed","9":"product_cat-wishpro","10":"desktop-align-left","11":"tablet-align-left","12":"mobile-align-left","14":"first","15":"instock","16":"taxable","17":"shipping-taxable","18":"product-type-simple","19":"add-to-wishlist-before_image"},"uagb_featured_image_src":{"full":["https:\/\/kosmeetika24.com\/wp-content\/uploads\/2024\/01\/profitoode-600x600-1.png",600,600,false],"thumbnail":["https:\/\/kosmeetika24.com\/wp-content\/uploads\/2024\/01\/profitoode-600x600-1-150x150.png",150,150,true],"medium":["https:\/\/kosmeetika24.com\/wp-content\/uploads\/2024\/01\/profitoode-600x600-1-300x300.png",300,300,true],"medium_large":["https:\/\/kosmeetika24.com\/wp-content\/uploads\/2024\/01\/profitoode-600x600-1.png",600,600,false],"large":["https:\/\/kosmeetika24.com\/wp-content\/uploads\/2024\/01\/profitoode-600x600-1.png",600,600,false],"1536x1536":["https:\/\/kosmeetika24.com\/wp-content\/uploads\/2024\/01\/profitoode-600x600-1.png",600,600,false],"2048x2048":["https:\/\/kosmeetika24.com\/wp-content\/uploads\/2024\/01\/profitoode-600x600-1.png",600,600,false],"trp-custom-language-flag":["https:\/\/kosmeetika24.com\/wp-content\/uploads\/2024\/01\/profitoode-600x600-1-12x12.png",12,12,true],"woocommerce_thumbnail":["https:\/\/kosmeetika24.com\/wp-content\/uploads\/2024\/01\/profitoode-600x600-1-300x300.png",300,300,true],"woocommerce_single":["https:\/\/kosmeetika24.com\/wp-content\/uploads\/2024\/01\/profitoode-600x600-1-500x500.png",500,500,true],"woocommerce_gallery_thumbnail":["https:\/\/kosmeetika24.com\/wp-content\/uploads\/2024\/01\/profitoode-600x600-1-100x100.png",100,100,true]},"uagb_author_info":{"display_name":"admin","author_link":"https:\/\/kosmeetika24.com\/et\/author\/"},"uagb_comment_info":0,"uagb_excerpt":"Aparaat p\u00f5hineb magneetilise infusiooni tehnoloogial, mille tulemusel n\u00e4eb nahk v\u00e4lja noorem, s\u00e4ravam, pringim ja tervem - silmaga n\u00e4htavaid tulemusi n\u00e4eb juba peale esimest protseduuri.\u00a0 WISHPro kasutab uudset magnetinfusioonitehnoloogiat, et muuta magnetimpulsid aktiivseks energiav\u00e4ljaks, mis tekitab valgust v\u00f5i elektrivoolu.","_links":{"self":[{"href":"https:\/\/kosmeetika24.com\/et\/wp-json\/wp\/v2\/product\/2886","targetHints":{"allow":["GET"]}}],"collection":[{"href":"https:\/\/kosmeetika24.com\/et\/wp-json\/wp\/v2\/product"}],"about":[{"href":"https:\/\/kosmeetika24.com\/et\/wp-json\/wp\/v2\/types\/product"}],"replies":[{"embeddable":true,"href":"https:\/\/kosmeetika24.com\/et\/wp-json\/wp\/v2\/comments?post=2886"}],"version-history":[{"count":1,"href":"https:\/\/kosmeetika24.com\/et\/wp-json\/wp\/v2\/product\/2886\/revisions"}],"predecessor-version":[{"id":4578,"href":"https:\/\/kosmeetika24.com\/et\/wp-json\/wp\/v2\/product\/2886\/revisions\/4578"}],"wp:featuredmedia":[{"embeddable":true,"href":"https:\/\/kosmeetika24.com\/et\/wp-json\/wp\/v2\/media\/2887"}],"wp:attachment":[{"href":"https:\/\/kosmeetika24.com\/et\/wp-json\/wp\/v2\/media?parent=2886"}],"wp:term":[{"taxonomy":"product_brand","embeddable":true,"href":"https:\/\/kosmeetika24.com\/et\/wp-json\/wp\/v2\/product_brand?post=2886"},{"taxonomy":"product_cat","embeddable":true,"href":"https:\/\/kosmeetika24.com\/et\/wp-json\/wp\/v2\/product_cat?post=2886"},{"taxonomy":"product_tag","embeddable":true,"href":"https:\/\/kosmeetika24.com\/et\/wp-json\/wp\/v2\/product_tag?post=2886"}],"curies":[{"name":"wp","href":"https:\/\/api.w.org\/{rel}","templated":true}]}}