{"id":2788,"date":"2024-05-30T13:47:10","date_gmt":"2024-05-30T13:47:10","guid":{"rendered":"https:\/\/kosmeetika24.com\/?post_type=product&#038;p=2788"},"modified":"2025-07-02T10:54:03","modified_gmt":"2025-07-02T07:54:03","slug":"reveel-pinguldav-kontsentraat","status":"publish","type":"product","link":"https:\/\/kosmeetika24.com\/et\/toode\/reveel-pinguldav-kontsentraat\/","title":{"rendered":"Reveel pinguldav kontsentraat"},"content":{"rendered":"<p><span lang=\"et-EE\">Maksimaalse efektiivsuse saavutamiseks on <\/span><span lang=\"et-EE\"><em>Resveratrol Concentrate<\/em> <\/span><span lang=\"et-EE\">seerumit k\u00f5ige parem kasutada \u00f5htuse nahahoolduse ajal, et <\/span><span lang=\"et-EE\">pinguldada naha kontuure, peeneid jooni ja kortse.<\/span><\/p>\n<p lang=\"et-EE\">Tumedad laigud ja punetus v\u00e4henevad silmn\u00e4htavalt, n\u00e4ovaal muutub klaarimaks ning naha enda kaitses\u00fcsteem on tugevam.<\/p>\n<p lang=\"et-EE\"><strong>TOIME<\/strong><\/p>\n<p><span lang=\"et-EE\">Resveratrool \u00a0on v\u00f5imas taimne antioks\u00fcdant, mis kaitseb ja parandab p\u00e4risnahka 135%. Toetab kollageeni tootmist, neutraliseerib vabu radikaale ja hoiab \u00e4ra naha\u00e4rrituse.<\/span><\/p>\n<p>Kontsentraadis sisalduvad pol\u00fcfenoolid aktiveerivad ens\u00fc\u00fcme, mis kiirendavad paranemis- ja taastumisprotsesse \u2013 kaovad punetus, \u00e4rritus ja p\u00f5letikud, nahk omandab 46% v\u00f5rra tugevama ja tervema ilme.<\/p>\n<p lang=\"et-EE\">Vananemisvastane maatriks stimuleerib kollageeni tootmist, nii et peened jooned ja kortsud v\u00e4henevad 10% v\u00f5rra, aidates v\u00e4ltida enneaegset vananemist. Naha elastsus paraneb 42%.<\/p>\n<p lang=\"et-EE\">Sobib v\u00e4ga tundlikule nahale, nii noorele kui ka juba k\u00fcpsele nahale.<\/p>\n<p><strong>KASUTAMINE\u00a0<\/strong><\/p>\n<p><span class=\"Y2IQFc\" lang=\"et\">P\u00e4rast naha puhastamist kandke pumbat\u00e4is seerumit n\u00e4ole, kaelale ja dekolteepiirkonnale. <\/span><\/p>\n<p><span class=\"Y2IQFc\" lang=\"et\">Tupsutage \u00f5rnalt s\u00f5rmeotstega kuni seerum on imendunud. <\/span><\/p>\n<p><strong>KOOSTIS<\/strong><\/p>\n<p>Aqua (Water), Caprylic\/Capric Triglyceride, Dimethyl Isosorbide, 1,5-Pentanediol, Butyrospermum Parkii (Shea) Butter, Resveratrol, Glycerin, Hydroxyethyl Acrylate\/Sodium Acryloyldimethyl Taurate Copolymer, Panthenol, Sodium Hyaluronate, Palmitoyl Tripeptide-38, Ethylene Brassylate, Hydroxypropyl Cyclodextrin, Citric Acid, Polysorbate 60, Caprylyl Glycol, Sorbitan Isostearate, 3-Hexenol, Propanediol, Caprylhydroxamic Acid.<\/p>\n","protected":false},"excerpt":{"rendered":"<p><span style=\"font-size: 16px;\">Pinguldav kontsentraat, mis \u00fchendab endas kreemi ja seerumi \u2013 stimuleerib kollageeni tootmist, et nahk oleks tugevam ja siledam \u2013 naistele ja meestele.<\/span><\/p>\n<p class=\"h2\"><span style=\"font-size: 16px;\">\u00a0100% silikoonivaba, alumiiniumivaba, alkoholivaba, julmusevaba ja mikroplastivaba.<\/span><\/p>\n<p>50 ml<\/p>\n","protected":false},"featured_media":2792,"comment_status":"closed","ping_status":"closed","template":"","meta":{"_uag_custom_page_level_css":"","site-sidebar-layout":"default","site-content-layout":"","ast-site-content-layout":"default","site-content-style":"default","site-sidebar-style":"default","ast-global-header-display":"","ast-banner-title-visibility":"","ast-main-header-display":"","ast-hfb-above-header-display":"","ast-hfb-below-header-display":"","ast-hfb-mobile-header-display":"","site-post-title":"","ast-breadcrumbs-content":"","ast-featured-img":"","footer-sml-layout":"","ast-disable-related-posts":"","theme-transparent-header-meta":"default","adv-header-id-meta":"","stick-header-meta":"","header-above-stick-meta":"","header-main-stick-meta":"","header-below-stick-meta":"","astra-migrate-meta-layouts":"set","ast-page-background-enabled":"default","ast-page-background-meta":{"desktop":{"background-color":"var(--ast-global-color-4)","background-image":"","background-repeat":"repeat","background-position":"center center","background-size":"auto","background-attachment":"scroll","background-type":"","background-media":"","overlay-type":"","overlay-color":"","overlay-opacity":"","overlay-gradient":""},"tablet":{"background-color":"","background-image":"","background-repeat":"repeat","background-position":"center center","background-size":"auto","background-attachment":"scroll","background-type":"","background-media":"","overlay-type":"","overlay-color":"","overlay-opacity":"","overlay-gradient":""},"mobile":{"background-color":"","background-image":"","background-repeat":"repeat","background-position":"center center","background-size":"auto","background-attachment":"scroll","background-type":"","background-media":"","overlay-type":"","overlay-color":"","overlay-opacity":"","overlay-gradient":""}},"ast-content-background-meta":{"desktop":{"background-color":"var(--ast-global-color-5)","background-image":"","background-repeat":"repeat","background-position":"center center","background-size":"auto","background-attachment":"scroll","background-type":"","background-media":"","overlay-type":"","overlay-color":"","overlay-opacity":"","overlay-gradient":""},"tablet":{"background-color":"var(--ast-global-color-5)","background-image":"","background-repeat":"repeat","background-position":"center center","background-size":"auto","background-attachment":"scroll","background-type":"","background-media":"","overlay-type":"","overlay-color":"","overlay-opacity":"","overlay-gradient":""},"mobile":{"background-color":"var(--ast-global-color-5)","background-image":"","background-repeat":"repeat","background-position":"center center","background-size":"auto","background-attachment":"scroll","background-type":"","background-media":"","overlay-type":"","overlay-color":"","overlay-opacity":"","overlay-gradient":""}}},"product_brand":[],"product_cat":[96,97,95],"product_tag":[],"class_list":{"0":"post-2788","1":"product","2":"type-product","3":"status-publish","4":"has-post-thumbnail","6":"product_cat-brands","7":"product_cat-naole","8":"product_cat-reveel","9":"desktop-align-left","10":"tablet-align-left","11":"mobile-align-left","13":"first","14":"instock","15":"taxable","16":"shipping-taxable","17":"product-type-simple","18":"add-to-wishlist-before_image"},"uagb_featured_image_src":{"full":["https:\/\/kosmeetika24.com\/wp-content\/uploads\/2024\/01\/resveratrol-concentrate-5_800x.png-600x600-1.webp",600,600,false],"thumbnail":["https:\/\/kosmeetika24.com\/wp-content\/uploads\/2024\/01\/resveratrol-concentrate-5_800x.png-600x600-1-150x150.webp",150,150,true],"medium":["https:\/\/kosmeetika24.com\/wp-content\/uploads\/2024\/01\/resveratrol-concentrate-5_800x.png-600x600-1-300x300.webp",300,300,true],"medium_large":["https:\/\/kosmeetika24.com\/wp-content\/uploads\/2024\/01\/resveratrol-concentrate-5_800x.png-600x600-1.webp",600,600,false],"large":["https:\/\/kosmeetika24.com\/wp-content\/uploads\/2024\/01\/resveratrol-concentrate-5_800x.png-600x600-1.webp",600,600,false],"1536x1536":["https:\/\/kosmeetika24.com\/wp-content\/uploads\/2024\/01\/resveratrol-concentrate-5_800x.png-600x600-1.webp",600,600,false],"2048x2048":["https:\/\/kosmeetika24.com\/wp-content\/uploads\/2024\/01\/resveratrol-concentrate-5_800x.png-600x600-1.webp",600,600,false],"trp-custom-language-flag":["https:\/\/kosmeetika24.com\/wp-content\/uploads\/2024\/01\/resveratrol-concentrate-5_800x.png-600x600-1-12x12.webp",12,12,true],"woocommerce_thumbnail":["https:\/\/kosmeetika24.com\/wp-content\/uploads\/2024\/01\/resveratrol-concentrate-5_800x.png-600x600-1-300x300.webp",300,300,true],"woocommerce_single":["https:\/\/kosmeetika24.com\/wp-content\/uploads\/2024\/01\/resveratrol-concentrate-5_800x.png-600x600-1-500x500.webp",500,500,true],"woocommerce_gallery_thumbnail":["https:\/\/kosmeetika24.com\/wp-content\/uploads\/2024\/01\/resveratrol-concentrate-5_800x.png-600x600-1-100x100.webp",100,100,true]},"uagb_author_info":{"display_name":"admin","author_link":"https:\/\/kosmeetika24.com\/et\/author\/"},"uagb_comment_info":0,"uagb_excerpt":"Pinguldav kontsentraat, mis \u00fchendab endas kreemi ja seerumi \u2013 stimuleerib kollageeni tootmist, et nahk oleks tugevam ja siledam \u2013 naistele ja meestele. \u00a0100% silikoonivaba, alumiiniumivaba, alkoholivaba, julmusevaba ja mikroplastivaba. 50 ml","_links":{"self":[{"href":"https:\/\/kosmeetika24.com\/et\/wp-json\/wp\/v2\/product\/2788","targetHints":{"allow":["GET"]}}],"collection":[{"href":"https:\/\/kosmeetika24.com\/et\/wp-json\/wp\/v2\/product"}],"about":[{"href":"https:\/\/kosmeetika24.com\/et\/wp-json\/wp\/v2\/types\/product"}],"replies":[{"embeddable":true,"href":"https:\/\/kosmeetika24.com\/et\/wp-json\/wp\/v2\/comments?post=2788"}],"version-history":[{"count":2,"href":"https:\/\/kosmeetika24.com\/et\/wp-json\/wp\/v2\/product\/2788\/revisions"}],"predecessor-version":[{"id":5204,"href":"https:\/\/kosmeetika24.com\/et\/wp-json\/wp\/v2\/product\/2788\/revisions\/5204"}],"wp:featuredmedia":[{"embeddable":true,"href":"https:\/\/kosmeetika24.com\/et\/wp-json\/wp\/v2\/media\/2792"}],"wp:attachment":[{"href":"https:\/\/kosmeetika24.com\/et\/wp-json\/wp\/v2\/media?parent=2788"}],"wp:term":[{"taxonomy":"product_brand","embeddable":true,"href":"https:\/\/kosmeetika24.com\/et\/wp-json\/wp\/v2\/product_brand?post=2788"},{"taxonomy":"product_cat","embeddable":true,"href":"https:\/\/kosmeetika24.com\/et\/wp-json\/wp\/v2\/product_cat?post=2788"},{"taxonomy":"product_tag","embeddable":true,"href":"https:\/\/kosmeetika24.com\/et\/wp-json\/wp\/v2\/product_tag?post=2788"}],"curies":[{"name":"wp","href":"https:\/\/api.w.org\/{rel}","templated":true}]}}