{"id":2647,"date":"2024-05-30T13:41:16","date_gmt":"2024-05-30T13:41:16","guid":{"rendered":"https:\/\/kosmeetika24.com\/?post_type=product&#038;p=2647"},"modified":"2025-07-02T11:03:13","modified_gmt":"2025-07-02T08:03:13","slug":"reveel-profitoode-kollageeni-seerumi-sprei","status":"publish","type":"product","link":"https:\/\/kosmeetika24.com\/et\/toode\/reveel-profitoode-kollageeni-seerumi-sprei\/","title":{"rendered":"Profitoode Reveel kollageeni seerumi sprei"},"content":{"rendered":"<p>Muutuv kliima, kliimaseade ja muud stressitegurid v\u00f5ivad p\u00f5hjustada naha niiskuse v\u00e4henemist. See v\u00e4ljendub suurenenud kuivusena ning peente joonte, kortsude ja ketendamise r\u00f5hutamisena.\u00a0Nahk tundub v\u00e4sinud ja tuhm.<\/p>\n<p>Uuenduslik<em><strong> Collagen Serum Spray<\/strong><\/em> <span class=\"Y2IQFc\" lang=\"et\"> taastab niiskustaseme nahas<\/span> ja laseb ebameeldivad pingetunded koheselt kaduda, asetades naha kohale looduslikest kollageenimolekulidest koosneva niiskusv\u00f5rgustiku ning looduslikud niisutavad toimeained tungivad s\u00fcgavale nahapinda.<\/p>\n<p><span class=\"Y2IQFc\" lang=\"et\">Nahk n\u00e4eb hetkega taas tervem ja hoolitsetud v\u00e4lja.<\/span><\/p>\n<p>Seerumis sisalduv \u00f5una t\u00fcvirakkude ekstrakt soodustab rakkude uuenemist. <span class=\"Y2IQFc\" lang=\"et\">Peened kortsud v\u00e4henevad<\/span>. Nahk on siledam pikemaks ajaks.<\/p>\n<p>\u00d5una t\u00fcvirakkude ekstrakt koos kollageenimolekulidega niisutab nahka, et nahk oleks koheselt pingul. Nahk on s\u00fcgavalt h\u00fcdreeritud ja naha pingulustunne v\u00e4heneb.<\/p>\n<p><strong>KASUTAMINE<\/strong><\/p>\n<p>Enne kasutamist loksutage korralikult.<\/p>\n<p>Hoidke pihustit vertikaalses asendis.<\/p>\n<p>Paluge kliendil hoida silmad kinni. Pihustage umbes 3 pumbat\u00e4it n\u00e4ole ja kaelale ning 3 pumbat\u00e4it dekolteepiirkonnale.<\/p>\n<p>V\u00f5i pihustage esmalt peopesadele ja kandke seej\u00e4rel k\u00e4tega kliendi n\u00e4ole.<\/p>\n<p><strong>KOOSTIS<\/strong><\/p>\n<p>Aqua (Water), Butylene Glycol, Glycerin, Leuconostoc\/Radish Root Ferment Filtrate, Soluble Collagen, Malus Domestica Fruit Cell Culture Extract, Panthenol, PCA, 1,5-Pentanediol, Saccharide Isomerate, Monosodium Citrate, Isomalt, Parfum (Fragrance)<\/p>\n","protected":false},"excerpt":{"rendered":"<p class=\"h2\"><span style=\"font-size: 16px;\">Profitoode<\/span><\/p>\n<p class=\"h2\"><span style=\"font-size: 16px;\">Kohese toimega vananemisvastane kollageenne n\u00e4oseerum pehmendab peeneid joonekesi ja niisutab nahka, muutes naiste ja meeste naha tugevamaks ja siledamaks.<\/span><\/p>\n<p><span class=\"Y2IQFc\" lang=\"et\">Ideaalne spontaanseks kasutamiseks ilmastikust v\u00f5i stressist tingitud kuivuse korral.<\/span><\/p>\n<p><span style=\"font-size: 16px;\">\u00a0100% silikoonivaba, alumiiniumivaba, alkoholivaba, julmusevaba ja mikroplastivaba.<\/span><\/p>\n<p>100ml<\/p>\n","protected":false},"featured_media":2650,"comment_status":"closed","ping_status":"closed","template":"","meta":{"_uag_custom_page_level_css":"","site-sidebar-layout":"default","site-content-layout":"","ast-site-content-layout":"default","site-content-style":"default","site-sidebar-style":"default","ast-global-header-display":"","ast-banner-title-visibility":"","ast-main-header-display":"","ast-hfb-above-header-display":"","ast-hfb-below-header-display":"","ast-hfb-mobile-header-display":"","site-post-title":"","ast-breadcrumbs-content":"","ast-featured-img":"","footer-sml-layout":"","ast-disable-related-posts":"","theme-transparent-header-meta":"default","adv-header-id-meta":"","stick-header-meta":"","header-above-stick-meta":"","header-main-stick-meta":"","header-below-stick-meta":"","astra-migrate-meta-layouts":"set","ast-page-background-enabled":"default","ast-page-background-meta":{"desktop":{"background-color":"var(--ast-global-color-4)","background-image":"","background-repeat":"repeat","background-position":"center center","background-size":"auto","background-attachment":"scroll","background-type":"","background-media":"","overlay-type":"","overlay-color":"","overlay-opacity":"","overlay-gradient":""},"tablet":{"background-color":"","background-image":"","background-repeat":"repeat","background-position":"center center","background-size":"auto","background-attachment":"scroll","background-type":"","background-media":"","overlay-type":"","overlay-color":"","overlay-opacity":"","overlay-gradient":""},"mobile":{"background-color":"","background-image":"","background-repeat":"repeat","background-position":"center center","background-size":"auto","background-attachment":"scroll","background-type":"","background-media":"","overlay-type":"","overlay-color":"","overlay-opacity":"","overlay-gradient":""}},"ast-content-background-meta":{"desktop":{"background-color":"var(--ast-global-color-5)","background-image":"","background-repeat":"repeat","background-position":"center center","background-size":"auto","background-attachment":"scroll","background-type":"","background-media":"","overlay-type":"","overlay-color":"","overlay-opacity":"","overlay-gradient":""},"tablet":{"background-color":"var(--ast-global-color-5)","background-image":"","background-repeat":"repeat","background-position":"center center","background-size":"auto","background-attachment":"scroll","background-type":"","background-media":"","overlay-type":"","overlay-color":"","overlay-opacity":"","overlay-gradient":""},"mobile":{"background-color":"var(--ast-global-color-5)","background-image":"","background-repeat":"repeat","background-position":"center center","background-size":"auto","background-attachment":"scroll","background-type":"","background-media":"","overlay-type":"","overlay-color":"","overlay-opacity":"","overlay-gradient":""}}},"product_brand":[],"product_cat":[96,97,95],"product_tag":[],"class_list":{"0":"post-2647","1":"product","2":"type-product","3":"status-publish","4":"has-post-thumbnail","6":"product_cat-brands","7":"product_cat-naole","8":"product_cat-reveel","9":"desktop-align-left","10":"tablet-align-left","11":"mobile-align-left","13":"first","14":"instock","15":"taxable","16":"shipping-taxable","17":"product-type-simple","18":"add-to-wishlist-before_image"},"uagb_featured_image_src":{"full":["https:\/\/kosmeetika24.com\/wp-content\/uploads\/2024\/01\/reveel-collagenserum-11_800x.png-600x600-1.webp",600,600,false],"thumbnail":["https:\/\/kosmeetika24.com\/wp-content\/uploads\/2024\/01\/reveel-collagenserum-11_800x.png-600x600-1-150x150.webp",150,150,true],"medium":["https:\/\/kosmeetika24.com\/wp-content\/uploads\/2024\/01\/reveel-collagenserum-11_800x.png-600x600-1-300x300.webp",300,300,true],"medium_large":["https:\/\/kosmeetika24.com\/wp-content\/uploads\/2024\/01\/reveel-collagenserum-11_800x.png-600x600-1.webp",600,600,false],"large":["https:\/\/kosmeetika24.com\/wp-content\/uploads\/2024\/01\/reveel-collagenserum-11_800x.png-600x600-1.webp",600,600,false],"1536x1536":["https:\/\/kosmeetika24.com\/wp-content\/uploads\/2024\/01\/reveel-collagenserum-11_800x.png-600x600-1.webp",600,600,false],"2048x2048":["https:\/\/kosmeetika24.com\/wp-content\/uploads\/2024\/01\/reveel-collagenserum-11_800x.png-600x600-1.webp",600,600,false],"trp-custom-language-flag":["https:\/\/kosmeetika24.com\/wp-content\/uploads\/2024\/01\/reveel-collagenserum-11_800x.png-600x600-1-12x12.webp",12,12,true],"woocommerce_thumbnail":["https:\/\/kosmeetika24.com\/wp-content\/uploads\/2024\/01\/reveel-collagenserum-11_800x.png-600x600-1-300x300.webp",300,300,true],"woocommerce_single":["https:\/\/kosmeetika24.com\/wp-content\/uploads\/2024\/01\/reveel-collagenserum-11_800x.png-600x600-1-500x500.webp",500,500,true],"woocommerce_gallery_thumbnail":["https:\/\/kosmeetika24.com\/wp-content\/uploads\/2024\/01\/reveel-collagenserum-11_800x.png-600x600-1-100x100.webp",100,100,true]},"uagb_author_info":{"display_name":"admin","author_link":"https:\/\/kosmeetika24.com\/et\/author\/"},"uagb_comment_info":0,"uagb_excerpt":"Profitoode Kohese toimega vananemisvastane kollageenne n\u00e4oseerum pehmendab peeneid joonekesi ja niisutab nahka, muutes naiste ja meeste naha tugevamaks ja siledamaks. Ideaalne spontaanseks kasutamiseks ilmastikust v\u00f5i stressist tingitud kuivuse korral. \u00a0100% silikoonivaba, alumiiniumivaba, alkoholivaba, julmusevaba ja mikroplastivaba. 100ml","_links":{"self":[{"href":"https:\/\/kosmeetika24.com\/et\/wp-json\/wp\/v2\/product\/2647","targetHints":{"allow":["GET"]}}],"collection":[{"href":"https:\/\/kosmeetika24.com\/et\/wp-json\/wp\/v2\/product"}],"about":[{"href":"https:\/\/kosmeetika24.com\/et\/wp-json\/wp\/v2\/types\/product"}],"replies":[{"embeddable":true,"href":"https:\/\/kosmeetika24.com\/et\/wp-json\/wp\/v2\/comments?post=2647"}],"version-history":[{"count":7,"href":"https:\/\/kosmeetika24.com\/et\/wp-json\/wp\/v2\/product\/2647\/revisions"}],"predecessor-version":[{"id":6259,"href":"https:\/\/kosmeetika24.com\/et\/wp-json\/wp\/v2\/product\/2647\/revisions\/6259"}],"wp:featuredmedia":[{"embeddable":true,"href":"https:\/\/kosmeetika24.com\/et\/wp-json\/wp\/v2\/media\/2650"}],"wp:attachment":[{"href":"https:\/\/kosmeetika24.com\/et\/wp-json\/wp\/v2\/media?parent=2647"}],"wp:term":[{"taxonomy":"product_brand","embeddable":true,"href":"https:\/\/kosmeetika24.com\/et\/wp-json\/wp\/v2\/product_brand?post=2647"},{"taxonomy":"product_cat","embeddable":true,"href":"https:\/\/kosmeetika24.com\/et\/wp-json\/wp\/v2\/product_cat?post=2647"},{"taxonomy":"product_tag","embeddable":true,"href":"https:\/\/kosmeetika24.com\/et\/wp-json\/wp\/v2\/product_tag?post=2647"}],"curies":[{"name":"wp","href":"https:\/\/api.w.org\/{rel}","templated":true}]}}