{"id":2585,"date":"2024-05-30T13:45:59","date_gmt":"2024-05-30T13:45:59","guid":{"rendered":"https:\/\/kosmeetika24.com\/?post_type=product&#038;p=2585"},"modified":"2025-07-02T10:59:09","modified_gmt":"2025-07-02T07:59:09","slug":"reveel-mereline-silmamask-5-tk","status":"publish","type":"product","link":"https:\/\/kosmeetika24.com\/et\/toode\/reveel-mereline-silmamask-5-tk\/","title":{"rendered":"Reveel mereline silmamask 5 tk"},"content":{"rendered":"<p>S\u00fcgava toimega silmamask toidab \u00f5rna silma\u00fcmbruse nahka eluandva niiskusega ja k\u00f5rvaldab v\u00e4simuse m\u00e4rgid.<\/p>\n<p>Maski kasutamise tulemused\u00a0 on sarnased puhkusega mere\u00e4\u00e4rses kuurortis:<\/p>\n<ul>\n<li>nahk pakseneb, andes sellele s<span class=\"Y2IQFc\" lang=\"et\">ilmn\u00e4htavalt pringima v\u00e4limuse,<\/span><\/li>\n<li>kaovad v\u00e4simuse j\u00e4ljed ja tumedad silmaalused.<\/li>\n<li>nahk muutub elastsemaks ja niisutatumaks.<\/li>\n<\/ul>\n<p>Seda saab kasutada v\u00e4lkhooldusena hetkedel, mis vajavad kohest tulemust, nagu pulmad v\u00f5i \u00fcritused.<\/p>\n<p>Sobib k\u00f5igile nahat\u00fc\u00fcpidele, eriti kuivale nahale. V\u00f5ib kasutada tundliku naha korral.<\/p>\n<p><strong>PEAMISED TOIMEAINED<\/strong><\/p>\n<ul>\n<li>H\u00fclauroonhape<\/li>\n<li>merevetikate alginaadid<\/li>\n<li>Kaltsiumiioonid<\/li>\n<\/ul>\n<p><strong>TOIME<\/strong><\/p>\n<ul>\n<li><span class=\"Y2IQFc\" lang=\"et\">H\u00fcaluroonhape seob niiskust ja tagab kauakestva tulemuse. Taastub naha barj\u00e4\u00e4rifunktsioon ja kuivuskortsud saavad silutud.<\/span><\/li>\n<li>Merevetikate alginaadid niisutavad, toidavad ja pinguldavad nahka.<\/li>\n<li><span class=\"Y2IQFc\" lang=\"et\">Kaltsiumiioonid stimuleerivad s\u00fcgaval nahapinnas olevate akvaporiinide mobilisatsiooni, mis koheselt suurendab oluliselt naha niiskusvarustatust.<\/span><\/li>\n<\/ul>\n<p><strong>KASUTAMINE<\/strong><\/p>\n<ol>\n<li><span class=\"Y2IQFc\" lang=\"et\">Aktiveerimisvedeliku vabastamiseks vajutage m\u00f5lema p\u00f6idlaga kindlalt vedelikukambrile.<\/span><\/li>\n<li>Eemaldage foolium alles siis kui vedelik on maskidesse t\u00e4ielikult imendunud.<\/li>\n<li>Kandke maskid puhastatud nahale, j\u00e4tke peale 15 minutiks.<\/li>\n<li>P\u00e4rast kasutamist eemaldage maskid ja visake need \u00e4ra.<\/li>\n<\/ol>\n<p><span class=\"Y2IQFc\" lang=\"et\">Kasutada vastavalt vajadusele. <\/span><\/p>\n<p><span class=\"Y2IQFc\" lang=\"et\">Kestvama tulemuse saavutamiseks kasutada regulaarselt 2-3x n\u00e4dalas.\u00a0<\/span><\/p>\n<p><strong>KOOSTIS<\/strong><\/p>\n<p>Algin, Cellulose Gum, Glycerin, Calcium Sulfate, Caprylic \/ Capric Triglyceride, Citric Acid, Sorbitol Activation Liquid: Aqua (Water), Butylene, Glycol, Glycerin, 1.5-Pentanediol, Leuconostoc\/Radish Root Ferment Filtrate, Sodium Hyaluronate<\/p>\n","protected":false},"excerpt":{"rendered":"<p id=\"title\" class=\"a-size-large a-spacing-none\"><span id=\"productTitle\" class=\"a-size-large product-title-word-break\" style=\"font-size: 16px;\">Kiire toimega silmamask &#8211; naha niisutamiseks ja v\u00e4sinud v\u00e4limuse turgutamiseks &#8211; naistele ja meestele.<\/span><\/p>\n<p>Silmaaluse plaastrid on 100% silikoonivabad, alumiiniumivabad, alkoholivabad ja mikroplastivabad.<\/p>\n<p>Sobib veganitele.<\/p>\n<p>Pakendis on 5&#215;2 maski \u00fchekordseks kasutamiseks.<\/p>\n","protected":false},"featured_media":2586,"comment_status":"closed","ping_status":"closed","template":"","meta":{"_uag_custom_page_level_css":"","site-sidebar-layout":"default","site-content-layout":"","ast-site-content-layout":"default","site-content-style":"default","site-sidebar-style":"default","ast-global-header-display":"","ast-banner-title-visibility":"","ast-main-header-display":"","ast-hfb-above-header-display":"","ast-hfb-below-header-display":"","ast-hfb-mobile-header-display":"","site-post-title":"","ast-breadcrumbs-content":"","ast-featured-img":"","footer-sml-layout":"","ast-disable-related-posts":"","theme-transparent-header-meta":"default","adv-header-id-meta":"","stick-header-meta":"","header-above-stick-meta":"","header-main-stick-meta":"","header-below-stick-meta":"","astra-migrate-meta-layouts":"set","ast-page-background-enabled":"default","ast-page-background-meta":{"desktop":{"background-color":"var(--ast-global-color-4)","background-image":"","background-repeat":"repeat","background-position":"center center","background-size":"auto","background-attachment":"scroll","background-type":"","background-media":"","overlay-type":"","overlay-color":"","overlay-opacity":"","overlay-gradient":""},"tablet":{"background-color":"","background-image":"","background-repeat":"repeat","background-position":"center center","background-size":"auto","background-attachment":"scroll","background-type":"","background-media":"","overlay-type":"","overlay-color":"","overlay-opacity":"","overlay-gradient":""},"mobile":{"background-color":"","background-image":"","background-repeat":"repeat","background-position":"center center","background-size":"auto","background-attachment":"scroll","background-type":"","background-media":"","overlay-type":"","overlay-color":"","overlay-opacity":"","overlay-gradient":""}},"ast-content-background-meta":{"desktop":{"background-color":"var(--ast-global-color-5)","background-image":"","background-repeat":"repeat","background-position":"center center","background-size":"auto","background-attachment":"scroll","background-type":"","background-media":"","overlay-type":"","overlay-color":"","overlay-opacity":"","overlay-gradient":""},"tablet":{"background-color":"var(--ast-global-color-5)","background-image":"","background-repeat":"repeat","background-position":"center center","background-size":"auto","background-attachment":"scroll","background-type":"","background-media":"","overlay-type":"","overlay-color":"","overlay-opacity":"","overlay-gradient":""},"mobile":{"background-color":"var(--ast-global-color-5)","background-image":"","background-repeat":"repeat","background-position":"center center","background-size":"auto","background-attachment":"scroll","background-type":"","background-media":"","overlay-type":"","overlay-color":"","overlay-opacity":"","overlay-gradient":""}}},"product_brand":[],"product_cat":[96,97,95],"product_tag":[],"class_list":{"0":"post-2585","1":"product","2":"type-product","3":"status-publish","4":"has-post-thumbnail","6":"product_cat-brands","7":"product_cat-naole","8":"product_cat-reveel","9":"desktop-align-left","10":"tablet-align-left","11":"mobile-align-left","13":"first","14":"instock","15":"taxable","16":"shipping-taxable","17":"product-type-simple","18":"add-to-wishlist-before_image"},"uagb_featured_image_src":{"full":["https:\/\/kosmeetika24.com\/wp-content\/uploads\/2024\/01\/reveel_MarineEyeMask5_PackshotComplete_Transparent_800x800_1c712b77-d5ba-4fad-bf05-7060720981d1_800x-600x600-1.png",600,600,false],"thumbnail":["https:\/\/kosmeetika24.com\/wp-content\/uploads\/2024\/01\/reveel_MarineEyeMask5_PackshotComplete_Transparent_800x800_1c712b77-d5ba-4fad-bf05-7060720981d1_800x-600x600-1-150x150.png",150,150,true],"medium":["https:\/\/kosmeetika24.com\/wp-content\/uploads\/2024\/01\/reveel_MarineEyeMask5_PackshotComplete_Transparent_800x800_1c712b77-d5ba-4fad-bf05-7060720981d1_800x-600x600-1-300x300.png",300,300,true],"medium_large":["https:\/\/kosmeetika24.com\/wp-content\/uploads\/2024\/01\/reveel_MarineEyeMask5_PackshotComplete_Transparent_800x800_1c712b77-d5ba-4fad-bf05-7060720981d1_800x-600x600-1.png",600,600,false],"large":["https:\/\/kosmeetika24.com\/wp-content\/uploads\/2024\/01\/reveel_MarineEyeMask5_PackshotComplete_Transparent_800x800_1c712b77-d5ba-4fad-bf05-7060720981d1_800x-600x600-1.png",600,600,false],"1536x1536":["https:\/\/kosmeetika24.com\/wp-content\/uploads\/2024\/01\/reveel_MarineEyeMask5_PackshotComplete_Transparent_800x800_1c712b77-d5ba-4fad-bf05-7060720981d1_800x-600x600-1.png",600,600,false],"2048x2048":["https:\/\/kosmeetika24.com\/wp-content\/uploads\/2024\/01\/reveel_MarineEyeMask5_PackshotComplete_Transparent_800x800_1c712b77-d5ba-4fad-bf05-7060720981d1_800x-600x600-1.png",600,600,false],"trp-custom-language-flag":["https:\/\/kosmeetika24.com\/wp-content\/uploads\/2024\/01\/reveel_MarineEyeMask5_PackshotComplete_Transparent_800x800_1c712b77-d5ba-4fad-bf05-7060720981d1_800x-600x600-1-12x12.png",12,12,true],"woocommerce_thumbnail":["https:\/\/kosmeetika24.com\/wp-content\/uploads\/2024\/01\/reveel_MarineEyeMask5_PackshotComplete_Transparent_800x800_1c712b77-d5ba-4fad-bf05-7060720981d1_800x-600x600-1-300x300.png",300,300,true],"woocommerce_single":["https:\/\/kosmeetika24.com\/wp-content\/uploads\/2024\/01\/reveel_MarineEyeMask5_PackshotComplete_Transparent_800x800_1c712b77-d5ba-4fad-bf05-7060720981d1_800x-600x600-1-500x500.png",500,500,true],"woocommerce_gallery_thumbnail":["https:\/\/kosmeetika24.com\/wp-content\/uploads\/2024\/01\/reveel_MarineEyeMask5_PackshotComplete_Transparent_800x800_1c712b77-d5ba-4fad-bf05-7060720981d1_800x-600x600-1-100x100.png",100,100,true]},"uagb_author_info":{"display_name":"admin","author_link":"https:\/\/kosmeetika24.com\/et\/author\/"},"uagb_comment_info":0,"uagb_excerpt":"Kiire toimega silmamask - naha niisutamiseks ja v\u00e4sinud v\u00e4limuse turgutamiseks - naistele ja meestele. Silmaaluse plaastrid on 100% silikoonivabad, alumiiniumivabad, alkoholivabad ja mikroplastivabad. Sobib veganitele. Pakendis on 5x2 maski \u00fchekordseks kasutamiseks.","_links":{"self":[{"href":"https:\/\/kosmeetika24.com\/et\/wp-json\/wp\/v2\/product\/2585","targetHints":{"allow":["GET"]}}],"collection":[{"href":"https:\/\/kosmeetika24.com\/et\/wp-json\/wp\/v2\/product"}],"about":[{"href":"https:\/\/kosmeetika24.com\/et\/wp-json\/wp\/v2\/types\/product"}],"replies":[{"embeddable":true,"href":"https:\/\/kosmeetika24.com\/et\/wp-json\/wp\/v2\/comments?post=2585"}],"version-history":[{"count":1,"href":"https:\/\/kosmeetika24.com\/et\/wp-json\/wp\/v2\/product\/2585\/revisions"}],"predecessor-version":[{"id":4505,"href":"https:\/\/kosmeetika24.com\/et\/wp-json\/wp\/v2\/product\/2585\/revisions\/4505"}],"wp:featuredmedia":[{"embeddable":true,"href":"https:\/\/kosmeetika24.com\/et\/wp-json\/wp\/v2\/media\/2586"}],"wp:attachment":[{"href":"https:\/\/kosmeetika24.com\/et\/wp-json\/wp\/v2\/media?parent=2585"}],"wp:term":[{"taxonomy":"product_brand","embeddable":true,"href":"https:\/\/kosmeetika24.com\/et\/wp-json\/wp\/v2\/product_brand?post=2585"},{"taxonomy":"product_cat","embeddable":true,"href":"https:\/\/kosmeetika24.com\/et\/wp-json\/wp\/v2\/product_cat?post=2585"},{"taxonomy":"product_tag","embeddable":true,"href":"https:\/\/kosmeetika24.com\/et\/wp-json\/wp\/v2\/product_tag?post=2585"}],"curies":[{"name":"wp","href":"https:\/\/api.w.org\/{rel}","templated":true}]}}