{"id":1906,"date":"2024-01-05T09:33:10","date_gmt":"2024-01-05T09:33:10","guid":{"rendered":"https:\/\/kosmeetika24.com\/?post_type=product&#038;p=1906"},"modified":"2025-07-02T14:30:00","modified_gmt":"2025-07-02T11:30:00","slug":"bruno-vassari-sun-defense-paikesepuuder","status":"publish","type":"product","link":"https:\/\/kosmeetika24.com\/et\/toode\/bruno-vassari-sun-defense-paikesepuuder\/","title":{"rendered":"BRUNO VASSARI Sun Defense p\u00e4ikesepuuder"},"content":{"rendered":"<p>P\u00e4ikesepuuder <em>Sun Powder<\/em> on k<span class=\"notranslate\">ompaktne jumestus, mis j\u00e4tab naha p\u00e4evitunud ja s\u00e4ravaks.<\/span><\/p>\n<p>Sisaldab t\u00f6\u00f6deldud ja peegeldavaid pigmente, mis p\u00fc\u00fcavad valgust ja hajutavad seda, et muuta loomulik n\u00e4onahk s\u00e4ravamaks ning saada h\u00e4mmastavad tulemused. Neid iseloomustab v\u00e4ga hea sobivus ning ideaalne p\u00fcsivus.<\/p>\n<p>Katvus erineb vastavalt kas m\u00e4rja v\u00f5i kuiva meigik\u00e4sna kasutamisele, ent l\u00f5pptulemus on alati sametine.<\/p>\n<p><span class=\"notranslate\">Sisaldab p\u00e4ikesefiltrit.<\/span><\/p>\n<p>Sobib k\u00f5igile nahat\u00fc\u00fcpidele.<\/p>\n<p><strong>PEAMISED TOIMEAINED<\/strong><\/p>\n<ul>\n<li>P\u00e4ikesekaitsefiltrid<\/li>\n<li>E-vitamiin<\/li>\n<li>Pol\u00fcmeerid<\/li>\n<\/ul>\n<p><strong>TOIME<\/strong><\/p>\n<ul>\n<li>E-vitamiin kaitseb naharakke p\u00e4ikesekiirgusest tingitud vananemisprotsessi eest.<\/li>\n<li>UV-filtrid kaitsevad nahka p\u00e4ikesekiirguse eest.<\/li>\n<li>Pol\u00fcmeerid muudavad naha siidiseks.<\/li>\n<\/ul>\n<p><strong>KASUTAMINE<\/strong><\/p>\n<ul>\n<li>P\u00e4ikesepuudri toosis on kaks v\u00e4rvitooni: kuldne-oran\u017eikas ning pruunistav tumepruun.<\/li>\n<li>V\u00e4rve saab saab kasutada eraldi v\u00f5i segada omavahel sobiva tooni saamiseks.<\/li>\n<li>Katvus erineb vastavalt kas m\u00e4rja v\u00f5i kuiva meigik\u00e4sna kasutamisele.<\/li>\n<\/ul>\n<p><strong>KOOSTIS<\/strong><\/p>\n<p><span style=\"font-size: 14px;\">TALC, MICA, OCTYLDODECYL STEAROYL STEARATE, NYLON-12, TITANIUM DIOXIDE (NANO), DIMETHICONE, BIS-DIGLYCERYL POLYACYLADIPATE-2, CETYL DIMETHICONE, METHYLPARABEN, LAUROYL LYSINE, TOCOPHERYL ACETATE, PROPYLPARABEN, SORBIC ACID, DEHYDRACETIC ACID, CI 77891, CI 77492, CI 77491, CI 77499, CI 19140, CI 77742, CI 77007, CI 15850.<\/span><\/p>\n","protected":false},"excerpt":{"rendered":"<p>&nbsp;<\/p>\n<p><span class=\"notranslate\">Kompaktne puuder, mis j\u00e4tab naha p\u00e4evitunud ja s\u00e4ravaks.<\/span><\/p>\n<p>10 g<\/p>\n","protected":false},"featured_media":1908,"comment_status":"open","ping_status":"closed","template":"","meta":{"_uag_custom_page_level_css":"","site-sidebar-layout":"default","site-content-layout":"","ast-site-content-layout":"default","site-content-style":"default","site-sidebar-style":"default","ast-global-header-display":"","ast-banner-title-visibility":"","ast-main-header-display":"","ast-hfb-above-header-display":"","ast-hfb-below-header-display":"","ast-hfb-mobile-header-display":"","site-post-title":"","ast-breadcrumbs-content":"","ast-featured-img":"","footer-sml-layout":"","ast-disable-related-posts":"","theme-transparent-header-meta":"default","adv-header-id-meta":"","stick-header-meta":"","header-above-stick-meta":"","header-main-stick-meta":"","header-below-stick-meta":"","astra-migrate-meta-layouts":"set","ast-page-background-enabled":"default","ast-page-background-meta":{"desktop":{"background-color":"var(--ast-global-color-4)","background-image":"","background-repeat":"repeat","background-position":"center center","background-size":"auto","background-attachment":"scroll","background-type":"","background-media":"","overlay-type":"","overlay-color":"","overlay-opacity":"","overlay-gradient":""},"tablet":{"background-color":"","background-image":"","background-repeat":"repeat","background-position":"center center","background-size":"auto","background-attachment":"scroll","background-type":"","background-media":"","overlay-type":"","overlay-color":"","overlay-opacity":"","overlay-gradient":""},"mobile":{"background-color":"","background-image":"","background-repeat":"repeat","background-position":"center center","background-size":"auto","background-attachment":"scroll","background-type":"","background-media":"","overlay-type":"","overlay-color":"","overlay-opacity":"","overlay-gradient":""}},"ast-content-background-meta":{"desktop":{"background-color":"var(--ast-global-color-5)","background-image":"","background-repeat":"repeat","background-position":"center center","background-size":"auto","background-attachment":"scroll","background-type":"","background-media":"","overlay-type":"","overlay-color":"","overlay-opacity":"","overlay-gradient":""},"tablet":{"background-color":"var(--ast-global-color-5)","background-image":"","background-repeat":"repeat","background-position":"center center","background-size":"auto","background-attachment":"scroll","background-type":"","background-media":"","overlay-type":"","overlay-color":"","overlay-opacity":"","overlay-gradient":""},"mobile":{"background-color":"var(--ast-global-color-5)","background-image":"","background-repeat":"repeat","background-position":"center center","background-size":"auto","background-attachment":"scroll","background-type":"","background-media":"","overlay-type":"","overlay-color":"","overlay-opacity":"","overlay-gradient":""}}},"product_brand":[],"product_cat":[96,97,73],"product_tag":[],"class_list":{"0":"post-1906","1":"product","2":"type-product","3":"status-publish","4":"has-post-thumbnail","6":"product_cat-brands","7":"product_cat-naole","8":"product_cat-sun-defense","9":"desktop-align-left","10":"tablet-align-left","11":"mobile-align-left","13":"first","14":"instock","15":"taxable","16":"shipping-taxable","17":"product-type-simple","18":"add-to-wishlist-before_image"},"uagb_featured_image_src":{"full":["https:\/\/kosmeetika24.com\/wp-content\/uploads\/2024\/01\/5830-Sun-Powder.jpg",600,600,false],"thumbnail":["https:\/\/kosmeetika24.com\/wp-content\/uploads\/2024\/01\/5830-Sun-Powder-150x150.jpg",150,150,true],"medium":["https:\/\/kosmeetika24.com\/wp-content\/uploads\/2024\/01\/5830-Sun-Powder-300x300.jpg",300,300,true],"medium_large":["https:\/\/kosmeetika24.com\/wp-content\/uploads\/2024\/01\/5830-Sun-Powder.jpg",600,600,false],"large":["https:\/\/kosmeetika24.com\/wp-content\/uploads\/2024\/01\/5830-Sun-Powder.jpg",600,600,false],"1536x1536":["https:\/\/kosmeetika24.com\/wp-content\/uploads\/2024\/01\/5830-Sun-Powder.jpg",600,600,false],"2048x2048":["https:\/\/kosmeetika24.com\/wp-content\/uploads\/2024\/01\/5830-Sun-Powder.jpg",600,600,false],"trp-custom-language-flag":["https:\/\/kosmeetika24.com\/wp-content\/uploads\/2024\/01\/5830-Sun-Powder-12x12.jpg",12,12,true],"woocommerce_thumbnail":["https:\/\/kosmeetika24.com\/wp-content\/uploads\/2024\/01\/5830-Sun-Powder-300x300.jpg",300,300,true],"woocommerce_single":["https:\/\/kosmeetika24.com\/wp-content\/uploads\/2024\/01\/5830-Sun-Powder-500x500.jpg",500,500,true],"woocommerce_gallery_thumbnail":["https:\/\/kosmeetika24.com\/wp-content\/uploads\/2024\/01\/5830-Sun-Powder-100x100.jpg",100,100,true]},"uagb_author_info":{"display_name":"admin","author_link":"https:\/\/kosmeetika24.com\/et\/author\/"},"uagb_comment_info":0,"uagb_excerpt":"&nbsp; Kompaktne puuder, mis j\u00e4tab naha p\u00e4evitunud ja s\u00e4ravaks. 10 g","_links":{"self":[{"href":"https:\/\/kosmeetika24.com\/et\/wp-json\/wp\/v2\/product\/1906","targetHints":{"allow":["GET"]}}],"collection":[{"href":"https:\/\/kosmeetika24.com\/et\/wp-json\/wp\/v2\/product"}],"about":[{"href":"https:\/\/kosmeetika24.com\/et\/wp-json\/wp\/v2\/types\/product"}],"replies":[{"embeddable":true,"href":"https:\/\/kosmeetika24.com\/et\/wp-json\/wp\/v2\/comments?post=1906"}],"version-history":[{"count":1,"href":"https:\/\/kosmeetika24.com\/et\/wp-json\/wp\/v2\/product\/1906\/revisions"}],"predecessor-version":[{"id":4635,"href":"https:\/\/kosmeetika24.com\/et\/wp-json\/wp\/v2\/product\/1906\/revisions\/4635"}],"wp:featuredmedia":[{"embeddable":true,"href":"https:\/\/kosmeetika24.com\/et\/wp-json\/wp\/v2\/media\/1908"}],"wp:attachment":[{"href":"https:\/\/kosmeetika24.com\/et\/wp-json\/wp\/v2\/media?parent=1906"}],"wp:term":[{"taxonomy":"product_brand","embeddable":true,"href":"https:\/\/kosmeetika24.com\/et\/wp-json\/wp\/v2\/product_brand?post=1906"},{"taxonomy":"product_cat","embeddable":true,"href":"https:\/\/kosmeetika24.com\/et\/wp-json\/wp\/v2\/product_cat?post=1906"},{"taxonomy":"product_tag","embeddable":true,"href":"https:\/\/kosmeetika24.com\/et\/wp-json\/wp\/v2\/product_tag?post=1906"}],"curies":[{"name":"wp","href":"https:\/\/api.w.org\/{rel}","templated":true}]}}