{"id":1902,"date":"2024-01-05T07:43:08","date_gmt":"2024-01-05T07:43:08","guid":{"rendered":"https:\/\/kosmeetika24.com\/?post_type=product&#038;p=1902"},"modified":"2025-07-02T15:38:36","modified_gmt":"2025-07-02T12:38:36","slug":"bruno-vassari-glyco-system-professionaalne-koorimiskomplekt","status":"publish","type":"product","link":"https:\/\/kosmeetika24.com\/et\/toode\/bruno-vassari-glyco-system-professionaalne-koorimiskomplekt\/","title":{"rendered":"BRUNO VASSARI Glyco System professionaalne koorimiskomplekt"},"content":{"rendered":"<p>Koorija <em>Professional Glycolic Kit+Vitamin C<\/em> sobib n\u00e4onaha tervise t\u00e4ielikuks taastamiseks ja on m\u00f5eldud ainult professionaalseks kasutamiseks. See on ideaalne nahalaikude ja kortsude v\u00e4hendamiseks ning h\u00fcperkeratoosiga, rasusele ja\/v\u00f5i hapnikuvaesele nahale. Koorijas kombineeritakse hapete ja C-vitamiini toimed. C-vitamiin on \u00fchekordselt kasutatavas pakendis omaduste s\u00e4ilitamiseks.<\/p>\n<p>Professionaalne kooriv hooldus sobib k\u00f5igile nahat\u00fc\u00fcpidele, eriti aga p\u00f5hjalikku taastamist vajavale nahale.<\/p>\n<p><strong>PEAMISED TOIMEAINED<\/strong><\/p>\n<ul>\n<li>Koorija vedel aine \u201cGlyco peeling Liquid\u201d ja koorija tahke aine \u201cPowder\u201d: 14% gl\u00fckoolhape, 0,5% salits\u00fc\u00fclhape, askorb\u00fc\u00fclgl\u00fckosiid, mannitool;<\/li>\n<li>Toitev kreem \u201cProtective Cream SPF 25\u201d: p\u00e4ikesekaitsefiltrid, niatsiinamiid, E-vitamiin.<\/li>\n<\/ul>\n<p><strong>TOIME<\/strong><\/p>\n<ul>\n<li>Keemiline koorija koorib nahka p\u00f5hjalikult, puhastades, parandades ja taastades nahka. See parandab h\u00fcperkeratoosiga nahka, v\u00e4hendab pinguloleku tunnet ning kortsude s\u00fcgavust ja pikkust. T\u00e4nu C-vitamiinile ja mannitoolile s\u00e4ilitab see sileduse ja vee tasakaalu nahas.<\/li>\n<li>Toitev kreem SPF 25 toidab ja taastab naha niiskuse. V\u00e4hendab pigmenteerunud laikude v\u00e4rvust ja annab nahale \u00fchtlasema tooni. Aitab ennetada enneaegset vananemist ja kaitsta UV-kiirte eest.<\/li>\n<\/ul>\n<div id=\"image-757-0-1-0\" class=\"module module-image image-757-0-1-0 image-top auto_fullwidth\"><\/div>\n<div><strong>KASUTAMINE<\/strong><\/div>\n<div>\n<ol>\n<li>Nahk puhastada tootega\u00a0<a href=\"https:\/\/kosmeetika24.eu\/toode\/bruno-vassari-aqua-genomics-aqua-cleanser-2\/\">BRUNO VASSARI Aqua Genomics puhastuspiim<\/a>.<\/li>\n<li>Nahk toniseerida tootega\u00a0<a href=\"https:\/\/kosmeetika24.eu\/toode\/bruno-vassari-aqua-genomics-aqua-toner-2\/\">BRUNO VASSARI Aqua Genomics niisutav toonik<\/a>.<\/li>\n<li>Komplektis oleva koorija valmistamiseks segada 5 ml vedelat ainet kokku \u00fche pudeli pulbri ainega. Segada h\u00e4sti l\u00e4bi ning kanda puhtale nahale. Lasta m\u00f5juda 10 minutit ning eemaldada rohke leige veega.<\/li>\n<li>Teostada massaa\u017e tootega <a href=\"https:\/\/kosmeetika24.eu\/toode\/bruno-vassari-anti-stress-vitalizing-massage-cream\/\">BRUNO VASSARI Anti-Stress n\u00e4o massaa\u017eikreem<\/a>.<\/li>\n<li>J\u00e4rgmisena valmistada ette mask. Selleks valida sobivaim j\u00e4rgmistest toodetest:\u00a0<a href=\"https:\/\/kosmeetika24.eu\/toode\/bruno-vassari-the-specifics-cryogenic-modeling-mask\/\">BRUNO VASSARI The Specifics pinguldav ja modelleeriv mask<\/a> v\u00f5i <a href=\"https:\/\/kosmeetika24.eu\/toode\/bruno-vassari-kianty-bacco-e-venere\/\">BRUNO VASSARI Kianty pinguldav vananemisvastane mask<\/a> v\u00f5i <a href=\"https:\/\/kosmeetika24.eu\/toode\/bruno-vassari-withe-skin-whitening-mask\/\">BRUNO VASSARI White valgendav mask.<\/a>\u00a0Kotikeses olev pulber segada piisava koguse veega \u00fchtlase konsistentsi saamiseni. Mask kanda n\u00e4ole spaatli abil ja lasta toimida 20-25 minutit. Seej\u00e4rel eemaldada mask ja loputada n\u00e4gu veega.<\/li>\n<li>Silmalaugude nahale kanda toode <a href=\"https:\/\/kosmeetika24.eu\/toode\/bruno-vassari-collagen-booster-peptide-eye-contour-gel-cream\/\">BRUNO VASSARI Collagen Booster peptiidikompleksiga silma\u00fcmbruskreem<\/a>.<\/li>\n<li>Seej\u00e4rel kanda peale kaitsev p\u00e4evakreem SPF 25 (komplektis).<\/li>\n<\/ol>\n<p>Koorivat hooldust teostada 1-2 korda n\u00e4dalas s\u00f5ltuvalt nahat\u00fc\u00fcbist.<\/p>\n<\/div>\n<div><strong>KOOSTIS<\/strong><\/div>\n<div>\n<p><strong><span style=\"font-size: 14px;\">Glyco Peeling Liquid<\/span><\/strong><\/p>\n<p><span style=\"font-size: 14px;\">AQUA (WATER), ALCOHOLDENAT, PROPYLENE GLYKOL, GLYCOLIC ACID, SODIUM HYDROXIDE, SALICYLIC ACID, HYDROXYETHYLCELLULOSE, SODIUM CHLORIDE.<\/span><\/p>\n<p><span style=\"font-size: 14px;\"><strong>Powder<\/strong><\/span><\/p>\n<p><span style=\"font-size: 14px;\">MANNITOL, ASCORBYL GLUCOSIDE.<\/span><\/p>\n<p><span style=\"font-size: 14px;\"><strong>Protective Cream SPF25<\/strong><\/span><\/p>\n<p><span style=\"font-size: 14px;\">AQUA (WATER), DICAPRYLYL CARBONATE, BLUTYLENE GLYCOL, DICAPRYLATE\/DICAPRATE, C12-15 ALKYL BENZOATE, BUTYLENE GLYCOL, POTASSIUM CETYL PHOSPHATE, NIACINAMIDE, BUTYL METHOXYDIBENZOYLMETHANE, OCTCRYLENE, PHENYLBENZIMIDAZOLE SULFONIC ACID, BEHENYL ALCOHOL, CETYL ALCOHOL, CETYLPALMITATE, MYRISTYL MYRISTATE, TROMETHAMINE, TAPIOCA STARCH, HYDROGENATED POLYISOBUTENE, TOCOPHERYL ACETATE, POLYSILICONE-15, CHLORPHENESIN, PHENOXYETHANOL, GLYCERIN, XANTHAN GUM, ACRYLATES \/C10-30 ALKYLACRYLATE\u00a0 CROSSPOLYMER, DISODIUM EDTA, PARFUM (FRAGRANCE), BUTYLPHENYL METHYLPROPIONAL, LINALOOL, LIMONENE, ALPHA-ISOMETHYL IONONE, COUMARIN.<\/span><\/p>\n<p>\u00a0<\/p>\n<\/div>\n","protected":false},"excerpt":{"rendered":"<p>Gl\u00fckoolhappe ja C-vitamiiniga valmistatud professionaalne koorija eemaldab epidermise surnud rakud ja aktiveerib rakkude uuenemist. Tasandab naha pinna ja \u00fchtlustab nahatooni.<\/p>\n<p><span style=\"font-size: 14px;\">Komplekt on m\u00f5eldud professionaalseks kasutamiseks 6 protseduuril:<\/span><\/p>\n<ul>\n<li><span style=\"font-size: 14px;\">koorija vedel faas &#8220;Glyco Peeling Liquid&#8221; 30 ml<\/span><\/li>\n<li><span style=\"font-size: 14px;\">koorija tahke faas &#8220;Powder&#8221; 6 x 0,3g<\/span><\/li>\n<li><span style=\"font-size: 14px;\">kreem &#8220;Protective Cream SPF25&#8221; 50 ml<\/span><\/li>\n<\/ul>\n<p>&nbsp;<\/p>\n","protected":false},"featured_media":1406,"comment_status":"open","ping_status":"closed","template":"","meta":{"_uag_custom_page_level_css":"","site-sidebar-layout":"default","site-content-layout":"","ast-site-content-layout":"default","site-content-style":"default","site-sidebar-style":"default","ast-global-header-display":"","ast-banner-title-visibility":"","ast-main-header-display":"","ast-hfb-above-header-display":"","ast-hfb-below-header-display":"","ast-hfb-mobile-header-display":"","site-post-title":"","ast-breadcrumbs-content":"","ast-featured-img":"","footer-sml-layout":"","ast-disable-related-posts":"","theme-transparent-header-meta":"default","adv-header-id-meta":"","stick-header-meta":"","header-above-stick-meta":"","header-main-stick-meta":"","header-below-stick-meta":"","astra-migrate-meta-layouts":"set","ast-page-background-enabled":"default","ast-page-background-meta":{"desktop":{"background-color":"var(--ast-global-color-4)","background-image":"","background-repeat":"repeat","background-position":"center center","background-size":"auto","background-attachment":"scroll","background-type":"","background-media":"","overlay-type":"","overlay-color":"","overlay-opacity":"","overlay-gradient":""},"tablet":{"background-color":"","background-image":"","background-repeat":"repeat","background-position":"center center","background-size":"auto","background-attachment":"scroll","background-type":"","background-media":"","overlay-type":"","overlay-color":"","overlay-opacity":"","overlay-gradient":""},"mobile":{"background-color":"","background-image":"","background-repeat":"repeat","background-position":"center center","background-size":"auto","background-attachment":"scroll","background-type":"","background-media":"","overlay-type":"","overlay-color":"","overlay-opacity":"","overlay-gradient":""}},"ast-content-background-meta":{"desktop":{"background-color":"var(--ast-global-color-5)","background-image":"","background-repeat":"repeat","background-position":"center center","background-size":"auto","background-attachment":"scroll","background-type":"","background-media":"","overlay-type":"","overlay-color":"","overlay-opacity":"","overlay-gradient":""},"tablet":{"background-color":"var(--ast-global-color-5)","background-image":"","background-repeat":"repeat","background-position":"center center","background-size":"auto","background-attachment":"scroll","background-type":"","background-media":"","overlay-type":"","overlay-color":"","overlay-opacity":"","overlay-gradient":""},"mobile":{"background-color":"var(--ast-global-color-5)","background-image":"","background-repeat":"repeat","background-position":"center center","background-size":"auto","background-attachment":"scroll","background-type":"","background-media":"","overlay-type":"","overlay-color":"","overlay-opacity":"","overlay-gradient":""}}},"product_brand":[],"product_cat":[96,69,97],"product_tag":[],"class_list":{"0":"post-1902","1":"product","2":"type-product","3":"status-publish","4":"has-post-thumbnail","6":"product_cat-brands","7":"product_cat-glyco-system","8":"product_cat-naole","9":"desktop-align-left","10":"tablet-align-left","11":"mobile-align-left","13":"first","14":"instock","15":"taxable","16":"shipping-taxable","17":"product-type-simple","18":"add-to-wishlist-before_image"},"uagb_featured_image_src":{"full":["https:\/\/kosmeetika24.com\/wp-content\/uploads\/2023\/10\/2305.jpg",600,600,false],"thumbnail":["https:\/\/kosmeetika24.com\/wp-content\/uploads\/2023\/10\/2305-150x150.jpg",150,150,true],"medium":["https:\/\/kosmeetika24.com\/wp-content\/uploads\/2023\/10\/2305-300x300.jpg",300,300,true],"medium_large":["https:\/\/kosmeetika24.com\/wp-content\/uploads\/2023\/10\/2305.jpg",600,600,false],"large":["https:\/\/kosmeetika24.com\/wp-content\/uploads\/2023\/10\/2305.jpg",600,600,false],"1536x1536":["https:\/\/kosmeetika24.com\/wp-content\/uploads\/2023\/10\/2305.jpg",600,600,false],"2048x2048":["https:\/\/kosmeetika24.com\/wp-content\/uploads\/2023\/10\/2305.jpg",600,600,false],"trp-custom-language-flag":["https:\/\/kosmeetika24.com\/wp-content\/uploads\/2023\/10\/2305-12x12.jpg",12,12,true],"woocommerce_thumbnail":["https:\/\/kosmeetika24.com\/wp-content\/uploads\/2023\/10\/2305-300x300.jpg",300,300,true],"woocommerce_single":["https:\/\/kosmeetika24.com\/wp-content\/uploads\/2023\/10\/2305-500x500.jpg",500,500,true],"woocommerce_gallery_thumbnail":["https:\/\/kosmeetika24.com\/wp-content\/uploads\/2023\/10\/2305-100x100.jpg",100,100,true]},"uagb_author_info":{"display_name":"admin","author_link":"https:\/\/kosmeetika24.com\/et\/author\/"},"uagb_comment_info":0,"uagb_excerpt":"Gl\u00fckoolhappe ja C-vitamiiniga valmistatud professionaalne koorija eemaldab epidermise surnud rakud ja aktiveerib rakkude uuenemist. Tasandab naha pinna ja \u00fchtlustab nahatooni. Komplekt on m\u00f5eldud professionaalseks kasutamiseks 6 protseduuril: koorija vedel faas \"Glyco Peeling Liquid\" 30 ml koorija tahke faas \"Powder\" 6 x 0,3g kreem \"Protective Cream SPF25\" 50 ml &nbsp;","_links":{"self":[{"href":"https:\/\/kosmeetika24.com\/et\/wp-json\/wp\/v2\/product\/1902","targetHints":{"allow":["GET"]}}],"collection":[{"href":"https:\/\/kosmeetika24.com\/et\/wp-json\/wp\/v2\/product"}],"about":[{"href":"https:\/\/kosmeetika24.com\/et\/wp-json\/wp\/v2\/types\/product"}],"replies":[{"embeddable":true,"href":"https:\/\/kosmeetika24.com\/et\/wp-json\/wp\/v2\/comments?post=1902"}],"version-history":[{"count":1,"href":"https:\/\/kosmeetika24.com\/et\/wp-json\/wp\/v2\/product\/1902\/revisions"}],"predecessor-version":[{"id":4653,"href":"https:\/\/kosmeetika24.com\/et\/wp-json\/wp\/v2\/product\/1902\/revisions\/4653"}],"wp:featuredmedia":[{"embeddable":true,"href":"https:\/\/kosmeetika24.com\/et\/wp-json\/wp\/v2\/media\/1406"}],"wp:attachment":[{"href":"https:\/\/kosmeetika24.com\/et\/wp-json\/wp\/v2\/media?parent=1902"}],"wp:term":[{"taxonomy":"product_brand","embeddable":true,"href":"https:\/\/kosmeetika24.com\/et\/wp-json\/wp\/v2\/product_brand?post=1902"},{"taxonomy":"product_cat","embeddable":true,"href":"https:\/\/kosmeetika24.com\/et\/wp-json\/wp\/v2\/product_cat?post=1902"},{"taxonomy":"product_tag","embeddable":true,"href":"https:\/\/kosmeetika24.com\/et\/wp-json\/wp\/v2\/product_tag?post=1902"}],"curies":[{"name":"wp","href":"https:\/\/api.w.org\/{rel}","templated":true}]}}