{"id":1801,"date":"2024-01-04T13:42:32","date_gmt":"2024-01-04T13:42:32","guid":{"rendered":"https:\/\/kosmeetika24.com\/?post_type=product&#038;p=1801"},"modified":"2025-07-03T11:46:13","modified_gmt":"2025-07-03T08:46:13","slug":"bruno-vassari-kianty-hooldav-vedel-paevakreem","status":"publish","type":"product","link":"https:\/\/kosmeetika24.com\/et\/toode\/bruno-vassari-kianty-hooldav-vedel-paevakreem\/","title":{"rendered":"BRUNO VASSARI Kianty hooldav vedel p\u00e4evakreem"},"content":{"rendered":"<p>Pol\u00fcfenoolide ja mikroelementidega rikastatud vedel p\u00e4evakreem <em>Kianty Mosto<\/em> omab niisutavat toimet, uuendab nahka ja kaitseb keskkonnam\u00f5jude eest.<\/p>\n<p>Sobib normaalsele ja kombineeritud vananevale nahale.<\/p>\n<p><strong>PEAMISED TOIMEAINED<\/strong><\/p>\n<ul>\n<li>Viinamarja pol\u00fcfenoolid<\/li>\n<li>Mineraalained<\/li>\n<li>A-, E- ja B5-vitamiin<\/li>\n<li>UVB-filter<\/li>\n<li>Merevetikaekstrakt<\/li>\n<li>Sheav\u00f5i<\/li>\n<\/ul>\n<p><strong>TOIME<\/strong><\/p>\n<ul>\n<li>Viinamarja pol\u00fcfenoolid on v\u00e4ga head vabade radikaalide vastased ained. Kaitsevad kollageeni ja elastiini, toimides kui vananemisvastased toimeained.<\/li>\n<li>Mineraalained niisutavad ja l\u00f5\u00f5gastavad nahka ning stimuleerivad samas rakkude metabolismi.<\/li>\n<li>Vitamiinid aitavad nahka kaitsta ja uuendada.<\/li>\n<li>UVB-filter on p\u00e4ikesekaitsefilter kaitseb nahka ultraviolettkiirguse eest, mis p\u00f5hjustab nahalaikude tekkimist ja enneaegset vananemist.<\/li>\n<li>Merevetikaekstrakt sisaldab joodi ja mineraalsooli, mis on rikkad mineraalainete poolest.<\/li>\n<li>Sheav\u00f5i tugevdab naha h\u00fcdrolipiidkihti ja kaitseb kahjulike v\u00e4liskeskkonna m\u00f5jude eest.<\/li>\n<\/ul>\n<p><strong>KASUTAMINE<\/strong><\/p>\n<ul>\n<li>Nahk puhastada eelnevalt nt tootega <a href=\"https:\/\/kosmeetika24.eu\/toode\/bruno-vassari-kianty-rugiada-di-vigna\/\">BRUNO VASSARI Kianty v\u00e4rskendav puhastusvaht<\/a>.<\/li>\n<li>Nahk toniseerida eelnevalt nt tootega <a href=\"https:\/\/kosmeetika24.eu\/toode\/bruno-vassari-kianty-pioggia-di-vigna\/\">BRUNO VASSARI Kianty vananemisvastane losjoon 200ml<\/a>.<\/li>\n<li>Kreem kanda n\u00e4ole, kaelale ja dekolteepiirkonda.<\/li>\n<\/ul>\n<p><strong>KOOSTIS<\/strong><\/p>\n<p>AQUA (WATER), CYCLOPENTASILOXANE, BUTYLENE GLYCOL, GLYCERIN, SQUALANE, ETHYLHEXYL METHOXYCINNAMATE, BUTYROSPEMUM PARKII (SHEA) BUTTER, DIMETHICONE, PORPHYRA UMBILICALIS EXTRACT, LAMINARIA DIGITATA EXTRACT, CRITHMUM MARITMUM EXTRACTENTEROMORPHA COMPRESSA EXTRACT, ASCOPHYLLUM NODOSUM EXTRACT, FUCUS VESICULOSUS ( BLADDERWRACK) EXTRACT, SODIUM HYALURONATE, VITIS VINIFERA(GRAPE) SEED EXTRACT, POLYACRYLAMIDE, PHENOXYETHANOL, C13-14 ISOPARAFFIN, PROPYLENE GLYCOL, PANTHENOL, CHLORPHENESIN, XANTHAN GUM, METHYLPARABEN, TIETHANOLAMINE, ALCOHOL DENAT, ACRYLATES\/C10-30 ALKYL ACRYLATE CROSSPOLYMER, LAURETH-7, PEG-40 HYDROGENATED CASTOR OIL, TOCOPHERYL ACETATE, DISODIUM EDTA, TOCOPHEROL, ZINCASPARTATE, COPPER ASPARTATE, MAGNESIUM ASPARTATE, MANGANESE ASPARTATE, BIOSACCHARIDE GUM-1, HEXYL CINNAMAL, BHT, PARFUM (FRAGRANCE), BENZYL SALICYLATE, LINALOOL, CITRONELLOL, HYDROXYCITRONELLAL, ALPHA- ISOMETHYL IONONE.<\/p>\n","protected":false},"excerpt":{"rendered":"<p>&nbsp;<\/p>\n<p>Kerge niisutav p\u00e4evakreem, millel on vananemisvastane toime.<\/p>\n<p>50 ml<\/p>\n","protected":false},"featured_media":1769,"comment_status":"open","ping_status":"closed","template":"","meta":{"_uag_custom_page_level_css":"","site-sidebar-layout":"default","site-content-layout":"","ast-site-content-layout":"default","site-content-style":"default","site-sidebar-style":"default","ast-global-header-display":"","ast-banner-title-visibility":"","ast-main-header-display":"","ast-hfb-above-header-display":"","ast-hfb-below-header-display":"","ast-hfb-mobile-header-display":"","site-post-title":"","ast-breadcrumbs-content":"","ast-featured-img":"","footer-sml-layout":"","ast-disable-related-posts":"","theme-transparent-header-meta":"default","adv-header-id-meta":"","stick-header-meta":"","header-above-stick-meta":"","header-main-stick-meta":"","header-below-stick-meta":"","astra-migrate-meta-layouts":"set","ast-page-background-enabled":"default","ast-page-background-meta":{"desktop":{"background-color":"var(--ast-global-color-4)","background-image":"","background-repeat":"repeat","background-position":"center center","background-size":"auto","background-attachment":"scroll","background-type":"","background-media":"","overlay-type":"","overlay-color":"","overlay-opacity":"","overlay-gradient":""},"tablet":{"background-color":"","background-image":"","background-repeat":"repeat","background-position":"center center","background-size":"auto","background-attachment":"scroll","background-type":"","background-media":"","overlay-type":"","overlay-color":"","overlay-opacity":"","overlay-gradient":""},"mobile":{"background-color":"","background-image":"","background-repeat":"repeat","background-position":"center center","background-size":"auto","background-attachment":"scroll","background-type":"","background-media":"","overlay-type":"","overlay-color":"","overlay-opacity":"","overlay-gradient":""}},"ast-content-background-meta":{"desktop":{"background-color":"var(--ast-global-color-5)","background-image":"","background-repeat":"repeat","background-position":"center center","background-size":"auto","background-attachment":"scroll","background-type":"","background-media":"","overlay-type":"","overlay-color":"","overlay-opacity":"","overlay-gradient":""},"tablet":{"background-color":"var(--ast-global-color-5)","background-image":"","background-repeat":"repeat","background-position":"center center","background-size":"auto","background-attachment":"scroll","background-type":"","background-media":"","overlay-type":"","overlay-color":"","overlay-opacity":"","overlay-gradient":""},"mobile":{"background-color":"var(--ast-global-color-5)","background-image":"","background-repeat":"repeat","background-position":"center center","background-size":"auto","background-attachment":"scroll","background-type":"","background-media":"","overlay-type":"","overlay-color":"","overlay-opacity":"","overlay-gradient":""}}},"product_brand":[],"product_cat":[96,58,97],"product_tag":[],"class_list":{"0":"post-1801","1":"product","2":"type-product","3":"status-publish","4":"has-post-thumbnail","6":"product_cat-brands","7":"product_cat-kianty","8":"product_cat-naole","9":"desktop-align-left","10":"tablet-align-left","11":"mobile-align-left","13":"first","14":"instock","15":"taxable","16":"shipping-taxable","17":"product-type-simple","18":"add-to-wishlist-before_image"},"uagb_featured_image_src":{"full":["https:\/\/kosmeetika24.com\/wp-content\/uploads\/2023\/12\/254-Mosto.jpg",600,600,false],"thumbnail":["https:\/\/kosmeetika24.com\/wp-content\/uploads\/2023\/12\/254-Mosto-150x150.jpg",150,150,true],"medium":["https:\/\/kosmeetika24.com\/wp-content\/uploads\/2023\/12\/254-Mosto-300x300.jpg",300,300,true],"medium_large":["https:\/\/kosmeetika24.com\/wp-content\/uploads\/2023\/12\/254-Mosto.jpg",600,600,false],"large":["https:\/\/kosmeetika24.com\/wp-content\/uploads\/2023\/12\/254-Mosto.jpg",600,600,false],"1536x1536":["https:\/\/kosmeetika24.com\/wp-content\/uploads\/2023\/12\/254-Mosto.jpg",600,600,false],"2048x2048":["https:\/\/kosmeetika24.com\/wp-content\/uploads\/2023\/12\/254-Mosto.jpg",600,600,false],"trp-custom-language-flag":["https:\/\/kosmeetika24.com\/wp-content\/uploads\/2023\/12\/254-Mosto-12x12.jpg",12,12,true],"woocommerce_thumbnail":["https:\/\/kosmeetika24.com\/wp-content\/uploads\/2023\/12\/254-Mosto-300x300.jpg",300,300,true],"woocommerce_single":["https:\/\/kosmeetika24.com\/wp-content\/uploads\/2023\/12\/254-Mosto-500x500.jpg",500,500,true],"woocommerce_gallery_thumbnail":["https:\/\/kosmeetika24.com\/wp-content\/uploads\/2023\/12\/254-Mosto-100x100.jpg",100,100,true]},"uagb_author_info":{"display_name":"admin","author_link":"https:\/\/kosmeetika24.com\/et\/author\/"},"uagb_comment_info":0,"uagb_excerpt":"&nbsp; Kerge niisutav p\u00e4evakreem, millel on vananemisvastane toime. 50 ml","_links":{"self":[{"href":"https:\/\/kosmeetika24.com\/et\/wp-json\/wp\/v2\/product\/1801","targetHints":{"allow":["GET"]}}],"collection":[{"href":"https:\/\/kosmeetika24.com\/et\/wp-json\/wp\/v2\/product"}],"about":[{"href":"https:\/\/kosmeetika24.com\/et\/wp-json\/wp\/v2\/types\/product"}],"replies":[{"embeddable":true,"href":"https:\/\/kosmeetika24.com\/et\/wp-json\/wp\/v2\/comments?post=1801"}],"version-history":[{"count":1,"href":"https:\/\/kosmeetika24.com\/et\/wp-json\/wp\/v2\/product\/1801\/revisions"}],"predecessor-version":[{"id":4672,"href":"https:\/\/kosmeetika24.com\/et\/wp-json\/wp\/v2\/product\/1801\/revisions\/4672"}],"wp:featuredmedia":[{"embeddable":true,"href":"https:\/\/kosmeetika24.com\/et\/wp-json\/wp\/v2\/media\/1769"}],"wp:attachment":[{"href":"https:\/\/kosmeetika24.com\/et\/wp-json\/wp\/v2\/media?parent=1801"}],"wp:term":[{"taxonomy":"product_brand","embeddable":true,"href":"https:\/\/kosmeetika24.com\/et\/wp-json\/wp\/v2\/product_brand?post=1801"},{"taxonomy":"product_cat","embeddable":true,"href":"https:\/\/kosmeetika24.com\/et\/wp-json\/wp\/v2\/product_cat?post=1801"},{"taxonomy":"product_tag","embeddable":true,"href":"https:\/\/kosmeetika24.com\/et\/wp-json\/wp\/v2\/product_tag?post=1801"}],"curies":[{"name":"wp","href":"https:\/\/api.w.org\/{rel}","templated":true}]}}