{"id":1800,"date":"2024-11-22T13:21:52","date_gmt":"2024-11-22T10:21:52","guid":{"rendered":"https:\/\/kosmeetika24.com\/?post_type=product&#038;p=1800"},"modified":"2025-09-16T10:46:18","modified_gmt":"2025-09-16T07:46:18","slug":"bruno-vassari-aha-kortsudevastane-kreem-aha-ga-2","status":"publish","type":"product","link":"https:\/\/kosmeetika24.com\/et\/toode\/bruno-vassari-aha-kortsudevastane-kreem-aha-ga-2\/","title":{"rendered":"BRUNO VASSARI AHA kortsudevastane kreem AHA-ga"},"content":{"rendered":"<p>Vananemisvastane kreem <em>Multi-Effect Cream<\/em> k\u00f5rvaldab \u00f5rnalt surnud rakud ja stimuleerib naha uuenemist.<\/p>\n<p>Noorendab ja niisutab nahka. \u00dchtlustab nahatooni, parandab jumet, silub nahapinda.<\/p>\n<p>Soovitatav rasusele nahale, vananenud v\u00f5i s\u00fcgavat uuendamist vajavale nahale.<\/p>\n<p>Sobib k\u00f5igile nahat\u00fc\u00fcpidele, v\u00e4lja arvatud v\u00e4ga tundlikule nahale.<\/p>\n<p><strong>PEAMISED TOIMEAINED<\/strong><\/p>\n<ul>\n<li>Alfah\u00fcdroks\u00fchapped (piimhape, gl\u00fckoolhape)<\/li>\n<li>Koolap\u00e4hkliekstrakt<\/li>\n<li>Niisutav aine<\/li>\n<li>E-vitamiin<\/li>\n<li>P\u00e4ikesekaitsefilter<\/li>\n<\/ul>\n<p><strong>TOIME<\/strong><\/p>\n<ul>\n<li>Gl\u00fckool- ja piimhape segu suurendab gl\u00fckoosaminogl\u00fckaanide, kollageeni ja elastiini s\u00fcnteesi.<\/li>\n<li>Koolap\u00e4hkliekstraktil on toniseerivad ja kongestiooni v\u00e4hendavad omadused. See minimeerib samuti \u00e4rrituse esinemist eriti tundlikul nahal.<\/li>\n<li>E-vitamiin kaitseb raku oks\u00fcdatsiooni eest.<\/li>\n<\/ul>\n<p><strong>KASUTAMINE<\/strong><\/p>\n<ul>\n<li>Kreem kanda hommikul ja\/v\u00f5i \u00f5htul kergete masseerivate liigutustega eelnevalt puhastatud nahale.<\/li>\n<li>Korrap\u00e4rane kasutamine aitab minimeerida peeneid kortse.<\/li>\n<\/ul>\n<p><strong>KOOSTIS<\/strong><\/p>\n<p>AQUA, PROPYLENE GLYCOL, PARAFFINUM LIQUIDIUM (MINERAL OIL), CAPRYLIC\/CAPRIC TRIGLYCERIDE, LACTIC ACID, GLYCERYL STEARATE, PEG-100 STEARATE, ISOPROPYL PALMITATE, CETYL ALCOHIL, SODIUM HYDROXIDE, CETYL ACETATE, GLYCOLIC ACID, PALMITIC ACID, LANOLIN ALCOHOL, STEARYL ACETATE OLEYL ACETATE, DISODIUM EDTA, ACETYLATED LANOLIN ALCOHOL, 2-BROMO-2-NITROPROPANE-1,3DIOL, BHT, ASCORBYL PALMITATE, CITRIC ACID, SODIUM CHLORIDE, METHYLPARABEN, PROPYLPARABEN, ARACHIDIC ACID, MYRISTIC ACID, PARFUM (FRAGRANCE), HEXYL CINNAMAL, LIMONENE, LINALOOL, BENZYL SALICYLATE.<\/p>\n","protected":false},"excerpt":{"rendered":"<p>Vananemisvastane kreem Multi-Effect Cream k\u00f5rvaldab \u00f5rnalt surnud rakud ja stimuleerib naha uuenemist. Noorendab ja niisutab nahka. \u00dchtlustab nahatooni, parandab jumet, silub nahapinda. Soovitatav rasusele nahale, vananenud v\u00f5i s\u00fcgavat uuendamist vajavale nahale. Sobib k\u00f5igile nahat\u00fc\u00fcpidele, v\u00e4lja arvatud v\u00e4ga tundlikule nahale. PEAMISED TOIMEAINED Alfah\u00fcdroks\u00fchapped (piimhape, gl\u00fckoolhape) Koolap\u00e4hkliekstrakt Niisutav aine E-vitamiin P\u00e4ikesekaitsefilter TOIME Gl\u00fckool- ja piimhape segu suurendab [&hellip;]<\/p>\n","protected":false},"featured_media":1390,"comment_status":"open","ping_status":"closed","template":"","meta":{"_uag_custom_page_level_css":"","site-sidebar-layout":"default","site-content-layout":"","ast-site-content-layout":"default","site-content-style":"default","site-sidebar-style":"default","ast-global-header-display":"","ast-banner-title-visibility":"","ast-main-header-display":"","ast-hfb-above-header-display":"","ast-hfb-below-header-display":"","ast-hfb-mobile-header-display":"","site-post-title":"","ast-breadcrumbs-content":"","ast-featured-img":"","footer-sml-layout":"","ast-disable-related-posts":"","theme-transparent-header-meta":"default","adv-header-id-meta":"","stick-header-meta":"","header-above-stick-meta":"","header-main-stick-meta":"","header-below-stick-meta":"","astra-migrate-meta-layouts":"set","ast-page-background-enabled":"default","ast-page-background-meta":{"desktop":{"background-color":"var(--ast-global-color-4)","background-image":"","background-repeat":"repeat","background-position":"center center","background-size":"auto","background-attachment":"scroll","background-type":"","background-media":"","overlay-type":"","overlay-color":"","overlay-opacity":"","overlay-gradient":""},"tablet":{"background-color":"","background-image":"","background-repeat":"repeat","background-position":"center center","background-size":"auto","background-attachment":"scroll","background-type":"","background-media":"","overlay-type":"","overlay-color":"","overlay-opacity":"","overlay-gradient":""},"mobile":{"background-color":"","background-image":"","background-repeat":"repeat","background-position":"center center","background-size":"auto","background-attachment":"scroll","background-type":"","background-media":"","overlay-type":"","overlay-color":"","overlay-opacity":"","overlay-gradient":""}},"ast-content-background-meta":{"desktop":{"background-color":"var(--ast-global-color-5)","background-image":"","background-repeat":"repeat","background-position":"center center","background-size":"auto","background-attachment":"scroll","background-type":"","background-media":"","overlay-type":"","overlay-color":"","overlay-opacity":"","overlay-gradient":""},"tablet":{"background-color":"var(--ast-global-color-5)","background-image":"","background-repeat":"repeat","background-position":"center center","background-size":"auto","background-attachment":"scroll","background-type":"","background-media":"","overlay-type":"","overlay-color":"","overlay-opacity":"","overlay-gradient":""},"mobile":{"background-color":"var(--ast-global-color-5)","background-image":"","background-repeat":"repeat","background-position":"center center","background-size":"auto","background-attachment":"scroll","background-type":"","background-media":"","overlay-type":"","overlay-color":"","overlay-opacity":"","overlay-gradient":""}}},"product_brand":[],"product_cat":[70,96,97],"product_tag":[],"class_list":{"0":"post-1800","1":"product","2":"type-product","3":"status-publish","4":"has-post-thumbnail","6":"product_cat-aha","7":"product_cat-brands","8":"product_cat-naole","9":"desktop-align-left","10":"tablet-align-left","11":"mobile-align-left","13":"first","14":"instock","15":"taxable","16":"shipping-taxable","17":"product-type-simple","18":"add-to-wishlist-before_image"},"uagb_featured_image_src":{"full":["https:\/\/kosmeetika24.com\/wp-content\/uploads\/2023\/10\/2223.jpg",600,600,false],"thumbnail":["https:\/\/kosmeetika24.com\/wp-content\/uploads\/2023\/10\/2223-150x150.jpg",150,150,true],"medium":["https:\/\/kosmeetika24.com\/wp-content\/uploads\/2023\/10\/2223-300x300.jpg",300,300,true],"medium_large":["https:\/\/kosmeetika24.com\/wp-content\/uploads\/2023\/10\/2223.jpg",600,600,false],"large":["https:\/\/kosmeetika24.com\/wp-content\/uploads\/2023\/10\/2223.jpg",600,600,false],"1536x1536":["https:\/\/kosmeetika24.com\/wp-content\/uploads\/2023\/10\/2223.jpg",600,600,false],"2048x2048":["https:\/\/kosmeetika24.com\/wp-content\/uploads\/2023\/10\/2223.jpg",600,600,false],"trp-custom-language-flag":["https:\/\/kosmeetika24.com\/wp-content\/uploads\/2023\/10\/2223-12x12.jpg",12,12,true],"woocommerce_thumbnail":["https:\/\/kosmeetika24.com\/wp-content\/uploads\/2023\/10\/2223-300x300.jpg",300,300,true],"woocommerce_single":["https:\/\/kosmeetika24.com\/wp-content\/uploads\/2023\/10\/2223-500x500.jpg",500,500,true],"woocommerce_gallery_thumbnail":["https:\/\/kosmeetika24.com\/wp-content\/uploads\/2023\/10\/2223-100x100.jpg",100,100,true]},"uagb_author_info":{"display_name":"admin","author_link":"https:\/\/kosmeetika24.com\/et\/author\/"},"uagb_comment_info":0,"uagb_excerpt":"Vananemisvastane kreem Multi-Effect Cream k\u00f5rvaldab \u00f5rnalt surnud rakud ja stimuleerib naha uuenemist. Noorendab ja niisutab nahka. \u00dchtlustab nahatooni, parandab jumet, silub nahapinda. Soovitatav rasusele nahale, vananenud v\u00f5i s\u00fcgavat uuendamist vajavale nahale. Sobib k\u00f5igile nahat\u00fc\u00fcpidele, v\u00e4lja arvatud v\u00e4ga tundlikule nahale. PEAMISED TOIMEAINED Alfah\u00fcdroks\u00fchapped (piimhape, gl\u00fckoolhape) Koolap\u00e4hkliekstrakt Niisutav aine E-vitamiin P\u00e4ikesekaitsefilter TOIME Gl\u00fckool- ja piimhape segu suurendab&hellip;","_links":{"self":[{"href":"https:\/\/kosmeetika24.com\/et\/wp-json\/wp\/v2\/product\/1800","targetHints":{"allow":["GET"]}}],"collection":[{"href":"https:\/\/kosmeetika24.com\/et\/wp-json\/wp\/v2\/product"}],"about":[{"href":"https:\/\/kosmeetika24.com\/et\/wp-json\/wp\/v2\/types\/product"}],"replies":[{"embeddable":true,"href":"https:\/\/kosmeetika24.com\/et\/wp-json\/wp\/v2\/comments?post=1800"}],"version-history":[{"count":4,"href":"https:\/\/kosmeetika24.com\/et\/wp-json\/wp\/v2\/product\/1800\/revisions"}],"predecessor-version":[{"id":7052,"href":"https:\/\/kosmeetika24.com\/et\/wp-json\/wp\/v2\/product\/1800\/revisions\/7052"}],"wp:featuredmedia":[{"embeddable":true,"href":"https:\/\/kosmeetika24.com\/et\/wp-json\/wp\/v2\/media\/1390"}],"wp:attachment":[{"href":"https:\/\/kosmeetika24.com\/et\/wp-json\/wp\/v2\/media?parent=1800"}],"wp:term":[{"taxonomy":"product_brand","embeddable":true,"href":"https:\/\/kosmeetika24.com\/et\/wp-json\/wp\/v2\/product_brand?post=1800"},{"taxonomy":"product_cat","embeddable":true,"href":"https:\/\/kosmeetika24.com\/et\/wp-json\/wp\/v2\/product_cat?post=1800"},{"taxonomy":"product_tag","embeddable":true,"href":"https:\/\/kosmeetika24.com\/et\/wp-json\/wp\/v2\/product_tag?post=1800"}],"curies":[{"name":"wp","href":"https:\/\/api.w.org\/{rel}","templated":true}]}}