{"id":1797,"date":"2024-01-04T11:31:17","date_gmt":"2024-01-04T11:31:17","guid":{"rendered":"https:\/\/kosmeetika24.com\/?post_type=product&#038;p=1797"},"modified":"2025-07-02T14:38:59","modified_gmt":"2025-07-02T11:38:59","slug":"bruno-vassari-anti-stress-vasimusvastane-paevakreem-kuivale-nahale","status":"publish","type":"product","link":"https:\/\/kosmeetika24.com\/et\/toode\/bruno-vassari-anti-stress-vasimusvastane-paevakreem-kuivale-nahale\/","title":{"rendered":"BRUNO VASSARI Anti-Stress v\u00e4simusvastane p\u00e4evakreem kuivale nahale"},"content":{"rendered":"<p>P\u00e4evakreem<em> Daily Cream<\/em> on rikastatud mikroelementide, vitamiinide, merevetikaekstrakti, shea-v\u00f5i ja p\u00e4ikesekaitsefiltritega. Kreem leevendab naha\u00e4rritust. tugevdab naha enesekaitsemehhanismi, taastab naha tasakaalu ja hoiab \u00e4ra vananemise. Sellel on elustav ja toniseeriv toime, eriti v\u00e4sinud nahale.<\/p>\n<p>Vedel tekstuur sobib kuivale nahale.<\/p>\n<p><strong>PEAMISED TOIMEAINED<\/strong><\/p>\n<ul>\n<li>Mikroelemendid (magneesium, tsink, vask ja mangaan)<\/li>\n<li>\u00a0A-, E- ja B5-vitamiin<\/li>\n<li>\u00a0UVB-filter<\/li>\n<li>\u00a0Merevetikaekstrakt<\/li>\n<li>\u00a0Sheav\u00f5i<\/li>\n<li>\u00a0F\u00fckogeel<\/li>\n<\/ul>\n<p><strong>TOIME<\/strong><\/p>\n<ul>\n<li>\u00a0Mikroelementide kompleks toimib rakkude koguse suurendajana ning selle tulemuseks on pinguldatud, niisutatud ja kaitstud nahk.<\/li>\n<li>\u00a0A- ja E-vitamiin kaitsevad ja taastavad nahka.<\/li>\n<li>\u00a0UVB-filter on kaitseb UV-kiirguse eest, mis p\u00f5hjustab pruune nahalaike ja enneaegset\u00a0 vananemist.<\/li>\n<li>\u00a0Merevetikaekstrakt niisutab nahka.<\/li>\n<li>\u00a0Sheav\u00f5i niisutab, kaitseb ja on v\u00e4ga rikas toitvate toimeainete poolest.<\/li>\n<li>\u00a0F\u00fckogeel pehmendab ja niisutab nahka.<\/li>\n<\/ul>\n<p><strong>KASUTAMINE<\/strong><\/p>\n<ul>\n<li>P\u00e4evakreem kanda s\u00f5rmeotste abil n\u00e4ole, kaelale ja dekolteele.<\/li>\n<\/ul>\n<p><strong>KOOSTIS<\/strong><\/p>\n<p><span style=\"font-size: 14px;\">AQUA (WATER), CYCLOPENTASILOXANE, SQUALANE, BUTYLENE GLYCOL, GLYCERIN, C12-15 ALKYL BENZOATE, GLYCERYL, STEARATE, PEG-100 STEARATE, BUTYROSPERMUM PARKII (SHEA) BUTTER, ETHYLHEXYL METHOXYCINNAMATE, CETYL ALCOHOL, PORPHYRA UMBILICALIS EXTRACT, LAMINARIA DIGITATA EXTRACT, CRITHMUM MARITIMUM EXTRACT, ENTEROMORPHA COMPRESSA EXTRACT, ASCOPHYLLUM NODOSUM EXTRACT, FUCUS VESICULOSUS (BLADDERWRACK) EXTRACT, PHENOXYETHANOL, POLYACRYLAMIDE, PROPYLENE GLYCOL, DIMETHICONOL, C13-14 ISOPARAFFIN, PANTHENOL, TOCOPHERYL ACETATE, METHYLPARABEN, CHLORPHENESIN, XANTHAN GUM, RETINYL PALMITATE, LAURETH-7, DISODIUM EDTA, ZINC ASPARTATE, COPPER ASPARTATE, MAGNESIUM ASPARTATE, MANGANESE ASPARTATE, BIOSACCHARIDE GUM-1, METHYLPROPANEIDOL, BHT, PARFUM (FRAGRANCE), LINALOOL, HEXYL CINNAMAL, BUTYLPHENYL METHYLPROPIONAL, ASCORBYL PALMITATE, CITRONELLOL, LIMONENE, CITRIC ACID, GERANIOL, HYDROXYISOHEXYL 3-CYCLOHEXENE CARBOXALDEHYDE, TOCOPHEROL, ALPHA-ISOMETHYL IONONE, C.I. 42090 (FD&C BLUE NO.1).<\/span><\/p>\n","protected":false},"excerpt":{"rendered":"<p>&nbsp;<\/p>\n<p>Professionaalseks kasutamiseks m\u00f5eldud vitamiinide ja mineraalidega rikastatud p\u00e4evakreem, mis rahustab ja pehmendab stressis nahka.<\/p>\n<p>200 ml<\/p>\n","protected":false},"featured_media":1396,"comment_status":"open","ping_status":"closed","template":"","meta":{"_uag_custom_page_level_css":"","site-sidebar-layout":"default","site-content-layout":"","ast-site-content-layout":"default","site-content-style":"default","site-sidebar-style":"default","ast-global-header-display":"","ast-banner-title-visibility":"","ast-main-header-display":"","ast-hfb-above-header-display":"","ast-hfb-below-header-display":"","ast-hfb-mobile-header-display":"","site-post-title":"","ast-breadcrumbs-content":"","ast-featured-img":"","footer-sml-layout":"","ast-disable-related-posts":"","theme-transparent-header-meta":"default","adv-header-id-meta":"","stick-header-meta":"","header-above-stick-meta":"","header-main-stick-meta":"","header-below-stick-meta":"","astra-migrate-meta-layouts":"set","ast-page-background-enabled":"default","ast-page-background-meta":{"desktop":{"background-color":"var(--ast-global-color-4)","background-image":"","background-repeat":"repeat","background-position":"center center","background-size":"auto","background-attachment":"scroll","background-type":"","background-media":"","overlay-type":"","overlay-color":"","overlay-opacity":"","overlay-gradient":""},"tablet":{"background-color":"","background-image":"","background-repeat":"repeat","background-position":"center center","background-size":"auto","background-attachment":"scroll","background-type":"","background-media":"","overlay-type":"","overlay-color":"","overlay-opacity":"","overlay-gradient":""},"mobile":{"background-color":"","background-image":"","background-repeat":"repeat","background-position":"center center","background-size":"auto","background-attachment":"scroll","background-type":"","background-media":"","overlay-type":"","overlay-color":"","overlay-opacity":"","overlay-gradient":""}},"ast-content-background-meta":{"desktop":{"background-color":"var(--ast-global-color-5)","background-image":"","background-repeat":"repeat","background-position":"center center","background-size":"auto","background-attachment":"scroll","background-type":"","background-media":"","overlay-type":"","overlay-color":"","overlay-opacity":"","overlay-gradient":""},"tablet":{"background-color":"var(--ast-global-color-5)","background-image":"","background-repeat":"repeat","background-position":"center center","background-size":"auto","background-attachment":"scroll","background-type":"","background-media":"","overlay-type":"","overlay-color":"","overlay-opacity":"","overlay-gradient":""},"mobile":{"background-color":"var(--ast-global-color-5)","background-image":"","background-repeat":"repeat","background-position":"center center","background-size":"auto","background-attachment":"scroll","background-type":"","background-media":"","overlay-type":"","overlay-color":"","overlay-opacity":"","overlay-gradient":""}}},"product_brand":[],"product_cat":[63,96,97],"product_tag":[],"class_list":{"0":"post-1797","1":"product","2":"type-product","3":"status-publish","4":"has-post-thumbnail","6":"product_cat-anti-stress","7":"product_cat-brands","8":"product_cat-naole","9":"desktop-align-left","10":"tablet-align-left","11":"mobile-align-left","13":"first","14":"instock","15":"taxable","16":"shipping-taxable","17":"product-type-simple","18":"add-to-wishlist-before_image"},"uagb_featured_image_src":{"full":["https:\/\/kosmeetika24.com\/wp-content\/uploads\/2023\/10\/2226.jpg",600,600,false],"thumbnail":["https:\/\/kosmeetika24.com\/wp-content\/uploads\/2023\/10\/2226-150x150.jpg",150,150,true],"medium":["https:\/\/kosmeetika24.com\/wp-content\/uploads\/2023\/10\/2226-300x300.jpg",300,300,true],"medium_large":["https:\/\/kosmeetika24.com\/wp-content\/uploads\/2023\/10\/2226.jpg",600,600,false],"large":["https:\/\/kosmeetika24.com\/wp-content\/uploads\/2023\/10\/2226.jpg",600,600,false],"1536x1536":["https:\/\/kosmeetika24.com\/wp-content\/uploads\/2023\/10\/2226.jpg",600,600,false],"2048x2048":["https:\/\/kosmeetika24.com\/wp-content\/uploads\/2023\/10\/2226.jpg",600,600,false],"trp-custom-language-flag":["https:\/\/kosmeetika24.com\/wp-content\/uploads\/2023\/10\/2226-12x12.jpg",12,12,true],"woocommerce_thumbnail":["https:\/\/kosmeetika24.com\/wp-content\/uploads\/2023\/10\/2226-300x300.jpg",300,300,true],"woocommerce_single":["https:\/\/kosmeetika24.com\/wp-content\/uploads\/2023\/10\/2226-500x500.jpg",500,500,true],"woocommerce_gallery_thumbnail":["https:\/\/kosmeetika24.com\/wp-content\/uploads\/2023\/10\/2226-100x100.jpg",100,100,true]},"uagb_author_info":{"display_name":"admin","author_link":"https:\/\/kosmeetika24.com\/et\/author\/"},"uagb_comment_info":0,"uagb_excerpt":"&nbsp; Professionaalseks kasutamiseks m\u00f5eldud vitamiinide ja mineraalidega rikastatud p\u00e4evakreem, mis rahustab ja pehmendab stressis nahka. 200 ml","_links":{"self":[{"href":"https:\/\/kosmeetika24.com\/et\/wp-json\/wp\/v2\/product\/1797","targetHints":{"allow":["GET"]}}],"collection":[{"href":"https:\/\/kosmeetika24.com\/et\/wp-json\/wp\/v2\/product"}],"about":[{"href":"https:\/\/kosmeetika24.com\/et\/wp-json\/wp\/v2\/types\/product"}],"replies":[{"embeddable":true,"href":"https:\/\/kosmeetika24.com\/et\/wp-json\/wp\/v2\/comments?post=1797"}],"version-history":[{"count":2,"href":"https:\/\/kosmeetika24.com\/et\/wp-json\/wp\/v2\/product\/1797\/revisions"}],"predecessor-version":[{"id":4686,"href":"https:\/\/kosmeetika24.com\/et\/wp-json\/wp\/v2\/product\/1797\/revisions\/4686"}],"wp:featuredmedia":[{"embeddable":true,"href":"https:\/\/kosmeetika24.com\/et\/wp-json\/wp\/v2\/media\/1396"}],"wp:attachment":[{"href":"https:\/\/kosmeetika24.com\/et\/wp-json\/wp\/v2\/media?parent=1797"}],"wp:term":[{"taxonomy":"product_brand","embeddable":true,"href":"https:\/\/kosmeetika24.com\/et\/wp-json\/wp\/v2\/product_brand?post=1797"},{"taxonomy":"product_cat","embeddable":true,"href":"https:\/\/kosmeetika24.com\/et\/wp-json\/wp\/v2\/product_cat?post=1797"},{"taxonomy":"product_tag","embeddable":true,"href":"https:\/\/kosmeetika24.com\/et\/wp-json\/wp\/v2\/product_tag?post=1797"}],"curies":[{"name":"wp","href":"https:\/\/api.w.org\/{rel}","templated":true}]}}