{"id":1780,"date":"2023-12-14T13:41:44","date_gmt":"2023-12-14T13:41:44","guid":{"rendered":"https:\/\/kosmeetika24.com\/?post_type=product&#038;p=1780"},"modified":"2025-07-03T11:32:25","modified_gmt":"2025-07-03T08:32:25","slug":"bruno-vassari-bioceuticals-kiire-toimega-pinguldav-kontsentraat","status":"publish","type":"product","link":"https:\/\/kosmeetika24.com\/et\/toode\/bruno-vassari-bioceuticals-kiire-toimega-pinguldav-kontsentraat\/","title":{"rendered":"BRUNO VASSARI Bioceuticals kiire toimega pinguldav kontsentraat"},"content":{"rendered":"<div class=\"column\">\n<p>Pinguldavad ampullid <em>Fast Flash Beauty<\/em> pakuvad kiiret pinguldavat toimet. Va\u0308hendavad stressi ja va\u0308simuse ilminguid ning annavad pikaajalise vananemisvastase efekti. Nahk muutub sa\u0308ravamaks ja pinguldatuks.<\/p>\n<p>Sobib k\u00f5igile nahat\u00fc\u00fcpidele.<\/p>\n<\/div>\n<p><strong>PEAMISED TOIMEAINED:<\/strong><\/p>\n<ul>\n<li>Dimetu\u0308u\u0308laminoetanool tartaat<\/li>\n<li>Pullulaan<\/li>\n<li>TENS\u2019UP<\/li>\n<li>Glu\u0308kosiil hesperidiin<\/li>\n<\/ul>\n<p><strong>TOIME:<\/strong><\/p>\n<div class=\"page\" title=\"Page 10\">\n<div class=\"layoutArea\">\n<div class=\"column\">\n<ul>\n<li><strong>Dimetu\u0308u\u0308laminoetanool tartaat<\/strong> (DMAE): vo\u0303imas pinguldav toimeaine, mis muudab nahka elastsemaks.<\/li>\n<li><strong>Pullulaan:<\/strong> polu\u0308sahhariid, mis on filmogeense efektiga, pakkudes kohest naha pinguldatusse toimet ja parandades naha tekstuuri.<\/li>\n<li><strong>TENS\u2019UPTM:<\/strong> innovatiivne toimeaine, mis omab kohest ja keskmise kestvusega pinguldavat efekti. Innovatiivse tehnoloogiagaon saavutatud efekt, mis avaldab toimeainet ja\u0308rk-ja\u0308rgult \u2013 see pikendab toime mo\u0303ju. Peale selle to\u0303useb kollageeni tootmine, mis aitab ta\u0308ita kortse.<\/li>\n<li><strong>Glu\u0308kosiil hesperidiin:<\/strong> toimeaine on loodud glu\u0308koosist ja hesperidiinist. Hesperidiin aitab parandada vereringet, sest to\u0303stab naha temperatuuri. Seda on tootes seotud glu\u0308koosiga, et moodustada ha\u0308sti lahustuv toimeaine, mis sa\u0308ilitab loomulikke hesperiidini omadusi. Glu\u0308kosiil hesperidiin on teaduslikult to\u0303estatud toimeaine, et to\u0303sta mikrotsirkulatsiooni nahas, mis aitab va\u0308hendada stressist ja va\u0308simusest tingitud naha muutusi.<\/li>\n<\/ul>\n<p><strong>KASUTAMINE<\/strong><\/p>\n<ol>\n<li>Raputa ampulli.<\/li>\n<li>Sisesta ampull murdmiseks plastikusse.<\/li>\n<li>Murra ampulli ots.<\/li>\n<li>Sisesta ampull doseerimistuubi.<\/li>\n<li>Kanna ampulli sisu n\u00e4ole ja kaelale.<\/li>\n<\/ol>\n<p><strong>KOOSTIS<\/strong><\/p>\n<p>AQUA (WATER), GLYCERIN, PULLUAN, PROPANEDIOL, DIMETHYLAMINOETHANOL TARTRATE, MALTOOLIGOSYL GLUCOSIDE, GLUCOSYL HESPERIDIN, CICHORIUM INTYBUS (CHICORY) ROOT OLIGOSACCHARIDES, CAESALPINIA SPINOSA GUM, HYDROGENATED STARCH HYDROLYSATE, ETHYLHEXYLGLYCERIN, CARBOMER, SODIUM BENZOATE, ARGININE, GLUCONOLACTONE, PHENOXYETHANOL, CALCIUM GLUCONATE.<\/p>\n<\/div>\n<\/div>\n<\/div>\n","protected":false},"excerpt":{"rendered":"<p>Pinguldavad ampullid silmapilkse efektiga.<\/p>\n<p>&nbsp;<\/p>\n<p>6 ampulli<\/p>\n","protected":false},"featured_media":1781,"comment_status":"open","ping_status":"closed","template":"","meta":{"_uag_custom_page_level_css":"","site-sidebar-layout":"default","site-content-layout":"","ast-site-content-layout":"default","site-content-style":"default","site-sidebar-style":"default","ast-global-header-display":"","ast-banner-title-visibility":"","ast-main-header-display":"","ast-hfb-above-header-display":"","ast-hfb-below-header-display":"","ast-hfb-mobile-header-display":"","site-post-title":"","ast-breadcrumbs-content":"","ast-featured-img":"","footer-sml-layout":"","ast-disable-related-posts":"","theme-transparent-header-meta":"default","adv-header-id-meta":"","stick-header-meta":"","header-above-stick-meta":"","header-main-stick-meta":"","header-below-stick-meta":"","astra-migrate-meta-layouts":"set","ast-page-background-enabled":"default","ast-page-background-meta":{"desktop":{"background-color":"var(--ast-global-color-4)","background-image":"","background-repeat":"repeat","background-position":"center center","background-size":"auto","background-attachment":"scroll","background-type":"","background-media":"","overlay-type":"","overlay-color":"","overlay-opacity":"","overlay-gradient":""},"tablet":{"background-color":"","background-image":"","background-repeat":"repeat","background-position":"center center","background-size":"auto","background-attachment":"scroll","background-type":"","background-media":"","overlay-type":"","overlay-color":"","overlay-opacity":"","overlay-gradient":""},"mobile":{"background-color":"","background-image":"","background-repeat":"repeat","background-position":"center center","background-size":"auto","background-attachment":"scroll","background-type":"","background-media":"","overlay-type":"","overlay-color":"","overlay-opacity":"","overlay-gradient":""}},"ast-content-background-meta":{"desktop":{"background-color":"var(--ast-global-color-5)","background-image":"","background-repeat":"repeat","background-position":"center center","background-size":"auto","background-attachment":"scroll","background-type":"","background-media":"","overlay-type":"","overlay-color":"","overlay-opacity":"","overlay-gradient":""},"tablet":{"background-color":"var(--ast-global-color-5)","background-image":"","background-repeat":"repeat","background-position":"center center","background-size":"auto","background-attachment":"scroll","background-type":"","background-media":"","overlay-type":"","overlay-color":"","overlay-opacity":"","overlay-gradient":""},"mobile":{"background-color":"var(--ast-global-color-5)","background-image":"","background-repeat":"repeat","background-position":"center center","background-size":"auto","background-attachment":"scroll","background-type":"","background-media":"","overlay-type":"","overlay-color":"","overlay-opacity":"","overlay-gradient":""}}},"product_brand":[],"product_cat":[79,97],"product_tag":[],"class_list":{"0":"post-1780","1":"product","2":"type-product","3":"status-publish","4":"has-post-thumbnail","6":"product_cat-bioceuticals","7":"product_cat-naole","8":"desktop-align-left","9":"tablet-align-left","10":"mobile-align-left","12":"first","13":"instock","14":"taxable","15":"shipping-taxable","16":"product-type-simple","17":"add-to-wishlist-before_image"},"uagb_featured_image_src":{"full":["https:\/\/kosmeetika24.com\/wp-content\/uploads\/2023\/12\/342.png",600,600,false],"thumbnail":["https:\/\/kosmeetika24.com\/wp-content\/uploads\/2023\/12\/342-150x150.png",150,150,true],"medium":["https:\/\/kosmeetika24.com\/wp-content\/uploads\/2023\/12\/342-300x300.png",300,300,true],"medium_large":["https:\/\/kosmeetika24.com\/wp-content\/uploads\/2023\/12\/342.png",600,600,false],"large":["https:\/\/kosmeetika24.com\/wp-content\/uploads\/2023\/12\/342.png",600,600,false],"1536x1536":["https:\/\/kosmeetika24.com\/wp-content\/uploads\/2023\/12\/342.png",600,600,false],"2048x2048":["https:\/\/kosmeetika24.com\/wp-content\/uploads\/2023\/12\/342.png",600,600,false],"trp-custom-language-flag":["https:\/\/kosmeetika24.com\/wp-content\/uploads\/2023\/12\/342-12x12.png",12,12,true],"woocommerce_thumbnail":["https:\/\/kosmeetika24.com\/wp-content\/uploads\/2023\/12\/342-300x300.png",300,300,true],"woocommerce_single":["https:\/\/kosmeetika24.com\/wp-content\/uploads\/2023\/12\/342-500x500.png",500,500,true],"woocommerce_gallery_thumbnail":["https:\/\/kosmeetika24.com\/wp-content\/uploads\/2023\/12\/342-100x100.png",100,100,true]},"uagb_author_info":{"display_name":"admin","author_link":"https:\/\/kosmeetika24.com\/et\/author\/"},"uagb_comment_info":0,"uagb_excerpt":"Pinguldavad ampullid silmapilkse efektiga. &nbsp; 6 ampulli","_links":{"self":[{"href":"https:\/\/kosmeetika24.com\/et\/wp-json\/wp\/v2\/product\/1780","targetHints":{"allow":["GET"]}}],"collection":[{"href":"https:\/\/kosmeetika24.com\/et\/wp-json\/wp\/v2\/product"}],"about":[{"href":"https:\/\/kosmeetika24.com\/et\/wp-json\/wp\/v2\/types\/product"}],"replies":[{"embeddable":true,"href":"https:\/\/kosmeetika24.com\/et\/wp-json\/wp\/v2\/comments?post=1780"}],"version-history":[{"count":2,"href":"https:\/\/kosmeetika24.com\/et\/wp-json\/wp\/v2\/product\/1780\/revisions"}],"predecessor-version":[{"id":5478,"href":"https:\/\/kosmeetika24.com\/et\/wp-json\/wp\/v2\/product\/1780\/revisions\/5478"}],"wp:featuredmedia":[{"embeddable":true,"href":"https:\/\/kosmeetika24.com\/et\/wp-json\/wp\/v2\/media\/1781"}],"wp:attachment":[{"href":"https:\/\/kosmeetika24.com\/et\/wp-json\/wp\/v2\/media?parent=1780"}],"wp:term":[{"taxonomy":"product_brand","embeddable":true,"href":"https:\/\/kosmeetika24.com\/et\/wp-json\/wp\/v2\/product_brand?post=1780"},{"taxonomy":"product_cat","embeddable":true,"href":"https:\/\/kosmeetika24.com\/et\/wp-json\/wp\/v2\/product_cat?post=1780"},{"taxonomy":"product_tag","embeddable":true,"href":"https:\/\/kosmeetika24.com\/et\/wp-json\/wp\/v2\/product_tag?post=1780"}],"curies":[{"name":"wp","href":"https:\/\/api.w.org\/{rel}","templated":true}]}}