{"id":1763,"date":"2024-01-05T09:27:19","date_gmt":"2024-01-05T09:27:19","guid":{"rendered":"https:\/\/kosmeetika24.com\/?post_type=product&#038;p=1763"},"modified":"2025-07-02T14:30:35","modified_gmt":"2025-07-02T11:30:35","slug":"bruno-vassari-sun-defense-olivaba-paikesekaitsepihus-spf-25","status":"publish","type":"product","link":"https:\/\/kosmeetika24.com\/et\/toode\/bruno-vassari-sun-defense-olivaba-paikesekaitsepihus-spf-25\/","title":{"rendered":"BRUNO VASSARI Sun Defense \u00f5livaba p\u00e4ikesekaitsepihus SPF 25"},"content":{"rendered":"<p>P\u00e4ikesekaitsepihus<em> Oil Free Sun Spray SPF 25<\/em> on kerge, \u00f5livaba, veekindel ja kergesti imenduv. Ei j\u00e4ta nahale rasvast tunnet. UVA ja UVB filtrite optimaalne tasakaal aitab kaitsta nahka p\u00e4ikesekiirguse, p\u00e4ikesep\u00f5letuse ja enneaegse fotovananemise eest.<\/p>\n<p>Kerge tekstuur on ideaalne meestele ja sportlastele ning v\u00e4litingimustes sportimiseks.<\/p>\n<p>Sobib k\u00f5igile nahat\u00fc\u00fcpidele.<\/p>\n<p><strong>PEAMISED TOIMEAINED<\/strong><\/p>\n<ul>\n<li>P\u00e4ikesekaitsefiltrid<\/li>\n<li>E-vitamiin<\/li>\n<li>Sheav\u00f5i<\/li>\n<\/ul>\n<p><strong>TOIME<\/strong><\/p>\n<ul>\n<li>P\u00e4ikesekaitsefiltrid: ideaalne kombinatsioon f\u00fc\u00fcsikalistest ja keemilistest filtritest, mis annavad usaldusv\u00e4\u00e4rse p\u00e4ikesekaitsefaktori. P\u00e4ikesekaitsefiltrite kaitsvat toimet tugevdavad E-vitamiin ja sheav\u00f5i.<\/li>\n<li>E-vitamiin toimib antioks\u00fcdandina, vabade radikaalide vastane. Hoiab \u00e4ra UV-kiirguse poolt p\u00f5hjustatud p\u00f5letiku. V\u00e4hendab kortsude tekkimise t\u00f5en\u00e4olsust.<\/li>\n<li>Sheav\u00f5i toimib antioks\u00fcdandina, vabade radikaalide vastane, niisutab, parandab \u00fclemist epidermist.<\/li>\n<\/ul>\n<p><strong>KASUTAMINE<\/strong><\/p>\n<ul>\n<li>\u00d5livaba p\u00e4ikesekaitsepihus kanda nahale v\u00e4hemalt 30 minutit enne kokkupuudet p\u00e4ikesekiirgusega, m\u00e4\u00e4rides toode\u00a0 \u00fchtlaselt nahale.<\/li>\n<li>Mitte pihustada otse n\u00e4kku.<\/li>\n<li>V\u00e4ltida silma sattumist.<\/li>\n<li>F\u00fc\u00fcsilise tegevuse korral v\u00f5i p\u00e4rast ujumist kanda toode uuesti nahale.<\/li>\n<li>K\u00f5ige turvalisema efekti saavutamiseks kasutada p\u00e4ikesekaitsepihust iga 2 tunni j\u00e4rel!<\/li>\n<\/ul>\n<p><strong>KOOSTIS<\/strong><\/p>\n<p>ALCOHOL DENAT, CYCLOPENTASILOXANE, OCTOCRYLENE, C-12-15 ALKYL BENZOATE, ETHYLHEXYL, SALICYLATE, BUTHYL METHOXYDIBENZOYLMETHANE, DIETHYLHEXYL BUTAMIDO TRIAZONE, ACRYLATES\/OCTYLACRYLAMIDE COPOLYMER, TOCOPHERYL ACETATE, BHT, PARFUM (FRAGRANCE), BENZYLSALICYLATE, HEXYL CINNAMAL, LINALOOL.<\/p>\n","protected":false},"excerpt":{"rendered":"<p>\u00d5livaba, vett h\u00fclgav ja kergesti imenduv p\u00e4ikesekaitsepihus p\u00e4ikesekaitsefaktoriga 25 (SPF).<\/p>\n<p>200 ml<\/p>\n","protected":false},"featured_media":1764,"comment_status":"open","ping_status":"closed","template":"","meta":{"_uag_custom_page_level_css":"","site-sidebar-layout":"default","site-content-layout":"","ast-site-content-layout":"default","site-content-style":"default","site-sidebar-style":"default","ast-global-header-display":"","ast-banner-title-visibility":"","ast-main-header-display":"","ast-hfb-above-header-display":"","ast-hfb-below-header-display":"","ast-hfb-mobile-header-display":"","site-post-title":"","ast-breadcrumbs-content":"","ast-featured-img":"","footer-sml-layout":"","ast-disable-related-posts":"","theme-transparent-header-meta":"default","adv-header-id-meta":"","stick-header-meta":"","header-above-stick-meta":"","header-main-stick-meta":"","header-below-stick-meta":"","astra-migrate-meta-layouts":"set","ast-page-background-enabled":"default","ast-page-background-meta":{"desktop":{"background-color":"var(--ast-global-color-4)","background-image":"","background-repeat":"repeat","background-position":"center center","background-size":"auto","background-attachment":"scroll","background-type":"","background-media":"","overlay-type":"","overlay-color":"","overlay-opacity":"","overlay-gradient":""},"tablet":{"background-color":"","background-image":"","background-repeat":"repeat","background-position":"center center","background-size":"auto","background-attachment":"scroll","background-type":"","background-media":"","overlay-type":"","overlay-color":"","overlay-opacity":"","overlay-gradient":""},"mobile":{"background-color":"","background-image":"","background-repeat":"repeat","background-position":"center center","background-size":"auto","background-attachment":"scroll","background-type":"","background-media":"","overlay-type":"","overlay-color":"","overlay-opacity":"","overlay-gradient":""}},"ast-content-background-meta":{"desktop":{"background-color":"var(--ast-global-color-5)","background-image":"","background-repeat":"repeat","background-position":"center center","background-size":"auto","background-attachment":"scroll","background-type":"","background-media":"","overlay-type":"","overlay-color":"","overlay-opacity":"","overlay-gradient":""},"tablet":{"background-color":"var(--ast-global-color-5)","background-image":"","background-repeat":"repeat","background-position":"center center","background-size":"auto","background-attachment":"scroll","background-type":"","background-media":"","overlay-type":"","overlay-color":"","overlay-opacity":"","overlay-gradient":""},"mobile":{"background-color":"var(--ast-global-color-5)","background-image":"","background-repeat":"repeat","background-position":"center center","background-size":"auto","background-attachment":"scroll","background-type":"","background-media":"","overlay-type":"","overlay-color":"","overlay-opacity":"","overlay-gradient":""}}},"product_brand":[],"product_cat":[96,97,73],"product_tag":[],"class_list":{"0":"post-1763","1":"product","2":"type-product","3":"status-publish","4":"has-post-thumbnail","6":"product_cat-brands","7":"product_cat-naole","8":"product_cat-sun-defense","9":"desktop-align-left","10":"tablet-align-left","11":"mobile-align-left","13":"first","14":"instock","15":"taxable","16":"shipping-taxable","17":"product-type-simple","18":"add-to-wishlist-before_image"},"uagb_featured_image_src":{"full":["https:\/\/kosmeetika24.com\/wp-content\/uploads\/2023\/11\/4078-Oil-Free-Sun-Spray-SPF25.jpg",600,600,false],"thumbnail":["https:\/\/kosmeetika24.com\/wp-content\/uploads\/2023\/11\/4078-Oil-Free-Sun-Spray-SPF25-150x150.jpg",150,150,true],"medium":["https:\/\/kosmeetika24.com\/wp-content\/uploads\/2023\/11\/4078-Oil-Free-Sun-Spray-SPF25-300x300.jpg",300,300,true],"medium_large":["https:\/\/kosmeetika24.com\/wp-content\/uploads\/2023\/11\/4078-Oil-Free-Sun-Spray-SPF25.jpg",600,600,false],"large":["https:\/\/kosmeetika24.com\/wp-content\/uploads\/2023\/11\/4078-Oil-Free-Sun-Spray-SPF25.jpg",600,600,false],"1536x1536":["https:\/\/kosmeetika24.com\/wp-content\/uploads\/2023\/11\/4078-Oil-Free-Sun-Spray-SPF25.jpg",600,600,false],"2048x2048":["https:\/\/kosmeetika24.com\/wp-content\/uploads\/2023\/11\/4078-Oil-Free-Sun-Spray-SPF25.jpg",600,600,false],"trp-custom-language-flag":["https:\/\/kosmeetika24.com\/wp-content\/uploads\/2023\/11\/4078-Oil-Free-Sun-Spray-SPF25-12x12.jpg",12,12,true],"woocommerce_thumbnail":["https:\/\/kosmeetika24.com\/wp-content\/uploads\/2023\/11\/4078-Oil-Free-Sun-Spray-SPF25-300x300.jpg",300,300,true],"woocommerce_single":["https:\/\/kosmeetika24.com\/wp-content\/uploads\/2023\/11\/4078-Oil-Free-Sun-Spray-SPF25-500x500.jpg",500,500,true],"woocommerce_gallery_thumbnail":["https:\/\/kosmeetika24.com\/wp-content\/uploads\/2023\/11\/4078-Oil-Free-Sun-Spray-SPF25-100x100.jpg",100,100,true]},"uagb_author_info":{"display_name":"admin","author_link":"https:\/\/kosmeetika24.com\/et\/author\/"},"uagb_comment_info":0,"uagb_excerpt":"\u00d5livaba, vett h\u00fclgav ja kergesti imenduv p\u00e4ikesekaitsepihus p\u00e4ikesekaitsefaktoriga 25 (SPF). 200 ml","_links":{"self":[{"href":"https:\/\/kosmeetika24.com\/et\/wp-json\/wp\/v2\/product\/1763","targetHints":{"allow":["GET"]}}],"collection":[{"href":"https:\/\/kosmeetika24.com\/et\/wp-json\/wp\/v2\/product"}],"about":[{"href":"https:\/\/kosmeetika24.com\/et\/wp-json\/wp\/v2\/types\/product"}],"replies":[{"embeddable":true,"href":"https:\/\/kosmeetika24.com\/et\/wp-json\/wp\/v2\/comments?post=1763"}],"version-history":[{"count":1,"href":"https:\/\/kosmeetika24.com\/et\/wp-json\/wp\/v2\/product\/1763\/revisions"}],"predecessor-version":[{"id":4184,"href":"https:\/\/kosmeetika24.com\/et\/wp-json\/wp\/v2\/product\/1763\/revisions\/4184"}],"wp:featuredmedia":[{"embeddable":true,"href":"https:\/\/kosmeetika24.com\/et\/wp-json\/wp\/v2\/media\/1764"}],"wp:attachment":[{"href":"https:\/\/kosmeetika24.com\/et\/wp-json\/wp\/v2\/media?parent=1763"}],"wp:term":[{"taxonomy":"product_brand","embeddable":true,"href":"https:\/\/kosmeetika24.com\/et\/wp-json\/wp\/v2\/product_brand?post=1763"},{"taxonomy":"product_cat","embeddable":true,"href":"https:\/\/kosmeetika24.com\/et\/wp-json\/wp\/v2\/product_cat?post=1763"},{"taxonomy":"product_tag","embeddable":true,"href":"https:\/\/kosmeetika24.com\/et\/wp-json\/wp\/v2\/product_tag?post=1763"}],"curies":[{"name":"wp","href":"https:\/\/api.w.org\/{rel}","templated":true}]}}