{"id":1752,"date":"2023-11-28T11:15:59","date_gmt":"2023-11-28T11:15:59","guid":{"rendered":"https:\/\/kosmeetika24.com\/?post_type=product&#038;p=1752"},"modified":"2025-07-02T14:10:18","modified_gmt":"2025-07-02T11:10:18","slug":"bruno-vassari-body-care-pinguldav-ja-vormiv-kontsentraat-kehale","status":"publish","type":"product","link":"https:\/\/kosmeetika24.com\/et\/toode\/bruno-vassari-body-care-pinguldav-ja-vormiv-kontsentraat-kehale\/","title":{"rendered":"BRUNO VASSARI Body Care pinguldav ja vormiv kontsentraat kehale"},"content":{"rendered":"<p>Pinguldav ja vormiv kontsentraat <em>Firm & Sculpt Concentrate<\/em> kehale, v\u00f5imaldab rasva p\u00f5letamist ja mille tulemusel kiireneb ainevahetus ning taasaktiveeruvad naha mehaanilised omadused.<\/p>\n<p>Kontsentraat suurendab kollageeni tootmist nahas ning\u00a0 parandab naha toonust ja elastsust.<\/p>\n<p>Tulemuseks on naha pinguldamine ja vormimine.<\/p>\n<p><strong>Tulemuseks on v\u00f5imas pinguldav toime t\u00e4nu kollageenikiudude arvu suurenemisele ja naha restruktureerimisele.<\/strong><\/p>\n<p>Sobib k\u00f5igile nahat\u00fc\u00fcpidele.<\/p>\n<p><strong>KASUTAMINE<\/strong><\/p>\n<p>Kasutusjuhend:<\/p>\n<ol>\n<li>Raputa ampulli.<\/li>\n<li>Sisesta ampull murdmiseks plastikusse.<\/li>\n<li>Murra ampulli ots.<\/li>\n<li>Sisesta ampull doseerimistuubi.<\/li>\n<li>Kanna ampulli sisu soovitud piirkonnale.<\/li>\n<\/ol>\n<p><strong>KOOSTIS<\/strong><\/p>\n<p>AQUA, GLYCERIN, PROPANEDIOL, METHYLSILANOL HYDROXYPROLINE ASPARATE, PROPYLENE GLYCOL, FUMARIC ACID, BIOFLAVONOIDS, MALTOOLIGOSYL GLUCOSIDE, HYDROGENATED STARCH HYDROLYSATE, CENTELLA ASIATICA EXTRACT, PHENOXYETHANOL, BUTYLENE GLYCOL, ARGININE, CITRIC ACID, CARBOMER, ETHYLHEXYLGLYCERIN, SODIUM BENZOATE.<\/p>\n","protected":false},"excerpt":{"rendered":"<p>Pinguldav ja vormiv kontsentraat kehale.<\/p>\n<p>6 x 10ml<\/p>\n","protected":false},"featured_media":1753,"comment_status":"open","ping_status":"closed","template":"","meta":{"_uag_custom_page_level_css":"","site-sidebar-layout":"default","site-content-layout":"","ast-site-content-layout":"default","site-content-style":"default","site-sidebar-style":"default","ast-global-header-display":"","ast-banner-title-visibility":"","ast-main-header-display":"","ast-hfb-above-header-display":"","ast-hfb-below-header-display":"","ast-hfb-mobile-header-display":"","site-post-title":"","ast-breadcrumbs-content":"","ast-featured-img":"","footer-sml-layout":"","ast-disable-related-posts":"","theme-transparent-header-meta":"default","adv-header-id-meta":"","stick-header-meta":"","header-above-stick-meta":"","header-main-stick-meta":"","header-below-stick-meta":"","astra-migrate-meta-layouts":"set","ast-page-background-enabled":"default","ast-page-background-meta":{"desktop":{"background-color":"var(--ast-global-color-4)","background-image":"","background-repeat":"repeat","background-position":"center center","background-size":"auto","background-attachment":"scroll","background-type":"","background-media":"","overlay-type":"","overlay-color":"","overlay-opacity":"","overlay-gradient":""},"tablet":{"background-color":"","background-image":"","background-repeat":"repeat","background-position":"center center","background-size":"auto","background-attachment":"scroll","background-type":"","background-media":"","overlay-type":"","overlay-color":"","overlay-opacity":"","overlay-gradient":""},"mobile":{"background-color":"","background-image":"","background-repeat":"repeat","background-position":"center center","background-size":"auto","background-attachment":"scroll","background-type":"","background-media":"","overlay-type":"","overlay-color":"","overlay-opacity":"","overlay-gradient":""}},"ast-content-background-meta":{"desktop":{"background-color":"var(--ast-global-color-5)","background-image":"","background-repeat":"repeat","background-position":"center center","background-size":"auto","background-attachment":"scroll","background-type":"","background-media":"","overlay-type":"","overlay-color":"","overlay-opacity":"","overlay-gradient":""},"tablet":{"background-color":"var(--ast-global-color-5)","background-image":"","background-repeat":"repeat","background-position":"center center","background-size":"auto","background-attachment":"scroll","background-type":"","background-media":"","overlay-type":"","overlay-color":"","overlay-opacity":"","overlay-gradient":""},"mobile":{"background-color":"var(--ast-global-color-5)","background-image":"","background-repeat":"repeat","background-position":"center center","background-size":"auto","background-attachment":"scroll","background-type":"","background-media":"","overlay-type":"","overlay-color":"","overlay-opacity":"","overlay-gradient":""}}},"product_brand":[],"product_cat":[65,96,98],"product_tag":[],"class_list":{"0":"post-1752","1":"product","2":"type-product","3":"status-publish","4":"has-post-thumbnail","6":"product_cat-body-care","7":"product_cat-brands","8":"product_cat-kehale","9":"desktop-align-left","10":"tablet-align-left","11":"mobile-align-left","13":"first","14":"instock","15":"taxable","16":"shipping-taxable","17":"product-type-simple","18":"add-to-wishlist-before_image"},"uagb_featured_image_src":{"full":["https:\/\/kosmeetika24.com\/wp-content\/uploads\/2023\/11\/kehakontsentraat.png",600,600,false],"thumbnail":["https:\/\/kosmeetika24.com\/wp-content\/uploads\/2023\/11\/kehakontsentraat-150x150.png",150,150,true],"medium":["https:\/\/kosmeetika24.com\/wp-content\/uploads\/2023\/11\/kehakontsentraat-300x300.png",300,300,true],"medium_large":["https:\/\/kosmeetika24.com\/wp-content\/uploads\/2023\/11\/kehakontsentraat.png",600,600,false],"large":["https:\/\/kosmeetika24.com\/wp-content\/uploads\/2023\/11\/kehakontsentraat.png",600,600,false],"1536x1536":["https:\/\/kosmeetika24.com\/wp-content\/uploads\/2023\/11\/kehakontsentraat.png",600,600,false],"2048x2048":["https:\/\/kosmeetika24.com\/wp-content\/uploads\/2023\/11\/kehakontsentraat.png",600,600,false],"trp-custom-language-flag":["https:\/\/kosmeetika24.com\/wp-content\/uploads\/2023\/11\/kehakontsentraat-12x12.png",12,12,true],"woocommerce_thumbnail":["https:\/\/kosmeetika24.com\/wp-content\/uploads\/2023\/11\/kehakontsentraat-300x300.png",300,300,true],"woocommerce_single":["https:\/\/kosmeetika24.com\/wp-content\/uploads\/2023\/11\/kehakontsentraat-500x500.png",500,500,true],"woocommerce_gallery_thumbnail":["https:\/\/kosmeetika24.com\/wp-content\/uploads\/2023\/11\/kehakontsentraat-100x100.png",100,100,true]},"uagb_author_info":{"display_name":"admin","author_link":"https:\/\/kosmeetika24.com\/et\/author\/"},"uagb_comment_info":0,"uagb_excerpt":"Pinguldav ja vormiv kontsentraat kehale. 6 x 10ml","_links":{"self":[{"href":"https:\/\/kosmeetika24.com\/et\/wp-json\/wp\/v2\/product\/1752","targetHints":{"allow":["GET"]}}],"collection":[{"href":"https:\/\/kosmeetika24.com\/et\/wp-json\/wp\/v2\/product"}],"about":[{"href":"https:\/\/kosmeetika24.com\/et\/wp-json\/wp\/v2\/types\/product"}],"replies":[{"embeddable":true,"href":"https:\/\/kosmeetika24.com\/et\/wp-json\/wp\/v2\/comments?post=1752"}],"version-history":[{"count":2,"href":"https:\/\/kosmeetika24.com\/et\/wp-json\/wp\/v2\/product\/1752\/revisions"}],"predecessor-version":[{"id":5455,"href":"https:\/\/kosmeetika24.com\/et\/wp-json\/wp\/v2\/product\/1752\/revisions\/5455"}],"wp:featuredmedia":[{"embeddable":true,"href":"https:\/\/kosmeetika24.com\/et\/wp-json\/wp\/v2\/media\/1753"}],"wp:attachment":[{"href":"https:\/\/kosmeetika24.com\/et\/wp-json\/wp\/v2\/media?parent=1752"}],"wp:term":[{"taxonomy":"product_brand","embeddable":true,"href":"https:\/\/kosmeetika24.com\/et\/wp-json\/wp\/v2\/product_brand?post=1752"},{"taxonomy":"product_cat","embeddable":true,"href":"https:\/\/kosmeetika24.com\/et\/wp-json\/wp\/v2\/product_cat?post=1752"},{"taxonomy":"product_tag","embeddable":true,"href":"https:\/\/kosmeetika24.com\/et\/wp-json\/wp\/v2\/product_tag?post=1752"}],"curies":[{"name":"wp","href":"https:\/\/api.w.org\/{rel}","templated":true}]}}