{"id":1745,"date":"2024-01-05T09:00:31","date_gmt":"2024-01-05T09:00:31","guid":{"rendered":"https:\/\/kosmeetika24.com\/?post_type=product&#038;p=1745"},"modified":"2025-07-02T14:05:52","modified_gmt":"2025-07-02T11:05:52","slug":"bruno-vassari-body-care-kollageeniga-kehapiim","status":"publish","type":"product","link":"https:\/\/kosmeetika24.com\/et\/toode\/bruno-vassari-body-care-kollageeniga-kehapiim\/","title":{"rendered":"BRUNO VASSARI Body Care kollageeniga kehapiim"},"content":{"rendered":"<p>Niisutav ja rahustav emulsioon <em>Geraldina<\/em> on rikastatud tasakaalustatud pehmendavate ainetega. Lahustuva kollageeni omadused aitavad hoida naha niisutatuna ja elastsena. Parandab naha tekstuuri ja tooni.<\/p>\n<p>Sobib k\u00f5igile nahat\u00fc\u00fcpidele.<\/p>\n<p><strong>PEAMISED TOIMEAINED<\/strong><\/p>\n<ul>\n<li>Lahustuv kollageen<\/li>\n<li>Allantoiin<\/li>\n<li>Aaloe<\/li>\n<\/ul>\n<p><strong>TOIME<\/strong><\/p>\n<ul>\n<li>Lahustuv kollageen sisaldab v\u00e4ikeste molekulidega aminohapete r\u00fchmi, mis v\u00f5ivad l\u00e4bida naha ning mis s\u00e4ilitavad vee optimaalse tasakaalu nahas, et neutraliseerida transepidermaalne veekadu, andes sileda ja elastse naha.<\/li>\n<li>Allantoiin iseloomustavad suurep\u00e4rased rakkude uuenemise omadused.<\/li>\n<li>Aaloe pehmendab ja niisutab nahka ning aitab seda hoida pehme, sileda, elastse ja tervena.<\/li>\n<\/ul>\n<p><strong>KASUTAMINE<\/strong><\/p>\n<ul>\n<li>Kanda kogu kehale iga p\u00e4ev p\u00e4rast vanni v\u00f5i du\u0161\u0161i.<\/li>\n<\/ul>\n<p><strong>KOOSTIS<\/strong><\/p>\n<p><span style=\"font-size: 14px;\">AQUA (WATER), ISOPROPYL MYRISTATE, GLYCERYL STEARATE, CETYL PALMITATE, PARAFFINUM LIQUIDUM (MINERAL OIL), GLYCERIN , CETYL ACETATE, SETYL PALMITATE, STEARYL ACETATE, ALOE BARABADENSISLEAF JUICE, SOLUBLE COLLAGEN, OLEYL ACETATE, PARFUM (FRAGRANCE), CARBOMER, METHYLPARABEN, ACETYLATED LANOLIN ALCOHOL, ALLANTOIN, PROPYLPARABEN, SODIUM HYDROXIDE, 2-BROMO-2-NITROPROPANE-1,3-DIOL, LINALOOL, LIMONENE, BENZYL SALICYLATE, GERANIOL, TOCOPHEROL, LECITHIN, ASCORBYL PALMITATE, CITRAL, GLYCERYL OLEATE, POTASSIUM SORBATE, CHLORPHENESIN, SODIUM BENZOATE, CITRIC ACID.<\/span><\/p>\n","protected":false},"excerpt":{"rendered":"<p>Kollageeniga niisutav ja elustav emulsioon.<\/p>\n<p>Taastab naha struktuuri ja tooni.<\/p>\n<p>500 ml<\/p>\n","protected":false},"featured_media":1746,"comment_status":"open","ping_status":"closed","template":"","meta":{"_uag_custom_page_level_css":"","site-sidebar-layout":"default","site-content-layout":"","ast-site-content-layout":"default","site-content-style":"default","site-sidebar-style":"default","ast-global-header-display":"","ast-banner-title-visibility":"","ast-main-header-display":"","ast-hfb-above-header-display":"","ast-hfb-below-header-display":"","ast-hfb-mobile-header-display":"","site-post-title":"","ast-breadcrumbs-content":"","ast-featured-img":"","footer-sml-layout":"","ast-disable-related-posts":"","theme-transparent-header-meta":"default","adv-header-id-meta":"","stick-header-meta":"","header-above-stick-meta":"","header-main-stick-meta":"","header-below-stick-meta":"","astra-migrate-meta-layouts":"set","ast-page-background-enabled":"default","ast-page-background-meta":{"desktop":{"background-color":"var(--ast-global-color-4)","background-image":"","background-repeat":"repeat","background-position":"center center","background-size":"auto","background-attachment":"scroll","background-type":"","background-media":"","overlay-type":"","overlay-color":"","overlay-opacity":"","overlay-gradient":""},"tablet":{"background-color":"","background-image":"","background-repeat":"repeat","background-position":"center center","background-size":"auto","background-attachment":"scroll","background-type":"","background-media":"","overlay-type":"","overlay-color":"","overlay-opacity":"","overlay-gradient":""},"mobile":{"background-color":"","background-image":"","background-repeat":"repeat","background-position":"center center","background-size":"auto","background-attachment":"scroll","background-type":"","background-media":"","overlay-type":"","overlay-color":"","overlay-opacity":"","overlay-gradient":""}},"ast-content-background-meta":{"desktop":{"background-color":"var(--ast-global-color-5)","background-image":"","background-repeat":"repeat","background-position":"center center","background-size":"auto","background-attachment":"scroll","background-type":"","background-media":"","overlay-type":"","overlay-color":"","overlay-opacity":"","overlay-gradient":""},"tablet":{"background-color":"var(--ast-global-color-5)","background-image":"","background-repeat":"repeat","background-position":"center center","background-size":"auto","background-attachment":"scroll","background-type":"","background-media":"","overlay-type":"","overlay-color":"","overlay-opacity":"","overlay-gradient":""},"mobile":{"background-color":"var(--ast-global-color-5)","background-image":"","background-repeat":"repeat","background-position":"center center","background-size":"auto","background-attachment":"scroll","background-type":"","background-media":"","overlay-type":"","overlay-color":"","overlay-opacity":"","overlay-gradient":""}}},"product_brand":[],"product_cat":[65,96,98],"product_tag":[],"class_list":{"0":"post-1745","1":"product","2":"type-product","3":"status-publish","4":"has-post-thumbnail","6":"product_cat-body-care","7":"product_cat-brands","8":"product_cat-kehale","9":"desktop-align-left","10":"tablet-align-left","11":"mobile-align-left","13":"first","14":"instock","15":"taxable","16":"shipping-taxable","17":"product-type-simple","18":"add-to-wishlist-before_image"},"uagb_featured_image_src":{"full":["https:\/\/kosmeetika24.com\/wp-content\/uploads\/2023\/11\/292-Geraldina.jpg",600,600,false],"thumbnail":["https:\/\/kosmeetika24.com\/wp-content\/uploads\/2023\/11\/292-Geraldina-150x150.jpg",150,150,true],"medium":["https:\/\/kosmeetika24.com\/wp-content\/uploads\/2023\/11\/292-Geraldina-300x300.jpg",300,300,true],"medium_large":["https:\/\/kosmeetika24.com\/wp-content\/uploads\/2023\/11\/292-Geraldina.jpg",600,600,false],"large":["https:\/\/kosmeetika24.com\/wp-content\/uploads\/2023\/11\/292-Geraldina.jpg",600,600,false],"1536x1536":["https:\/\/kosmeetika24.com\/wp-content\/uploads\/2023\/11\/292-Geraldina.jpg",600,600,false],"2048x2048":["https:\/\/kosmeetika24.com\/wp-content\/uploads\/2023\/11\/292-Geraldina.jpg",600,600,false],"trp-custom-language-flag":["https:\/\/kosmeetika24.com\/wp-content\/uploads\/2023\/11\/292-Geraldina-12x12.jpg",12,12,true],"woocommerce_thumbnail":["https:\/\/kosmeetika24.com\/wp-content\/uploads\/2023\/11\/292-Geraldina-300x300.jpg",300,300,true],"woocommerce_single":["https:\/\/kosmeetika24.com\/wp-content\/uploads\/2023\/11\/292-Geraldina-500x500.jpg",500,500,true],"woocommerce_gallery_thumbnail":["https:\/\/kosmeetika24.com\/wp-content\/uploads\/2023\/11\/292-Geraldina-100x100.jpg",100,100,true]},"uagb_author_info":{"display_name":"admin","author_link":"https:\/\/kosmeetika24.com\/et\/author\/"},"uagb_comment_info":0,"uagb_excerpt":"Kollageeniga niisutav ja elustav emulsioon. Taastab naha struktuuri ja tooni. 500 ml","_links":{"self":[{"href":"https:\/\/kosmeetika24.com\/et\/wp-json\/wp\/v2\/product\/1745","targetHints":{"allow":["GET"]}}],"collection":[{"href":"https:\/\/kosmeetika24.com\/et\/wp-json\/wp\/v2\/product"}],"about":[{"href":"https:\/\/kosmeetika24.com\/et\/wp-json\/wp\/v2\/types\/product"}],"replies":[{"embeddable":true,"href":"https:\/\/kosmeetika24.com\/et\/wp-json\/wp\/v2\/comments?post=1745"}],"version-history":[{"count":1,"href":"https:\/\/kosmeetika24.com\/et\/wp-json\/wp\/v2\/product\/1745\/revisions"}],"predecessor-version":[{"id":4178,"href":"https:\/\/kosmeetika24.com\/et\/wp-json\/wp\/v2\/product\/1745\/revisions\/4178"}],"wp:featuredmedia":[{"embeddable":true,"href":"https:\/\/kosmeetika24.com\/et\/wp-json\/wp\/v2\/media\/1746"}],"wp:attachment":[{"href":"https:\/\/kosmeetika24.com\/et\/wp-json\/wp\/v2\/media?parent=1745"}],"wp:term":[{"taxonomy":"product_brand","embeddable":true,"href":"https:\/\/kosmeetika24.com\/et\/wp-json\/wp\/v2\/product_brand?post=1745"},{"taxonomy":"product_cat","embeddable":true,"href":"https:\/\/kosmeetika24.com\/et\/wp-json\/wp\/v2\/product_cat?post=1745"},{"taxonomy":"product_tag","embeddable":true,"href":"https:\/\/kosmeetika24.com\/et\/wp-json\/wp\/v2\/product_tag?post=1745"}],"curies":[{"name":"wp","href":"https:\/\/api.w.org\/{rel}","templated":true}]}}