{"id":1739,"date":"2024-01-05T08:57:15","date_gmt":"2024-01-05T08:57:15","guid":{"rendered":"https:\/\/kosmeetika24.com\/?post_type=product&#038;p=1739"},"modified":"2025-07-02T14:08:00","modified_gmt":"2025-07-02T11:08:00","slug":"bruno-vassari-body-care-intensiivne-pinguldav-kreem","status":"publish","type":"product","link":"https:\/\/kosmeetika24.com\/et\/toode\/bruno-vassari-body-care-intensiivne-pinguldav-kreem\/","title":{"rendered":"BRUNO VASSARI Body Care intensiivne pinguldav kreem"},"content":{"rendered":"<p>Pinguldav kehakreem <em>Premium Firming Cream<\/em> sisaldab toimeaineid, mis toniseerivad ja pinguldavad marrasknahka ning muudavad selle elastsemaks, siluvad kortsud, moodustavad uue silueti. Peamine toime p\u00f5hineb koostisosal, mis tugevdab p\u00e4risnaha-marrasknaha \u00fchendust, vastutab nahapinna v\u00e4limuse eest, hoides selle pringi ja \u00fchtlasena.<\/p>\n<p>Sobib k\u00f5igile nahat\u00fc\u00fcpidele, eriti l\u00f5dvale nahale.<\/p>\n<p><strong>TOIMEAINED<\/strong><\/p>\n<ul>\n<li>Toniskin<\/li>\n<li>Kreatiin<\/li>\n<li>Sheav\u00f5i<\/li>\n<li>Allantoiin<\/li>\n<li>D-pantenool 50P<\/li>\n<li>Rohelise tee ekstrakt<\/li>\n<\/ul>\n<p><strong>TOIME<\/strong><\/p>\n<ul>\n<li>Toniskin v\u00e4hendab kortse, silub mikroreljeefi ja kujundab kehakontuurid harmooniliselt \u00fcmber.<\/li>\n<li>Keratiin aktiveerib elastiini ja kollageeni s\u00fcnteesi ning toetab naharakkude normaalset metabolismi.<\/li>\n<li>Sheav\u00f5i soodustab naha kaitsva lipiidivaiba moodustumist, v\u00e4hendab trasepidermaalset veekadu, taastab naha antioks\u00fcdantse kaitse.<\/li>\n<li>Allantoiin on taimeekstrakt, mis soodustab epidermise rakkude uuenemist.<\/li>\n<li>D-pantenol 50P soodustab epidermise rakkude kaitsekihi moodustumist, aktiveerib nende regeneratsiooni.<\/li>\n<li>Rohelise tee ekstrakt on aktiivne antioks\u00fcdant, mis osaleb naharakkude parandamise ja uuendamise protsessis ning sellel on pinguldav toime.<\/li>\n<\/ul>\n<p>KASUTAMINE<\/p>\n<ul>\n<li>Naha pind puhastada eelnevalt nt tootega <a href=\"https:\/\/kosmeetika24.eu\/toode\/bruno-vassari-body-care-double-body-peel\/\">BRUNO VASSARI Body Care kehakoorija<\/a>.<\/li>\n<li>Kehakreem kanda \u00fcks v\u00f5i kaks korda p\u00e4evas soovitud piirkonnale \u00f5rnade liigutustega kuni t\u00e4ieliku imendumiseni. Sobib kasutamiseks \u00f5htul.<\/li>\n<\/ul>\n<p>KOOSTIS<\/p>\n<p><span style=\"font-size: 14px;\">AQUA (WATER), ISONONYL ISONONANOATE, CYCLOPENTASILOXANE, C12-15 ALKYL BENZOATE, GLYCERIN, HYDROGENATED POLYISOBUTENE, PENTARYTHRITYL DISTEARATE, GLYCERYL STEARATE, PEG-100 STEARATE, FAEX (YEAST) EXTRACT, ALLATOIN, CREATINE, BUTYROSPERMUM PARKII (SHEA) BUTTER, PHENOXYETHANOL, SODIUM ACRYLATE\/SODIUM ACRYLOYLDIMETHYLTAURATE COPOLYMER, ISOHEXADECANE, PANTHENOL, PROPYLENE GLYCOL, CHLORPHENESIN, DISODIUM EDTA, METHYLPARABEN, PARFUM (FRAGRANCE), POLYSORBATE 80, ETHYLHEXYLGLYCERIN, LIMONENE, BUTYLPHENYL METHYLPROPIONAL.<\/span><\/p>\n","protected":false},"excerpt":{"rendered":"<p>Intensiivne pinguldav kehakreem taastab naha tooni, pinguldatuse ja elastsuse.<\/p>\n<p>200 ml<\/p>\n","protected":false},"featured_media":1740,"comment_status":"open","ping_status":"closed","template":"","meta":{"_uag_custom_page_level_css":"","site-sidebar-layout":"default","site-content-layout":"","ast-site-content-layout":"default","site-content-style":"default","site-sidebar-style":"default","ast-global-header-display":"","ast-banner-title-visibility":"","ast-main-header-display":"","ast-hfb-above-header-display":"","ast-hfb-below-header-display":"","ast-hfb-mobile-header-display":"","site-post-title":"","ast-breadcrumbs-content":"","ast-featured-img":"","footer-sml-layout":"","ast-disable-related-posts":"","theme-transparent-header-meta":"default","adv-header-id-meta":"","stick-header-meta":"","header-above-stick-meta":"","header-main-stick-meta":"","header-below-stick-meta":"","astra-migrate-meta-layouts":"set","ast-page-background-enabled":"default","ast-page-background-meta":{"desktop":{"background-color":"var(--ast-global-color-4)","background-image":"","background-repeat":"repeat","background-position":"center center","background-size":"auto","background-attachment":"scroll","background-type":"","background-media":"","overlay-type":"","overlay-color":"","overlay-opacity":"","overlay-gradient":""},"tablet":{"background-color":"","background-image":"","background-repeat":"repeat","background-position":"center center","background-size":"auto","background-attachment":"scroll","background-type":"","background-media":"","overlay-type":"","overlay-color":"","overlay-opacity":"","overlay-gradient":""},"mobile":{"background-color":"","background-image":"","background-repeat":"repeat","background-position":"center center","background-size":"auto","background-attachment":"scroll","background-type":"","background-media":"","overlay-type":"","overlay-color":"","overlay-opacity":"","overlay-gradient":""}},"ast-content-background-meta":{"desktop":{"background-color":"var(--ast-global-color-5)","background-image":"","background-repeat":"repeat","background-position":"center center","background-size":"auto","background-attachment":"scroll","background-type":"","background-media":"","overlay-type":"","overlay-color":"","overlay-opacity":"","overlay-gradient":""},"tablet":{"background-color":"var(--ast-global-color-5)","background-image":"","background-repeat":"repeat","background-position":"center center","background-size":"auto","background-attachment":"scroll","background-type":"","background-media":"","overlay-type":"","overlay-color":"","overlay-opacity":"","overlay-gradient":""},"mobile":{"background-color":"var(--ast-global-color-5)","background-image":"","background-repeat":"repeat","background-position":"center center","background-size":"auto","background-attachment":"scroll","background-type":"","background-media":"","overlay-type":"","overlay-color":"","overlay-opacity":"","overlay-gradient":""}}},"product_brand":[],"product_cat":[65,96,98],"product_tag":[],"class_list":{"0":"post-1739","1":"product","2":"type-product","3":"status-publish","4":"has-post-thumbnail","6":"product_cat-body-care","7":"product_cat-brands","8":"product_cat-kehale","9":"desktop-align-left","10":"tablet-align-left","11":"mobile-align-left","13":"first","14":"instock","15":"taxable","16":"shipping-taxable","17":"product-type-simple","18":"add-to-wishlist-before_image"},"uagb_featured_image_src":{"full":["https:\/\/kosmeetika24.com\/wp-content\/uploads\/2023\/11\/287-Premium-Firming-Cream.jpg",600,600,false],"thumbnail":["https:\/\/kosmeetika24.com\/wp-content\/uploads\/2023\/11\/287-Premium-Firming-Cream-150x150.jpg",150,150,true],"medium":["https:\/\/kosmeetika24.com\/wp-content\/uploads\/2023\/11\/287-Premium-Firming-Cream-300x300.jpg",300,300,true],"medium_large":["https:\/\/kosmeetika24.com\/wp-content\/uploads\/2023\/11\/287-Premium-Firming-Cream.jpg",600,600,false],"large":["https:\/\/kosmeetika24.com\/wp-content\/uploads\/2023\/11\/287-Premium-Firming-Cream.jpg",600,600,false],"1536x1536":["https:\/\/kosmeetika24.com\/wp-content\/uploads\/2023\/11\/287-Premium-Firming-Cream.jpg",600,600,false],"2048x2048":["https:\/\/kosmeetika24.com\/wp-content\/uploads\/2023\/11\/287-Premium-Firming-Cream.jpg",600,600,false],"trp-custom-language-flag":["https:\/\/kosmeetika24.com\/wp-content\/uploads\/2023\/11\/287-Premium-Firming-Cream-12x12.jpg",12,12,true],"woocommerce_thumbnail":["https:\/\/kosmeetika24.com\/wp-content\/uploads\/2023\/11\/287-Premium-Firming-Cream-300x300.jpg",300,300,true],"woocommerce_single":["https:\/\/kosmeetika24.com\/wp-content\/uploads\/2023\/11\/287-Premium-Firming-Cream-500x500.jpg",500,500,true],"woocommerce_gallery_thumbnail":["https:\/\/kosmeetika24.com\/wp-content\/uploads\/2023\/11\/287-Premium-Firming-Cream-100x100.jpg",100,100,true]},"uagb_author_info":{"display_name":"admin","author_link":"https:\/\/kosmeetika24.com\/et\/author\/"},"uagb_comment_info":0,"uagb_excerpt":"Intensiivne pinguldav kehakreem taastab naha tooni, pinguldatuse ja elastsuse. 200 ml","_links":{"self":[{"href":"https:\/\/kosmeetika24.com\/et\/wp-json\/wp\/v2\/product\/1739","targetHints":{"allow":["GET"]}}],"collection":[{"href":"https:\/\/kosmeetika24.com\/et\/wp-json\/wp\/v2\/product"}],"about":[{"href":"https:\/\/kosmeetika24.com\/et\/wp-json\/wp\/v2\/types\/product"}],"replies":[{"embeddable":true,"href":"https:\/\/kosmeetika24.com\/et\/wp-json\/wp\/v2\/comments?post=1739"}],"version-history":[{"count":2,"href":"https:\/\/kosmeetika24.com\/et\/wp-json\/wp\/v2\/product\/1739\/revisions"}],"predecessor-version":[{"id":4729,"href":"https:\/\/kosmeetika24.com\/et\/wp-json\/wp\/v2\/product\/1739\/revisions\/4729"}],"wp:featuredmedia":[{"embeddable":true,"href":"https:\/\/kosmeetika24.com\/et\/wp-json\/wp\/v2\/media\/1740"}],"wp:attachment":[{"href":"https:\/\/kosmeetika24.com\/et\/wp-json\/wp\/v2\/media?parent=1739"}],"wp:term":[{"taxonomy":"product_brand","embeddable":true,"href":"https:\/\/kosmeetika24.com\/et\/wp-json\/wp\/v2\/product_brand?post=1739"},{"taxonomy":"product_cat","embeddable":true,"href":"https:\/\/kosmeetika24.com\/et\/wp-json\/wp\/v2\/product_cat?post=1739"},{"taxonomy":"product_tag","embeddable":true,"href":"https:\/\/kosmeetika24.com\/et\/wp-json\/wp\/v2\/product_tag?post=1739"}],"curies":[{"name":"wp","href":"https:\/\/api.w.org\/{rel}","templated":true}]}}