{"id":1735,"date":"2024-01-05T08:51:36","date_gmt":"2024-01-05T08:51:36","guid":{"rendered":"https:\/\/kosmeetika24.com\/?post_type=product&#038;p=1735"},"modified":"2025-07-02T14:09:01","modified_gmt":"2025-07-02T11:09:01","slug":"bruno-vassari-body-care-tselluliidivastane-kreem","status":"publish","type":"product","link":"https:\/\/kosmeetika24.com\/et\/toode\/bruno-vassari-body-care-tselluliidivastane-kreem\/","title":{"rendered":"BRUNO VASSARI Body Care tselluliidivastane kreem"},"content":{"rendered":"<p>Kreem <em>Cellulite Control<\/em> v\u00f5itleb t\u00f5husalt tselluliidiga, modelleerib keha siluetti. Peamised toimeained l\u00f5hustavad rasvarakkudes rasva, eemaldavad liigse vedeliku ja leevendavad turset. Parendab \u201capelsinikoorenahka\u201c ning v\u00e4hendab sentimeetreid.<\/p>\n<p>Sobib k\u00f5igile nahat\u00fc\u00fcpidele.<\/p>\n<p><strong>PEAMISED TOIMEAINED<\/strong><\/p>\n<ul>\n<li>Lipout<\/li>\n<li>Kofeiin<\/li>\n<li>Algisium C<\/li>\n<li>E-vitamiin<\/li>\n<\/ul>\n<p><strong>TOIME<\/strong><\/p>\n<ul>\n<li>Lipout p\u00f5letab rasva, kujundab \u00fcmber keha kontuurid, v\u00e4hendab mahtu, eemaldab tselluliidi ning parandab elastsust ja tugevust.<\/li>\n<li>Kofeiin on <span class=\"s1\">p\u00f5hiline tselluliidivastane koostisosa, mis soodustab rasvarakkudesse kogunenud rasva eemaldamist. Kofeiin piirab mitte ainult rasvade s\u00e4ilitamist, vaid soodustab ka nende lagunemist. Soodustab soojuse tootmist ja stimuleerib vereringet.\u00a0<\/span><\/li>\n<li>Algisium C\u00ae toimib vananemisvastase, venitusvastase, salendava, kortsudevastase, p\u00f5letikuvastase, pinguldava, rahustava ja niisutava ainena.<\/li>\n<li>E-vitamiin antioks\u00fcdant, stimuleerib naha hingamist ja tugevdab naha rakkude membraani.<\/li>\n<\/ul>\n<p>KASUTAMINE<\/p>\n<ul>\n<li>Naha pind puhastada eelnevalt nt tootega <a href=\"https:\/\/kosmeetika24.eu\/toode\/bruno-vassari-body-care-double-body-peel\/\">BRUNO VASSARI Body Care kehakoorija<\/a>.<\/li>\n<li>Tselluliidivastane kreem kanda kergete masseerivate liigutustega puhastatud nahale. Sobib kasutamiseks nii hommikul kui \u00f5htul.<\/li>\n<li>Salaedavaks hoolduseks kasutada nt toodet <a href=\"https:\/\/kosmeetika24.eu\/toode\/bruno-vassari-body-care-slim-effect-gel\/\">BRUNO VASSARI Body Care salendav ja jahutav geel<\/a>.<\/li>\n<\/ul>\n<p>KOOSTIS<\/p>\n<p><span style=\"font-size: 14px;\">AQUA (WATER), ALCOHOL DENAT., CYCLOPENTASILOXANE, GLYCERIN, C15-19 ALKANE, CAPRYLIC\/CAPRIC TRIGLYCERIDE, CAFFEINE, ETHYLHEXYL METTHOXYCINNAMATE, METHYLSILANOL MANNURONATE, SODIUM HYDROXIDE, PLANKTON EXTRACT, POLYACRYLAMIDE, PHENOXYETHANOL, C13-14 ISOPARAFFIN, TOCOPHERYL ACETATE, GHLORPHENESIN, DISODIUM EDTA, XANTHAN GUM, PARFUM (FRAGRANCE), ACRYLATES\/ C10-30 ALKYL ACRYLATE CROSSPOLYMER, LAURETH-7, TOCOPHEROL, LIMONENE, SODIUM METHYLPARABEN, BUTYLPHENYL METHYLPROPIONAL, METHYLPROPANEDIOL, SORBIC ACID, BHT, PROPYLPARABEN, C.I. 42090 (FD&C BLUE NO.1).\u00a0<\/span><\/p>\n","protected":false},"excerpt":{"rendered":"<p>Intensiivne geelkreem, mille on tselluliidivastane toime.<\/p>\n<p>Aitab p\u00f5letada ladestunud rasvu, parendab &#8220;apelsinikoorenahka&#8221;, v\u00e4hendab sentimeetreid ja kujundab siluetti.<\/p>\n<p>200 ml<\/p>\n","protected":false},"featured_media":1736,"comment_status":"open","ping_status":"closed","template":"","meta":{"_uag_custom_page_level_css":"","site-sidebar-layout":"default","site-content-layout":"","ast-site-content-layout":"default","site-content-style":"default","site-sidebar-style":"default","ast-global-header-display":"","ast-banner-title-visibility":"","ast-main-header-display":"","ast-hfb-above-header-display":"","ast-hfb-below-header-display":"","ast-hfb-mobile-header-display":"","site-post-title":"","ast-breadcrumbs-content":"","ast-featured-img":"","footer-sml-layout":"","ast-disable-related-posts":"","theme-transparent-header-meta":"default","adv-header-id-meta":"","stick-header-meta":"","header-above-stick-meta":"","header-main-stick-meta":"","header-below-stick-meta":"","astra-migrate-meta-layouts":"set","ast-page-background-enabled":"default","ast-page-background-meta":{"desktop":{"background-color":"var(--ast-global-color-4)","background-image":"","background-repeat":"repeat","background-position":"center center","background-size":"auto","background-attachment":"scroll","background-type":"","background-media":"","overlay-type":"","overlay-color":"","overlay-opacity":"","overlay-gradient":""},"tablet":{"background-color":"","background-image":"","background-repeat":"repeat","background-position":"center center","background-size":"auto","background-attachment":"scroll","background-type":"","background-media":"","overlay-type":"","overlay-color":"","overlay-opacity":"","overlay-gradient":""},"mobile":{"background-color":"","background-image":"","background-repeat":"repeat","background-position":"center center","background-size":"auto","background-attachment":"scroll","background-type":"","background-media":"","overlay-type":"","overlay-color":"","overlay-opacity":"","overlay-gradient":""}},"ast-content-background-meta":{"desktop":{"background-color":"var(--ast-global-color-5)","background-image":"","background-repeat":"repeat","background-position":"center center","background-size":"auto","background-attachment":"scroll","background-type":"","background-media":"","overlay-type":"","overlay-color":"","overlay-opacity":"","overlay-gradient":""},"tablet":{"background-color":"var(--ast-global-color-5)","background-image":"","background-repeat":"repeat","background-position":"center center","background-size":"auto","background-attachment":"scroll","background-type":"","background-media":"","overlay-type":"","overlay-color":"","overlay-opacity":"","overlay-gradient":""},"mobile":{"background-color":"var(--ast-global-color-5)","background-image":"","background-repeat":"repeat","background-position":"center center","background-size":"auto","background-attachment":"scroll","background-type":"","background-media":"","overlay-type":"","overlay-color":"","overlay-opacity":"","overlay-gradient":""}}},"product_brand":[],"product_cat":[65,96,98],"product_tag":[],"class_list":{"0":"post-1735","1":"product","2":"type-product","3":"status-publish","4":"has-post-thumbnail","6":"product_cat-body-care","7":"product_cat-brands","8":"product_cat-kehale","9":"desktop-align-left","10":"tablet-align-left","11":"mobile-align-left","13":"first","14":"outofstock","15":"taxable","16":"shipping-taxable","17":"product-type-simple","18":"add-to-wishlist-before_image"},"uagb_featured_image_src":{"full":["https:\/\/kosmeetika24.com\/wp-content\/uploads\/2023\/11\/285-Cellulite-Control.jpg",600,600,false],"thumbnail":["https:\/\/kosmeetika24.com\/wp-content\/uploads\/2023\/11\/285-Cellulite-Control-150x150.jpg",150,150,true],"medium":["https:\/\/kosmeetika24.com\/wp-content\/uploads\/2023\/11\/285-Cellulite-Control-300x300.jpg",300,300,true],"medium_large":["https:\/\/kosmeetika24.com\/wp-content\/uploads\/2023\/11\/285-Cellulite-Control.jpg",600,600,false],"large":["https:\/\/kosmeetika24.com\/wp-content\/uploads\/2023\/11\/285-Cellulite-Control.jpg",600,600,false],"1536x1536":["https:\/\/kosmeetika24.com\/wp-content\/uploads\/2023\/11\/285-Cellulite-Control.jpg",600,600,false],"2048x2048":["https:\/\/kosmeetika24.com\/wp-content\/uploads\/2023\/11\/285-Cellulite-Control.jpg",600,600,false],"trp-custom-language-flag":["https:\/\/kosmeetika24.com\/wp-content\/uploads\/2023\/11\/285-Cellulite-Control-12x12.jpg",12,12,true],"woocommerce_thumbnail":["https:\/\/kosmeetika24.com\/wp-content\/uploads\/2023\/11\/285-Cellulite-Control-300x300.jpg",300,300,true],"woocommerce_single":["https:\/\/kosmeetika24.com\/wp-content\/uploads\/2023\/11\/285-Cellulite-Control-500x500.jpg",500,500,true],"woocommerce_gallery_thumbnail":["https:\/\/kosmeetika24.com\/wp-content\/uploads\/2023\/11\/285-Cellulite-Control-100x100.jpg",100,100,true]},"uagb_author_info":{"display_name":"admin","author_link":"https:\/\/kosmeetika24.com\/et\/author\/"},"uagb_comment_info":0,"uagb_excerpt":"Intensiivne geelkreem, mille on tselluliidivastane toime. Aitab p\u00f5letada ladestunud rasvu, parendab \"apelsinikoorenahka\", v\u00e4hendab sentimeetreid ja kujundab siluetti. 200 ml","_links":{"self":[{"href":"https:\/\/kosmeetika24.com\/et\/wp-json\/wp\/v2\/product\/1735","targetHints":{"allow":["GET"]}}],"collection":[{"href":"https:\/\/kosmeetika24.com\/et\/wp-json\/wp\/v2\/product"}],"about":[{"href":"https:\/\/kosmeetika24.com\/et\/wp-json\/wp\/v2\/types\/product"}],"replies":[{"embeddable":true,"href":"https:\/\/kosmeetika24.com\/et\/wp-json\/wp\/v2\/comments?post=1735"}],"version-history":[{"count":1,"href":"https:\/\/kosmeetika24.com\/et\/wp-json\/wp\/v2\/product\/1735\/revisions"}],"predecessor-version":[{"id":4731,"href":"https:\/\/kosmeetika24.com\/et\/wp-json\/wp\/v2\/product\/1735\/revisions\/4731"}],"wp:featuredmedia":[{"embeddable":true,"href":"https:\/\/kosmeetika24.com\/et\/wp-json\/wp\/v2\/media\/1736"}],"wp:attachment":[{"href":"https:\/\/kosmeetika24.com\/et\/wp-json\/wp\/v2\/media?parent=1735"}],"wp:term":[{"taxonomy":"product_brand","embeddable":true,"href":"https:\/\/kosmeetika24.com\/et\/wp-json\/wp\/v2\/product_brand?post=1735"},{"taxonomy":"product_cat","embeddable":true,"href":"https:\/\/kosmeetika24.com\/et\/wp-json\/wp\/v2\/product_cat?post=1735"},{"taxonomy":"product_tag","embeddable":true,"href":"https:\/\/kosmeetika24.com\/et\/wp-json\/wp\/v2\/product_tag?post=1735"}],"curies":[{"name":"wp","href":"https:\/\/api.w.org\/{rel}","templated":true}]}}