{"id":1729,"date":"2023-11-23T09:42:43","date_gmt":"2023-11-23T09:42:43","guid":{"rendered":"https:\/\/kosmeetika24.com\/?post_type=product&#038;p=1729"},"modified":"2024-12-27T15:48:34","modified_gmt":"2024-12-27T12:48:34","slug":"bruno-vassari-lab-radiance-silmaumbruskreem","status":"publish","type":"product","link":"https:\/\/kosmeetika24.com\/et\/toode\/bruno-vassari-lab-radiance-silmaumbruskreem\/","title":{"rendered":"Bruno Vassari Lab Radiance silma\u00fcmbruskreem"},"content":{"rendered":"<p>Kerge, toitev ja niisutav silma\u00fcmbruskreem. Parandab mikrotsirkulatsiooni, toniseerib, tugevdab ja pinguldab silma\u00fcmbruse nahka. V\u00e4hendab tumedaid ja turses silmaaluseid.<\/p>\n<p>Peegeldavad osakesed kreemis loovad \u201cPhotoshopi\u201d efekti, ilma et oleks vaja silma\u00fcmbruse piirkonnas peitekreemi kasutada.<\/p>\n<p>Sobib k\u00f5igile nahat\u00fc\u00fcpidele.<\/p>\n<p><b>PEAMISED TOIMEAINED:<\/b><\/p>\n<ul>\n<li>Pro-Radiance Active,<\/li>\n<li>Glycosyl Hesperidiin,<\/li>\n<li>Acityl Hexapeptide 3,<\/li>\n<li>peegeldavad pigmendid.<\/li>\n<\/ul>\n<p><strong>TOIME<\/strong><\/p>\n<ul>\n<li>*Pro-Radiance Active (1%) sisaldab ellagiinhapet ja Stellight\u00ae. Spetsiaalselt loodud naha loomuliku s\u00e4ra esiletoomiseks.<\/li>\n<\/ul>\n<ol>\n<li>Ellagiinhape: pol\u00fcfenool, millel on v\u00f5imas antioks\u00fcdantne toime.Neutraliseerib v\u00e4listegurite, nagu tubakasuits v\u00f5i saaste, tekitatud vabade radikaalide m\u00f5ju, mis vastutavad naha kiirema vananemise eest. Lisaks annab see hape t\u00e4nu melanogeneesi inhibeerivale toimele suurep\u00e4raselt nahatooni helendava ja \u00fchtlustava toime.<\/li>\n<li>Stellight\u00ae: t\u00e4nu oma keerulisele toimemehhanismile suurendab see peptiid s\u00e4raefekti, et parandada naha tooni ja naha pigmentatsiooni. Lisaks \u00fchtlustab ja kirgastab jumet, suurendab n\u00e4o s\u00e4ra ja parandab tuhmi naha tooni.<\/li>\n<\/ol>\n<ul>\n<li>Valgustpeegeldavad pigmendid aitavad minimeerida tumedat tooni.<\/li>\n<li>Gl\u00fckos\u00fc\u00fclhesperidiin stimuleerib naha pindmist mikrotsirkulatsiooni, parandab toonust ning v\u00f5itleb tumedate ringide ja turses silmaalustega.<\/li>\n<\/ul>\n<p>Lisaks on 95,6% selle koostisosadest looduslikku p\u00e4ritolu.<\/p>\n<p>KASUTAMINE<\/p>\n<p>P\u00e4rast naha puhastamist kandke v\u00e4ike kogus silmakreemi silma\u00fcmbrusele v\u00e4ikeste ringjate liigutustega.<\/p>\n<p>KOOSTIS<\/p>\n<p>AQUA (WATER), CAPRYLIC\/CAPRIC TRIGLYCERIDE, PROPANEDIOL, CETEARYL ALCOHOL, GLYCERYL STEARATE, PEG-100 STEARATE, MICA, CETYL ALCOHOL, DIMETHICONE, CI 77891 (TITANIUM DIOXIDE), GLUCOSYL HESPERDIN, DISODIUM CETEARYL SULFOSUCCIANTE , MANNITOL, PHOSPHATIDYLCHOLINE, ELLAGIC ACID, GLYCERIN, XANTHAN GUM, ETHYLHEXYLGLYCERIN, ACRYLATES\/C10-30 ALKYL ACRYLATE CROSSPOLYMER, ACETYL HEXAPEPTIDE-1, POLYSORBATE 80, PHENOXYETHANOL, DISODIUM EDTA, CHLORPHENESIN, CHOLESTEROL, SODIUM HYDROXIDE, CI 77861 (TIN OXIDE), SOIDUM BENZOATE, POTASSIUM BENZOATE, METHYLPROPANEDIOL, SODIUM CHLORIDE, CAPRYLYL GLYCOL, SODIUM SULFATE, PHENYLPROPANOL, CI 17200 (RED NO.33)<\/p>\n","protected":false},"excerpt":{"rendered":"<p>Esimene &#8220;Photoshopi efektiga&#8221; kreem.<\/p>\n<p>Paneb silma\u00fcmbruse naha s\u00e4rama ja parandab nahatooni.<\/p>\n<p>V\u00e4hendab tumedaid ja turses silmaaluseid.<\/p>\n<p>15ml<\/p>\n","protected":false},"featured_media":1730,"comment_status":"open","ping_status":"closed","template":"","meta":{"_uag_custom_page_level_css":"","site-sidebar-layout":"default","site-content-layout":"","ast-site-content-layout":"default","site-content-style":"default","site-sidebar-style":"default","ast-global-header-display":"","ast-banner-title-visibility":"","ast-main-header-display":"","ast-hfb-above-header-display":"","ast-hfb-below-header-display":"","ast-hfb-mobile-header-display":"","site-post-title":"","ast-breadcrumbs-content":"","ast-featured-img":"","footer-sml-layout":"","ast-disable-related-posts":"","theme-transparent-header-meta":"default","adv-header-id-meta":"","stick-header-meta":"","header-above-stick-meta":"","header-main-stick-meta":"","header-below-stick-meta":"","astra-migrate-meta-layouts":"set","ast-page-background-enabled":"default","ast-page-background-meta":{"desktop":{"background-color":"var(--ast-global-color-4)","background-image":"","background-repeat":"repeat","background-position":"center center","background-size":"auto","background-attachment":"scroll","background-type":"","background-media":"","overlay-type":"","overlay-color":"","overlay-opacity":"","overlay-gradient":""},"tablet":{"background-color":"","background-image":"","background-repeat":"repeat","background-position":"center center","background-size":"auto","background-attachment":"scroll","background-type":"","background-media":"","overlay-type":"","overlay-color":"","overlay-opacity":"","overlay-gradient":""},"mobile":{"background-color":"","background-image":"","background-repeat":"repeat","background-position":"center center","background-size":"auto","background-attachment":"scroll","background-type":"","background-media":"","overlay-type":"","overlay-color":"","overlay-opacity":"","overlay-gradient":""}},"ast-content-background-meta":{"desktop":{"background-color":"var(--ast-global-color-5)","background-image":"","background-repeat":"repeat","background-position":"center center","background-size":"auto","background-attachment":"scroll","background-type":"","background-media":"","overlay-type":"","overlay-color":"","overlay-opacity":"","overlay-gradient":""},"tablet":{"background-color":"var(--ast-global-color-5)","background-image":"","background-repeat":"repeat","background-position":"center center","background-size":"auto","background-attachment":"scroll","background-type":"","background-media":"","overlay-type":"","overlay-color":"","overlay-opacity":"","overlay-gradient":""},"mobile":{"background-color":"var(--ast-global-color-5)","background-image":"","background-repeat":"repeat","background-position":"center center","background-size":"auto","background-attachment":"scroll","background-type":"","background-media":"","overlay-type":"","overlay-color":"","overlay-opacity":"","overlay-gradient":""}}},"product_brand":[],"product_cat":[96,71,97],"product_tag":[],"class_list":{"0":"post-1729","1":"product","2":"type-product","3":"status-publish","4":"has-post-thumbnail","6":"product_cat-brands","7":"product_cat-lab-radiance","8":"product_cat-naole","9":"desktop-align-left","10":"tablet-align-left","11":"mobile-align-left","13":"first","14":"instock","15":"taxable","16":"shipping-taxable","17":"product-type-simple","18":"add-to-wishlist-before_image"},"uagb_featured_image_src":{"full":["https:\/\/kosmeetika24.com\/wp-content\/uploads\/2023\/11\/361-SILM.jpg",730,776,false],"thumbnail":["https:\/\/kosmeetika24.com\/wp-content\/uploads\/2023\/11\/361-SILM-150x150.jpg",150,150,true],"medium":["https:\/\/kosmeetika24.com\/wp-content\/uploads\/2023\/11\/361-SILM-282x300.jpg",282,300,true],"medium_large":["https:\/\/kosmeetika24.com\/wp-content\/uploads\/2023\/11\/361-SILM.jpg",730,776,false],"large":["https:\/\/kosmeetika24.com\/wp-content\/uploads\/2023\/11\/361-SILM.jpg",730,776,false],"1536x1536":["https:\/\/kosmeetika24.com\/wp-content\/uploads\/2023\/11\/361-SILM.jpg",730,776,false],"2048x2048":["https:\/\/kosmeetika24.com\/wp-content\/uploads\/2023\/11\/361-SILM.jpg",730,776,false],"trp-custom-language-flag":["https:\/\/kosmeetika24.com\/wp-content\/uploads\/2023\/11\/361-SILM-11x12.jpg",11,12,true],"woocommerce_thumbnail":["https:\/\/kosmeetika24.com\/wp-content\/uploads\/2023\/11\/361-SILM-300x300.jpg",300,300,true],"woocommerce_single":["https:\/\/kosmeetika24.com\/wp-content\/uploads\/2023\/11\/361-SILM-500x532.jpg",500,532,true],"woocommerce_gallery_thumbnail":["https:\/\/kosmeetika24.com\/wp-content\/uploads\/2023\/11\/361-SILM-100x100.jpg",100,100,true]},"uagb_author_info":{"display_name":"admin","author_link":"https:\/\/kosmeetika24.com\/et\/author\/"},"uagb_comment_info":0,"uagb_excerpt":"Esimene \"Photoshopi efektiga\" kreem. Paneb silma\u00fcmbruse naha s\u00e4rama ja parandab nahatooni. V\u00e4hendab tumedaid ja turses silmaaluseid. 15ml","_links":{"self":[{"href":"https:\/\/kosmeetika24.com\/et\/wp-json\/wp\/v2\/product\/1729","targetHints":{"allow":["GET"]}}],"collection":[{"href":"https:\/\/kosmeetika24.com\/et\/wp-json\/wp\/v2\/product"}],"about":[{"href":"https:\/\/kosmeetika24.com\/et\/wp-json\/wp\/v2\/types\/product"}],"replies":[{"embeddable":true,"href":"https:\/\/kosmeetika24.com\/et\/wp-json\/wp\/v2\/comments?post=1729"}],"version-history":[{"count":2,"href":"https:\/\/kosmeetika24.com\/et\/wp-json\/wp\/v2\/product\/1729\/revisions"}],"predecessor-version":[{"id":5632,"href":"https:\/\/kosmeetika24.com\/et\/wp-json\/wp\/v2\/product\/1729\/revisions\/5632"}],"wp:featuredmedia":[{"embeddable":true,"href":"https:\/\/kosmeetika24.com\/et\/wp-json\/wp\/v2\/media\/1730"}],"wp:attachment":[{"href":"https:\/\/kosmeetika24.com\/et\/wp-json\/wp\/v2\/media?parent=1729"}],"wp:term":[{"taxonomy":"product_brand","embeddable":true,"href":"https:\/\/kosmeetika24.com\/et\/wp-json\/wp\/v2\/product_brand?post=1729"},{"taxonomy":"product_cat","embeddable":true,"href":"https:\/\/kosmeetika24.com\/et\/wp-json\/wp\/v2\/product_cat?post=1729"},{"taxonomy":"product_tag","embeddable":true,"href":"https:\/\/kosmeetika24.com\/et\/wp-json\/wp\/v2\/product_tag?post=1729"}],"curies":[{"name":"wp","href":"https:\/\/api.w.org\/{rel}","templated":true}]}}