{"id":1709,"date":"2024-01-05T08:16:30","date_gmt":"2024-01-05T08:16:30","guid":{"rendered":"https:\/\/kosmeetika24.com\/?post_type=product&#038;p=1709"},"modified":"2025-07-02T15:43:21","modified_gmt":"2025-07-02T12:43:21","slug":"bruno-vassari-ha50x-keskkonnamojude-eest-kaitsev-kreem","status":"publish","type":"product","link":"https:\/\/kosmeetika24.com\/et\/toode\/bruno-vassari-ha50x-keskkonnamojude-eest-kaitsev-kreem\/","title":{"rendered":"BRUNO VASSARI HA50X keskkonnam\u00f5jude eest kaitsev kreem"},"content":{"rendered":"<p>Kaitsev kreem <em>Hyaluronic Cream Pollution Neutralizer<\/em> on m\u00f5eldud nii naha igap\u00e4evaseks kaitsmiseks v\u00e4liste saasteainete eest kui ka naha enda kaitsemehhanismi tugevdamiseks.<\/p>\n<p>Sisaldab h\u00fcaluroonhappe kaht t\u00fc\u00fcpi \u2013 v\u00e4ikese ja suure molekulmassiga h\u00fcaluroonhapet \u2013, mis tagavad naha optimaalse niisutuse ja elastsuse.<\/p>\n<p>Sobib k\u00f5igile nahat\u00fc\u00fcpidele.<\/p>\n<p><strong>PEAMISED TOIMEAINED<\/strong><\/p>\n<ul>\n<li>Symurban<\/li>\n<li>H\u00fcaluroonhape<\/li>\n<\/ul>\n<p><strong>TOIME<\/strong><\/p>\n<ul>\n<li>Symurban kaitseb nahka kahjulike v\u00e4liste tegurite eest ning tugevdab naha loomulikku kaitsemehhanismi. Saastavad osakesed on v\u00e4ga v\u00e4ikesed, ent suudavad l\u00e4bida ainult marrasknaha kapillaarsete folliikulite kaudu.<br \/>\nSymurban blokeerib erinevate saasteallikate toimed, takistades nimetatud osakeste sisenemist nahka, v\u00e4hendab nende p\u00f5hjustatud DNA kahjustust ning melaniini tootmist ja p\u00f5letikku.<\/li>\n<li>Sisaldab h\u00fcaluroonhapete ainulaadset segu nii, et saame l\u00f5puks kreemi, mis ennetab vananemist.<\/li>\n<\/ul>\n<p><strong>KASUTAMINE<\/strong><\/p>\n<ul>\n<li>Eelnevalt puhastada nahk nt tootega <a href=\"https:\/\/kosmeetika24.eu\/toode\/bruno-vassari-ha50x-scrub-mask\/\">BRUNO VASSARI HA50X kooriv mask<\/a>.<\/li>\n<li>Parema tulemuse saamiseks kasutada peale maski ja enne kreemi nt toodet <a href=\"https:\/\/kosmeetika24.eu\/toode\/bruno-vassari-ha50x-multi-molecular-hyaluronic-filler\/\">BRUNO VASSARI HA50X niisutav seerum<\/a>.<\/li>\n<li>Kreem kanda hommikul kergete masseerivate liigutustega nahale.<\/li>\n<\/ul>\n<p><strong>KOOSTIS<\/strong><\/p>\n<p><span style=\"font-size: 14px;\">AQUA (WATER), DIMETHICONE, PROPANEDIOL, CAPRYLIC\/CAPRIC TRIGLYCERIDE, DICAPRYLYL CARBONATE, PENTAERYTHRITYL DISTEARATE, ALCHOL DENAT.,GLYCERIN, GLYCERYL STEARATE, PEG-100STEARATE, HYDROGENATED POLYISOBUTENE, BUTYROSPERMUM PARKII (SHEA) BUTTER, SODIUM HYALURONATE, AMMONIUM ACRYLOYLDIMETHYLTAURATE\/VP COPOLYMER, BENZYLIDENE DIMETHOXYDIMETHYLINDANONE, PHENOXYETANOL, CHLORPHENESIN, METHYLPARABEN, DISODIUM EDTA, PARFUM (FRAGRANCE).<\/span><\/p>\n","protected":false},"excerpt":{"rendered":"<p>H\u00fcaluroonhapet sisaldav kreem kaitseb keskonnam\u00f5jude eest,<\/p>\n<p>v\u00e4hendab kortsude ilmumist ja<\/p>\n<p>parandab naha elastsust.<\/p>\n<p>50 ml<\/p>\n","protected":false},"featured_media":1710,"comment_status":"open","ping_status":"closed","template":"","meta":{"_uag_custom_page_level_css":"","site-sidebar-layout":"default","site-content-layout":"","ast-site-content-layout":"default","site-content-style":"default","site-sidebar-style":"default","ast-global-header-display":"","ast-banner-title-visibility":"","ast-main-header-display":"","ast-hfb-above-header-display":"","ast-hfb-below-header-display":"","ast-hfb-mobile-header-display":"","site-post-title":"","ast-breadcrumbs-content":"","ast-featured-img":"","footer-sml-layout":"","ast-disable-related-posts":"","theme-transparent-header-meta":"default","adv-header-id-meta":"","stick-header-meta":"","header-above-stick-meta":"","header-main-stick-meta":"","header-below-stick-meta":"","astra-migrate-meta-layouts":"set","ast-page-background-enabled":"default","ast-page-background-meta":{"desktop":{"background-color":"var(--ast-global-color-4)","background-image":"","background-repeat":"repeat","background-position":"center center","background-size":"auto","background-attachment":"scroll","background-type":"","background-media":"","overlay-type":"","overlay-color":"","overlay-opacity":"","overlay-gradient":""},"tablet":{"background-color":"","background-image":"","background-repeat":"repeat","background-position":"center center","background-size":"auto","background-attachment":"scroll","background-type":"","background-media":"","overlay-type":"","overlay-color":"","overlay-opacity":"","overlay-gradient":""},"mobile":{"background-color":"","background-image":"","background-repeat":"repeat","background-position":"center center","background-size":"auto","background-attachment":"scroll","background-type":"","background-media":"","overlay-type":"","overlay-color":"","overlay-opacity":"","overlay-gradient":""}},"ast-content-background-meta":{"desktop":{"background-color":"var(--ast-global-color-5)","background-image":"","background-repeat":"repeat","background-position":"center center","background-size":"auto","background-attachment":"scroll","background-type":"","background-media":"","overlay-type":"","overlay-color":"","overlay-opacity":"","overlay-gradient":""},"tablet":{"background-color":"var(--ast-global-color-5)","background-image":"","background-repeat":"repeat","background-position":"center center","background-size":"auto","background-attachment":"scroll","background-type":"","background-media":"","overlay-type":"","overlay-color":"","overlay-opacity":"","overlay-gradient":""},"mobile":{"background-color":"var(--ast-global-color-5)","background-image":"","background-repeat":"repeat","background-position":"center center","background-size":"auto","background-attachment":"scroll","background-type":"","background-media":"","overlay-type":"","overlay-color":"","overlay-opacity":"","overlay-gradient":""}}},"product_brand":[],"product_cat":[96,75,97],"product_tag":[],"class_list":{"0":"post-1709","1":"product","2":"type-product","3":"status-publish","4":"has-post-thumbnail","6":"product_cat-brands","7":"product_cat-ha50x","8":"product_cat-naole","9":"desktop-align-left","10":"tablet-align-left","11":"mobile-align-left","13":"first","14":"instock","15":"taxable","16":"shipping-taxable","17":"product-type-simple","18":"add-to-wishlist-before_image"},"uagb_featured_image_src":{"full":["https:\/\/kosmeetika24.com\/wp-content\/uploads\/2023\/11\/297-Pollution-Neutralizer.jpg",600,600,false],"thumbnail":["https:\/\/kosmeetika24.com\/wp-content\/uploads\/2023\/11\/297-Pollution-Neutralizer-150x150.jpg",150,150,true],"medium":["https:\/\/kosmeetika24.com\/wp-content\/uploads\/2023\/11\/297-Pollution-Neutralizer-300x300.jpg",300,300,true],"medium_large":["https:\/\/kosmeetika24.com\/wp-content\/uploads\/2023\/11\/297-Pollution-Neutralizer.jpg",600,600,false],"large":["https:\/\/kosmeetika24.com\/wp-content\/uploads\/2023\/11\/297-Pollution-Neutralizer.jpg",600,600,false],"1536x1536":["https:\/\/kosmeetika24.com\/wp-content\/uploads\/2023\/11\/297-Pollution-Neutralizer.jpg",600,600,false],"2048x2048":["https:\/\/kosmeetika24.com\/wp-content\/uploads\/2023\/11\/297-Pollution-Neutralizer.jpg",600,600,false],"trp-custom-language-flag":["https:\/\/kosmeetika24.com\/wp-content\/uploads\/2023\/11\/297-Pollution-Neutralizer-12x12.jpg",12,12,true],"woocommerce_thumbnail":["https:\/\/kosmeetika24.com\/wp-content\/uploads\/2023\/11\/297-Pollution-Neutralizer-300x300.jpg",300,300,true],"woocommerce_single":["https:\/\/kosmeetika24.com\/wp-content\/uploads\/2023\/11\/297-Pollution-Neutralizer-500x500.jpg",500,500,true],"woocommerce_gallery_thumbnail":["https:\/\/kosmeetika24.com\/wp-content\/uploads\/2023\/11\/297-Pollution-Neutralizer-100x100.jpg",100,100,true]},"uagb_author_info":{"display_name":"admin","author_link":"https:\/\/kosmeetika24.com\/et\/author\/"},"uagb_comment_info":0,"uagb_excerpt":"H\u00fcaluroonhapet sisaldav kreem kaitseb keskonnam\u00f5jude eest, v\u00e4hendab kortsude ilmumist ja parandab naha elastsust. 50 ml","_links":{"self":[{"href":"https:\/\/kosmeetika24.com\/et\/wp-json\/wp\/v2\/product\/1709","targetHints":{"allow":["GET"]}}],"collection":[{"href":"https:\/\/kosmeetika24.com\/et\/wp-json\/wp\/v2\/product"}],"about":[{"href":"https:\/\/kosmeetika24.com\/et\/wp-json\/wp\/v2\/types\/product"}],"replies":[{"embeddable":true,"href":"https:\/\/kosmeetika24.com\/et\/wp-json\/wp\/v2\/comments?post=1709"}],"version-history":[{"count":2,"href":"https:\/\/kosmeetika24.com\/et\/wp-json\/wp\/v2\/product\/1709\/revisions"}],"predecessor-version":[{"id":4649,"href":"https:\/\/kosmeetika24.com\/et\/wp-json\/wp\/v2\/product\/1709\/revisions\/4649"}],"wp:featuredmedia":[{"embeddable":true,"href":"https:\/\/kosmeetika24.com\/et\/wp-json\/wp\/v2\/media\/1710"}],"wp:attachment":[{"href":"https:\/\/kosmeetika24.com\/et\/wp-json\/wp\/v2\/media?parent=1709"}],"wp:term":[{"taxonomy":"product_brand","embeddable":true,"href":"https:\/\/kosmeetika24.com\/et\/wp-json\/wp\/v2\/product_brand?post=1709"},{"taxonomy":"product_cat","embeddable":true,"href":"https:\/\/kosmeetika24.com\/et\/wp-json\/wp\/v2\/product_cat?post=1709"},{"taxonomy":"product_tag","embeddable":true,"href":"https:\/\/kosmeetika24.com\/et\/wp-json\/wp\/v2\/product_tag?post=1709"}],"curies":[{"name":"wp","href":"https:\/\/api.w.org\/{rel}","templated":true}]}}