{"id":1703,"date":"2024-01-05T07:43:45","date_gmt":"2024-01-05T07:43:45","guid":{"rendered":"https:\/\/kosmeetika24.com\/?post_type=product&#038;p=1703"},"modified":"2025-07-02T15:39:47","modified_gmt":"2025-07-02T12:39:47","slug":"bruno-vassari-glyco-system-aktiivsoemask","status":"publish","type":"product","link":"https:\/\/kosmeetika24.com\/et\/toode\/bruno-vassari-glyco-system-aktiivsoemask\/","title":{"rendered":"BRUNO VASSARI Glyco System aktiivs\u00f6emask"},"content":{"rendered":"<p>Aktiivs\u00f6emask<em> Charcoal Mask<\/em> sisaldab rohkelt toimeaineid, mis annavad s\u00fcgavpuhastava, toksiine eemaldava ja taastava toime. V\u00e4hendab n\u00e4okortsude teket ja laienenud poore. Nahk muutub siledaks, paraneb jume.<\/p>\n<p>Sobib k\u00f5ikidele nahat\u00fc\u00fcpidele ja eriti suitsetajale. Ei sobi v\u00e4ga tundlikule ja kergesti \u00e4rrituvale nahale.<\/p>\n<p><strong>PEAMISED TOIMEAINED<\/strong><\/p>\n<ul>\n<li>Aktiivs\u00fcsi<\/li>\n<li>Gl\u00fckoolhape<\/li>\n<li>Kaoliin ehk portselansavi<\/li>\n<\/ul>\n<p><strong>TOIME<\/strong><\/p>\n<ul>\n<li>Aktiivs\u00fcsi imab toksiine ja lisandeid, puhastab ja kaitseb nahka kahjulike tegurite eest. Aktiivs\u00f6el on bakteritsiidne ja ka noorendav toime, v\u00e4hendades kahjulike keskkonnategurite m\u00f5ju.<\/li>\n<li>Gl\u00fckoolhape kooriv toime eemaldab surnud naharakud ning aktiivs\u00f6e stimuleeriv toime aitab omandada terve naha heledama ja \u00fchtlasema tooni.<\/li>\n<li>Kaoliin koos aktiivs\u00f6ega aitab eemaldada \u00fcleliigset rasu, sellel on stimuleeriv ja puhastav toime.<\/li>\n<\/ul>\n<p>KASUTAMINE<\/p>\n<ul>\n<li>Aktiivs\u00f6ega maski kasutada kord n\u00e4dalas.<\/li>\n<li>Puhtale ja kooritud nahale kanda paks kiht toodet, v\u00e4ltides silmade ja huulte piirkonda.<\/li>\n<li>Lasta 10 minutit\u00a0 m\u00f5juda ning eemaldada rohke veega.<\/li>\n<\/ul>\n<p>KOOSTIS<\/p>\n<p>AQUA (WATER), SODIUM POTASSIUM ALUMINIUM SILICATE, PROPANEDIOL, MAGNESIUM ALUMINIUM SILICATE, ALCHOL DENAT, GLYCOLIC ACID, GLYCERIN, SODIUM HYDROXIDE, POLYSORBATE 20, CHARCOAL POWDER, PHENOXYETHANOL, ETHYLHEXYLGLYCERIN, XANTHAN GUM, PARAFIUM (FRAGRANCE), POLYGLYCERYL-10, STEARATE, POLYGLYCERYL-10, MYRISTATE, POLYGLYCERIN-10, METHYLCHLOROISOTHIAZOLINONE, METHYLISOTHIAZOLINONE, SODIUM DEHYDROACETATE, CITRIC ACID, BUTYLPHENYL\u00a0 METHYLPROPIONAL, LINALOOL.<\/p>\n","protected":false},"excerpt":{"rendered":"<p>Puhastab s\u00fcgavalt poore, v\u00e4hendab komedoone, imab naha pinnalt rasu ja parandab naha tekstuuri.<\/p>\n<p>&nbsp;<\/p>\n<p>65 g<\/p>\n","protected":false},"featured_media":1704,"comment_status":"open","ping_status":"closed","template":"","meta":{"_uag_custom_page_level_css":"","site-sidebar-layout":"default","site-content-layout":"","ast-site-content-layout":"default","site-content-style":"default","site-sidebar-style":"default","ast-global-header-display":"","ast-banner-title-visibility":"","ast-main-header-display":"","ast-hfb-above-header-display":"","ast-hfb-below-header-display":"","ast-hfb-mobile-header-display":"","site-post-title":"","ast-breadcrumbs-content":"","ast-featured-img":"","footer-sml-layout":"","ast-disable-related-posts":"","theme-transparent-header-meta":"default","adv-header-id-meta":"","stick-header-meta":"","header-above-stick-meta":"","header-main-stick-meta":"","header-below-stick-meta":"","astra-migrate-meta-layouts":"set","ast-page-background-enabled":"default","ast-page-background-meta":{"desktop":{"background-color":"var(--ast-global-color-4)","background-image":"","background-repeat":"repeat","background-position":"center center","background-size":"auto","background-attachment":"scroll","background-type":"","background-media":"","overlay-type":"","overlay-color":"","overlay-opacity":"","overlay-gradient":""},"tablet":{"background-color":"","background-image":"","background-repeat":"repeat","background-position":"center center","background-size":"auto","background-attachment":"scroll","background-type":"","background-media":"","overlay-type":"","overlay-color":"","overlay-opacity":"","overlay-gradient":""},"mobile":{"background-color":"","background-image":"","background-repeat":"repeat","background-position":"center center","background-size":"auto","background-attachment":"scroll","background-type":"","background-media":"","overlay-type":"","overlay-color":"","overlay-opacity":"","overlay-gradient":""}},"ast-content-background-meta":{"desktop":{"background-color":"var(--ast-global-color-5)","background-image":"","background-repeat":"repeat","background-position":"center center","background-size":"auto","background-attachment":"scroll","background-type":"","background-media":"","overlay-type":"","overlay-color":"","overlay-opacity":"","overlay-gradient":""},"tablet":{"background-color":"var(--ast-global-color-5)","background-image":"","background-repeat":"repeat","background-position":"center center","background-size":"auto","background-attachment":"scroll","background-type":"","background-media":"","overlay-type":"","overlay-color":"","overlay-opacity":"","overlay-gradient":""},"mobile":{"background-color":"var(--ast-global-color-5)","background-image":"","background-repeat":"repeat","background-position":"center center","background-size":"auto","background-attachment":"scroll","background-type":"","background-media":"","overlay-type":"","overlay-color":"","overlay-opacity":"","overlay-gradient":""}}},"product_brand":[],"product_cat":[96,69,97],"product_tag":[],"class_list":{"0":"post-1703","1":"product","2":"type-product","3":"status-publish","4":"has-post-thumbnail","6":"product_cat-brands","7":"product_cat-glyco-system","8":"product_cat-naole","9":"desktop-align-left","10":"tablet-align-left","11":"mobile-align-left","13":"first","14":"instock","15":"taxable","16":"shipping-taxable","17":"product-type-simple","18":"add-to-wishlist-before_image"},"uagb_featured_image_src":{"full":["https:\/\/kosmeetika24.com\/wp-content\/uploads\/2023\/11\/294-Charcoal-Mask.jpg",600,600,false],"thumbnail":["https:\/\/kosmeetika24.com\/wp-content\/uploads\/2023\/11\/294-Charcoal-Mask-150x150.jpg",150,150,true],"medium":["https:\/\/kosmeetika24.com\/wp-content\/uploads\/2023\/11\/294-Charcoal-Mask-300x300.jpg",300,300,true],"medium_large":["https:\/\/kosmeetika24.com\/wp-content\/uploads\/2023\/11\/294-Charcoal-Mask.jpg",600,600,false],"large":["https:\/\/kosmeetika24.com\/wp-content\/uploads\/2023\/11\/294-Charcoal-Mask.jpg",600,600,false],"1536x1536":["https:\/\/kosmeetika24.com\/wp-content\/uploads\/2023\/11\/294-Charcoal-Mask.jpg",600,600,false],"2048x2048":["https:\/\/kosmeetika24.com\/wp-content\/uploads\/2023\/11\/294-Charcoal-Mask.jpg",600,600,false],"trp-custom-language-flag":["https:\/\/kosmeetika24.com\/wp-content\/uploads\/2023\/11\/294-Charcoal-Mask-12x12.jpg",12,12,true],"woocommerce_thumbnail":["https:\/\/kosmeetika24.com\/wp-content\/uploads\/2023\/11\/294-Charcoal-Mask-300x300.jpg",300,300,true],"woocommerce_single":["https:\/\/kosmeetika24.com\/wp-content\/uploads\/2023\/11\/294-Charcoal-Mask-500x500.jpg",500,500,true],"woocommerce_gallery_thumbnail":["https:\/\/kosmeetika24.com\/wp-content\/uploads\/2023\/11\/294-Charcoal-Mask-100x100.jpg",100,100,true]},"uagb_author_info":{"display_name":"admin","author_link":"https:\/\/kosmeetika24.com\/et\/author\/"},"uagb_comment_info":0,"uagb_excerpt":"Puhastab s\u00fcgavalt poore, v\u00e4hendab komedoone, imab naha pinnalt rasu ja parandab naha tekstuuri. &nbsp; 65 g","_links":{"self":[{"href":"https:\/\/kosmeetika24.com\/et\/wp-json\/wp\/v2\/product\/1703","targetHints":{"allow":["GET"]}}],"collection":[{"href":"https:\/\/kosmeetika24.com\/et\/wp-json\/wp\/v2\/product"}],"about":[{"href":"https:\/\/kosmeetika24.com\/et\/wp-json\/wp\/v2\/types\/product"}],"replies":[{"embeddable":true,"href":"https:\/\/kosmeetika24.com\/et\/wp-json\/wp\/v2\/comments?post=1703"}],"version-history":[{"count":2,"href":"https:\/\/kosmeetika24.com\/et\/wp-json\/wp\/v2\/product\/1703\/revisions"}],"predecessor-version":[{"id":4652,"href":"https:\/\/kosmeetika24.com\/et\/wp-json\/wp\/v2\/product\/1703\/revisions\/4652"}],"wp:featuredmedia":[{"embeddable":true,"href":"https:\/\/kosmeetika24.com\/et\/wp-json\/wp\/v2\/media\/1704"}],"wp:attachment":[{"href":"https:\/\/kosmeetika24.com\/et\/wp-json\/wp\/v2\/media?parent=1703"}],"wp:term":[{"taxonomy":"product_brand","embeddable":true,"href":"https:\/\/kosmeetika24.com\/et\/wp-json\/wp\/v2\/product_brand?post=1703"},{"taxonomy":"product_cat","embeddable":true,"href":"https:\/\/kosmeetika24.com\/et\/wp-json\/wp\/v2\/product_cat?post=1703"},{"taxonomy":"product_tag","embeddable":true,"href":"https:\/\/kosmeetika24.com\/et\/wp-json\/wp\/v2\/product_tag?post=1703"}],"curies":[{"name":"wp","href":"https:\/\/api.w.org\/{rel}","templated":true}]}}