{"id":1696,"date":"2024-01-04T14:12:45","date_gmt":"2024-01-04T14:12:45","guid":{"rendered":"https:\/\/kosmeetika24.com\/?post_type=product&#038;p=1696"},"modified":"2025-07-02T15:24:49","modified_gmt":"2025-07-02T12:24:49","slug":"bruno-vassari-collagen-booster-peptiidikompleksiga-silmaumbruskreem","status":"publish","type":"product","link":"https:\/\/kosmeetika24.com\/et\/toode\/bruno-vassari-collagen-booster-peptiidikompleksiga-silmaumbruskreem\/","title":{"rendered":"BRUNO VASSARI Collagen Booster peptiidikompleksiga silma\u00fcmbruskreem"},"content":{"rendered":"<p>Silma\u00fcmbruskreem <em>Peptide Eye Contour Gel Cream<\/em> on vananemisvastase toimega, parandab mikrotsirkulatsiooni ja l\u00fcmfiringet. V\u00e4hendab kortsude esinemist t\u00e4nu selle koostises sisalduvale peptiidide kokteilile. K\u00f5rvaldab silmade all olevad kotid, tumedad ringid ja muud naha ebat\u00e4iused.<\/p>\n<p>Kreemil on rahustav, pehmendav, v\u00e4rskendav ja p\u00f5letikuvastane toime.<\/p>\n<p>Silmade t\u00e4iusliku v\u00e4limuse saavutamiseks: silub, pehmendab ja paneb s\u00e4rama.<\/p>\n<p>Sobib k\u00f5igile nahat\u00fc\u00fcpidele.<\/p>\n<p><strong>PEAMISED TOIMEAINED<\/strong><\/p>\n<ul>\n<li>MG-60<\/li>\n<li>Dikaaliumgl\u00fcts\u00fcrritsinaat<\/li>\n<li>Alfagl\u00fckos\u00fc\u00fclhesperidiin<\/li>\n<li>Haloks\u00fc\u00fcl<\/li>\n<li>SYN- COLL<\/li>\n<\/ul>\n<p><strong>TOIME<\/strong><\/p>\n<ul>\n<li>MG-60 on multifunktsionaalne s\u00fcsivesik, mis muudab tundliku naha elastsemaks.\u00a0Kaitseb silmade piirkonda ning niisutab nahka \u00f5rnalt.<\/li>\n<li>Dikaaliumgl\u00fcts\u00fcrritsinaat rahustab nahka.<\/li>\n<li>Alfagl\u00fckos\u00fc\u00fclhesperidiin stimuleerib naha temperatuuri, aktiveerides vereringe, mis omakorda aktiveerib rakud paremaks hapnikuga varustamiseks. Minimeerib tumedaid silmaaluseid.<\/li>\n<li>Haloks\u00fc\u00fcl stimuleerib hemoglobiini ja selle derivaatide kogumite eemaldamist (bilirubiin, biliverdiin ja raud).<\/li>\n<li>SYN- COLL stimuleerib naha k\u00f5ikide kollageenit\u00fc\u00fcpide s\u00fcnteesi.<\/li>\n<\/ul>\n<p><strong>KASUTAMINE<\/strong><\/p>\n<ul>\n<li>Silmakreem kanda kergete masseerivate liigutustega silmade \u00fcmbruses. Sobib kasutamiseks hommikul ja \u00f5htul.<\/li>\n<\/ul>\n<p>Parema tulemuse saamiseks kasutada enne vastavalt eale ja naha t\u00fc\u00fcbile j\u00e4rgmisi tooteid:<\/p>\n<ul>\n<li><a href=\"https:\/\/kosmeetika24.eu\/toode\/bruno-vassari-collagen-booster-peptide-night-cream\/\">BRUNO VASSARI Collagen Booster toitev \u00f6\u00f6kreem peptiididega<\/a><\/li>\n<li><a href=\"https:\/\/kosmeetika24.eu\/toode\/bruno-vassari-collagen-booster-cc-synergy-serum\/\">BRUNO VASSARI Collagen Booster antioks\u00fcdantne seerum<\/a>.<\/li>\n<li><a href=\"https:\/\/kosmeetika24.eu\/toode\/bruno-vassari-glyco-system-intensive-glyco-c-serum\/\">BRUNO VASSARI Glyco System intensiivne seerum gl\u00fckoolhappe ja C-vitamiiniga<\/a><\/li>\n<li><a href=\"https:\/\/kosmeetika24.eu\/toode\/bruno-vassari-glyco-system-protective-cream-spf-25\/\">BRUNO VASSARI Glyco System kaitsev p\u00e4evakreem SPF 25<\/a><\/li>\n<li><a href=\"https:\/\/kosmeetika24.eu\/toode\/bruno-vassari-city-beach-every-day-protection-spf-40\/\">BRUNO VASSARI City &amp; Beach niisutav p\u00e4ikesekaitsega kreem SPF 40<\/a><\/li>\n<\/ul>\n<p><strong>KOOSTIS<\/strong><\/p>\n<p><span style=\"font-size: 14px;\">AQUA (WATER), PENTYLENE GLYCOL, BUTYLENE GLYCKOL, GLYCERIN, MALTOOLIGOSYL GLUCOSIDE, AMMONIUM ACRYLOYLDIMETHYLTAURATE\/VP COPOLYMER, PALMITOYL TRIPEPTIDE-1, PALMITOYL TETRAPEPTIDE-7, PALMITOYL TRIPEPTIDE-3, CHRYSIN, GLUCOSYL HESPERIDIN, HYDROGENATED LECITHIN, BIOSACCHARIDE GUM-1, HYDROGENATED STARCH HYDROLYSATE, HYDROGENATED POLYISOBUTENE, STEARYL HEPTANOATE, DISODIUM EDTA,\u00a0 HYDROGENATED POLYDECENE, DIPOTASSIUM GLYCYRRHIZATE, XANTHAN GUM, STEARETH-20, CHLORPHENESIN, PHENOXYETHANOL, SODIUM HYDROXIDE, POTASSIUM SORBATE, N-HYDROXYSUCCINIMIDE, SODIUM BENZOATE, PARFUM (FRAGRANCE).<\/span><\/p>\n","protected":false},"excerpt":{"rendered":"<p>Omab vananemisvastast toimet, silub kortsud, k\u00f5rvaldab silmade all olevad kotid ja tumedad ringid.<\/p>\n<p>&nbsp;<\/p>\n<p>15 ml<\/p>\n","protected":false},"featured_media":1697,"comment_status":"open","ping_status":"closed","template":"","meta":{"_uag_custom_page_level_css":"","site-sidebar-layout":"default","site-content-layout":"","ast-site-content-layout":"default","site-content-style":"default","site-sidebar-style":"default","ast-global-header-display":"","ast-banner-title-visibility":"","ast-main-header-display":"","ast-hfb-above-header-display":"","ast-hfb-below-header-display":"","ast-hfb-mobile-header-display":"","site-post-title":"","ast-breadcrumbs-content":"","ast-featured-img":"","footer-sml-layout":"","ast-disable-related-posts":"","theme-transparent-header-meta":"default","adv-header-id-meta":"","stick-header-meta":"","header-above-stick-meta":"","header-main-stick-meta":"","header-below-stick-meta":"","astra-migrate-meta-layouts":"set","ast-page-background-enabled":"default","ast-page-background-meta":{"desktop":{"background-color":"var(--ast-global-color-4)","background-image":"","background-repeat":"repeat","background-position":"center center","background-size":"auto","background-attachment":"scroll","background-type":"","background-media":"","overlay-type":"","overlay-color":"","overlay-opacity":"","overlay-gradient":""},"tablet":{"background-color":"","background-image":"","background-repeat":"repeat","background-position":"center center","background-size":"auto","background-attachment":"scroll","background-type":"","background-media":"","overlay-type":"","overlay-color":"","overlay-opacity":"","overlay-gradient":""},"mobile":{"background-color":"","background-image":"","background-repeat":"repeat","background-position":"center center","background-size":"auto","background-attachment":"scroll","background-type":"","background-media":"","overlay-type":"","overlay-color":"","overlay-opacity":"","overlay-gradient":""}},"ast-content-background-meta":{"desktop":{"background-color":"var(--ast-global-color-5)","background-image":"","background-repeat":"repeat","background-position":"center center","background-size":"auto","background-attachment":"scroll","background-type":"","background-media":"","overlay-type":"","overlay-color":"","overlay-opacity":"","overlay-gradient":""},"tablet":{"background-color":"var(--ast-global-color-5)","background-image":"","background-repeat":"repeat","background-position":"center center","background-size":"auto","background-attachment":"scroll","background-type":"","background-media":"","overlay-type":"","overlay-color":"","overlay-opacity":"","overlay-gradient":""},"mobile":{"background-color":"var(--ast-global-color-5)","background-image":"","background-repeat":"repeat","background-position":"center center","background-size":"auto","background-attachment":"scroll","background-type":"","background-media":"","overlay-type":"","overlay-color":"","overlay-opacity":"","overlay-gradient":""}}},"product_brand":[],"product_cat":[96,60,97],"product_tag":[],"class_list":{"0":"post-1696","1":"product","2":"type-product","3":"status-publish","4":"has-post-thumbnail","6":"product_cat-brands","7":"product_cat-collagen-booster","8":"product_cat-naole","9":"desktop-align-left","10":"tablet-align-left","11":"mobile-align-left","13":"first","14":"instock","15":"taxable","16":"shipping-taxable","17":"product-type-simple","18":"add-to-wishlist-before_image"},"uagb_featured_image_src":{"full":["https:\/\/kosmeetika24.com\/wp-content\/uploads\/2023\/11\/277-Peptide-Eye-Contour-Gel-Cream.jpg",600,600,false],"thumbnail":["https:\/\/kosmeetika24.com\/wp-content\/uploads\/2023\/11\/277-Peptide-Eye-Contour-Gel-Cream-150x150.jpg",150,150,true],"medium":["https:\/\/kosmeetika24.com\/wp-content\/uploads\/2023\/11\/277-Peptide-Eye-Contour-Gel-Cream-300x300.jpg",300,300,true],"medium_large":["https:\/\/kosmeetika24.com\/wp-content\/uploads\/2023\/11\/277-Peptide-Eye-Contour-Gel-Cream.jpg",600,600,false],"large":["https:\/\/kosmeetika24.com\/wp-content\/uploads\/2023\/11\/277-Peptide-Eye-Contour-Gel-Cream.jpg",600,600,false],"1536x1536":["https:\/\/kosmeetika24.com\/wp-content\/uploads\/2023\/11\/277-Peptide-Eye-Contour-Gel-Cream.jpg",600,600,false],"2048x2048":["https:\/\/kosmeetika24.com\/wp-content\/uploads\/2023\/11\/277-Peptide-Eye-Contour-Gel-Cream.jpg",600,600,false],"trp-custom-language-flag":["https:\/\/kosmeetika24.com\/wp-content\/uploads\/2023\/11\/277-Peptide-Eye-Contour-Gel-Cream-12x12.jpg",12,12,true],"woocommerce_thumbnail":["https:\/\/kosmeetika24.com\/wp-content\/uploads\/2023\/11\/277-Peptide-Eye-Contour-Gel-Cream-300x300.jpg",300,300,true],"woocommerce_single":["https:\/\/kosmeetika24.com\/wp-content\/uploads\/2023\/11\/277-Peptide-Eye-Contour-Gel-Cream-500x500.jpg",500,500,true],"woocommerce_gallery_thumbnail":["https:\/\/kosmeetika24.com\/wp-content\/uploads\/2023\/11\/277-Peptide-Eye-Contour-Gel-Cream-100x100.jpg",100,100,true]},"uagb_author_info":{"display_name":"admin","author_link":"https:\/\/kosmeetika24.com\/et\/author\/"},"uagb_comment_info":0,"uagb_excerpt":"Omab vananemisvastast toimet, silub kortsud, k\u00f5rvaldab silmade all olevad kotid ja tumedad ringid. &nbsp; 15 ml","_links":{"self":[{"href":"https:\/\/kosmeetika24.com\/et\/wp-json\/wp\/v2\/product\/1696","targetHints":{"allow":["GET"]}}],"collection":[{"href":"https:\/\/kosmeetika24.com\/et\/wp-json\/wp\/v2\/product"}],"about":[{"href":"https:\/\/kosmeetika24.com\/et\/wp-json\/wp\/v2\/types\/product"}],"replies":[{"embeddable":true,"href":"https:\/\/kosmeetika24.com\/et\/wp-json\/wp\/v2\/comments?post=1696"}],"version-history":[{"count":2,"href":"https:\/\/kosmeetika24.com\/et\/wp-json\/wp\/v2\/product\/1696\/revisions"}],"predecessor-version":[{"id":4659,"href":"https:\/\/kosmeetika24.com\/et\/wp-json\/wp\/v2\/product\/1696\/revisions\/4659"}],"wp:featuredmedia":[{"embeddable":true,"href":"https:\/\/kosmeetika24.com\/et\/wp-json\/wp\/v2\/media\/1697"}],"wp:attachment":[{"href":"https:\/\/kosmeetika24.com\/et\/wp-json\/wp\/v2\/media?parent=1696"}],"wp:term":[{"taxonomy":"product_brand","embeddable":true,"href":"https:\/\/kosmeetika24.com\/et\/wp-json\/wp\/v2\/product_brand?post=1696"},{"taxonomy":"product_cat","embeddable":true,"href":"https:\/\/kosmeetika24.com\/et\/wp-json\/wp\/v2\/product_cat?post=1696"},{"taxonomy":"product_tag","embeddable":true,"href":"https:\/\/kosmeetika24.com\/et\/wp-json\/wp\/v2\/product_tag?post=1696"}],"curies":[{"name":"wp","href":"https:\/\/api.w.org\/{rel}","templated":true}]}}