{"id":1694,"date":"2024-01-04T14:11:58","date_gmt":"2024-01-04T14:11:58","guid":{"rendered":"https:\/\/kosmeetika24.com\/?post_type=product&#038;p=1694"},"modified":"2025-07-02T15:24:09","modified_gmt":"2025-07-02T12:24:09","slug":"bruno-vassari-collagen-booster-toitev-ookreem-peptiididega","status":"publish","type":"product","link":"https:\/\/kosmeetika24.com\/et\/toode\/bruno-vassari-collagen-booster-toitev-ookreem-peptiididega\/","title":{"rendered":"BRUNO VASSARI Collagen Booster toitev \u00f6\u00f6kreem peptiididega"},"content":{"rendered":"<p>\u00d6\u00f6kreem <em>Peptide Night Cream<\/em> sisaldab peptiidikompleksi, mis v\u00f5itleb t\u00f5husalt vananemisn\u00e4htudega. Stimuleerib igat t\u00fc\u00fcpi kollageeni s\u00fcnteesi, muudab nahapinna \u00fchtlaseks ja elastseks. Varustab nahka vajalike toitainetega, niisutab ja rahustab.<\/p>\n<p>Sobib k\u00f5igile nahat\u00fc\u00fcpidele, eriti vananenud ja elutule nahale.<\/p>\n<p><strong>PEAMISED TOIMEAINED<\/strong><\/p>\n<ul>\n<li>Peptiidi kokteil<\/li>\n<li>Jojoobi\u00f5li<\/li>\n<li>E-vitamiin<\/li>\n<\/ul>\n<p><strong>TOIME<\/strong><\/p>\n<ul>\n<li>Peptiidi kokteil stimuleerib k\u00f5igi kollageenit\u00fc\u00fcpide moodustumist ja muudab naha s\u00e4ravaks.<\/li>\n<li>Jojoobi\u00f5li ennetab kortsude esinemist t\u00e4nu niisutavatele ja kaitsvatele omadustele.<\/li>\n<li>E-vitamiin toimib kui v\u00e4ga t\u00f5hus antioks\u00fcdantne toimeaine.<\/li>\n<\/ul>\n<p><strong>KASUTAMINE<\/strong><\/p>\n<ul>\n<li>Nahk puhastada eelnevalt nt tootega <a href=\"https:\/\/kosmeetika24.eu\/toode\/bruno-vassari-collagen-booster-enzyme-cleansing-powder\/\">BRUNO VASSARI Collagen Booster ens\u00fcmaatiline puhastuspulber<\/a>.<\/li>\n<li>Nahk toniseerida eelnevalt nt tootega <a href=\"https:\/\/kosmeetika24.eu\/toode\/bruno-vassari-collagen-booster-clarifying-milky-toner\/\">BRUNO VASSARI Collagen Booster vananemisvastane toonik<\/a>.<\/li>\n<li>\u00d6\u00f6kreem kanda kergete masseerivate liigutustega nahale. Sobib kasutada \u00f5htul.<\/li>\n<li>Silma\u00fcmbrusese hooldamiseks kasutada nt toodet <a href=\"https:\/\/kosmeetika24.eu\/toode\/bruno-vassari-collagen-booster-peptide-eye-contour-gel-cream\/\">BRUNO VASSARI Collagen Booster peptiidikompleksiga silma\u00fcmbruskreem<\/a>.<\/li>\n<\/ul>\n<p><strong>KOOSTIS<\/strong><\/p>\n<p><span style=\"font-size: 14px;\">AQUA (WATER), CAPRYLIC\/CAPRIC TRIGLYCERIDE, GLYCERIN, PENTYLENE GLYCOL, SQUALANE, SIMMONDSIA CHINESIS (JOJOBA) SEED OIL, HYDROGENATED PHOSPHATIDYLCHOLINE, BUTYROSPERMUM PARKII (SHEA) BUTTER, ALUMINIUM STARCH OCTENYLSUCCINATE, CERAMIDE NP, TETRADECYL AMINOBUTYROYLVALYLAMINOBUTYRIC UREA TRIFLUOROACETATE, PALMITOYL TRIPEPTIDE-5, PALMITOYL DIPEPTIDE -5, DIAMINOBUTYROYL HYDROXYTHREONINE, PHENOXYETHANOL, CETEARYL ALCOHOL, TOCOPHERYL ACETATE, CHLORPHENESIN, DISODIUMEDTA, CARBOMER, XANTHAN GUM, SODIUM HYDROXIDE, MAGNESIUM CHLORIDE, PARFUM (FRAGRANCE).\u00a0<\/span><\/p>\n","protected":false},"excerpt":{"rendered":"<p>\u00d6\u00f6kreem vananevale nahale, mis silub peened kortsud, parandab naha tooni ja elastsust.<\/p>\n<p>&nbsp;<\/p>\n<p>50 ml<\/p>\n","protected":false},"featured_media":1695,"comment_status":"open","ping_status":"closed","template":"","meta":{"_uag_custom_page_level_css":"","site-sidebar-layout":"default","site-content-layout":"","ast-site-content-layout":"default","site-content-style":"default","site-sidebar-style":"default","ast-global-header-display":"","ast-banner-title-visibility":"","ast-main-header-display":"","ast-hfb-above-header-display":"","ast-hfb-below-header-display":"","ast-hfb-mobile-header-display":"","site-post-title":"","ast-breadcrumbs-content":"","ast-featured-img":"","footer-sml-layout":"","ast-disable-related-posts":"","theme-transparent-header-meta":"default","adv-header-id-meta":"","stick-header-meta":"","header-above-stick-meta":"","header-main-stick-meta":"","header-below-stick-meta":"","astra-migrate-meta-layouts":"set","ast-page-background-enabled":"default","ast-page-background-meta":{"desktop":{"background-color":"var(--ast-global-color-4)","background-image":"","background-repeat":"repeat","background-position":"center center","background-size":"auto","background-attachment":"scroll","background-type":"","background-media":"","overlay-type":"","overlay-color":"","overlay-opacity":"","overlay-gradient":""},"tablet":{"background-color":"","background-image":"","background-repeat":"repeat","background-position":"center center","background-size":"auto","background-attachment":"scroll","background-type":"","background-media":"","overlay-type":"","overlay-color":"","overlay-opacity":"","overlay-gradient":""},"mobile":{"background-color":"","background-image":"","background-repeat":"repeat","background-position":"center center","background-size":"auto","background-attachment":"scroll","background-type":"","background-media":"","overlay-type":"","overlay-color":"","overlay-opacity":"","overlay-gradient":""}},"ast-content-background-meta":{"desktop":{"background-color":"var(--ast-global-color-5)","background-image":"","background-repeat":"repeat","background-position":"center center","background-size":"auto","background-attachment":"scroll","background-type":"","background-media":"","overlay-type":"","overlay-color":"","overlay-opacity":"","overlay-gradient":""},"tablet":{"background-color":"var(--ast-global-color-5)","background-image":"","background-repeat":"repeat","background-position":"center center","background-size":"auto","background-attachment":"scroll","background-type":"","background-media":"","overlay-type":"","overlay-color":"","overlay-opacity":"","overlay-gradient":""},"mobile":{"background-color":"var(--ast-global-color-5)","background-image":"","background-repeat":"repeat","background-position":"center center","background-size":"auto","background-attachment":"scroll","background-type":"","background-media":"","overlay-type":"","overlay-color":"","overlay-opacity":"","overlay-gradient":""}}},"product_brand":[],"product_cat":[96,60,97],"product_tag":[],"class_list":{"0":"post-1694","1":"product","2":"type-product","3":"status-publish","4":"has-post-thumbnail","6":"product_cat-brands","7":"product_cat-collagen-booster","8":"product_cat-naole","9":"desktop-align-left","10":"tablet-align-left","11":"mobile-align-left","13":"first","14":"instock","15":"taxable","16":"shipping-taxable","17":"product-type-simple","18":"add-to-wishlist-before_image"},"uagb_featured_image_src":{"full":["https:\/\/kosmeetika24.com\/wp-content\/uploads\/2023\/11\/276-Peptide-Night-Cream.jpg",600,600,false],"thumbnail":["https:\/\/kosmeetika24.com\/wp-content\/uploads\/2023\/11\/276-Peptide-Night-Cream-150x150.jpg",150,150,true],"medium":["https:\/\/kosmeetika24.com\/wp-content\/uploads\/2023\/11\/276-Peptide-Night-Cream-300x300.jpg",300,300,true],"medium_large":["https:\/\/kosmeetika24.com\/wp-content\/uploads\/2023\/11\/276-Peptide-Night-Cream.jpg",600,600,false],"large":["https:\/\/kosmeetika24.com\/wp-content\/uploads\/2023\/11\/276-Peptide-Night-Cream.jpg",600,600,false],"1536x1536":["https:\/\/kosmeetika24.com\/wp-content\/uploads\/2023\/11\/276-Peptide-Night-Cream.jpg",600,600,false],"2048x2048":["https:\/\/kosmeetika24.com\/wp-content\/uploads\/2023\/11\/276-Peptide-Night-Cream.jpg",600,600,false],"trp-custom-language-flag":["https:\/\/kosmeetika24.com\/wp-content\/uploads\/2023\/11\/276-Peptide-Night-Cream-12x12.jpg",12,12,true],"woocommerce_thumbnail":["https:\/\/kosmeetika24.com\/wp-content\/uploads\/2023\/11\/276-Peptide-Night-Cream-300x300.jpg",300,300,true],"woocommerce_single":["https:\/\/kosmeetika24.com\/wp-content\/uploads\/2023\/11\/276-Peptide-Night-Cream-500x500.jpg",500,500,true],"woocommerce_gallery_thumbnail":["https:\/\/kosmeetika24.com\/wp-content\/uploads\/2023\/11\/276-Peptide-Night-Cream-100x100.jpg",100,100,true]},"uagb_author_info":{"display_name":"admin","author_link":"https:\/\/kosmeetika24.com\/et\/author\/"},"uagb_comment_info":0,"uagb_excerpt":"\u00d6\u00f6kreem vananevale nahale, mis silub peened kortsud, parandab naha tooni ja elastsust. &nbsp; 50 ml","_links":{"self":[{"href":"https:\/\/kosmeetika24.com\/et\/wp-json\/wp\/v2\/product\/1694","targetHints":{"allow":["GET"]}}],"collection":[{"href":"https:\/\/kosmeetika24.com\/et\/wp-json\/wp\/v2\/product"}],"about":[{"href":"https:\/\/kosmeetika24.com\/et\/wp-json\/wp\/v2\/types\/product"}],"replies":[{"embeddable":true,"href":"https:\/\/kosmeetika24.com\/et\/wp-json\/wp\/v2\/comments?post=1694"}],"version-history":[{"count":2,"href":"https:\/\/kosmeetika24.com\/et\/wp-json\/wp\/v2\/product\/1694\/revisions"}],"predecessor-version":[{"id":4660,"href":"https:\/\/kosmeetika24.com\/et\/wp-json\/wp\/v2\/product\/1694\/revisions\/4660"}],"wp:featuredmedia":[{"embeddable":true,"href":"https:\/\/kosmeetika24.com\/et\/wp-json\/wp\/v2\/media\/1695"}],"wp:attachment":[{"href":"https:\/\/kosmeetika24.com\/et\/wp-json\/wp\/v2\/media?parent=1694"}],"wp:term":[{"taxonomy":"product_brand","embeddable":true,"href":"https:\/\/kosmeetika24.com\/et\/wp-json\/wp\/v2\/product_brand?post=1694"},{"taxonomy":"product_cat","embeddable":true,"href":"https:\/\/kosmeetika24.com\/et\/wp-json\/wp\/v2\/product_cat?post=1694"},{"taxonomy":"product_tag","embeddable":true,"href":"https:\/\/kosmeetika24.com\/et\/wp-json\/wp\/v2\/product_tag?post=1694"}],"curies":[{"name":"wp","href":"https:\/\/api.w.org\/{rel}","templated":true}]}}