{"id":1685,"date":"2024-01-04T14:03:06","date_gmt":"2024-01-04T14:03:06","guid":{"rendered":"https:\/\/kosmeetika24.com\/?post_type=product&#038;p=1685"},"modified":"2025-07-03T11:44:34","modified_gmt":"2025-07-03T08:44:34","slug":"bruno-vassari-kianty-vananemisvastane-seerum","status":"publish","type":"product","link":"https:\/\/kosmeetika24.com\/et\/toode\/bruno-vassari-kianty-vananemisvastane-seerum\/","title":{"rendered":"BRUNO VASSARI Kianty vananemisvastane seerum"},"content":{"rendered":"<p>Vananemisvastane seerum <em>Serum Vite<\/em> sisaldab aktiivsete toimeainete suurt kontsentratsiooni, s\u00fcnergiliseks toimeks k\u00f5igi naha vananemise p\u00f5hjustajate vastu. Seerumil on \u201cbotoxilaadne\u201d toime: l\u00f5dvestab lihaseid, t\u00f5stab ja pinguldab nahka. See tagab naha seisundi n\u00e4htava paranemise p\u00e4rast 30-p\u00e4evast pidevat toote kasutamist.<\/p>\n<p>Sobib k\u00f5igile nahat\u00fc\u00fcpidele, eriti k\u00fcpsele, v\u00e4sinud ja kortsulisele nahale.<\/p>\n<p>Soovitatav neile, kes on l\u00e4binud Botoxi ravi, et pikendada saavutatud tulemust ja alternatiivina kahe hoolduse vahel.<\/p>\n<p><strong>TOIMEAINED<\/strong><\/p>\n<ul>\n<li>Argireliin<\/li>\n<li>Viinamarjaekstrakt<\/li>\n<li>Matriks\u00fc\u00fcl<\/li>\n<li>Liftiline<\/li>\n<li>E-vitamiin<\/li>\n<li>Sheav\u00f5i<\/li>\n<\/ul>\n<p><strong>TOIME<\/strong><\/p>\n<ul>\n<li>Argireliinil on botoxi-sarnane toime. L\u00f5dvestab lihaseid, v\u00e4hendades kortsude esinemist.<\/li>\n<li>Viinamarjaekstrakt sisaldab pol\u00fcfenoolide suurt kontsentratsiooni, toimides vananemisvastaselt, antioks\u00fcdantselt, pinguldavalt ja toniseerivalt.<\/li>\n<li>Matriks\u00fc\u00fcl stimuleerib sidekoes olevate molekulide, n\u00e4iteks kollageeni, s\u00fcnteesi. Niisutab ja toimib nahapinna tasandajana.<\/li>\n<li>Liftiline on vahetu pindpinevuse efektiga taimsete valkude kombinatsioon, mis parendab naha mikroreljeefi ja toniseerib.<\/li>\n<li>E-vitamiin toimib antioks\u00fcdandina ja p\u00fc\u00fcab kinni vabad radikaalid. Niisutab ja kaitseb sidekude, kollageeni ja elastiini.<\/li>\n<li>Sheav\u00f5i erakordselt rikas vitamiinide poolest, mis koos parandavad nahka, kaitsevad seda kuivamise eest ja soodustavad rakkude uuenemist. Omab p\u00f5letikuvastast toimet.<\/li>\n<\/ul>\n<p>KASUTAMINE<\/p>\n<ul>\n<li>Nahk puhastada eelnevalt nt tootega <a href=\"https:\/\/kosmeetika24.eu\/toode\/bruno-vassari-kianty-rugiada-di-vigna\/\">BRUNO VASSARI Kianty v\u00e4rskendav puhastusvaht<\/a>.<\/li>\n<li>Nahk toniseerida eelnevalt nt tootega <a href=\"https:\/\/kosmeetika24.eu\/toode\/bruno-vassari-kianty-pioggia-di-vigna\/\">BRUNO VASSARI Kianty vananemisvastane losjoon 200ml<\/a>.<\/li>\n<li>Vananemisvastane seerum kanda nahale \u00f5rnade masseerivate liigutustega. Sobib kasutamiseks nii hommikul kui \u00f5htul.<\/li>\n<li>Seej\u00e4rel kanda nahale sobiv kreem. Hommikul nt <a href=\"https:\/\/kosmeetika24.eu\/toode\/bruno-vassari-kianty-vita-vite\/\">BRUNO VASSARI Kianty vananemisvastane kreem<\/a> ja \u00f5htul nt\u00a0 <a href=\"https:\/\/kosmeetika24.eu\/toode\/bruno-vassari-kianty-pate-duva\/\">BRUNO VASSARI Kianty kortsudevastane toitekreem<\/a>.<\/li>\n<\/ul>\n<p>KOOSTIS<\/p>\n<p><span style=\"font-size: 14px;\">AQUA (WATER), CYCLOPENTASILOXANE, BUTYLENE GLYCOL, C12-15 ALKYL BENZOATE, SQUALANE, GLYCERIN, GLYCERYL STEARATE, PEG-100 STEARATE, PROPYLENE GLYCOL, HYDROGENATED LECITHIN, VITIS VINIFERA (GRAPE) SEED EXTRACT, ACETYL HEXAPEPTIDE-8, PALMITOYL PENTAPEPTIDE-4, HYDROLYZED WHEAT PROTEIN, TOCOPHERYL ACETATE, BUTYROSPERMUM PARKII (SHEA) BUTTER, CHLORPHENESIN, PHENOXYETHANOL, AMMONIUM ACRYLOYLDIMETHYLTAURATE \/VP COPOLYMER, DIMETHICONE, CETYL ALCOHOL, XANTHAN GUM, DIMETHICONE\/VINYL DIMETHICONE CROSSPOLYMER, DISODIUM EDTA, CARBOMER, PENTYLENE GLYCOL, HEXYL CINNAMAL, CAPRYLYL GLYCOL, POLYSORBATE 20, BUTYLPHENYL METHYLPROPIONAL, METHYLPARABEN, BENZYL SALICYLATE, LINALOOL, ETHYLHEXYLGLYCERIN, 1,2-HEXANEIDOL, PARFUM (FRAGRANCE), HYDROXYCITRONELLAL, CITRONELLOL, ALPHA-ISOMETHYL IONONE, HYDROXYISOHEXYL 3-CYCLOHEXENE CARBOXALDEHYDE, PALMITOYL HYDROXYPROPYLTRIMONIUM AMYLOPECTIN GLYCERIN CROSSPOLYMER.<\/span><\/p>\n","protected":false},"excerpt":{"rendered":"<p>L\u00f5dvestab lihaseid, t\u00f5stab ja pinguldab nahka.<\/p>\n<p>Silub peenemad miimikakortsud.<\/p>\n<p>On noorendava toimega.<\/p>\n<p>50 ml<\/p>\n","protected":false},"featured_media":1686,"comment_status":"open","ping_status":"closed","template":"","meta":{"_uag_custom_page_level_css":"","site-sidebar-layout":"default","site-content-layout":"","ast-site-content-layout":"default","site-content-style":"default","site-sidebar-style":"default","ast-global-header-display":"","ast-banner-title-visibility":"","ast-main-header-display":"","ast-hfb-above-header-display":"","ast-hfb-below-header-display":"","ast-hfb-mobile-header-display":"","site-post-title":"","ast-breadcrumbs-content":"","ast-featured-img":"","footer-sml-layout":"","ast-disable-related-posts":"","theme-transparent-header-meta":"default","adv-header-id-meta":"","stick-header-meta":"","header-above-stick-meta":"","header-main-stick-meta":"","header-below-stick-meta":"","astra-migrate-meta-layouts":"set","ast-page-background-enabled":"default","ast-page-background-meta":{"desktop":{"background-color":"var(--ast-global-color-4)","background-image":"","background-repeat":"repeat","background-position":"center center","background-size":"auto","background-attachment":"scroll","background-type":"","background-media":"","overlay-type":"","overlay-color":"","overlay-opacity":"","overlay-gradient":""},"tablet":{"background-color":"","background-image":"","background-repeat":"repeat","background-position":"center center","background-size":"auto","background-attachment":"scroll","background-type":"","background-media":"","overlay-type":"","overlay-color":"","overlay-opacity":"","overlay-gradient":""},"mobile":{"background-color":"","background-image":"","background-repeat":"repeat","background-position":"center center","background-size":"auto","background-attachment":"scroll","background-type":"","background-media":"","overlay-type":"","overlay-color":"","overlay-opacity":"","overlay-gradient":""}},"ast-content-background-meta":{"desktop":{"background-color":"var(--ast-global-color-5)","background-image":"","background-repeat":"repeat","background-position":"center center","background-size":"auto","background-attachment":"scroll","background-type":"","background-media":"","overlay-type":"","overlay-color":"","overlay-opacity":"","overlay-gradient":""},"tablet":{"background-color":"var(--ast-global-color-5)","background-image":"","background-repeat":"repeat","background-position":"center center","background-size":"auto","background-attachment":"scroll","background-type":"","background-media":"","overlay-type":"","overlay-color":"","overlay-opacity":"","overlay-gradient":""},"mobile":{"background-color":"var(--ast-global-color-5)","background-image":"","background-repeat":"repeat","background-position":"center center","background-size":"auto","background-attachment":"scroll","background-type":"","background-media":"","overlay-type":"","overlay-color":"","overlay-opacity":"","overlay-gradient":""}}},"product_brand":[],"product_cat":[96,58,97],"product_tag":[],"class_list":{"0":"post-1685","1":"product","2":"type-product","3":"status-publish","4":"has-post-thumbnail","6":"product_cat-brands","7":"product_cat-kianty","8":"product_cat-naole","9":"desktop-align-left","10":"tablet-align-left","11":"mobile-align-left","13":"first","14":"instock","15":"taxable","16":"shipping-taxable","17":"product-type-simple","18":"add-to-wishlist-before_image"},"uagb_featured_image_src":{"full":["https:\/\/kosmeetika24.com\/wp-content\/uploads\/2023\/11\/0257-Serum-Vite-50-ml.jpg",600,600,false],"thumbnail":["https:\/\/kosmeetika24.com\/wp-content\/uploads\/2023\/11\/0257-Serum-Vite-50-ml-150x150.jpg",150,150,true],"medium":["https:\/\/kosmeetika24.com\/wp-content\/uploads\/2023\/11\/0257-Serum-Vite-50-ml-300x300.jpg",300,300,true],"medium_large":["https:\/\/kosmeetika24.com\/wp-content\/uploads\/2023\/11\/0257-Serum-Vite-50-ml.jpg",600,600,false],"large":["https:\/\/kosmeetika24.com\/wp-content\/uploads\/2023\/11\/0257-Serum-Vite-50-ml.jpg",600,600,false],"1536x1536":["https:\/\/kosmeetika24.com\/wp-content\/uploads\/2023\/11\/0257-Serum-Vite-50-ml.jpg",600,600,false],"2048x2048":["https:\/\/kosmeetika24.com\/wp-content\/uploads\/2023\/11\/0257-Serum-Vite-50-ml.jpg",600,600,false],"trp-custom-language-flag":["https:\/\/kosmeetika24.com\/wp-content\/uploads\/2023\/11\/0257-Serum-Vite-50-ml-12x12.jpg",12,12,true],"woocommerce_thumbnail":["https:\/\/kosmeetika24.com\/wp-content\/uploads\/2023\/11\/0257-Serum-Vite-50-ml-300x300.jpg",300,300,true],"woocommerce_single":["https:\/\/kosmeetika24.com\/wp-content\/uploads\/2023\/11\/0257-Serum-Vite-50-ml-500x500.jpg",500,500,true],"woocommerce_gallery_thumbnail":["https:\/\/kosmeetika24.com\/wp-content\/uploads\/2023\/11\/0257-Serum-Vite-50-ml-100x100.jpg",100,100,true]},"uagb_author_info":{"display_name":"admin","author_link":"https:\/\/kosmeetika24.com\/et\/author\/"},"uagb_comment_info":0,"uagb_excerpt":"L\u00f5dvestab lihaseid, t\u00f5stab ja pinguldab nahka. Silub peenemad miimikakortsud. On noorendava toimega. 50 ml","_links":{"self":[{"href":"https:\/\/kosmeetika24.com\/et\/wp-json\/wp\/v2\/product\/1685","targetHints":{"allow":["GET"]}}],"collection":[{"href":"https:\/\/kosmeetika24.com\/et\/wp-json\/wp\/v2\/product"}],"about":[{"href":"https:\/\/kosmeetika24.com\/et\/wp-json\/wp\/v2\/types\/product"}],"replies":[{"embeddable":true,"href":"https:\/\/kosmeetika24.com\/et\/wp-json\/wp\/v2\/comments?post=1685"}],"version-history":[{"count":1,"href":"https:\/\/kosmeetika24.com\/et\/wp-json\/wp\/v2\/product\/1685\/revisions"}],"predecessor-version":[{"id":4669,"href":"https:\/\/kosmeetika24.com\/et\/wp-json\/wp\/v2\/product\/1685\/revisions\/4669"}],"wp:featuredmedia":[{"embeddable":true,"href":"https:\/\/kosmeetika24.com\/et\/wp-json\/wp\/v2\/media\/1686"}],"wp:attachment":[{"href":"https:\/\/kosmeetika24.com\/et\/wp-json\/wp\/v2\/media?parent=1685"}],"wp:term":[{"taxonomy":"product_brand","embeddable":true,"href":"https:\/\/kosmeetika24.com\/et\/wp-json\/wp\/v2\/product_brand?post=1685"},{"taxonomy":"product_cat","embeddable":true,"href":"https:\/\/kosmeetika24.com\/et\/wp-json\/wp\/v2\/product_cat?post=1685"},{"taxonomy":"product_tag","embeddable":true,"href":"https:\/\/kosmeetika24.com\/et\/wp-json\/wp\/v2\/product_tag?post=1685"}],"curies":[{"name":"wp","href":"https:\/\/api.w.org\/{rel}","templated":true}]}}