{"id":1683,"date":"2024-01-04T13:58:03","date_gmt":"2024-01-04T13:58:03","guid":{"rendered":"https:\/\/kosmeetika24.com\/?post_type=product&#038;p=1683"},"modified":"2025-07-03T11:45:07","modified_gmt":"2025-07-03T08:45:07","slug":"bruno-vassari-kianty-vananemisvastane-silmaseerum","status":"publish","type":"product","link":"https:\/\/kosmeetika24.com\/et\/toode\/bruno-vassari-kianty-vananemisvastane-silmaseerum\/","title":{"rendered":"BRUNO VASSARI Kianty vananemisvastane silmaseerum"},"content":{"rendered":"<p>Silma\u00fcmbruspiirkonna hoolduseks m\u00f5eldud seerumil <em>Eye Lift-Ox<\/em> on \u201cbotoxilaadne\u201d toime: l\u00f5dvestab lihaseid, t\u00f5stab ja pinguldab nahka. Aktiivsed toimeained aitavad tasandada ja v\u00e4hendada kortse. Seerumil on mikrovereringet aktiveeriv, tumedaid ja paistes silmaaluseid v\u00e4hendav toime.<\/p>\n<p>Sobib k\u00f5igile nahat\u00fc\u00fcpidele. See on spetsiaalselt m\u00f5eldud tumedate silmaaluste, kortsude ja paistes silmade v\u00e4hendamiseks.<\/p>\n<p><strong>PEAMISED TOIMEAINED<\/strong><\/p>\n<ul>\n<li>Haloks\u00fc\u00fcl<\/li>\n<li>Argireliin<\/li>\n<li>Matriks\u00fc\u00fcl<\/li>\n<li>Lasilium<\/li>\n<li>Viinamarjamahla pol\u00fcfenoolid<\/li>\n<li>E-vitamiin<\/li>\n<\/ul>\n<p><strong>TOIME<\/strong><\/p>\n<ul>\n<li>Haloks\u00fc\u00fcl v\u00e4hendab tumedaid silmaaluseid.<\/li>\n<li>Argireliin on botoxi-sarnane toime: l\u00f5dvestab lihaseid, v\u00e4hendades kortsude esinemist.<\/li>\n<li>Matriks\u00fc\u00fcl toimib rakkude stimuleerijana ja seel\u00e4bi ka kortsude t\u00e4itjana. Suurendab kollageeni s\u00fcnteesi.<\/li>\n<li>Lasilium on r\u00e4ni ja piimhappe molekul, mille on niisutav ja taastav toime.<\/li>\n<li>Viinamarjamahl sisaldab rohkelt pol\u00fcfenoole. Aitab ennetada vananemist, kaitstes naha olulisi elemente. Aitab samuti stimuleerida kollageeni s\u00fcnteesi.<\/li>\n<li>E-vitamiin toimib antioks\u00fcdandina ja p\u00fc\u00fcab kinni vabad radikaalid. Niisutab ja kaitseb sidekude, kollageeni ja elastiini.<\/li>\n<\/ul>\n<p><strong>KASUTAMINE<\/strong><\/p>\n<ul>\n<li>Nahk kreemitada eelnevalt nt tootega <a href=\"https:\/\/kosmeetika24.eu\/toode\/bruno-vassari-kianty-vita-vite\/\">BRUNO VASSARI Kianty vananemisvastane kreem<\/a>.<\/li>\n<li>Silmaseerum kanda silmade piirkonda. Sobib kasutamiseks nii hommikul kui \u00f5htul.<\/li>\n<\/ul>\n<p>Parimate tulemuste saavutamiseks on soovitav kasutada sama sarja tooteid.<\/p>\n<p><strong>KOOSTIS<\/strong><\/p>\n<p><span style=\"font-size: 14px;\">AQUA (WATER), GLYCERIN, SODIUM LACTATE METYLSILANOL, PROPYLENE GLYCOL, PANTHENOL, HYDROGENATED POLYISOBUTENE, VITIS VINIFERA (GRAPE) SEED EXTRACT, PALMITOYL TRIPEPTIDE-1, CHRYSIN, PALMITOYL PENTAPEPTIDE-4, PALMITOYL\u00a0 TETRAPEPTIDE-7, ACETYL HEXAPEPTIDE-8, LECITHIN, HYDROGENATED LECITHIN, SALICYLIC ACID, TRIETHANOLAMINE, STEARYL HEPTANOATE, CARBOMER, PHENOXYETHANOL, PARAFFINUM LIQUIDUM (MINERAL OIL), BUTYLENE, GLYCOL, CHLORPHESIN, CLYCERYL ACRYLATE\/ACRYLICACID COPOLYMER, TOCOPHERYL ACETATE, ETHYLHEXYLGLYCERIN, STEARETH-20, METYLPARABEN, CAPRYLYL GLYCOL, PROPYLPARABEN, POTASSIUM SORBATE, PENTYLENE GLYCOL, POLYSORBATE 20, N-HYDROXYSUCCINIMIDE, EDTA, SODIUM METYLPARABEN, TOCOPHEROL, PALMITOYL HYDROXYPROPYLTRIMONIUM AMYLOPECTIN GLYCERIN CROSSPOLYMER, SODIUM METABISULFITE, 1,2-HEXANEDIOL.<\/span><\/p>\n","protected":false},"excerpt":{"rendered":"<p>Botoxi efektiga silma\u00fcmbruskreem.<\/p>\n<p>V\u00e4hendab tumedaid silmaaluseid 60% v\u00f5rra.<\/p>\n<p>15 ml<\/p>\n","protected":false},"featured_media":1684,"comment_status":"open","ping_status":"closed","template":"","meta":{"_uag_custom_page_level_css":"","site-sidebar-layout":"default","site-content-layout":"","ast-site-content-layout":"default","site-content-style":"default","site-sidebar-style":"default","ast-global-header-display":"","ast-banner-title-visibility":"","ast-main-header-display":"","ast-hfb-above-header-display":"","ast-hfb-below-header-display":"","ast-hfb-mobile-header-display":"","site-post-title":"","ast-breadcrumbs-content":"","ast-featured-img":"","footer-sml-layout":"","ast-disable-related-posts":"","theme-transparent-header-meta":"default","adv-header-id-meta":"","stick-header-meta":"","header-above-stick-meta":"","header-main-stick-meta":"","header-below-stick-meta":"","astra-migrate-meta-layouts":"set","ast-page-background-enabled":"default","ast-page-background-meta":{"desktop":{"background-color":"var(--ast-global-color-4)","background-image":"","background-repeat":"repeat","background-position":"center center","background-size":"auto","background-attachment":"scroll","background-type":"","background-media":"","overlay-type":"","overlay-color":"","overlay-opacity":"","overlay-gradient":""},"tablet":{"background-color":"","background-image":"","background-repeat":"repeat","background-position":"center center","background-size":"auto","background-attachment":"scroll","background-type":"","background-media":"","overlay-type":"","overlay-color":"","overlay-opacity":"","overlay-gradient":""},"mobile":{"background-color":"","background-image":"","background-repeat":"repeat","background-position":"center center","background-size":"auto","background-attachment":"scroll","background-type":"","background-media":"","overlay-type":"","overlay-color":"","overlay-opacity":"","overlay-gradient":""}},"ast-content-background-meta":{"desktop":{"background-color":"var(--ast-global-color-5)","background-image":"","background-repeat":"repeat","background-position":"center center","background-size":"auto","background-attachment":"scroll","background-type":"","background-media":"","overlay-type":"","overlay-color":"","overlay-opacity":"","overlay-gradient":""},"tablet":{"background-color":"var(--ast-global-color-5)","background-image":"","background-repeat":"repeat","background-position":"center center","background-size":"auto","background-attachment":"scroll","background-type":"","background-media":"","overlay-type":"","overlay-color":"","overlay-opacity":"","overlay-gradient":""},"mobile":{"background-color":"var(--ast-global-color-5)","background-image":"","background-repeat":"repeat","background-position":"center center","background-size":"auto","background-attachment":"scroll","background-type":"","background-media":"","overlay-type":"","overlay-color":"","overlay-opacity":"","overlay-gradient":""}}},"product_brand":[],"product_cat":[96,58,97],"product_tag":[],"class_list":{"0":"post-1683","1":"product","2":"type-product","3":"status-publish","4":"has-post-thumbnail","6":"product_cat-brands","7":"product_cat-kianty","8":"product_cat-naole","9":"desktop-align-left","10":"tablet-align-left","11":"mobile-align-left","13":"first","14":"instock","15":"taxable","16":"shipping-taxable","17":"product-type-simple","18":"add-to-wishlist-before_image"},"uagb_featured_image_src":{"full":["https:\/\/kosmeetika24.com\/wp-content\/uploads\/2023\/11\/256-Eye-lift-ox.jpg",600,600,false],"thumbnail":["https:\/\/kosmeetika24.com\/wp-content\/uploads\/2023\/11\/256-Eye-lift-ox-150x150.jpg",150,150,true],"medium":["https:\/\/kosmeetika24.com\/wp-content\/uploads\/2023\/11\/256-Eye-lift-ox-300x300.jpg",300,300,true],"medium_large":["https:\/\/kosmeetika24.com\/wp-content\/uploads\/2023\/11\/256-Eye-lift-ox.jpg",600,600,false],"large":["https:\/\/kosmeetika24.com\/wp-content\/uploads\/2023\/11\/256-Eye-lift-ox.jpg",600,600,false],"1536x1536":["https:\/\/kosmeetika24.com\/wp-content\/uploads\/2023\/11\/256-Eye-lift-ox.jpg",600,600,false],"2048x2048":["https:\/\/kosmeetika24.com\/wp-content\/uploads\/2023\/11\/256-Eye-lift-ox.jpg",600,600,false],"trp-custom-language-flag":["https:\/\/kosmeetika24.com\/wp-content\/uploads\/2023\/11\/256-Eye-lift-ox-12x12.jpg",12,12,true],"woocommerce_thumbnail":["https:\/\/kosmeetika24.com\/wp-content\/uploads\/2023\/11\/256-Eye-lift-ox-300x300.jpg",300,300,true],"woocommerce_single":["https:\/\/kosmeetika24.com\/wp-content\/uploads\/2023\/11\/256-Eye-lift-ox-500x500.jpg",500,500,true],"woocommerce_gallery_thumbnail":["https:\/\/kosmeetika24.com\/wp-content\/uploads\/2023\/11\/256-Eye-lift-ox-100x100.jpg",100,100,true]},"uagb_author_info":{"display_name":"admin","author_link":"https:\/\/kosmeetika24.com\/et\/author\/"},"uagb_comment_info":0,"uagb_excerpt":"Botoxi efektiga silma\u00fcmbruskreem. V\u00e4hendab tumedaid silmaaluseid 60% v\u00f5rra. 15 ml","_links":{"self":[{"href":"https:\/\/kosmeetika24.com\/et\/wp-json\/wp\/v2\/product\/1683","targetHints":{"allow":["GET"]}}],"collection":[{"href":"https:\/\/kosmeetika24.com\/et\/wp-json\/wp\/v2\/product"}],"about":[{"href":"https:\/\/kosmeetika24.com\/et\/wp-json\/wp\/v2\/types\/product"}],"replies":[{"embeddable":true,"href":"https:\/\/kosmeetika24.com\/et\/wp-json\/wp\/v2\/comments?post=1683"}],"version-history":[{"count":1,"href":"https:\/\/kosmeetika24.com\/et\/wp-json\/wp\/v2\/product\/1683\/revisions"}],"predecessor-version":[{"id":4670,"href":"https:\/\/kosmeetika24.com\/et\/wp-json\/wp\/v2\/product\/1683\/revisions\/4670"}],"wp:featuredmedia":[{"embeddable":true,"href":"https:\/\/kosmeetika24.com\/et\/wp-json\/wp\/v2\/media\/1684"}],"wp:attachment":[{"href":"https:\/\/kosmeetika24.com\/et\/wp-json\/wp\/v2\/media?parent=1683"}],"wp:term":[{"taxonomy":"product_brand","embeddable":true,"href":"https:\/\/kosmeetika24.com\/et\/wp-json\/wp\/v2\/product_brand?post=1683"},{"taxonomy":"product_cat","embeddable":true,"href":"https:\/\/kosmeetika24.com\/et\/wp-json\/wp\/v2\/product_cat?post=1683"},{"taxonomy":"product_tag","embeddable":true,"href":"https:\/\/kosmeetika24.com\/et\/wp-json\/wp\/v2\/product_tag?post=1683"}],"curies":[{"name":"wp","href":"https:\/\/api.w.org\/{rel}","templated":true}]}}