{"id":1671,"date":"2024-01-05T11:41:36","date_gmt":"2024-01-05T11:41:36","guid":{"rendered":"https:\/\/kosmeetika24.com\/?post_type=product&#038;p=1671"},"modified":"2025-07-03T11:53:19","modified_gmt":"2025-07-03T08:53:19","slug":"bruno-vassari-the-basic-kahefaasiline-meigieemaldi","status":"publish","type":"product","link":"https:\/\/kosmeetika24.com\/et\/toode\/bruno-vassari-the-basic-kahefaasiline-meigieemaldi\/","title":{"rendered":"BRUNO VASSARI The Basics kahefaasiline meigieemaldi"},"content":{"rendered":"<p>Meigieemaldi <em>Bio-Douce<\/em> on kahefaasiline toode, mis eemaldab silma ja huulemeigi. Toode eemaldab isegi veekindla jumestuse.<\/p>\n<p>Sellel on h\u00fcdrofiilne osa (vesi) ja lipofiilne osa (\u00f5li), mis annavad kokkusegamisel v\u00e4ga hea puhastava toime.<\/p>\n<p>Sobib k\u00f5igile nahat\u00fc\u00fcpidele, isegi tundlikule nahale.<\/p>\n<p><strong>PEAMISED TOIMEAINED<\/strong><\/p>\n<ul>\n<li>\u00d5li ehk lipofiilne osa: v\u00e4ga hea puhastamisv\u00f5imega lenduvad silikoonid.<\/li>\n<li>Vesi ehk lipofiilne osa: pehmendavad ja niisutavad ained.<\/li>\n<\/ul>\n<p><strong>TOIME<\/strong><\/p>\n<p>Oma koostise t\u00f5ttu sobib igasuguse kosmeetika eemaldamiseks.<\/p>\n<p><strong>KASUTAMINE<\/strong><\/p>\n<ul>\n<li>Enne kasutamist loksutada Bio-Douce pudelit, et koostisosad omavahel seguneksid.<\/li>\n<li>Meigieemaldi kanda vatipadjale ning puhastada n\u00e4gu kosmeetikast.<\/li>\n<\/ul>\n<p><strong>KOOSTIS<\/strong><\/p>\n<p><span style=\"font-size: 14px;\">AQUA (WATER), ISOHEXADECANE, CYCLOPENTASILOXANE, PROPYLENE GLYCOL, DIMETHICONE, SODIUM CHLORIDE, IMIDAZOLIDINYL UREA, SODIUM HYDROXIDE, DISODIUM EDTA, BENZALKONIUM CHLORIDE, MAGNESIUM NITRATE, ALCOHOL DENAT., METHYLCHLOROISOTHIAZOLINONE, MAGNESIUM CHLORIDE, METHYLISOTHIAZOLINONE, C.I. 61565 (D&C GREEN NO. 6.).<\/span><\/p>\n","protected":false},"excerpt":{"rendered":"<p>Meigieemaldusvahend, mis eemaldab ka veekindla kosmeetika.<\/p>\n<p>&nbsp;<\/p>\n<p>150 ml<\/p>\n<p>&nbsp;<\/p>\n","protected":false},"featured_media":1672,"comment_status":"open","ping_status":"closed","template":"","meta":{"_uag_custom_page_level_css":"","site-sidebar-layout":"default","site-content-layout":"","ast-site-content-layout":"default","site-content-style":"default","site-sidebar-style":"default","ast-global-header-display":"","ast-banner-title-visibility":"","ast-main-header-display":"","ast-hfb-above-header-display":"","ast-hfb-below-header-display":"","ast-hfb-mobile-header-display":"","site-post-title":"","ast-breadcrumbs-content":"","ast-featured-img":"","footer-sml-layout":"","ast-disable-related-posts":"","theme-transparent-header-meta":"default","adv-header-id-meta":"","stick-header-meta":"","header-above-stick-meta":"","header-main-stick-meta":"","header-below-stick-meta":"","astra-migrate-meta-layouts":"set","ast-page-background-enabled":"default","ast-page-background-meta":{"desktop":{"background-color":"var(--ast-global-color-4)","background-image":"","background-repeat":"repeat","background-position":"center center","background-size":"auto","background-attachment":"scroll","background-type":"","background-media":"","overlay-type":"","overlay-color":"","overlay-opacity":"","overlay-gradient":""},"tablet":{"background-color":"","background-image":"","background-repeat":"repeat","background-position":"center center","background-size":"auto","background-attachment":"scroll","background-type":"","background-media":"","overlay-type":"","overlay-color":"","overlay-opacity":"","overlay-gradient":""},"mobile":{"background-color":"","background-image":"","background-repeat":"repeat","background-position":"center center","background-size":"auto","background-attachment":"scroll","background-type":"","background-media":"","overlay-type":"","overlay-color":"","overlay-opacity":"","overlay-gradient":""}},"ast-content-background-meta":{"desktop":{"background-color":"var(--ast-global-color-5)","background-image":"","background-repeat":"repeat","background-position":"center center","background-size":"auto","background-attachment":"scroll","background-type":"","background-media":"","overlay-type":"","overlay-color":"","overlay-opacity":"","overlay-gradient":""},"tablet":{"background-color":"var(--ast-global-color-5)","background-image":"","background-repeat":"repeat","background-position":"center center","background-size":"auto","background-attachment":"scroll","background-type":"","background-media":"","overlay-type":"","overlay-color":"","overlay-opacity":"","overlay-gradient":""},"mobile":{"background-color":"var(--ast-global-color-5)","background-image":"","background-repeat":"repeat","background-position":"center center","background-size":"auto","background-attachment":"scroll","background-type":"","background-media":"","overlay-type":"","overlay-color":"","overlay-opacity":"","overlay-gradient":""}}},"product_brand":[],"product_cat":[96,97,72],"product_tag":[],"class_list":{"0":"post-1671","1":"product","2":"type-product","3":"status-publish","4":"has-post-thumbnail","6":"product_cat-brands","7":"product_cat-naole","8":"product_cat-the-basic","9":"desktop-align-left","10":"tablet-align-left","11":"mobile-align-left","13":"first","14":"instock","15":"taxable","16":"shipping-taxable","17":"product-type-simple","18":"add-to-wishlist-before_image"},"uagb_featured_image_src":{"full":["https:\/\/kosmeetika24.com\/wp-content\/uploads\/2023\/11\/Web-Fotos-the-Basics-3-600x600-1.png",600,600,false],"thumbnail":["https:\/\/kosmeetika24.com\/wp-content\/uploads\/2023\/11\/Web-Fotos-the-Basics-3-600x600-1-150x150.png",150,150,true],"medium":["https:\/\/kosmeetika24.com\/wp-content\/uploads\/2023\/11\/Web-Fotos-the-Basics-3-600x600-1-300x300.png",300,300,true],"medium_large":["https:\/\/kosmeetika24.com\/wp-content\/uploads\/2023\/11\/Web-Fotos-the-Basics-3-600x600-1.png",600,600,false],"large":["https:\/\/kosmeetika24.com\/wp-content\/uploads\/2023\/11\/Web-Fotos-the-Basics-3-600x600-1.png",600,600,false],"1536x1536":["https:\/\/kosmeetika24.com\/wp-content\/uploads\/2023\/11\/Web-Fotos-the-Basics-3-600x600-1.png",600,600,false],"2048x2048":["https:\/\/kosmeetika24.com\/wp-content\/uploads\/2023\/11\/Web-Fotos-the-Basics-3-600x600-1.png",600,600,false],"trp-custom-language-flag":["https:\/\/kosmeetika24.com\/wp-content\/uploads\/2023\/11\/Web-Fotos-the-Basics-3-600x600-1-12x12.png",12,12,true],"woocommerce_thumbnail":["https:\/\/kosmeetika24.com\/wp-content\/uploads\/2023\/11\/Web-Fotos-the-Basics-3-600x600-1-300x300.png",300,300,true],"woocommerce_single":["https:\/\/kosmeetika24.com\/wp-content\/uploads\/2023\/11\/Web-Fotos-the-Basics-3-600x600-1-500x500.png",500,500,true],"woocommerce_gallery_thumbnail":["https:\/\/kosmeetika24.com\/wp-content\/uploads\/2023\/11\/Web-Fotos-the-Basics-3-600x600-1-100x100.png",100,100,true]},"uagb_author_info":{"display_name":"admin","author_link":"https:\/\/kosmeetika24.com\/et\/author\/"},"uagb_comment_info":0,"uagb_excerpt":"Meigieemaldusvahend, mis eemaldab ka veekindla kosmeetika. &nbsp; 150 ml &nbsp;","_links":{"self":[{"href":"https:\/\/kosmeetika24.com\/et\/wp-json\/wp\/v2\/product\/1671","targetHints":{"allow":["GET"]}}],"collection":[{"href":"https:\/\/kosmeetika24.com\/et\/wp-json\/wp\/v2\/product"}],"about":[{"href":"https:\/\/kosmeetika24.com\/et\/wp-json\/wp\/v2\/types\/product"}],"replies":[{"embeddable":true,"href":"https:\/\/kosmeetika24.com\/et\/wp-json\/wp\/v2\/comments?post=1671"}],"version-history":[{"count":3,"href":"https:\/\/kosmeetika24.com\/et\/wp-json\/wp\/v2\/product\/1671\/revisions"}],"predecessor-version":[{"id":7040,"href":"https:\/\/kosmeetika24.com\/et\/wp-json\/wp\/v2\/product\/1671\/revisions\/7040"}],"wp:featuredmedia":[{"embeddable":true,"href":"https:\/\/kosmeetika24.com\/et\/wp-json\/wp\/v2\/media\/1672"}],"wp:attachment":[{"href":"https:\/\/kosmeetika24.com\/et\/wp-json\/wp\/v2\/media?parent=1671"}],"wp:term":[{"taxonomy":"product_brand","embeddable":true,"href":"https:\/\/kosmeetika24.com\/et\/wp-json\/wp\/v2\/product_brand?post=1671"},{"taxonomy":"product_cat","embeddable":true,"href":"https:\/\/kosmeetika24.com\/et\/wp-json\/wp\/v2\/product_cat?post=1671"},{"taxonomy":"product_tag","embeddable":true,"href":"https:\/\/kosmeetika24.com\/et\/wp-json\/wp\/v2\/product_tag?post=1671"}],"curies":[{"name":"wp","href":"https:\/\/api.w.org\/{rel}","templated":true}]}}