{"id":1658,"date":"2024-01-04T12:30:12","date_gmt":"2024-01-04T12:30:12","guid":{"rendered":"https:\/\/kosmeetika24.com\/?post_type=product&#038;p=1658"},"modified":"2025-07-02T14:45:02","modified_gmt":"2025-07-02T11:45:02","slug":"bruno-vassari-aqua-genomics-niisutav-kreem-rich","status":"publish","type":"product","link":"https:\/\/kosmeetika24.com\/et\/toode\/bruno-vassari-aqua-genomics-niisutav-kreem-rich\/","title":{"rendered":"BRUNO VASSARI Aqua Genomics niisutav kreem Rich"},"content":{"rendered":"<p>Niisutav kreem <em>Aqua Sorbet Rich<\/em> taastab naha loomuliku niiskustaseme ning s\u00e4ilitab \u00f5ige vee ja lipiidide vahelise tasakaalu. Lisaks sisaldab see muid niisutavaid toimeaineid, mis muudavad selle sobivamaks kuivale nahale.<\/p>\n<div class=\"responsive-tabs-wrapper\">\n<div class=\"responsive-tabs responsive-tabs--enabled\">\n<div id=\"tablist1-panel1\" class=\"tabcontent responsive-tabs__panel responsive-tabs__panel--active\" role=\"tabpanel\" aria-hidden=\"false\" aria-labelledby=\"tablist1-tab1\">\u00a0Sobib normaalsele ja kuivale nahale.<\/div>\n<\/div>\n<\/div>\n<p><strong>PEAMISED TOIMEAINED<\/strong><\/p>\n<ul>\n<li>Revidrat<\/li>\n<li>Pentavitin<\/li>\n<li>H\u00fcaluroonhape<\/li>\n<\/ul>\n<p><strong>TOIME<\/strong><\/p>\n<ul>\n<li>Revidrat on t\u00f5hus niisutaja, mis on v\u00f5imaldab nahal taastada marrasknaha viimased kihid loodusliku protsessi k\u00e4igus. Stimuleerib looduslikke niisutavaid tegureid, et saavutada tasakaal vee ja lipiidide vahel.<\/li>\n<li>Pentavitini eesm\u00e4rk on suurendada naha v\u00f5imet imendada vett ja v\u00e4ltida kuivamist.<\/li>\n<li>H\u00fcaluroonhappel on v\u00e4ga hea niisutav toime, mis muudab naha elastseks ja vastupidavaks.<\/li>\n<\/ul>\n<p><strong>KASUTAMINE<\/strong><\/p>\n<ul>\n<li>Nahk puhastada eelnevalt nt tootega <a href=\"https:\/\/kosmeetika24.eu\/toode\/bruno-vassari-aqua-genomics-aqua-cleanser\/\">BRUNO VASSARI Aqua Genomics puhastuspiim<\/a><\/li>\n<li>Nahk toniseerida eelnevalt nt tootega <a href=\"https:\/\/kosmeetika24.eu\/toode\/bruno-vassari-aqua-genomics-aqua-toner\/\">BRUNO VASSARI Aqua Genomics niisutav toonik<\/a>.<\/li>\n<li>Niisutav kreem kanda kergete masseerivate liigutustega eelnevalt puhastatud n\u00e4ole ja kaelale. Sobib kasutamiseks nii hommikul kui \u00f5htul.<\/li>\n<li>Silma\u00fcmbruse hooldamiseks kasutada nt toodet <a href=\"https:\/\/kosmeetika24.eu\/toode\/bruno-vassari-the-specifics-vitamin-eye-cream\/\">BRUNO VASSARI The Specifics niisutav silmahoolduskreem<\/a> v\u00f5i\u00a0<a href=\"https:\/\/kosmeetika24.eu\/toode\/bruno-vassari-kianty-eye-lift-ox\/\">BRUNO VASSARI Kianty vananemisvastane silmaseerum<\/a>.<\/li>\n<\/ul>\n<p><strong>KOOSTIS<\/strong><\/p>\n<p><span style=\"font-size: 14px;\">AQUA (WATER), DIMETHICONE, CYCLOPENTASILOXANE, DIPROPYLENE GLYCOL, ALCOHOL DENAT., ETHYLHEXYL PALMITATE, HYDROGENATED POLYISOBUTENE, SSCCHARIDE ISOMERATE, SODIUM HYALURONATE, DIMETHICONE\/PEG-10\/15 CROSSPOLYMER, RHENOXYETHANOL, LAURYL PEG-9 POLYDIMETHYLSILOXYETHYL DIMETHICONE, DIMETHICONE\/VINYLDIMETHICONE CROSSPOLYMER, DISODIUM EDTA, SORBITAN OLEATE, ETHYLEXYLGLYCERIN, XANTHAN GUM, SORBITAN LAURATE, SODIUM CHLORIDE, SODIUM CITRATE, PARFUM (FRAGRANCE), TOCOPHEROL, MYRISTYL MALATE PHOSPHONIC ACID, CITRIC ACID, LINALOOL, LIMONENE, BUTYLPHENYL METHYLPROPIONAL.<\/span><\/p>\n","protected":false},"excerpt":{"rendered":"<p>Pehme tekstuuriga rikkalikult niisutav kreem kuivale ja tundlikule nahale.<\/p>\n<p>50 ml<\/p>\n","protected":false},"featured_media":1659,"comment_status":"open","ping_status":"closed","template":"","meta":{"_uag_custom_page_level_css":"","site-sidebar-layout":"default","site-content-layout":"","ast-site-content-layout":"default","site-content-style":"default","site-sidebar-style":"default","ast-global-header-display":"","ast-banner-title-visibility":"","ast-main-header-display":"","ast-hfb-above-header-display":"","ast-hfb-below-header-display":"","ast-hfb-mobile-header-display":"","site-post-title":"","ast-breadcrumbs-content":"","ast-featured-img":"","footer-sml-layout":"","ast-disable-related-posts":"","theme-transparent-header-meta":"default","adv-header-id-meta":"","stick-header-meta":"","header-above-stick-meta":"","header-main-stick-meta":"","header-below-stick-meta":"","astra-migrate-meta-layouts":"set","ast-page-background-enabled":"default","ast-page-background-meta":{"desktop":{"background-color":"var(--ast-global-color-4)","background-image":"","background-repeat":"repeat","background-position":"center center","background-size":"auto","background-attachment":"scroll","background-type":"","background-media":"","overlay-type":"","overlay-color":"","overlay-opacity":"","overlay-gradient":""},"tablet":{"background-color":"","background-image":"","background-repeat":"repeat","background-position":"center center","background-size":"auto","background-attachment":"scroll","background-type":"","background-media":"","overlay-type":"","overlay-color":"","overlay-opacity":"","overlay-gradient":""},"mobile":{"background-color":"","background-image":"","background-repeat":"repeat","background-position":"center center","background-size":"auto","background-attachment":"scroll","background-type":"","background-media":"","overlay-type":"","overlay-color":"","overlay-opacity":"","overlay-gradient":""}},"ast-content-background-meta":{"desktop":{"background-color":"var(--ast-global-color-5)","background-image":"","background-repeat":"repeat","background-position":"center center","background-size":"auto","background-attachment":"scroll","background-type":"","background-media":"","overlay-type":"","overlay-color":"","overlay-opacity":"","overlay-gradient":""},"tablet":{"background-color":"var(--ast-global-color-5)","background-image":"","background-repeat":"repeat","background-position":"center center","background-size":"auto","background-attachment":"scroll","background-type":"","background-media":"","overlay-type":"","overlay-color":"","overlay-opacity":"","overlay-gradient":""},"mobile":{"background-color":"var(--ast-global-color-5)","background-image":"","background-repeat":"repeat","background-position":"center center","background-size":"auto","background-attachment":"scroll","background-type":"","background-media":"","overlay-type":"","overlay-color":"","overlay-opacity":"","overlay-gradient":""}}},"product_brand":[],"product_cat":[59,96,97],"product_tag":[],"class_list":{"0":"post-1658","1":"product","2":"type-product","3":"status-publish","4":"has-post-thumbnail","6":"product_cat-aqua-genomics","7":"product_cat-brands","8":"product_cat-naole","9":"desktop-align-left","10":"tablet-align-left","11":"mobile-align-left","13":"first","14":"instock","15":"taxable","16":"shipping-taxable","17":"product-type-simple","18":"add-to-wishlist-before_image"},"uagb_featured_image_src":{"full":["https:\/\/kosmeetika24.com\/wp-content\/uploads\/2023\/11\/0265-Aqua-Genomics-Sorbet-Rich.jpg",600,600,false],"thumbnail":["https:\/\/kosmeetika24.com\/wp-content\/uploads\/2023\/11\/0265-Aqua-Genomics-Sorbet-Rich-150x150.jpg",150,150,true],"medium":["https:\/\/kosmeetika24.com\/wp-content\/uploads\/2023\/11\/0265-Aqua-Genomics-Sorbet-Rich-300x300.jpg",300,300,true],"medium_large":["https:\/\/kosmeetika24.com\/wp-content\/uploads\/2023\/11\/0265-Aqua-Genomics-Sorbet-Rich.jpg",600,600,false],"large":["https:\/\/kosmeetika24.com\/wp-content\/uploads\/2023\/11\/0265-Aqua-Genomics-Sorbet-Rich.jpg",600,600,false],"1536x1536":["https:\/\/kosmeetika24.com\/wp-content\/uploads\/2023\/11\/0265-Aqua-Genomics-Sorbet-Rich.jpg",600,600,false],"2048x2048":["https:\/\/kosmeetika24.com\/wp-content\/uploads\/2023\/11\/0265-Aqua-Genomics-Sorbet-Rich.jpg",600,600,false],"trp-custom-language-flag":["https:\/\/kosmeetika24.com\/wp-content\/uploads\/2023\/11\/0265-Aqua-Genomics-Sorbet-Rich-12x12.jpg",12,12,true],"woocommerce_thumbnail":["https:\/\/kosmeetika24.com\/wp-content\/uploads\/2023\/11\/0265-Aqua-Genomics-Sorbet-Rich-300x300.jpg",300,300,true],"woocommerce_single":["https:\/\/kosmeetika24.com\/wp-content\/uploads\/2023\/11\/0265-Aqua-Genomics-Sorbet-Rich-500x500.jpg",500,500,true],"woocommerce_gallery_thumbnail":["https:\/\/kosmeetika24.com\/wp-content\/uploads\/2023\/11\/0265-Aqua-Genomics-Sorbet-Rich-100x100.jpg",100,100,true]},"uagb_author_info":{"display_name":"admin","author_link":"https:\/\/kosmeetika24.com\/et\/author\/"},"uagb_comment_info":0,"uagb_excerpt":"Pehme tekstuuriga rikkalikult niisutav kreem kuivale ja tundlikule nahale. 50 ml","_links":{"self":[{"href":"https:\/\/kosmeetika24.com\/et\/wp-json\/wp\/v2\/product\/1658","targetHints":{"allow":["GET"]}}],"collection":[{"href":"https:\/\/kosmeetika24.com\/et\/wp-json\/wp\/v2\/product"}],"about":[{"href":"https:\/\/kosmeetika24.com\/et\/wp-json\/wp\/v2\/types\/product"}],"replies":[{"embeddable":true,"href":"https:\/\/kosmeetika24.com\/et\/wp-json\/wp\/v2\/comments?post=1658"}],"version-history":[{"count":1,"href":"https:\/\/kosmeetika24.com\/et\/wp-json\/wp\/v2\/product\/1658\/revisions"}],"predecessor-version":[{"id":4684,"href":"https:\/\/kosmeetika24.com\/et\/wp-json\/wp\/v2\/product\/1658\/revisions\/4684"}],"wp:featuredmedia":[{"embeddable":true,"href":"https:\/\/kosmeetika24.com\/et\/wp-json\/wp\/v2\/media\/1659"}],"wp:attachment":[{"href":"https:\/\/kosmeetika24.com\/et\/wp-json\/wp\/v2\/media?parent=1658"}],"wp:term":[{"taxonomy":"product_brand","embeddable":true,"href":"https:\/\/kosmeetika24.com\/et\/wp-json\/wp\/v2\/product_brand?post=1658"},{"taxonomy":"product_cat","embeddable":true,"href":"https:\/\/kosmeetika24.com\/et\/wp-json\/wp\/v2\/product_cat?post=1658"},{"taxonomy":"product_tag","embeddable":true,"href":"https:\/\/kosmeetika24.com\/et\/wp-json\/wp\/v2\/product_tag?post=1658"}],"curies":[{"name":"wp","href":"https:\/\/api.w.org\/{rel}","templated":true}]}}