{"id":1637,"date":"2024-01-04T10:31:49","date_gmt":"2024-01-04T10:31:49","guid":{"rendered":"https:\/\/kosmeetika24.com\/?post_type=product&#038;p=1637"},"modified":"2025-07-02T13:36:10","modified_gmt":"2025-07-02T10:36:10","slug":"bruno-vassari-pure-solutions-puhastav-geel","status":"publish","type":"product","link":"https:\/\/kosmeetika24.com\/et\/toode\/bruno-vassari-pure-solutions-puhastav-geel\/","title":{"rendered":"BRUNO VASSARI Pure Solutions puhastav geel"},"content":{"rendered":"<p>Taimesetel ekstraktide p\u00f5hinev kerge rasvase ja probleemse naha puhastav geel <em>Cleansing Gel.<\/em><\/p>\n<p>Geel valmistab naha ette n\u00e4ohoolduse j\u00e4rgmiseks etapiks.<\/p>\n<p><strong>PEAMISED TOIMEAINED<\/strong><\/p>\n<ul>\n<li>Harilik rosmariin<\/li>\n<li>Virgiinia n\u00f5iapuu<\/li>\n<li>Aedsalvei<\/li>\n<\/ul>\n<p><strong>TOIME<\/strong><\/p>\n<ul>\n<li>Harilik rosmariin leevendab p\u00f5letikulist protsessi.<\/li>\n<li>Virgiinia n\u00f5iapuu on s\u00fcgavpuhastava toimega.<\/li>\n<li>Aedsalvei on rasuregulaator, puhastab nahka ning toimib p\u00f5letikuvastaselt.<\/li>\n<\/ul>\n<p><strong>KASUTAMINE<\/strong><\/p>\n<ul>\n<li>Puhastav geel masseerida \u00f5rnalt m\u00e4rjale nahale ning eemaldada rohke veega. Sobib kasutamiseks nii hommikul kui \u00f5htul.<\/li>\n<\/ul>\n<p><strong>KOOSTIS<\/strong><\/p>\n<p><span style=\"font-size: 14px;\">AQUA (WATER), CAPRYLYL\/CAPRYL, GLUCOSIDE, PROPYLENE GLYCOL, TEA-LAURYL SULFATE, PEG-40 HYDROGENATED GASTOR OIL, CARBOMER, TRIDECETH-9, TRIETHANOLAMINE, HAMAMELISVIRGIANA (WITCH HAZEL) WATER, SALVIA OFFICINALIS (SAGE) LEAF EXTRACT, ROSMARINUS OFFICINALIS (ROSEMARY) LEAF EXTRACT, PEG-5 ETHYLHEXANOATE, IMIDAZOLIDINYL UREA, PARFUM (FRAGRANCE), HEXYL CINNAMAL, LIMONENE, MAGNESIUM NITRATE, ALCOHOL DENAT, LINALOOL, PHENOXYETHANOL, METHYLPARABEN, METHYLCHLOROISOTHIAZOLINONE, MAGNESIUM CHLORIDE, METHYLPROPANEIDOL, METHYLISOTHIAZOLINONE, PROPYLPARABEN, ETHYLPARABEN, BUTYLPARABEN, C.I.42090 (FD&C BLUE NO.1), SODIUM CHLORIDE, SODIUM SULFATE.<\/span><\/p>\n","protected":false},"excerpt":{"rendered":"<p>P\u00f5letikuvastase ja rahustava toimega.<\/p>\n<p>Soodustab pooride ahenemist, normaliseerib rasu eritust ja silub naha pinna.<\/p>\n<p>Sobib jumestuse eemaldamiseks.<\/p>\n<p>Sobib kombineeritud, rasusele ja probleemsele nahale.<\/p>\n<p>150 ml<\/p>\n","protected":false},"featured_media":1638,"comment_status":"open","ping_status":"closed","template":"","meta":{"_uag_custom_page_level_css":"","site-sidebar-layout":"default","site-content-layout":"","ast-site-content-layout":"default","site-content-style":"default","site-sidebar-style":"default","ast-global-header-display":"","ast-banner-title-visibility":"","ast-main-header-display":"","ast-hfb-above-header-display":"","ast-hfb-below-header-display":"","ast-hfb-mobile-header-display":"","site-post-title":"","ast-breadcrumbs-content":"","ast-featured-img":"","footer-sml-layout":"","ast-disable-related-posts":"","theme-transparent-header-meta":"default","adv-header-id-meta":"","stick-header-meta":"","header-above-stick-meta":"","header-main-stick-meta":"","header-below-stick-meta":"","astra-migrate-meta-layouts":"set","ast-page-background-enabled":"default","ast-page-background-meta":{"desktop":{"background-color":"var(--ast-global-color-4)","background-image":"","background-repeat":"repeat","background-position":"center center","background-size":"auto","background-attachment":"scroll","background-type":"","background-media":"","overlay-type":"","overlay-color":"","overlay-opacity":"","overlay-gradient":""},"tablet":{"background-color":"","background-image":"","background-repeat":"repeat","background-position":"center center","background-size":"auto","background-attachment":"scroll","background-type":"","background-media":"","overlay-type":"","overlay-color":"","overlay-opacity":"","overlay-gradient":""},"mobile":{"background-color":"","background-image":"","background-repeat":"repeat","background-position":"center center","background-size":"auto","background-attachment":"scroll","background-type":"","background-media":"","overlay-type":"","overlay-color":"","overlay-opacity":"","overlay-gradient":""}},"ast-content-background-meta":{"desktop":{"background-color":"var(--ast-global-color-5)","background-image":"","background-repeat":"repeat","background-position":"center center","background-size":"auto","background-attachment":"scroll","background-type":"","background-media":"","overlay-type":"","overlay-color":"","overlay-opacity":"","overlay-gradient":""},"tablet":{"background-color":"var(--ast-global-color-5)","background-image":"","background-repeat":"repeat","background-position":"center center","background-size":"auto","background-attachment":"scroll","background-type":"","background-media":"","overlay-type":"","overlay-color":"","overlay-opacity":"","overlay-gradient":""},"mobile":{"background-color":"var(--ast-global-color-5)","background-image":"","background-repeat":"repeat","background-position":"center center","background-size":"auto","background-attachment":"scroll","background-type":"","background-media":"","overlay-type":"","overlay-color":"","overlay-opacity":"","overlay-gradient":""}}},"product_brand":[],"product_cat":[96,97,22],"product_tag":[],"class_list":{"0":"post-1637","1":"product","2":"type-product","3":"status-publish","4":"has-post-thumbnail","6":"product_cat-brands","7":"product_cat-naole","8":"product_cat-pure-solutions","9":"desktop-align-left","10":"tablet-align-left","11":"mobile-align-left","13":"first","14":"instock","15":"taxable","16":"shipping-taxable","17":"product-type-simple","18":"add-to-wishlist-before_image"},"uagb_featured_image_src":{"full":["https:\/\/kosmeetika24.com\/wp-content\/uploads\/2023\/11\/212-Cleansing-Gel.jpg",600,600,false],"thumbnail":["https:\/\/kosmeetika24.com\/wp-content\/uploads\/2023\/11\/212-Cleansing-Gel-150x150.jpg",150,150,true],"medium":["https:\/\/kosmeetika24.com\/wp-content\/uploads\/2023\/11\/212-Cleansing-Gel-300x300.jpg",300,300,true],"medium_large":["https:\/\/kosmeetika24.com\/wp-content\/uploads\/2023\/11\/212-Cleansing-Gel.jpg",600,600,false],"large":["https:\/\/kosmeetika24.com\/wp-content\/uploads\/2023\/11\/212-Cleansing-Gel.jpg",600,600,false],"1536x1536":["https:\/\/kosmeetika24.com\/wp-content\/uploads\/2023\/11\/212-Cleansing-Gel.jpg",600,600,false],"2048x2048":["https:\/\/kosmeetika24.com\/wp-content\/uploads\/2023\/11\/212-Cleansing-Gel.jpg",600,600,false],"trp-custom-language-flag":["https:\/\/kosmeetika24.com\/wp-content\/uploads\/2023\/11\/212-Cleansing-Gel-12x12.jpg",12,12,true],"woocommerce_thumbnail":["https:\/\/kosmeetika24.com\/wp-content\/uploads\/2023\/11\/212-Cleansing-Gel-300x300.jpg",300,300,true],"woocommerce_single":["https:\/\/kosmeetika24.com\/wp-content\/uploads\/2023\/11\/212-Cleansing-Gel-500x500.jpg",500,500,true],"woocommerce_gallery_thumbnail":["https:\/\/kosmeetika24.com\/wp-content\/uploads\/2023\/11\/212-Cleansing-Gel-100x100.jpg",100,100,true]},"uagb_author_info":{"display_name":"admin","author_link":"https:\/\/kosmeetika24.com\/et\/author\/"},"uagb_comment_info":0,"uagb_excerpt":"P\u00f5letikuvastase ja rahustava toimega. Soodustab pooride ahenemist, normaliseerib rasu eritust ja silub naha pinna. Sobib jumestuse eemaldamiseks. Sobib kombineeritud, rasusele ja probleemsele nahale. 150 ml","_links":{"self":[{"href":"https:\/\/kosmeetika24.com\/et\/wp-json\/wp\/v2\/product\/1637","targetHints":{"allow":["GET"]}}],"collection":[{"href":"https:\/\/kosmeetika24.com\/et\/wp-json\/wp\/v2\/product"}],"about":[{"href":"https:\/\/kosmeetika24.com\/et\/wp-json\/wp\/v2\/types\/product"}],"replies":[{"embeddable":true,"href":"https:\/\/kosmeetika24.com\/et\/wp-json\/wp\/v2\/comments?post=1637"}],"version-history":[{"count":1,"href":"https:\/\/kosmeetika24.com\/et\/wp-json\/wp\/v2\/product\/1637\/revisions"}],"predecessor-version":[{"id":4701,"href":"https:\/\/kosmeetika24.com\/et\/wp-json\/wp\/v2\/product\/1637\/revisions\/4701"}],"wp:featuredmedia":[{"embeddable":true,"href":"https:\/\/kosmeetika24.com\/et\/wp-json\/wp\/v2\/media\/1638"}],"wp:attachment":[{"href":"https:\/\/kosmeetika24.com\/et\/wp-json\/wp\/v2\/media?parent=1637"}],"wp:term":[{"taxonomy":"product_brand","embeddable":true,"href":"https:\/\/kosmeetika24.com\/et\/wp-json\/wp\/v2\/product_brand?post=1637"},{"taxonomy":"product_cat","embeddable":true,"href":"https:\/\/kosmeetika24.com\/et\/wp-json\/wp\/v2\/product_cat?post=1637"},{"taxonomy":"product_tag","embeddable":true,"href":"https:\/\/kosmeetika24.com\/et\/wp-json\/wp\/v2\/product_tag?post=1637"}],"curies":[{"name":"wp","href":"https:\/\/api.w.org\/{rel}","templated":true}]}}