{"id":1629,"date":"2024-01-04T10:00:06","date_gmt":"2024-01-04T10:00:06","guid":{"rendered":"https:\/\/kosmeetika24.com\/?post_type=product&#038;p=1629"},"modified":"2025-07-02T13:27:22","modified_gmt":"2025-07-02T10:27:22","slug":"bruno-vassari-skin-comfort-pinguldav-ja-toitev-ookreem","status":"publish","type":"product","link":"https:\/\/kosmeetika24.com\/et\/toode\/bruno-vassari-skin-comfort-pinguldav-ja-toitev-ookreem\/","title":{"rendered":"BRUNO VASSARI Skin Comfort pinguldav ja toitev \u00f6\u00f6kreem"},"content":{"rendered":"<p>Toitev \u00f6\u00f6kreem <em>Gentle Night Cream<\/em> toetab \u00a0ja taastab naha elastsuse, tekstuuri ja tooni.<\/p>\n<p>Kreemi saab kasutada massaa\u017eiks.<\/p>\n<p><strong>PEAMISED TOIMEAINED<\/strong><\/p>\n<ul>\n<li>E-vitamiini atsetaat<\/li>\n<li>Sheav\u00f5i<\/li>\n<li>Perh\u00fcdroskvaleen<\/li>\n<li>Ammooniumgl\u00fcts\u00fcrritsinaat<\/li>\n<\/ul>\n<p><strong>TOIME<\/strong><\/p>\n<ul>\n<li>E-vitamiini atsetaat on antioks\u00fcdantse toimega, kaitseb UV-kiirguse p\u00f5hjustatud kahjustuste eest, nagu er\u00fcteem, kortsud, naha paksuse suurenemine ning \u00fcldine fotovananemine.<\/li>\n<li>Perh\u00fcdroskvaleen on taimne pehmendav aine, mis v\u00e4ldib naha kuivamist.<\/li>\n<li>Sheav\u00f5i on niisutavate ja kaitsvate omadustega v\u00f5iseemnikup\u00e4hkliekstrakt. See on vitamiinirikas taimeekstrakt, mis pakub nahale t\u00e4iendavat kaitset ja parendab rakkude funktsioone.<\/li>\n<li>Ammooniumgl\u00fcts\u00fcrritsinaat on saadud lagritsajuurest ja on v\u00e4ga t\u00f5hus p\u00f5letike ja UV-kiirguse, k\u00fclma \u00f5hu ning kuivuse p\u00f5hjustatud kahjustuste vastu.<\/li>\n<\/ul>\n<p><strong>KASUTAMINE<\/strong><\/p>\n<ul>\n<li>Kui nahk on puhastatud ja toniseeritud, siis kanda masseerivate liigutustega nahale \u00f6\u00f6kreem.<\/li>\n<\/ul>\n<p><strong>KOOSTIS<\/strong><\/p>\n<p><span style=\"font-size: 14px;\">AQUA (WATER), SQUALANE CYCLOPENTASILOXANE, BUTYLENE GLYCOL, GLYCERIN, C12-15 ALKYL BENZOATE, GLYCERYL STEARATE, PEG-100 STEARATE, BUTYROSPERMUM PARKII (SHEA) BUTTER, CETYL ALCOHOL, LAVANDULA, ANGUSTIFOLIA (LAVANDER) FLOWER EXTRACT, GLYCYRRHETINIC ACID, PHENOXYETHANOL, POLYACRYLAMIDE, TOCOPHERYL ACETATE, METHYLPARABEN, CHLORPHENESIN, XANTHAN GUM, LAURETH-7, DISODIUM EDTA, METHYLDIHYDROJASMONATE, PROPYLENE GLYCOL, CYCLAMEN ALDEHYDE, BHT, C13-14 ISOPARAFFIN, ASCORBYL PALMITATE, CITRIC ACID.<\/span><\/p>\n","protected":false},"excerpt":{"rendered":"<p>Taastab naha elastsuse, tekstuuri ja tooni.<\/p>\n<p>Sisaldab nahka kaitsvaid koostisosi, parandab rakkude uuenemist ja rahustab tundlikku nahka.<\/p>\n<p>J\u00e4tab nahale sileda ja hea tunde.<\/p>\n<p>Sobib\u00a0kuivale ja tundlikule nahale.<\/p>\n<p>50 ml<\/p>\n","protected":false},"featured_media":1630,"comment_status":"open","ping_status":"closed","template":"","meta":{"_uag_custom_page_level_css":"","site-sidebar-layout":"default","site-content-layout":"","ast-site-content-layout":"default","site-content-style":"default","site-sidebar-style":"default","ast-global-header-display":"","ast-banner-title-visibility":"","ast-main-header-display":"","ast-hfb-above-header-display":"","ast-hfb-below-header-display":"","ast-hfb-mobile-header-display":"","site-post-title":"","ast-breadcrumbs-content":"","ast-featured-img":"","footer-sml-layout":"","ast-disable-related-posts":"","theme-transparent-header-meta":"default","adv-header-id-meta":"","stick-header-meta":"","header-above-stick-meta":"","header-main-stick-meta":"","header-below-stick-meta":"","astra-migrate-meta-layouts":"set","ast-page-background-enabled":"default","ast-page-background-meta":{"desktop":{"background-color":"var(--ast-global-color-4)","background-image":"","background-repeat":"repeat","background-position":"center center","background-size":"auto","background-attachment":"scroll","background-type":"","background-media":"","overlay-type":"","overlay-color":"","overlay-opacity":"","overlay-gradient":""},"tablet":{"background-color":"","background-image":"","background-repeat":"repeat","background-position":"center center","background-size":"auto","background-attachment":"scroll","background-type":"","background-media":"","overlay-type":"","overlay-color":"","overlay-opacity":"","overlay-gradient":""},"mobile":{"background-color":"","background-image":"","background-repeat":"repeat","background-position":"center center","background-size":"auto","background-attachment":"scroll","background-type":"","background-media":"","overlay-type":"","overlay-color":"","overlay-opacity":"","overlay-gradient":""}},"ast-content-background-meta":{"desktop":{"background-color":"var(--ast-global-color-5)","background-image":"","background-repeat":"repeat","background-position":"center center","background-size":"auto","background-attachment":"scroll","background-type":"","background-media":"","overlay-type":"","overlay-color":"","overlay-opacity":"","overlay-gradient":""},"tablet":{"background-color":"var(--ast-global-color-5)","background-image":"","background-repeat":"repeat","background-position":"center center","background-size":"auto","background-attachment":"scroll","background-type":"","background-media":"","overlay-type":"","overlay-color":"","overlay-opacity":"","overlay-gradient":""},"mobile":{"background-color":"var(--ast-global-color-5)","background-image":"","background-repeat":"repeat","background-position":"center center","background-size":"auto","background-attachment":"scroll","background-type":"","background-media":"","overlay-type":"","overlay-color":"","overlay-opacity":"","overlay-gradient":""}}},"product_brand":[],"product_cat":[96,97,77],"product_tag":[],"class_list":{"0":"post-1629","1":"product","2":"type-product","3":"status-publish","4":"has-post-thumbnail","6":"product_cat-brands","7":"product_cat-naole","8":"product_cat-skin-comfort","9":"desktop-align-left","10":"tablet-align-left","11":"mobile-align-left","13":"first","14":"instock","15":"taxable","16":"shipping-taxable","17":"product-type-simple","18":"add-to-wishlist-before_image"},"uagb_featured_image_src":{"full":["https:\/\/kosmeetika24.com\/wp-content\/uploads\/2023\/11\/221-Gentle-Night-Cream.jpg",600,600,false],"thumbnail":["https:\/\/kosmeetika24.com\/wp-content\/uploads\/2023\/11\/221-Gentle-Night-Cream-150x150.jpg",150,150,true],"medium":["https:\/\/kosmeetika24.com\/wp-content\/uploads\/2023\/11\/221-Gentle-Night-Cream-300x300.jpg",300,300,true],"medium_large":["https:\/\/kosmeetika24.com\/wp-content\/uploads\/2023\/11\/221-Gentle-Night-Cream.jpg",600,600,false],"large":["https:\/\/kosmeetika24.com\/wp-content\/uploads\/2023\/11\/221-Gentle-Night-Cream.jpg",600,600,false],"1536x1536":["https:\/\/kosmeetika24.com\/wp-content\/uploads\/2023\/11\/221-Gentle-Night-Cream.jpg",600,600,false],"2048x2048":["https:\/\/kosmeetika24.com\/wp-content\/uploads\/2023\/11\/221-Gentle-Night-Cream.jpg",600,600,false],"trp-custom-language-flag":["https:\/\/kosmeetika24.com\/wp-content\/uploads\/2023\/11\/221-Gentle-Night-Cream-12x12.jpg",12,12,true],"woocommerce_thumbnail":["https:\/\/kosmeetika24.com\/wp-content\/uploads\/2023\/11\/221-Gentle-Night-Cream-300x300.jpg",300,300,true],"woocommerce_single":["https:\/\/kosmeetika24.com\/wp-content\/uploads\/2023\/11\/221-Gentle-Night-Cream-500x500.jpg",500,500,true],"woocommerce_gallery_thumbnail":["https:\/\/kosmeetika24.com\/wp-content\/uploads\/2023\/11\/221-Gentle-Night-Cream-100x100.jpg",100,100,true]},"uagb_author_info":{"display_name":"admin","author_link":"https:\/\/kosmeetika24.com\/et\/author\/"},"uagb_comment_info":0,"uagb_excerpt":"Taastab naha elastsuse, tekstuuri ja tooni. Sisaldab nahka kaitsvaid koostisosi, parandab rakkude uuenemist ja rahustab tundlikku nahka. J\u00e4tab nahale sileda ja hea tunde. Sobib\u00a0kuivale ja tundlikule nahale. 50 ml","_links":{"self":[{"href":"https:\/\/kosmeetika24.com\/et\/wp-json\/wp\/v2\/product\/1629","targetHints":{"allow":["GET"]}}],"collection":[{"href":"https:\/\/kosmeetika24.com\/et\/wp-json\/wp\/v2\/product"}],"about":[{"href":"https:\/\/kosmeetika24.com\/et\/wp-json\/wp\/v2\/types\/product"}],"replies":[{"embeddable":true,"href":"https:\/\/kosmeetika24.com\/et\/wp-json\/wp\/v2\/comments?post=1629"}],"version-history":[{"count":1,"href":"https:\/\/kosmeetika24.com\/et\/wp-json\/wp\/v2\/product\/1629\/revisions"}],"predecessor-version":[{"id":4709,"href":"https:\/\/kosmeetika24.com\/et\/wp-json\/wp\/v2\/product\/1629\/revisions\/4709"}],"wp:featuredmedia":[{"embeddable":true,"href":"https:\/\/kosmeetika24.com\/et\/wp-json\/wp\/v2\/media\/1630"}],"wp:attachment":[{"href":"https:\/\/kosmeetika24.com\/et\/wp-json\/wp\/v2\/media?parent=1629"}],"wp:term":[{"taxonomy":"product_brand","embeddable":true,"href":"https:\/\/kosmeetika24.com\/et\/wp-json\/wp\/v2\/product_brand?post=1629"},{"taxonomy":"product_cat","embeddable":true,"href":"https:\/\/kosmeetika24.com\/et\/wp-json\/wp\/v2\/product_cat?post=1629"},{"taxonomy":"product_tag","embeddable":true,"href":"https:\/\/kosmeetika24.com\/et\/wp-json\/wp\/v2\/product_tag?post=1629"}],"curies":[{"name":"wp","href":"https:\/\/api.w.org\/{rel}","templated":true}]}}